{"id":10445,"date":"2021-08-20T10:22:33","date_gmt":"2021-08-20T10:22:33","guid":{"rendered":"https:\/\/www.territory-influence.com\/nutzungsbedingungen\/"},"modified":"2021-08-20T12:37:49","modified_gmt":"2021-08-20T12:37:49","slug":"nutzungsbedingungen","status":"publish","type":"page","link":"https:\/\/www.territory-influence.com\/de\/nutzungsbedingungen\/","title":{"rendered":"Nutzungsbedingungen"},"content":{"rendered":"<p>[et_pb_section fb_built=&#8220;1&#8243; _builder_version=&#8220;4.7.4&#8243; _module_preset=&#8220;default&#8220;][et_pb_row _builder_version=&#8220;4.7.4&#8243; _module_preset=&#8220;default&#8220;][et_pb_column type=&#8220;4_4&#8243; _builder_version=&#8220;4.7.4&#8243; _module_preset=&#8220;default&#8220;][et_pb_text module_class=&#8220;tt-black&#8220; _builder_version=&#8220;4.7.4&#8243; _module_preset=&#8220;default&#8220; text_font=&#8220;Roboto||||||||&#8220; header_font=&#8220;Roboto|900|||||||&#8220; header_font_size=&#8220;40px&#8220;]<\/p>\n<h1>NUTZUNGSBEDINGUNGEN<\/h1>\n<p>&nbsp;<\/p>\n<p>F\u00fcr die Webseite<span> <\/span><a href=\"https:\/\/web.archive.org\/web\/20201027095034\/https:\/\/www.territory-influence.com\/en\/\">www.territory-influence.com<\/a><\/p>\n<p>Zuletzt ge\u00e4ndert: August 2021<\/p>\n<p>Die folgenden Nutzungsbedingungen der<span> <\/span><strong>TERRITORY INFLUENCE GmbH<\/strong>, Neumarkter Str. 26, 81673 M\u00fcnchen, Amtsgericht M\u00fcnchen, HRB 226897 (nachfolgend<span> <\/span><strong>\u201cTERRITORY INFLUENCE\u201d<\/strong>,<span> <\/span><strong>\u201cwir\u201d<\/strong>,<span> <\/span><strong>\u201cuns\u201d<\/strong>,<span> <\/span><strong>\u201cunser\u201d<\/strong> genannt) regeln das Rechtsverh\u00e4ltnis zwischen uns und Ihnen als Nutzer der Unternehmenswebsite www.territory-influence.com, einschlie\u00dflich aller Unterseiten (nachfolgend<span> <\/span><strong>\u201cWebseite\u201d<\/strong> genannt) Wir stellen Ihnen, dem Nutzer, diese Webseite, einschlie\u00dflich aller auf der Webseite verf\u00fcgbaren Informationen, Anwendungen und Dienste, vorbehaltlich der hier dargelegten Bedingungen, Richtlinien und sonstigen Informationen<span> <\/span><strong>(\u201cNutzungsbedingungen\u201d)<\/strong><span> <\/span>zur Verf\u00fcgung.<\/p>\n<p>Die Webseite und unser Angebot, einen Vertrag \u00fcber die Nutzung der Webseite abzuschlie\u00dfen, richten sich ausschlie\u00dflich an vollj\u00e4hrige Personen, die die Webseite zu einem Zweck nutzen, der ihrer beruflichen oder gewerblichen T\u00e4tigkeit zugerechnet werden kann, und die zu diesem Zweck einen Vertrag abschlie\u00dfen. Sollte dies bei Ihnen nicht der Fall sein, sondern Sie sind Verbraucher und m\u00f6chten an einer unserer Aktionen teilnehmen, klicken Sie bitte<span> <\/span><a href=\"https:\/\/www.trnd.com\/de\/\" target=\"_blank\" rel=\"noopener noreferrer\">hier<\/a>.<\/p>\n<h2>1. Datenschutz \/ Pers\u00f6nliche Daten<\/h2>\n<p>Wir sind uns der Sensibilit\u00e4t Ihrer personenbezogenen Daten bewusst und achten auf den Schutz Ihrer Privatsph\u00e4re bei der Erhebung, Verarbeitung und Nutzung Ihrer personenbezogenen Daten. . Personenbezogene Daten werden im Rahmen der gesetzlichen Bestimmungen erhoben, verarbeitet und genutzt. Die Einzelheiten sind in der<span> <\/span><a href=\"https:\/\/www.territory-influence.com\/datenschutzerklaerung\/?lang=de\">Datenschutzerkl\u00e4rung<\/a> zu finden.<\/p>\n<h2>2. Nutzung des Materials auf der Webseite<\/h2>\n<p>Die Inhalte der Website, einschlie\u00dflich Text, Designs, Grafiken, Logos, Icons, Bilder, Audiodateien, Downloads, Schnittstellen, Codes und Software sowie alle Teile oder Kombinationen davon und alle anderen Materialien, die Sie von uns erhalten (zusammenfassend<span> <\/span><strong>\u201cMaterialien\u201d<\/strong>), sind urheberrechtlich gesch\u00fctzt und\/oder markenrechtlich gesch\u00fctzt und d\u00fcrfen nur in \u00dcbereinstimmung mit unseren Nutzungsbedingungen und anderen geltenden Gesetzen im Namen von uns und\/oder unseren Lizenzgebern verwendet werden. Sie d\u00fcrfen das Material auf dieser Webseite von uns zum Zweck der Produkt- und Serviceinformationen herunterladen oder ausdrucken, vorausgesetzt, Sie \u00e4ndern oder l\u00f6schen keine Urheberrechts-, Marken- oder sonstigen Eigentumshinweise, die in dem Material enthalten sind, das Sie ansehen, herunterladen oder ausdrucken. Es liegt in unserem alleinigen Ermessen, dieses Nutzungsrecht jederzeit einzuschr\u00e4nken oder zu widerrufen. Jede andere Verwendung des Materials, einschlie\u00dflich, aber nicht beschr\u00e4nkt auf die Vervielf\u00e4ltigung, den Vertrieb, die Wiedergabe oder die \u00f6ffentliche Darstellung, ist ohne die Genehmigung des Urheberrechtsinhabers ausdr\u00fccklich untersagt. Alle anderen Rechte an dem Material, einschlie\u00dflich aller damit verbundenen geistigen und gewerblichen Eigentumsrechte, verbleiben bei uns und\/oder seinen Lizenzgebern.<\/p>\n<p>Die auf der Website dargestellten Marken, Logos und anderen Zeichen sind eingetragene und nicht eingetragene Zeichen von uns, ihren Lizenzgebern und gegebenenfalls anderen Dritten. Die Rechte an diesen Marken, Logos und anderen Marken sind das ausschlie\u00dfliche Eigentum der jeweiligen Inhaber. Die Gew\u00e4hrung von Rechten zur Nutzung von Marken, Logos und anderen Marken, die auf der Webseite verwendet werden, bedarf der vorherigen schriftlichen Zustimmung der jeweiligen Eigent\u00fcmer, und nichts auf der Website ist als Gew\u00e4hrung von Rechten oder Erteilung von Lizenzen zur Nutzung von Marken, Logos und anderen Marken, die auf der Webseite verwendet werden, zu verstehen.<\/p>\n<p>Wir behalten uns alle nicht ausdr\u00fccklich erw\u00e4hnten Rechte an der Webseite und ihrem Inhalt vor.<\/p>\n<h2>3. Nutzungsregeln; von Nutzern bereitgestellte Inhalte<\/h2>\n<p>Jeder Nutzer ist verpflichtet, bei der Nutzung der Webseite und der von uns auf der Webseite angebotenen Dienste sowie im Umgang mit anderen Nutzern die geltenden Gesetze zu beachten und andere Nutzer respektvoll und h\u00f6flich zu behandeln.<\/p>\n<h3>a. a. Einr\u00e4umung von Rechten an von Nutzern eingereichten Inhalten<\/h3>\n<p>Wenn Sie Beitr\u00e4ge (insbesondere Blog- und Diskussionsbeitr\u00e4ge) oder sonstige Inhalte (zusammen nur<span> <\/span><strong>\u201cInhalte\u201d<\/strong>) auf dieser Webseite ver\u00f6ffentlichen oder einreichen, r\u00e4umen Sie uns ein einfaches, r\u00e4umlich unbeschr\u00e4nktes, unentgeltliches, \u00fcbertragbares und unterlizenzierbares, unwiderrufliches Nutzungsrecht an den ver\u00f6ffentlichten oder eingereichten Inhalten f\u00fcr die gesamte jeweilige Schutzdauer an<span> <\/span><a href=\"https:\/\/www.territory-influence.com\/impressum\/?lang=de\">TERRITORY INFLUENCE und ihre Konzerngesellschaften ein<\/a>. Dies berechtigt uns, diese Inhalte auf unseren Internetseiten (einschlie\u00dflich etwaiger Unterseiten) zu verbreiten, zu vervielf\u00e4ltigen, zu ver\u00f6ffentlichen, zu \u00fcbersetzen, \u00f6ffentlich zug\u00e4nglich zu machen oder sonst \u00f6ffentlich wiederzugeben, die Inhalte zu diesem Zweck zu bearbeiten oder umzugestalten und die so bearbeiteten oder umgestalteten Inhalte entsprechend auf unseren Internetseiten (einschlie\u00dflich etwaiger Unterseiten) zu ver\u00f6ffentlichen oder zu nutzen. Soweit Sie Inhalte in Ihrer Eigenschaft als Mitglied eines bestimmten Unternehmens unter Nennung dieses Unternehmens einreichen, haben Sie sicherzustellen, dass wir berechtigt sind, dieses Unternehmen im Zusammenhang mit der Nutzung der eingereichten Inhalte zu nennen. Ihre moralischen Rechte werden durch diese Bestimmung nicht beeintr\u00e4chtigt. Alle \u00fcber die Webseite \u00fcbermittelten pers\u00f6nlichen Daten werden in \u00dcbereinstimmung mit der Datenschutzrichtlinie der Webseite behandelt.<\/p>\n<h3>b. Richtlinien f\u00fcr von Nutzern \u00fcbermittelte Inhalte; Entsch\u00e4digung<\/h3>\n<p>F\u00fcr die von einem Nutzer ver\u00f6ffentlichten oder \u00fcbermittelten Inhalte ist allein der Nutzer verantwortlich, insbesondere f\u00fcr deren Richtigkeit und Vollst\u00e4ndigkeit.<\/p>\n<p>Indem Sie uns Inhalte \u00fcbermitteln, verpflichten Sie sich, die folgenden Richtlinien f\u00fcr Inhalte einzuhalten und garantieren uns deren Einhaltung:<\/p>\n<ul>\n<li>Sie sind der alleinige Urheber der Inhalte und Inhaber aller geistigen und gewerblichen Eigentumsrechte an den Inhalten oder Sie sind anderweitig berechtigt, uns die Inhalte f\u00fcr die in diesen Nutzungsbedingungen geregelte Nutzung zur Verf\u00fcgung zu stellen und uns entsprechende Nutzungsrechte einzur\u00e4umen;<\/li>\n<li>Alle von Ihnen \u00fcbermittelten Inhalte sind korrekt;<\/li>\n<li>Sie sind mindestens 18 Jahre alt;<\/li>\n<li>Sie geben keine Erkl\u00e4rungen f\u00fcr und\/oder \u00fcber das Unternehmen ab, f\u00fcr das Sie arbeiten, ohne dazu berechtigt zu sein;<\/li>\n<li>Ihre Nutzung der von Ihnen \u00fcbermittelten Inhalte verst\u00f6\u00dft nicht gegen diese Nutzungsbedingungen.<\/li>\n<\/ul>\n<p>Dar\u00fcber hinaus stimmen Sie zu und garantieren, dass Sie keine Inhalte einreichen werden, von denen Sie wissen, dass sie<\/p>\n<ul>\n<li>vertraulich, falsch, ungenau, irref\u00fchrend oder betr\u00fcgerisch sind;<\/li>\n<li>die Urheberrechte oder andere Rechte Dritter, insbesondere Pers\u00f6nlichkeitsrechte oder Rechte an geistigem oder gewerblichem Eigentum, verletzen;<\/li>\n<li>die gegen gesetzliche Vorschriften oder beh\u00f6rdliche Anordnungen versto\u00dfen oder sonst unzul\u00e4ssig sind;<\/li>\n<li>die diffamierend, verleumderisch, beleidigend oder diskriminierend gegen\u00fcber einer Person oder einem Unternehmen sind;<\/li>\n<li>f\u00fcr die Sie ein Entgelt oder eine sonstige Gegenleistung von einem Dritten erhalten haben oder bei denen es sich um kommerzielle Inhalte zum Zwecke der Werbung f\u00fcr eigene oder fremde Angebote handelt;<\/li>\n<li>die Informationen \u00fcber andere Webseiten, Adressen, E-Mail-Adressen, Kontaktinformationen oder Telefonnummern enthalten;<\/li>\n<li>die Computerviren, W\u00fcrmer oder andere potenziell sch\u00e4dliche Computerprogramme oder Dateien oder irgendeine Form von &#8222;Spam&#8220; enthalten.<\/li>\n<\/ul>\n<p>Als Nutzer der Webseite und insbesondere der Kommentarfunktion stellen Sie uns (sowie unsere Abteilungen und Mitarbeiter) und die mit uns<span> <\/span><a href=\"https:\/\/www.territory-influence.com\/impressum\/?lang=de\">verbundenen Unternehmen<\/a><span> <\/span>von allen Anspr\u00fcchen, Forderungen und Sch\u00e4den &#8211; einschlie\u00dflich etwaiger Anwalts- und Gerichtskosten &#8211; frei, die sich aus einer Verletzung Ihrer oben genannten Garantien und Verpflichtungen ergeben.<\/p>\n<p>Wir behalten uns das Recht vor, ohne Vorank\u00fcndigung \u00c4nderungen, Zusammenfassungen oder L\u00f6schungen von Inhalten auf der Website vorzunehmen, bei denen wir nach eigenem Ermessen der Meinung sind, dass sie gegen die vorstehenden Inhaltsrichtlinien oder eine andere Bestimmung dieser Nutzungsbedingungen oder gegen geltendes Recht versto\u00dfen, oder bei denen ein zust\u00e4ndiges Gericht einen solchen Versto\u00df festgestellt hat.<\/p>\n<p>In jedem Fall behalten wir uns das Recht vor, eingereichte Inhalte ohne Vorank\u00fcndigung zu entfernen oder deren Ver\u00f6ffentlichung zu verweigern.<\/p>\n<h2>4. \u00c4nderung dieser Nutzungsbedingungen<\/h2>\n<p>Wir behalten uns das Recht vor, diese Nutzungsbedingungen jederzeit mit Wirkung f\u00fcr die Zukunft zu \u00e4ndern. Die ge\u00e4nderten Bedingungen werden auf der Webseite ver\u00f6ffentlicht. Es liegt in Ihrer Verantwortung, regelm\u00e4\u00dfig zu \u00fcberpr\u00fcfen, welche \u00c4nderungen wir an den Nutzungsbedingungen vorgenommen haben. Ihre Nutzung dieser Website unterliegt der jeweils aktuellsten Version dieser Nutzungsbedingungen, die von Zeit zu Zeit ver\u00f6ffentlicht werden,<\/p>\n<h2>5. Die Richtigkeit, Vollst\u00e4ndigkeit und Aktualit\u00e4t der Informationen auf der Webseite<\/h2>\n<p>Wir \u00fcbernehmen keine Verantwortung f\u00fcr die Richtigkeit, Vollst\u00e4ndigkeit oder Aktualit\u00e4t der auf der Webseite zur Verf\u00fcgung gestellten Informationen, Daten und\/oder Ausk\u00fcnfte (im Folgenden &#8222;Informationen&#8220; genannt). Die auf der Webseite zur Verf\u00fcgung gestellten Informationen dienen nur zu allgemeinen Informationszwecken und sollten nicht als Quelle oder Grundlage f\u00fcr Entscheidungen herangezogen werden. Wenn Sie sich auf die auf dieser Website enthaltenen Informationen verlassen, geschieht dies auf Ihr eigenes Risiko. Die Webseite kann \u00fcberholte Informationen enthalten. Wir behalten uns das Recht vor, den Inhalt dieser Webseite jederzeit zu \u00e4ndern, sind jedoch nicht verpflichtet, die Informationen auf der Webseite zu \u00fcberpr\u00fcfen oder zu aktualisieren. Es liegt in Ihrer Verantwortung, sich \u00fcber etwaige \u00c4nderungen der Informationen auf der Webseite zu informieren.<\/p>\n<p>Wir \u00fcbernehmen auch keine Verantwortung f\u00fcr die von den Nutzern der Webseite \u00fcbermittelten Inhalte; f\u00fcr die Richtigkeit und Vollst\u00e4ndigkeit dieser Inhalte ist allein der jeweilige Nutzer verantwortlich.<\/p>\n<h2>6. Haftung f\u00fcr Links<\/h2>\n<p>Unser Angebot enth\u00e4lt Links zu externen Webseiten Dritter, auf deren Inhalte wir keinen Einfluss haben. Deshalb k\u00f6nnen wir f\u00fcr diese fremden Inhalte auch keine Gew\u00e4hr \u00fcbernehmen. Diese Links werden Ihnen als Serviceleistung zur Verf\u00fcgung gestellt und dienen lediglich als Verweis auf externe Webseiten, die m\u00f6glicherweise zus\u00e4tzliche Informationen enthalten. F\u00fcr die Inhalte der verlinkten Seiten ist jedoch stets der jeweilige Anbieter oder Betreiber der Seiten verantwortlich. Wir \u00fcberpr\u00fcfen nicht alle Informationen, die von diesen externen Webseiten abgerufen werden k\u00f6nnen. Auch ist uns eine regelm\u00e4\u00dfige \u00dcberpr\u00fcfung der Inhalte der verlinkten Webseiten nicht m\u00f6glich. Der Verweis auf diese Webseiten bedeutet nicht, dass wir uns die Inhalte dieser Webseiten zu eigen machen. Wir distanzieren uns ausdr\u00fccklich von allen Aussagen und Meinungen, die auf diesen Webseiten ge\u00e4u\u00dfert werden; diese spiegeln nicht unbedingt unsere Meinung wider. Wir haften nicht f\u00fcr Verluste, Sch\u00e4den oder sonstige Nachteile, die sich aus der Nutzung der verlinkten Webseiten ergeben.<\/p>\n<h2>7. Beschreibung der Dienstleistungen \/ Verf\u00fcgbarkeit der Webseite und der Dienstleistungen; Haftungsbeschr\u00e4nkungen<\/h2>\n<p>Diese Webseite wird Ihnen unentgeltlich und nach unserem alleinigen Ermessen zur Verf\u00fcgung gestellt. Ein Anspruch auf Zugang zu dieser Webseite oder einzelnen Funktionen besteht nicht.<\/p>\n<p>Wir sind berechtigt, jederzeit und nach eigenem Ermessen die Webseite und die auf der Webseite angebotenen Dienste ganz oder teilweise zu \u00e4ndern und\/oder einzustellen und das Nutzungsverh\u00e4ltnis zu k\u00fcndigen Die Webseite oder andere Dienste k\u00f6nnen auch aufgrund technischer Probleme vor\u00fcbergehend nicht verf\u00fcgbar sein. Die Nutzer haben keinen Anspruch darauf, dass die Webseite und unsere Dienste jederzeit zug\u00e4nglich sind. Wir \u00fcbernehmen daher keine Haftung daf\u00fcr, dass der Zugang zu dieser Webseite ununterbrochen und fehlerfrei ist.<\/p>\n<p>Wir sind nicht verpflichtet, daf\u00fcr zu sorgen, dass (i) die Informationen, Inhalte und Materialien auf der Webseite stets vollst\u00e4ndig, richtig und aktuell sind oder (ii) dass die von Dritten, einschlie\u00dflich der Nutzer der Webseite, zur Verf\u00fcgung gestellten Inhalte dem geltenden Recht entsprechen und frei von Rechten Dritter sind, die eine in diesen Nutzungsbedingungen vorgesehene Nutzung beeintr\u00e4chtigen k\u00f6nnten. Wir \u00fcbernehmen daher keine Haftung in dieser Hinsicht.<\/p>\n<p>Sie sind allein verantwortlich f\u00fcr Sch\u00e4den an Ihrem Computersystem oder Datenverluste, die durch das Herunterladen von Informationen, Inhalten und Material von der Webseite entstehen. Dar\u00fcber hinaus sind Sie auch daf\u00fcr verantwortlich, die f\u00fcr die Nutzung unserer Dienste erforderlichen technischen Voraussetzungen, insbesondere die notwendige Hard- und Software (z.B. Internet-Browser) sowie Zugangs- und \u00dcbertragungsdienste, auf eigene Kosten bereitzustellen. Wir \u00fcbernehmen keine Haftung f\u00fcr die Kompatibilit\u00e4t der Website und der auf der Website angebotenen Dienste mit Ihrer individuellen Hard- und Softwareausstattung.<\/p>\n<p>Im \u00dcbrigen haften wir unbeschr\u00e4nkt nur f\u00fcr Sch\u00e4den bei (i) Verletzung des Lebens, des K\u00f6rpers oder der Gesundheit oder bei Haftung nach dem Produkthaftungsgesetz, (ii) Vorsatz oder grober Fahrl\u00e4ssigkeit und (iii) \u00dcbernahme einer Garantie (insoweit gilt die sich aus der Garantie ergebende Regelung, wenn diese eine entsprechende Bestimmung enth\u00e4lt). Die Haftung f\u00fcr einfache (leichte) Fahrl\u00e4ssigkeit ist ausgeschlossen.<\/p>\n<p>Die vorstehende Haftungsbeschr\u00e4nkung gilt auch f\u00fcr Schadensersatzanspr\u00fcche gegen Organe, leitende Angestellte, Arbeitnehmer oder Erf\u00fcllungsgehilfen von TERRITORY INFLUENCE. Soweit in diesen Nutzungsbedingungen nichts anderes vereinbart ist, sind alle Anspr\u00fcche des Nutzers auf Ersatz von Sch\u00e4den jeglicher Art ausgeschlossen<\/p>\n<h2>8. Salvatorische Klausel, Gerichtsstandsvereinbarung, Schlussklauseln<\/h2>\n<p>Sollten eine oder mehrere Bestimmungen dieser Nutzungsbedingungen ganz oder teilweise unwirksam sein oder werden, oder sollten diese Nutzungsbedingungen eine L\u00fccke enthalten, so ber\u00fchrt dies die Wirksamkeit der \u00fcbrigen Bestimmungen dieser Nutzungsbedingungen nicht.<\/p>\n<p>Der Nutzungsvertrag einschlie\u00dflich dieser Nutzungsbedingungen unterliegt dem materiellen Recht der Bundesrepublik Deutschland unter Ausschluss des UN-Kaufrechts.<\/p>\n<p>Ausschlie\u00dflicher Gerichtsstand f\u00fcr alle Streitigkeiten aus und\/oder im Zusammenhang mit dem Nutzungsvertrag einschlie\u00dflich dieser Nutzungsbedingungen ist M\u00fcnchen, sofern der Nutzer Kaufmann, eine juristische Person des \u00f6ffentlichen Rechts oder ein \u00f6ffentlich-rechtliches Sonderverm\u00f6gen ist. Abweichend hiervon sind wir jederzeit berechtigt, den Nutzer auch an seinem allgemeinen Gerichtsstand zu verklagen.<\/p>\n<h2>Wie Sie uns erreichen<\/h2>\n<p>Wenn Sie Fragen oder Anmerkungen zu diesen Nutzungs- und Teilnahmebedingungen haben, wenden Sie sich bitte \u00fcber unser<span> <\/span><a href=\"https:\/\/www.territory-influence.com\/impressum\/?lang=de\">Impressum<\/a> an uns.<\/p>\n<p>[\/et_pb_text][\/et_pb_column][\/et_pb_row][\/et_pb_section]<\/p>\n","protected":false},"excerpt":{"rendered":"<p>NUTZUNGSBEDINGUNGEN &nbsp; F\u00fcr die Webseite www.territory-influence.com Zuletzt ge\u00e4ndert: August 2021 Die folgenden Nutzungsbedingungen der TERRITORY INFLUENCE GmbH, Neumarkter Str. 26, 81673 M\u00fcnchen, Amtsgericht M\u00fcnchen, HRB 226897 (nachfolgend \u201cTERRITORY INFLUENCE\u201d, \u201cwir\u201d, \u201cuns\u201d, \u201cunser\u201d genannt) regeln das Rechtsverh\u00e4ltnis zwischen uns und Ihnen als Nutzer der Unternehmenswebsite www.territory-influence.com, einschlie\u00dflich aller Unterseiten (nachfolgend \u201cWebseite\u201d genannt) Wir stellen Ihnen, dem [&hellip;]<\/p>\n","protected":false},"author":19,"featured_media":0,"parent":0,"menu_order":0,"comment_status":"closed","ping_status":"closed","template":"","meta":{"_et_pb_use_builder":"on","_et_pb_old_content":"","_et_gb_content_width":"","footnotes":""},"class_list":["post-10445","page","type-page","status-publish","hentry"],"aioseo_notices":[],"_links":{"self":[{"href":"https:\/\/www.territory-influence.com\/de\/wp-json\/wp\/v2\/pages\/10445","targetHints":{"allow":["GET"]}}],"collection":[{"href":"https:\/\/www.territory-influence.com\/de\/wp-json\/wp\/v2\/pages"}],"about":[{"href":"https:\/\/www.territory-influence.com\/de\/wp-json\/wp\/v2\/types\/page"}],"author":[{"embeddable":true,"href":"https:\/\/www.territory-influence.com\/de\/wp-json\/wp\/v2\/users\/19"}],"replies":[{"embeddable":true,"href":"https:\/\/www.territory-influence.com\/de\/wp-json\/wp\/v2\/comments?post=10445"}],"version-history":[{"count":12,"href":"https:\/\/www.territory-influence.com\/de\/wp-json\/wp\/v2\/pages\/10445\/revisions"}],"predecessor-version":[{"id":10461,"href":"https:\/\/www.territory-influence.com\/de\/wp-json\/wp\/v2\/pages\/10445\/revisions\/10461"}],"wp:attachment":[{"href":"https:\/\/www.territory-influence.com\/de\/wp-json\/wp\/v2\/media?parent=10445"}],"curies":[{"name":"wp","href":"https:\/\/api.w.org\/{rel}","templated":true}]}}