{"id":4801,"date":"2021-02-05T12:14:22","date_gmt":"2021-02-05T12:14:22","guid":{"rendered":"https:\/\/www.territory-influence.com\/influencer\/"},"modified":"2024-04-09T10:07:02","modified_gmt":"2024-04-09T10:07:02","slug":"influencer","status":"publish","type":"page","link":"https:\/\/www.territory-influence.com\/de\/influencer\/","title":{"rendered":"Influencer:innen"},"content":{"rendered":"<p>[et_pb_section fb_built=&#8220;1&#8243; admin_label=&#8220;Header Section&#8220; _builder_version=&#8220;4.16&#8243; use_background_color_gradient=&#8220;on&#8220; background_color_gradient_stops=&#8220;#252422 0%|rgba(0,0,0,0) 100%&#8220; background_color_gradient_overlays_image=&#8220;on&#8220; background_color_gradient_start=&#8220;#252422&#8243; background_color_gradient_end=&#8220;rgba(0,0,0,0)&#8220; background_image=&#8220;https:\/\/www.territory-influence.com\/wp-content\/uploads\/2020\/11\/Website-Influencers.png&#8220; custom_padding=&#8220;10%|0px|13%|0px||&#8220; global_colors_info=&#8220;{}&#8220;][et_pb_row admin_label=&#8220;Title Row&#8220; _builder_version=&#8220;4.16&#8243; global_colors_info=&#8220;{}&#8220;][et_pb_column type=&#8220;4_4&#8243; _builder_version=&#8220;4.16&#8243; custom_padding=&#8220;|||&#8220; global_colors_info=&#8220;{}&#8220; custom_padding__hover=&#8220;|||&#8220;][et_pb_text admin_label=&#8220;Title &#038; Paragraph&#8220; module_class=&#8220;hero-text tt-white&#8220; _builder_version=&#8220;4.21.0&#8243; text_font=&#8220;Roboto|500|||||||&#8220; text_font_size=&#8220;18px&#8220; header_font=&#8220;Roboto|900|||||||&#8220; header_font_size=&#8220;45px&#8220; header_2_font=&#8220;||||||||&#8220; text_orientation=&#8220;center&#8220; max_width=&#8220;1000px&#8220; max_width_last_edited=&#8220;off|desktop&#8220; module_alignment=&#8220;center&#8220; custom_margin=&#8220;|||174px||&#8220; custom_margin_tablet=&#8220;0px|||0px&#8220; custom_margin_last_edited=&#8220;off|desktop&#8220; custom_padding=&#8220;|366px||||&#8220; custom_padding_last_edited=&#8220;off|desktop&#8220; animation_style=&#8220;fade&#8220; header_font_size_tablet=&#8220;&#8220; header_font_size_phone=&#8220;50px&#8220; header_font_size_last_edited=&#8220;on|phone&#8220; global_colors_info=&#8220;{}&#8220;]<\/p>\n<h1 style=\"text-align: left;\"><span style=\"color: #ffffff;\">JEDER KANN<br \/>\nINFLUENCER:IN SEIN<\/span><\/h1>\n<p style=\"text-align: left;\"><span style=\"color: #ffffff;\">Bei TERRITORY glauben wir, dass jeder das Zeug dazu hat, Produkte und Dienstleistungen zu empfehlen. Von einem Gespr\u00e4ch unter Freund:innen bis zu Posts auf Social Media <span>\u2013<\/span> der Austausch von Erfahrungen hilft Verbraucher:innen, die richtige Entscheidung zu treffen. Scrolle nach unten, um die verschiedenen Influencer-Typen zu entdecken!<\/span><\/p>\n<p>[\/et_pb_text][\/et_pb_column][\/et_pb_row][\/et_pb_section][et_pb_section fb_built=&#8220;1&#8243; admin_label=&#8220;Blog Section&#8220; _builder_version=&#8220;4.16&#8243; background_color=&#8220;#252422&#8243; background_position=&#8220;top_center&#8220; custom_padding=&#8220;100px|0px|100px|0px&#8220; global_colors_info=&#8220;{}&#8220;][et_pb_row column_structure=&#8220;1_4,1_4,1_4,1_4&#8243; admin_label=&#8220;Blog Posts Row&#8220; _builder_version=&#8220;4.16&#8243; global_colors_info=&#8220;{}&#8220;][et_pb_column type=&#8220;1_4&#8243; _builder_version=&#8220;4.16&#8243; custom_padding=&#8220;|||&#8220; global_colors_info=&#8220;{}&#8220; custom_padding__hover=&#8220;|||&#8220;][et_pb_image src=&#8220;https:\/\/www.territory-influence.com\/wp-content\/uploads\/2020\/11\/nano-influencers.jpg&#8220; alt=&#8220;TERRITORY nano influencer&#8220; title_text=&#8220;Nano Influencer:innen&#8220; _builder_version=&#8220;4.16&#8243; _module_preset=&#8220;default&#8220; custom_margin=&#8220;|-30px||||&#8220; custom_padding=&#8220;|0px||||&#8220; global_colors_info=&#8220;{}&#8220;][\/et_pb_image][et_pb_text _builder_version=&#8220;4.21.0&#8243; _module_preset=&#8220;default&#8220; text_font=&#8220;Roboto|300|||||||&#8220; text_text_color=&#8220;#ffffff&#8220; text_line_height=&#8220;1.6em&#8220; header_font=&#8220;Roboto||||||||&#8220; header_2_font=&#8220;Roboto|700|||||||&#8220; header_2_text_color=&#8220;#ffffff&#8220; header_6_font=&#8220;Roboto|100|||||||&#8220; header_6_font_size=&#8220;13px&#8220; global_colors_info=&#8220;{}&#8220;]<\/p>\n<h2>Nano-Influencer:innen<\/h2>\n<p>Multiplikator:innen, die in pers\u00f6nlichen Gespr\u00e4chen und \u00fcber Posts auf Social Media glaubw\u00fcrdige Empfehlungen im pers\u00f6nlichen Umfeld verbreiten.<\/p>\n<h6><span style=\"color: #ffffff;\">Unter 1.000 Follower:innen<\/span><\/h6>\n<p><a href=\"https:\/\/www.territory-influence.com\/de\/case-studies\/\"><span style=\"color: #ff4e00;\">Zur Case Study \u2192<\/span><\/a><\/p>\n<p>[\/et_pb_text][\/et_pb_column][et_pb_column type=&#8220;1_4&#8243; _builder_version=&#8220;4.16&#8243; custom_padding=&#8220;|||&#8220; global_colors_info=&#8220;{}&#8220; custom_padding__hover=&#8220;|||&#8220;][et_pb_image src=&#8220;https:\/\/www.territory-influence.com\/wp-content\/uploads\/2020\/11\/Micro-influencers.jpg&#8220; alt=&#8220;TERRITORY micro influencers&#8220; title_text=&#8220;Micro influencer&#8220; _builder_version=&#8220;4.16&#8243; _module_preset=&#8220;default&#8220; custom_margin=&#8220;|-28px||||&#8220; custom_padding=&#8220;||3px|||&#8220; global_colors_info=&#8220;{}&#8220;][\/et_pb_image][et_pb_text _builder_version=&#8220;4.21.0&#8243; _module_preset=&#8220;default&#8220; text_font=&#8220;Roboto|300|||||||&#8220; text_text_color=&#8220;#ffffff&#8220; text_line_height=&#8220;1.6em&#8220; header_font=&#8220;Roboto||||||||&#8220; header_2_font=&#8220;Roboto|700|||||||&#8220; header_2_text_color=&#8220;#ffffff&#8220; header_6_font=&#8220;Roboto|100|||||||&#8220; header_6_font_size=&#8220;13px&#8220; global_colors_info=&#8220;{}&#8220;]<\/p>\n<h2>Micro-Influencer:innen<\/h2>\n<p>Markenbotschafter:innen, die durch authentischen Social Content und hohes Engagement organische Online Reichweite erreichen.\u200b<\/p>\n<h6><span style=\"color: #ffffff;\">1.000 bis 100.000 Follower:innen<\/span><\/h6>\n<p><a href=\"https:\/\/www.territory-influence.com\/de\/case-studies\/\"><span style=\"color: #ff4e00;\">Zur Case Study \u2192<\/span><\/a><\/p>\n<p>[\/et_pb_text][\/et_pb_column][et_pb_column type=&#8220;1_4&#8243; _builder_version=&#8220;4.16&#8243; custom_padding=&#8220;|||&#8220; global_colors_info=&#8220;{}&#8220; custom_padding__hover=&#8220;|||&#8220;][et_pb_image src=&#8220;https:\/\/www.territory-influence.com\/wp-content\/uploads\/2020\/12\/Social-media-influencers.jpg&#8220; alt=&#8220;Social Media Influencer&#8220; title_text=&#8220;Social Media Influencer&#8220; _builder_version=&#8220;4.16&#8243; _module_preset=&#8220;default&#8220; custom_margin=&#8220;|-29px||||&#8220; custom_padding=&#8220;||17px|||&#8220; global_colors_info=&#8220;{}&#8220;][\/et_pb_image][et_pb_text _builder_version=&#8220;4.21.0&#8243; _module_preset=&#8220;default&#8220; text_font=&#8220;Roboto|300|||||||&#8220; text_text_color=&#8220;#ffffff&#8220; text_line_height=&#8220;1.6em&#8220; header_font=&#8220;Roboto||||||||&#8220; header_2_font=&#8220;Roboto|700|||||||&#8220; header_2_text_color=&#8220;#ffffff&#8220; header_6_font=&#8220;Roboto|100|||||||&#8220; header_6_font_size=&#8220;13px&#8220; custom_margin=&#8220;-19px|||||&#8220; custom_padding=&#8220;1px|||||&#8220; global_colors_info=&#8220;{}&#8220;]<\/p>\n<h2>Macro-Influencer:innen<\/h2>\n<p>Content Creator:innen, die mit hochwertigem Content ein breites Publikum ansprechen und so Imageeffekte f\u00fcr Marken und Produkte bewirken.\u200b<\/p>\n<h6><span style=\"color: #ffffff;\">Mehr als 100.000 Follower:innen.<\/span><\/h6>\n<p><a href=\"https:\/\/www.territory-influence.com\/de\/case-studies\/\"><span style=\"color: #ff4e00;\">Zur Case Study \u2192<\/span><\/a><\/p>\n<p>[\/et_pb_text][\/et_pb_column][et_pb_column type=&#8220;1_4&#8243; _builder_version=&#8220;4.16&#8243; custom_padding=&#8220;|||&#8220; global_colors_info=&#8220;{}&#8220; custom_padding__hover=&#8220;|||&#8220;][et_pb_image src=&#8220;https:\/\/www.territory-influence.com\/wp-content\/uploads\/2020\/11\/Website-Influencers-2.png&#8220; alt=&#8220;TERRITORY star influencers&#8220; title_text=&#8220;TERRITORY star influencers&#8220; _builder_version=&#8220;4.16&#8243; _module_preset=&#8220;default&#8220; custom_margin=&#8220;||25px|||&#8220; global_colors_info=&#8220;{}&#8220;][\/et_pb_image][et_pb_text _builder_version=&#8220;4.21.0&#8243; _module_preset=&#8220;default&#8220; text_font=&#8220;Roboto|300|||||||&#8220; text_text_color=&#8220;#ffffff&#8220; text_line_height=&#8220;1.6em&#8220; header_font=&#8220;Roboto||||||||&#8220; header_2_font=&#8220;Roboto|700|||||||&#8220; header_2_text_color=&#8220;#ffffff&#8220; header_6_font=&#8220;Roboto|100|||||||&#8220; header_6_font_size=&#8220;13px&#8220; custom_margin=&#8220;19px|||||&#8220; custom_padding=&#8220;1px|||||&#8220; global_colors_info=&#8220;{}&#8220;]<\/p>\n<h2>Star- Influencer:innen<\/h2>\n<p>Testimonials, die auch au\u00dferhalb von Social Media bekannt sind und damit eine hohe Strahlkraft f\u00fcr Produkt und Marken haben.<\/p>\n<h6><span style=\"color: #ffffff;\">Bis zu Millionen von Follower:innen.<\/span><\/h6>\n<p><a href=\"https:\/\/www.territory-influence.com\/de\/case-studies\/\"><span style=\"color: #ff4e00;\">Zur Case Study \u2192<\/span><\/a><\/p>\n<p>[\/et_pb_text][\/et_pb_column][\/et_pb_row][\/et_pb_section][et_pb_section fb_built=&#8220;1&#8243; admin_label=&#8220;Our Story Section&#8220; _builder_version=&#8220;4.16&#8243; background_color=&#8220;#252422&#8243; custom_padding=&#8220;0px|0px|0px|0px&#8220; global_colors_info=&#8220;{}&#8220;][et_pb_row column_structure=&#8220;1_2,1_2&#8243; use_custom_gutter=&#8220;on&#8220; gutter_width=&#8220;1&#8243; make_equal=&#8220;on&#8220; admin_label=&#8220;Our Story Row&#8220; module_class=&#8220; et_pb_row_fullwidth&#8220; _builder_version=&#8220;4.16&#8243; width=&#8220;100%&#8220; width_tablet=&#8220;100%&#8220; width_phone=&#8220;&#8220; width_last_edited=&#8220;on|desktop&#8220; max_width=&#8220;100%&#8220; max_width_tablet=&#8220;100%&#8220; max_width_phone=&#8220;&#8220; max_width_last_edited=&#8220;on|desktop&#8220; custom_margin=&#8220;|||&#8220; custom_padding=&#8220;0px|0px|0px|0px||&#8220; make_fullwidth=&#8220;on&#8220; global_colors_info=&#8220;{}&#8220;][et_pb_column type=&#8220;1_2&#8243; _builder_version=&#8220;4.16&#8243; background_color=&#8220;#252422&#8243; custom_padding=&#8220;|||&#8220; global_colors_info=&#8220;{}&#8220; custom_padding__hover=&#8220;|||&#8220;][et_pb_cta title=&#8220;                                                                     &#8220; button_url=&#8220;https:\/\/www.trnd.com\/uk\/&#8220; url_new_window=&#8220;on&#8220; button_text=&#8220;Werde Teil der TRND Community&#8220; module_class=&#8220;tt-white tt-margin-bottom-40&#8243; _builder_version=&#8220;4.21.0&#8243; header_font=&#8220;Roboto|900|||||||&#8220; header_text_align=&#8220;left&#8220; header_text_color=&#8220;#ffffff&#8220; header_font_size=&#8220;40px&#8220; header_line_height=&#8220;1.2em&#8220; body_font=&#8220;Roboto|500|||||||&#8220; body_text_align=&#8220;left&#8220; body_text_color=&#8220;rgba(255,255,255,0.55)&#8220; body_font_size=&#8220;15px&#8220; body_line_height=&#8220;1.5em&#8220; use_background_color=&#8220;off&#8220; custom_button=&#8220;on&#8220; button_text_size=&#8220;15px&#8220; button_text_color=&#8220;#ffffff&#8220; button_bg_color=&#8220;#FF4E00&#8243; button_border_width=&#8220;5px&#8220; button_border_color=&#8220;#FF4E00&#8243; button_border_radius=&#8220;0px&#8220; button_font=&#8220;Roboto|700|||||||&#8220; button_icon=&#8220;&#x24;||divi||400&#8243; button_icon_color=&#8220;#ffffff&#8220; button_on_hover=&#8220;off&#8220; text_orientation=&#8220;left&#8220; max_width=&#8220;638px&#8220; max_width_tablet=&#8220;&#8220; max_width_phone=&#8220;&#8220; max_width_last_edited=&#8220;on|desktop&#8220; module_alignment=&#8220;right&#8220; custom_margin=&#8220;|||&#8220; custom_margin_tablet=&#8220;|||&#8220; custom_margin_phone=&#8220;|||&#8220; custom_margin_last_edited=&#8220;off|desktop&#8220; custom_padding=&#8220;30px|60px|0px|60px|false|false&#8220; custom_padding_tablet=&#8220;|10%||&#8220; custom_padding_phone=&#8220;|60px||60px&#8220; custom_padding_last_edited=&#8220;on|phone&#8220; link_option_url_new_window=&#8220;on&#8220; header_font_size_tablet=&#8220;&#8220; header_font_size_phone=&#8220;40px&#8220; header_font_size_last_edited=&#8220;on|phone&#8220; button_border_radius_hover=&#8220;0px&#8220; global_colors_info=&#8220;{}&#8220; button_text_size__hover_enabled=&#8220;off&#8220; button_one_text_size__hover_enabled=&#8220;off&#8220; button_two_text_size__hover_enabled=&#8220;off&#8220; button_text_color__hover_enabled=&#8220;off&#8220; button_one_text_color__hover_enabled=&#8220;off&#8220; button_two_text_color__hover_enabled=&#8220;off&#8220; button_border_width__hover_enabled=&#8220;off&#8220; button_one_border_width__hover_enabled=&#8220;off&#8220; button_two_border_width__hover_enabled=&#8220;off&#8220; button_border_color__hover_enabled=&#8220;off&#8220; button_one_border_color__hover_enabled=&#8220;off&#8220; button_two_border_color__hover_enabled=&#8220;off&#8220; button_border_radius__hover_enabled=&#8220;on&#8220; button_border_radius__hover=&#8220;0px&#8220; button_one_border_radius__hover_enabled=&#8220;off&#8220; button_two_border_radius__hover_enabled=&#8220;off&#8220; button_letter_spacing__hover_enabled=&#8220;off&#8220; button_one_letter_spacing__hover_enabled=&#8220;off&#8220; button_two_letter_spacing__hover_enabled=&#8220;off&#8220; button_bg_color__hover_enabled=&#8220;off&#8220; button_one_bg_color__hover_enabled=&#8220;off&#8220; button_two_bg_color__hover_enabled=&#8220;off&#8220;]<\/p>\n<h2>WERDE INFLUENCER:IN<br \/>BEI UNS<\/h2>\n<p>Lerne unsere TRND-Nano Community kennen. Finde jetzt heraus, warum du dich anmelden solltest.<\/p>\n<p>[\/et_pb_cta][\/et_pb_column][et_pb_column type=&#8220;1_2&#8243; _builder_version=&#8220;4.16&#8243; custom_padding=&#8220;|||&#8220; global_colors_info=&#8220;{}&#8220; custom_padding__hover=&#8220;|||&#8220;][et_pb_image src=&#8220;https:\/\/www.territory-influence.com\/wp-content\/uploads\/2020\/11\/TRND-Platform-2.png&#8220; alt=&#8220;TRND nano micro influencer platform&#8220; title_text=&#8220;TRND nano micro influencer platform&#8220; url=&#8220;https:\/\/www.trnd.com\/uk\/&#8220; url_new_window=&#8220;on&#8220; align_tablet=&#8220;center&#8220; align_phone=&#8220;&#8220; align_last_edited=&#8220;on|desktop&#8220; module_class=&#8220;full-width-image&#8220; _builder_version=&#8220;4.16&#8243; max_width=&#8220;600px&#8220; max_width_tablet=&#8220;&#8220; max_width_phone=&#8220;&#8220; max_width_last_edited=&#8220;on|desktop&#8220; module_alignment=&#8220;left&#8220; global_colors_info=&#8220;{}&#8220;][\/et_pb_image][\/et_pb_column][\/et_pb_row][\/et_pb_section][et_pb_section fb_built=&#8220;1&#8243; admin_label=&#8220;Video Section&#8220; _builder_version=&#8220;4.16&#8243; background_enable_image=&#8220;off&#8220; background_position=&#8220;bottom_right&#8220; custom_padding=&#8220;0px|0px|70px|0px||&#8220; global_colors_info=&#8220;{}&#8220;][et_pb_row column_structure=&#8220;1_3,1_3,1_3&#8243; _builder_version=&#8220;4.16&#8243; _module_preset=&#8220;default&#8220; custom_padding=&#8220;16px||30px|||&#8220; global_colors_info=&#8220;{}&#8220;][et_pb_column type=&#8220;1_3&#8243; _builder_version=&#8220;4.16&#8243; _module_preset=&#8220;default&#8220; global_colors_info=&#8220;{}&#8220;][et_pb_testimonial author=&#8220;Nano-Influencerin&#8220; quote_icon_color=&#8220;#ffffff&#8220; quote_icon_background_color=&#8220;#FF4E00&#8243; use_icon_font_size=&#8220;on&#8220; icon_font_size=&#8220;0px&#8220; _builder_version=&#8220;4.16&#8243; _module_preset=&#8220;default&#8220; body_font=&#8220;Roboto||||||||&#8220; body_font_size=&#8220;15px&#8220; author_font=&#8220;Roboto|700|||||||&#8220; min_height=&#8220;258px&#8220; custom_margin=&#8220;60px|||||&#8220; custom_padding=&#8220;||9px|||&#8220; global_colors_info=&#8220;{}&#8220;]<\/p>\n<p>Ich bin froh, dass es eine Plattform wie TRND gibt, f\u00fcr mich ist das ein etwas ganz Neues. Meiner Meinung nach ist es sehr n\u00fctzlich, dass Verbraucher Produkte erleben und ihre aufrichtige Meinung teilen k\u00f6nnen.<\/p>\n<p>[\/et_pb_testimonial][et_pb_testimonial author=&#8220;Micro-Influencer&#8220; quote_icon_color=&#8220;#ffffff&#8220; quote_icon_background_color=&#8220;#FF4E00&#8243; use_icon_font_size=&#8220;on&#8220; icon_font_size=&#8220;0px&#8220; _builder_version=&#8220;4.16&#8243; _module_preset=&#8220;default&#8220; body_font=&#8220;Roboto||||||||&#8220; body_font_size=&#8220;15px&#8220; author_font=&#8220;Roboto|700|||||||&#8220; custom_margin=&#8220;60px|||||&#8220; global_colors_info=&#8220;{}&#8220;]<\/p>\n<div>Ich m\u00f6chte mich noch einmal f\u00fcr die tolle Zusammenarbeit und den Auftrag bedanken. Es hat wieder sehr viel Spa\u00df gemacht! Danke, danke&#8230;.\u2665<\/div>\n<p>[\/et_pb_testimonial][\/et_pb_column][et_pb_column type=&#8220;1_3&#8243; _builder_version=&#8220;4.16&#8243; _module_preset=&#8220;default&#8220; global_colors_info=&#8220;{}&#8220;][et_pb_testimonial author=&#8220;Macro-Influencerin&#8220; quote_icon_color=&#8220;#ffffff&#8220; quote_icon_background_color=&#8220;#FF4E00&#8243; use_icon_font_size=&#8220;on&#8220; icon_font_size=&#8220;0px&#8220; _builder_version=&#8220;4.16&#8243; _module_preset=&#8220;default&#8220; body_font=&#8220;Roboto||||||||&#8220; author_font=&#8220;Roboto|700|||||||&#8220; custom_margin=&#8220;60px|||||&#8220; global_colors_info=&#8220;{}&#8220;]<\/p>\n<p>Ich m\u00f6chte sagen, dass ich die Zusammenarbeit mit Euch sehr genossen habe und ich finde die Plattform wirklich toll, sehr \u00fcbersichtlich und alles auf einen Blick! Wir k\u00f6nnen kommunizieren, Inhalte freigeben und alles f\u00fcr die Kampagne an einem Ort b\u00fcndeln.<\/p>\n<p>[\/et_pb_testimonial][et_pb_testimonial author=&#8220;Nano-Influencer&#8220; quote_icon_color=&#8220;#ffffff&#8220; quote_icon_background_color=&#8220;#FF4E00&#8243; use_icon_font_size=&#8220;on&#8220; icon_font_size=&#8220;0px&#8220; _builder_version=&#8220;4.16&#8243; _module_preset=&#8220;default&#8220; body_font=&#8220;Roboto||||||||&#8220; author_font=&#8220;Roboto|700|||||||&#8220; custom_margin=&#8220;60px|||||&#8220; global_colors_info=&#8220;{}&#8220;]<\/p>\n<p>Es ist wichtig, meine Meinung mit den Marken zu teilen und ihnen zu helfen, ihre Produkte zu verbessern &#8211; so kann ich ihnen helfen, mehr und n\u00fctzlichere Funktionen f\u00fcr alle Verbraucher zu entwickeln. Es ist eine tolle Erfahrung, auf die E-Mail zu warten, die ank\u00fcndigt, ob ich Teil einer Mission bin, und in der Lage zu sein, meine Erfahrungen mit anderen zu teilen. Danke, dass Ihr mich in diese Gruppe einbezogen haben! \ud83d\ude42<\/p>\n<p>[\/et_pb_testimonial][\/et_pb_column][et_pb_column type=&#8220;1_3&#8243; _builder_version=&#8220;4.16&#8243; _module_preset=&#8220;default&#8220; global_colors_info=&#8220;{}&#8220;][et_pb_testimonial author=&#8220;Micro-Influencer&#8220; quote_icon_color=&#8220;#ffffff&#8220; quote_icon_background_color=&#8220;#FF4E00&#8243; use_icon_font_size=&#8220;on&#8220; icon_font_size=&#8220;0px&#8220; _builder_version=&#8220;4.16&#8243; _module_preset=&#8220;default&#8220; body_font=&#8220;Roboto||||||||&#8220; author_font=&#8220;Roboto|700|||||||&#8220; custom_margin=&#8220;60px||21px|||&#8220; custom_padding=&#8220;||30px|||&#8220; global_colors_info=&#8220;{}&#8220;]<\/p>\n<p>Ich bin sehr gl\u00fccklich dar\u00fcber, Teil der TRND-Community zu sein. Ich bin auf der Suche nach neuen Projekten und w\u00fcrde mich gerne an mehr Missionen beteiligen. Danke, dass ich dabei sein darf \ud83d\ude42 Ihr macht eine tolle Arbeit und bringt super Projekte rein, also weiter so!<\/p>\n<p>[\/et_pb_testimonial][et_pb_testimonial author=&#8220;Macro-Influencerin&#8220; quote_icon_color=&#8220;#ffffff&#8220; quote_icon_background_color=&#8220;#FF4E00&#8243; use_icon_font_size=&#8220;on&#8220; icon_font_size=&#8220;0px&#8220; _builder_version=&#8220;4.16&#8243; _module_preset=&#8220;default&#8220; body_font=&#8220;Roboto||||||||&#8220; body_font_size=&#8220;15px&#8220; author_font=&#8220;Roboto|700|||||||&#8220; custom_margin=&#8220;60px|||||&#8220; global_colors_info=&#8220;{}&#8220;]<\/p>\n<p>Ihr als Agentur seid wirklich top! Super erreichbar, unkompliziert, verst\u00e4ndnisvoll und sympathisch! Ich habe mich mit Eurer Unterst\u00fctzung sicher und wohl gef\u00fchlt!<\/p>\n<p>[\/et_pb_testimonial][\/et_pb_column][\/et_pb_row][\/et_pb_section]<\/p>\n","protected":false},"excerpt":{"rendered":"<p>Entdecke mit Territory Influence, was ein:e Influencer:in ist. Lerne wie du mit ihnen zusammenarbeiten kannst, um deine Marke zu st\u00e4rken. Influencer Marketing Erfolg garantiert!<\/p>\n","protected":false},"author":19,"featured_media":0,"parent":0,"menu_order":0,"comment_status":"closed","ping_status":"closed","template":"","meta":{"_et_pb_use_builder":"on","_et_pb_old_content":"","_et_gb_content_width":"","footnotes":""},"class_list":["post-4801","page","type-page","status-publish","hentry"],"aioseo_notices":[],"_links":{"self":[{"href":"https:\/\/www.territory-influence.com\/de\/wp-json\/wp\/v2\/pages\/4801","targetHints":{"allow":["GET"]}}],"collection":[{"href":"https:\/\/www.territory-influence.com\/de\/wp-json\/wp\/v2\/pages"}],"about":[{"href":"https:\/\/www.territory-influence.com\/de\/wp-json\/wp\/v2\/types\/page"}],"author":[{"embeddable":true,"href":"https:\/\/www.territory-influence.com\/de\/wp-json\/wp\/v2\/users\/19"}],"replies":[{"embeddable":true,"href":"https:\/\/www.territory-influence.com\/de\/wp-json\/wp\/v2\/comments?post=4801"}],"version-history":[{"count":13,"href":"https:\/\/www.territory-influence.com\/de\/wp-json\/wp\/v2\/pages\/4801\/revisions"}],"predecessor-version":[{"id":35514,"href":"https:\/\/www.territory-influence.com\/de\/wp-json\/wp\/v2\/pages\/4801\/revisions\/35514"}],"wp:attachment":[{"href":"https:\/\/www.territory-influence.com\/de\/wp-json\/wp\/v2\/media?parent=4801"}],"curies":[{"name":"wp","href":"https:\/\/api.w.org\/{rel}","templated":true}]}}