{"id":4821,"date":"2021-02-05T13:03:41","date_gmt":"2021-02-05T13:03:41","guid":{"rendered":"https:\/\/www.territory-influence.com\/ueber-uns\/"},"modified":"2024-04-08T13:46:10","modified_gmt":"2024-04-08T13:46:10","slug":"ueber-uns","status":"publish","type":"page","link":"https:\/\/www.territory-influence.com\/de\/ueber-uns\/","title":{"rendered":"\u00dcber uns"},"content":{"rendered":"<p>[et_pb_section fb_built=&#8220;1&#8243; admin_label=&#8220;Header Section&#8220; _builder_version=&#8220;4.16&#8243; background_enable_color=&#8220;off&#8220; use_background_color_gradient=&#8220;on&#8220; background_color_gradient_stops=&#8220;#252422 0%|rgba(0,0,0,0) 100%&#8220; background_color_gradient_overlays_image=&#8220;on&#8220; background_color_gradient_start=&#8220;#252422&#8243; background_color_gradient_end=&#8220;rgba(0,0,0,0)&#8220; background_image=&#8220;https:\/\/www.territory-influence.com\/wp-content\/uploads\/2020\/11\/website-teams-1.png&#8220; custom_margin=&#8220;|||&#8220; custom_padding=&#8220;10%||9.8%|||&#8220; global_colors_info=&#8220;{}&#8220;][et_pb_row custom_padding_last_edited=&#8220;on|phone&#8220; admin_label=&#8220;Header Row&#8220; _builder_version=&#8220;4.16&#8243; custom_margin=&#8220;||||false|false&#8220; custom_padding=&#8220;||||false|false&#8220; custom_padding_tablet=&#8220;&#8220; custom_padding_phone=&#8220;3vw|||&#8220; global_colors_info=&#8220;{}&#8220;][et_pb_column type=&#8220;4_4&#8243; _builder_version=&#8220;4.16&#8243; custom_padding=&#8220;|||&#8220; global_colors_info=&#8220;{}&#8220; custom_padding__hover=&#8220;|||&#8220;][et_pb_cta button_url=&#8220;https:\/\/www.territory-influence.com\/team-offices\/&#8220; button_text=&#8220;Unser Team&#8220; admin_label=&#8220;Heading, Subheading &#038; Button&#8220; module_class=&#8220;tt-white hero-text&#8220; _builder_version=&#8220;4.21.0&#8243; header_level=&#8220;h1&#8243; header_font=&#8220;Roboto|900||on|||||&#8220; header_text_align=&#8220;left&#8220; header_text_color=&#8220;#ffffff&#8220; header_font_size=&#8220;45px&#8220; body_font=&#8220;Roboto|500|||||||&#8220; body_text_align=&#8220;left&#8220; body_text_color=&#8220;#ffffff&#8220; body_font_size=&#8220;18px&#8220; use_background_color=&#8220;off&#8220; custom_button=&#8220;on&#8220; button_text_size=&#8220;16px&#8220; button_text_color=&#8220;#ffffff&#8220; button_bg_color=&#8220;#FF4E00&#8243; button_border_width=&#8220;10px&#8220; button_border_color=&#8220;#FF4E00&#8243; button_border_radius=&#8220;0px&#8220; button_font=&#8220;Roboto|700|||||||&#8220; button_icon=&#8220;&#x24;||divi||400&#8243; button_icon_color=&#8220;#ffffff&#8220; button_on_hover=&#8220;off&#8220; text_orientation=&#8220;left&#8220; max_width=&#8220;1000px&#8220; module_alignment=&#8220;center&#8220; custom_margin=&#8220;|||174px|false|false&#8220; custom_margin_tablet=&#8220;3vw||3vw|&#8220; custom_margin_phone=&#8220;|||&#8220; custom_margin_last_edited=&#8220;off|desktop&#8220; custom_padding=&#8220;|360px|||false|false&#8220; animation_style=&#8220;fade&#8220; header_font_size_tablet=&#8220;&#8220; header_font_size_phone=&#8220;50px&#8220; header_font_size_last_edited=&#8220;on|phone&#8220; button_text_color_hover=&#8220;#ffffff&#8220; button_border_color_hover=&#8220;rgba(244,88,63,0)&#8220; button_border_radius_hover=&#8220;0px&#8220; button_bg_color_hover=&#8220;#f4583f&#8220; global_colors_info=&#8220;{}&#8220; button_text_size__hover_enabled=&#8220;off&#8220; button_one_text_size__hover_enabled=&#8220;off&#8220; button_two_text_size__hover_enabled=&#8220;off&#8220; button_text_color__hover_enabled=&#8220;on&#8220; button_text_color__hover=&#8220;#ffffff&#8220; button_one_text_color__hover_enabled=&#8220;off&#8220; button_two_text_color__hover_enabled=&#8220;off&#8220; button_border_width__hover_enabled=&#8220;off&#8220; button_one_border_width__hover_enabled=&#8220;off&#8220; button_two_border_width__hover_enabled=&#8220;off&#8220; button_border_color__hover_enabled=&#8220;on&#8220; button_border_color__hover=&#8220;rgba(244,88,63,0)&#8220; button_one_border_color__hover_enabled=&#8220;off&#8220; button_two_border_color__hover_enabled=&#8220;off&#8220; button_border_radius__hover_enabled=&#8220;on&#8220; button_border_radius__hover=&#8220;0px&#8220; button_one_border_radius__hover_enabled=&#8220;off&#8220; button_two_border_radius__hover_enabled=&#8220;off&#8220; button_letter_spacing__hover_enabled=&#8220;off&#8220; button_one_letter_spacing__hover_enabled=&#8220;off&#8220; button_two_letter_spacing__hover_enabled=&#8220;off&#8220; button_bg_color__hover_enabled=&#8220;on&#8220; button_bg_color__hover=&#8220;#f4583f&#8220; button_one_bg_color__hover_enabled=&#8220;off&#8220; button_two_bg_color__hover_enabled=&#8220;off&#8220;]<\/p>\n<h1>EIN TEAM AUS LEIDENSCHAFTLICHEN<br \/>INFLUENCER EXPERTEN<\/h1>\n<p>TERRITORY Influence ist aus dem Zusammenschluss von TRND entstanden. Seit 2005 arbeiten wir mit Influencer:innen zusammen und sind Teil von BERTELSMANN. Wir sind 150 Mitarbeiter:innen in Europa und dar\u00fcber hinaus t\u00e4tig.<\/p>\n<p>[\/et_pb_cta][\/et_pb_column][\/et_pb_row][\/et_pb_section][et_pb_section fb_built=&#8220;1&#8243; admin_label=&#8220;Intro Section&#8220; _builder_version=&#8220;4.16&#8243; custom_padding=&#8220;100px|0px|80px|0px||&#8220; global_colors_info=&#8220;{}&#8220;][et_pb_row admin_label=&#8220;Intro Row&#8220; _builder_version=&#8220;4.16&#8243; global_colors_info=&#8220;{}&#8220;][et_pb_column type=&#8220;4_4&#8243; _builder_version=&#8220;4.16&#8243; custom_padding=&#8220;|||&#8220; global_colors_info=&#8220;{}&#8220; custom_padding__hover=&#8220;|||&#8220;][et_pb_text admin_label=&#8220;Title &#038; Paragraph&#8220; module_class=&#8220;tt-black&#8220; _builder_version=&#8220;4.16&#8243; text_font=&#8220;Roboto|600|||||||&#8220; text_font_size=&#8220;16px&#8220; header_font=&#8220;||||||||&#8220; header_2_font=&#8220;Roboto|900|||||||&#8220; header_2_text_align=&#8220;center&#8220; header_2_font_size=&#8220;40px&#8220; header_2_line_height=&#8220;1.1em&#8220; text_orientation=&#8220;center&#8220; max_width=&#8220;800px&#8220; max_width_last_edited=&#8220;off|desktop&#8220; module_alignment=&#8220;center&#8220; custom_margin=&#8220;|||&#8220; custom_padding=&#8220;|||&#8220; custom_padding_last_edited=&#8220;off|desktop&#8220; header_2_font_size_tablet=&#8220;&#8220; header_2_font_size_phone=&#8220;40px&#8220; header_2_font_size_last_edited=&#8220;on|phone&#8220; global_colors_info=&#8220;{}&#8220;]<\/p>\n<h2 style=\"text-align: left;\">WIR AGIEREN WIE EIN START-UP<br \/>INNERHALB EINES GROSSEN KONZERNS<\/h2>\n<p style=\"text-align: left;\">Wir sind Teil von TERRITORY, einer Agentur mit vielen Kompetenzen. Unsere ist Influencer Marketing. Und wir sind in der Lage, L\u00f6sungen f\u00fcr alle Markenziele zu finden, das ganze Jahr \u00fcber, europaweit, unabh\u00e4ngig von Influencer-Typen, Medienkan\u00e4len, Zielgruppen oder Branchen.<\/p>\n<p style=\"text-align: left;\"><a href=\"https:\/\/territory.de\/\" target=\"_blank\" rel=\"noopener noreferrer\" title=\"Entdecke TERRITORY\"><span style=\"color: #ff4e00;\">Entdecke TERRITORY \u2192<\/span><\/a><\/p>\n<p style=\"text-align: left;\">\n<p>[\/et_pb_text][\/et_pb_column][\/et_pb_row][\/et_pb_section][et_pb_section fb_built=&#8220;1&#8243; admin_label=&#8220;About Section&#8220; _builder_version=&#8220;4.16&#8243; background_image=&#8220;https:\/\/www.territory-influence.com\/wp-content\/uploads\/2020\/11\/image-3-1.jpg&#8220; min_height=&#8220;601px&#8220; height=&#8220;600px&#8220; max_height=&#8220;600px&#8220; custom_margin=&#8220;52px||-2px|||&#8220; custom_padding=&#8220;0px|0px|0px|0px||&#8220; global_colors_info=&#8220;{}&#8220;][et_pb_row column_structure=&#8220;1_4,1_2,1_4&#8243; use_custom_gutter=&#8220;on&#8220; gutter_width=&#8220;2&#8243; admin_label=&#8220;Texts &#038; Numbers Row&#8220; _builder_version=&#8220;4.16&#8243; custom_padding=&#8220;0px|0px|27px|0px&#8220; global_colors_info=&#8220;{}&#8220;][et_pb_column type=&#8220;1_4&#8243; _builder_version=&#8220;4.16&#8243; custom_padding=&#8220;|||&#8220; global_colors_info=&#8220;{}&#8220; custom_padding__hover=&#8220;|||&#8220;][\/et_pb_column][et_pb_column type=&#8220;1_2&#8243; _builder_version=&#8220;4.16&#8243; custom_padding=&#8220;|||&#8220; global_colors_info=&#8220;{}&#8220; custom_padding__hover=&#8220;|||&#8220;][et_pb_cta admin_label=&#8220;Title &#038; Paragraph&#8220; module_class=&#8220;tt-white&#8220; _builder_version=&#8220;4.16&#8243; header_font=&#8220;Roboto|900|||||||&#8220; header_text_align=&#8220;left&#8220; header_font_size=&#8220;40px&#8220; header_line_height=&#8220;1.4em&#8220; body_font=&#8220;Roboto|300|||||||&#8220; body_text_color=&#8220;rgba(255,255,255,0.55)&#8220; body_font_size=&#8220;16px&#8220; background_color=&#8220;#252422&#8243; text_orientation=&#8220;left&#8220; min_height=&#8220;633px&#8220; custom_margin=&#8220;-53px||-38px|||&#8220; custom_padding=&#8220;149px|60px|140px|60px||&#8220; custom_padding_tablet=&#8220;60px|||&#8220; custom_padding_phone=&#8220;&#8220; custom_padding_last_edited=&#8220;on|tablet&#8220; header_font_size_tablet=&#8220;&#8220; header_font_size_phone=&#8220;40px&#8220; header_font_size_last_edited=&#8220;on|phone&#8220; global_colors_info=&#8220;{}&#8220; button_text_size__hover_enabled=&#8220;off&#8220; button_one_text_size__hover_enabled=&#8220;off&#8220; button_two_text_size__hover_enabled=&#8220;off&#8220; button_text_color__hover_enabled=&#8220;off&#8220; button_one_text_color__hover_enabled=&#8220;off&#8220; button_two_text_color__hover_enabled=&#8220;off&#8220; button_border_width__hover_enabled=&#8220;off&#8220; button_one_border_width__hover_enabled=&#8220;off&#8220; button_two_border_width__hover_enabled=&#8220;off&#8220; button_border_color__hover_enabled=&#8220;off&#8220; button_one_border_color__hover_enabled=&#8220;off&#8220; button_two_border_color__hover_enabled=&#8220;off&#8220; button_border_radius__hover_enabled=&#8220;off&#8220; button_one_border_radius__hover_enabled=&#8220;off&#8220; button_two_border_radius__hover_enabled=&#8220;off&#8220; button_letter_spacing__hover_enabled=&#8220;off&#8220; button_one_letter_spacing__hover_enabled=&#8220;off&#8220; button_two_letter_spacing__hover_enabled=&#8220;off&#8220; button_bg_color__hover_enabled=&#8220;off&#8220; button_one_bg_color__hover_enabled=&#8220;off&#8220; button_two_bg_color__hover_enabled=&#8220;off&#8220;]<\/p>\n<h2>WIR SIND STOLZ<\/h2>\n<p>auf unsere vielf\u00e4ltige Expertise, die gro\u00dfen und kleinen Marken hilft, ihre Ziele zu erreichen, indem wir Verbraucher:innen in den Mittelpunkt der Marketingpl\u00e4ne stellen. Von der Beratung bis hin zur erfolgreichen Umsetzung legen wir Wert auf Qualit\u00e4t, Transparenz und messbare Ergebnisse.<\/p>\n<p><em>&#8222;Wir entwickeln und realisieren passgenaue L\u00f6sungen, die das gesamte Influencer-Spektrum umfassen. Unsere spezialisierten Teams freuen sich auf jede Herausforderung und l\u00f6sen diese auf Basis ihrer breiten Erfahrung und unserer eigenen skalierbaren Technologien. Schnell, effizient und zielgerichtet.&#8220; <\/em><strong>Stefan Schumacher, Gesch\u00e4ftsf\u00fchrer<\/strong><\/p>\n<p>&nbsp;<\/p>\n<p>[\/et_pb_cta][\/et_pb_column][et_pb_column type=&#8220;1_4&#8243; _builder_version=&#8220;4.16&#8243; custom_padding=&#8220;|||&#8220; global_colors_info=&#8220;{}&#8220; custom_padding__hover=&#8220;|||&#8220;][et_pb_number_counter title=&#8220;Von Nano-, Micro-, Macro- bis zu Star-Influencer:innen&#8220; number=&#8220;5 Mio.&#8220; percent_sign=&#8220;off&#8220; _builder_version=&#8220;4.21.0&#8243; title_level=&#8220;h2&#8243; title_font=&#8220;Roboto|600|||||||&#8220; title_text_color=&#8220;#ffffff&#8220; title_font_size=&#8220;15px&#8220; title_line_height=&#8220;1.5em&#8220; number_font=&#8220;Roboto|900|||||||&#8220; number_text_color=&#8220;#ffffff&#8220; number_font_size=&#8220;50px&#8220; number_line_height=&#8220;1.4em&#8220; background_color=&#8220;#FF4E00&#8243; text_orientation=&#8220;left&#8220; background_layout=&#8220;dark&#8220; custom_margin=&#8220;||20px||false|false&#8220; custom_padding=&#8220;20px|30px|20px|30px|false|false&#8220; hover_enabled=&#8220;0&#8243; global_colors_info=&#8220;{}&#8220; sticky_enabled=&#8220;0&#8243;][\/et_pb_number_counter][et_pb_number_counter title=&#8220;Profile \u00fcber unsere Databank Partner&#8220; number=&#8220;40 Mio.&#8220; percent_sign=&#8220;off&#8220; _builder_version=&#8220;4.16&#8243; title_level=&#8220;h2&#8243; title_font=&#8220;Roboto|600|||||||&#8220; title_text_color=&#8220;#252422&#8243; title_font_size=&#8220;15px&#8220; title_line_height=&#8220;1.5em&#8220; number_font=&#8220;Roboto|900|||||||&#8220; number_text_color=&#8220;#252422&#8243; number_font_size=&#8220;50px&#8220; number_line_height=&#8220;1.4em&#8220; background_color=&#8220;#c4c4c4&#8243; text_orientation=&#8220;left&#8220; custom_margin=&#8220;||20px||false|false&#8220; custom_padding=&#8220;20px|30px|20px|30px|false|false&#8220; global_colors_info=&#8220;{}&#8220;][\/et_pb_number_counter][et_pb_number_counter title=&#8220;Offline &#038; Online Influencer-Kampagnen&#8220; number=&#8220;3,000+&#8220; percent_sign=&#8220;off&#8220; _builder_version=&#8220;4.21.0&#8243; title_level=&#8220;h2&#8243; title_font=&#8220;Roboto|600|||||||&#8220; title_text_color=&#8220;#ffffff&#8220; title_font_size=&#8220;15px&#8220; title_line_height=&#8220;1.5em&#8220; number_font=&#8220;Roboto|900|||||||&#8220; number_text_color=&#8220;#ffffff&#8220; number_font_size=&#8220;50px&#8220; number_line_height=&#8220;1.4em&#8220; background_color=&#8220;#252422&#8243; text_orientation=&#8220;left&#8220; background_layout=&#8220;dark&#8220; custom_margin=&#8220;0px||||false|false&#8220; custom_padding=&#8220;20px|30px|20px|30px|false|false&#8220; hover_enabled=&#8220;0&#8243; global_colors_info=&#8220;{}&#8220; sticky_enabled=&#8220;0&#8243;][\/et_pb_number_counter][\/et_pb_column][\/et_pb_row][\/et_pb_section][et_pb_section fb_built=&#8220;1&#8243; _builder_version=&#8220;4.16&#8243; _module_preset=&#8220;default&#8220; global_colors_info=&#8220;{}&#8220;][et_pb_row column_structure=&#8220;1_2,1_2&#8243; _builder_version=&#8220;4.16&#8243; _module_preset=&#8220;default&#8220; custom_margin=&#8220;80px|auto||auto||&#8220; global_colors_info=&#8220;{}&#8220;][et_pb_column type=&#8220;1_2&#8243; _builder_version=&#8220;4.16&#8243; _module_preset=&#8220;default&#8220; global_colors_info=&#8220;{}&#8220;][et_pb_testimonial author=&#8220;Sandra Kaltenbach&#8220; job_title=&#8220;Group Brand Manager, Eau Thermale Av\u00e8ne&#8220; company_name=&#8220;Pierre Fabre, Dermo-Kosmetik&#8220; portrait_url=&#8220;https:\/\/www.territory-influence.com\/wp-content\/uploads\/2020\/11\/Sandra-Kaltenbach.png&#8220; use_icon_font_size=&#8220;on&#8220; icon_font_size=&#8220;0px&#8220; _builder_version=&#8220;4.16&#8243; _module_preset=&#8220;default&#8220; body_font=&#8220;Roboto||||||||&#8220; author_font=&#8220;Roboto|700|||||||&#8220; position_font=&#8220;Roboto||||||||&#8220; company_font=&#8220;Roboto||||||||&#8220; global_colors_info=&#8220;{}&#8220;]<\/p>\n<p><em>Nano &amp; Micro Influencer Marketing war genau die richtige Entscheidung, um zus\u00e4tzliche Aufmerksamkeit f\u00fcr unsere Marke und Produkte zu generieren. Wir konnten die hochwertigen Fotos und Zitate der Influencer f\u00fcr unsere POS-Kommunikation nutzen.<\/em><\/p>\n<p>[\/et_pb_testimonial][\/et_pb_column][et_pb_column type=&#8220;1_2&#8243; _builder_version=&#8220;4.16&#8243; _module_preset=&#8220;default&#8220; global_colors_info=&#8220;{}&#8220;][et_pb_testimonial author=&#8220;Natascha Schwemmer&#8220; job_title=&#8220;PR &#038; Communications&#8220; company_name=&#8220;L&#8217;OREAL&#8220; portrait_url=&#8220;https:\/\/www.territory-influence.com\/wp-content\/uploads\/2020\/11\/Natascha-Schwemmer.png&#8220; use_icon_font_size=&#8220;on&#8220; icon_font_size=&#8220;0px&#8220; _builder_version=&#8220;4.16&#8243; _module_preset=&#8220;default&#8220; body_font=&#8220;Roboto||||||||&#8220; author_font=&#8220;Roboto|700|||||||&#8220; position_font=&#8220;Roboto||||||||&#8220; company_font=&#8220;Roboto||||||||&#8220; global_colors_info=&#8220;{}&#8220;]<\/p>\n<p><em>Mit dem TERRITORY INFLUENCE Angebot k\u00f6nnen wir authentisches Star-Influencer Marketing betreiben und gro\u00dfe Reichweiten erzielen. Individuelle Beratung und effizientes Kampagnenmanagement sorgen f\u00fcr minimalen Aufwand auf unserer Seite.<\/em><\/p>\n<p>[\/et_pb_testimonial][\/et_pb_column][\/et_pb_row][et_pb_row column_structure=&#8220;1_2,1_2&#8243; _builder_version=&#8220;4.16&#8243; _module_preset=&#8220;default&#8220; global_colors_info=&#8220;{}&#8220;][et_pb_column type=&#8220;1_2&#8243; _builder_version=&#8220;4.16&#8243; _module_preset=&#8220;default&#8220; global_colors_info=&#8220;{}&#8220;][et_pb_testimonial author=&#8220;Jennifer Hilker&#8220; job_title=&#8220;Fashion &#038; Brand PR Manager&#8220; company_name=&#8220;C&#038;A&#8220; portrait_url=&#8220;https:\/\/www.territory-influence.com\/wp-content\/uploads\/2020\/11\/Jennifer-Hilker-1.png&#8220; use_icon_font_size=&#8220;on&#8220; icon_font_size=&#8220;0px&#8220; _builder_version=&#8220;4.16&#8243; _module_preset=&#8220;default&#8220; body_font=&#8220;Roboto||||||||&#8220; author_font=&#8220;Roboto|700|||||||&#8220; position_font=&#8220;Roboto||||||||&#8220; company_font=&#8220;Roboto||||||||&#8220; global_colors_info=&#8220;{}&#8220;]<\/p>\n<p><em>Gemeinsam mit TERRITORY INFLUENCE kreierten wir f\u00fcr C&amp;A eine perfekt abgestimmte Story, die crossmedial \u00fcber Fashion Macro Influencer auf Blogs und in Videos erz\u00e4hlt wurde. Eine der besten Video-Kooperationen bisher!<\/em><\/p>\n<p>[\/et_pb_testimonial][\/et_pb_column][et_pb_column type=&#8220;1_2&#8243; _builder_version=&#8220;4.16&#8243; _module_preset=&#8220;default&#8220; global_colors_info=&#8220;{}&#8220;][et_pb_testimonial author=&#8220;Nicole B\u00f6hmke&#8220; job_title=&#8220;Senior Brand Manager, Ganze Bohne&#8220; company_name=&#8220;Melitta&#8220; portrait_url=&#8220;https:\/\/www.territory-influence.com\/wp-content\/uploads\/2020\/11\/Nicole-Boehmke.png&#8220; use_icon_font_size=&#8220;on&#8220; icon_font_size=&#8220;0px&#8220; _builder_version=&#8220;4.16&#8243; _module_preset=&#8220;default&#8220; body_font=&#8220;Roboto||||||||&#8220; author_font=&#8220;Roboto|700|||||||&#8220; position_font=&#8220;Roboto||||||||&#8220; company_font=&#8220;Roboto||||||||&#8220; custom_margin=&#8220;-20px|||||&#8220; global_colors_info=&#8220;{}&#8220;]<\/p>\n<p><em>Besonders beeindruckt hat uns das Zusammenspiel von Nano &amp; Macro Influencern. [&#8230;.] Aus unserer Sicht ein echter Best Case, bei dem uns nicht nur die inhaltlichen Aspekte, sondern auch die professionelle Umsetzung und Betreuung \u00fcberzeugt haben.<\/em><\/p>\n<p>[\/et_pb_testimonial][\/et_pb_column][\/et_pb_row][\/et_pb_section]<\/p>\n","protected":false},"excerpt":{"rendered":"<p>EIN TEAM AUS LEIDENSCHAFTLICHENINFLUENCER EXPERTEN TERRITORY Influence ist aus dem Zusammenschluss von TRND entstanden. Seit 2005 arbeiten wir mit Influencer:innen zusammen und sind Teil von BERTELSMANN. Wir sind 150 Mitarbeiter:innen in Europa und dar\u00fcber hinaus t\u00e4tig.WIR AGIEREN WIE EIN START-UPINNERHALB EINES GROSSEN KONZERNS Wir sind Teil von TERRITORY, einer Agentur mit vielen Kompetenzen. Unsere ist [&hellip;]<\/p>\n","protected":false},"author":19,"featured_media":4250,"parent":0,"menu_order":0,"comment_status":"closed","ping_status":"closed","template":"","meta":{"_et_pb_use_builder":"on","_et_pb_old_content":"","_et_gb_content_width":"","footnotes":""},"class_list":["post-4821","page","type-page","status-publish","has-post-thumbnail","hentry"],"aioseo_notices":[],"_links":{"self":[{"href":"https:\/\/www.territory-influence.com\/de\/wp-json\/wp\/v2\/pages\/4821","targetHints":{"allow":["GET"]}}],"collection":[{"href":"https:\/\/www.territory-influence.com\/de\/wp-json\/wp\/v2\/pages"}],"about":[{"href":"https:\/\/www.territory-influence.com\/de\/wp-json\/wp\/v2\/types\/page"}],"author":[{"embeddable":true,"href":"https:\/\/www.territory-influence.com\/de\/wp-json\/wp\/v2\/users\/19"}],"replies":[{"embeddable":true,"href":"https:\/\/www.territory-influence.com\/de\/wp-json\/wp\/v2\/comments?post=4821"}],"version-history":[{"count":2,"href":"https:\/\/www.territory-influence.com\/de\/wp-json\/wp\/v2\/pages\/4821\/revisions"}],"predecessor-version":[{"id":35321,"href":"https:\/\/www.territory-influence.com\/de\/wp-json\/wp\/v2\/pages\/4821\/revisions\/35321"}],"wp:featuredmedia":[{"embeddable":true,"href":"https:\/\/www.territory-influence.com\/de\/wp-json\/wp\/v2\/media\/4250"}],"wp:attachment":[{"href":"https:\/\/www.territory-influence.com\/de\/wp-json\/wp\/v2\/media?parent=4821"}],"curies":[{"name":"wp","href":"https:\/\/api.w.org\/{rel}","templated":true}]}}