{"id":4829,"date":"2021-02-05T13:12:01","date_gmt":"2021-02-05T13:12:01","guid":{"rendered":"https:\/\/www.territory-influence.com\/team-standorte\/"},"modified":"2026-03-19T08:37:15","modified_gmt":"2026-03-19T08:37:15","slug":"team-standorte","status":"publish","type":"page","link":"https:\/\/www.territory-influence.com\/de\/team-standorte\/","title":{"rendered":"Team &amp; Standorte"},"content":{"rendered":"<p>[et_pb_section fb_built=&#8220;1&#8243; _builder_version=&#8220;4.16&#8243; _module_preset=&#8220;default&#8220; custom_padding=&#8220;||80px|||&#8220; global_colors_info=&#8220;{}&#8220;][et_pb_row column_structure=&#8220;1_2,1_2&#8243; use_custom_gutter=&#8220;on&#8220; admin_label=&#8220;CTA Row&#8220; _builder_version=&#8220;4.16&#8243; custom_margin=&#8220;|||&#8220; custom_padding=&#8220;|||&#8220; global_colors_info=&#8220;{}&#8220;][et_pb_column type=&#8220;1_2&#8243; _builder_version=&#8220;4.16&#8243; custom_padding=&#8220;|||&#8220; global_colors_info=&#8220;{}&#8220; custom_padding__hover=&#8220;|||&#8220;][et_pb_image src=&#8220;https:\/\/www.territory-influence.com\/wp-content\/uploads\/2020\/12\/Copie-de-Digital-Influencer-Marketing.jpg&#8220; alt=&#8220;TERRITORY Influence Teams&#8220; title_text=&#8220;TERRITORY Influence Teams&#8220; align_tablet=&#8220;center&#8220; align_phone=&#8220;&#8220; align_last_edited=&#8220;on|desktop&#8220; _builder_version=&#8220;4.16&#8243; width=&#8220;100%&#8220; custom_margin=&#8220;|59px||||&#8220; custom_padding=&#8220;|0px||||&#8220; global_colors_info=&#8220;{}&#8220;][\/et_pb_image][\/et_pb_column][et_pb_column type=&#8220;1_2&#8243; _builder_version=&#8220;4.16&#8243; custom_padding=&#8220;|||&#8220; global_colors_info=&#8220;{}&#8220; custom_padding__hover=&#8220;|||&#8220;][et_pb_text admin_label=&#8220;Title&#8220; module_class=&#8220;tt-black mobile-headline&#8220; _builder_version=&#8220;4.16&#8243; text_font=&#8220;Roboto|600|||||||&#8220; text_font_size=&#8220;18px&#8220; text_line_height=&#8220;1.8em&#8220; header_font=&#8220;Roboto|900|||||||&#8220; header_font_size=&#8220;56px&#8220; header_2_font=&#8220;Roboto|900|||||||&#8220; header_2_font_size=&#8220;55px&#8220; header_2_line_height=&#8220;1.4em&#8220; max_width_last_edited=&#8220;off|desktop&#8220; custom_margin=&#8220;200px|||-100px&#8220; custom_margin_tablet=&#8220;0px|||0px&#8220; custom_margin_phone=&#8220;&#8220; custom_margin_last_edited=&#8220;on|desktop&#8220; custom_padding=&#8220;|||&#8220; custom_padding_last_edited=&#8220;off|desktop&#8220; header_2_font_size_tablet=&#8220;50px&#8220; header_2_font_size_phone=&#8220;50px&#8220; header_2_font_size_last_edited=&#8220;on|tablet&#8220; global_colors_info=&#8220;{}&#8220;]<\/p>\n<h1><tt-underline><\/tt-underline>TRIFF UNSER<br \/>INTERNATIONALES TEAM<\/h1>\n<p>[\/et_pb_text][et_pb_text admin_label=&#8220;Paragraph&#8220; _builder_version=&#8220;4.16&#8243; text_font=&#8220;Roboto|500|||||||&#8220; text_font_size=&#8220;16px&#8220; header_font=&#8220;||||||||&#8220; header_2_font=&#8220;Muli|700|||||||&#8220; header_2_font_size=&#8220;50px&#8220; header_2_line_height=&#8220;1.4em&#8220; max_width_last_edited=&#8220;off|desktop&#8220; module_alignment=&#8220;right&#8220; custom_margin=&#8220;|||&#8220; custom_padding=&#8220;|||&#8220; custom_padding_tablet=&#8220;30px|0px|30px|0px&#8220; custom_padding_phone=&#8220;&#8220; custom_padding_last_edited=&#8220;on|tablet&#8220; global_colors_info=&#8220;{}&#8220;]<\/p>\n<p>Von unseren B\u00fcros aus setzen wir Influencer Marketing Aktivit\u00e4ten \u00fcberall auf der Welt um: Europa nat\u00fcrlich, aber auch Nord- &amp; S\u00fcdamerika, Australien, Neuseeland, S\u00fcdafrika&#8230; Hast Du Interesse an einer internationalen Kampagne? Schicke uns Dein Marketing Briefing, wir finden eine L\u00f6sung f\u00fcr Dein Projekt.<\/p>\n<p>[\/et_pb_text][et_pb_button button_url=&#8220;https:\/\/www.territory-influence.com\/de\/kontakt\/&#8220; url_new_window=&#8220;on&#8220; button_text=&#8220;Briefing senden&#8220; _builder_version=&#8220;4.16.0&#8243; custom_button=&#8220;on&#8220; button_text_size=&#8220;16px&#8220; button_text_color=&#8220;#ffffff&#8220; button_bg_color=&#8220;#FF4E00&#8243; button_border_width=&#8220;10px&#8220; button_border_color=&#8220;#FF4E00&#8243; button_border_radius=&#8220;0px&#8220; button_font=&#8220;Roboto|700|||||||&#8220; button_icon=&#8220;&#x24;||divi||400&#8243; button_icon_color=&#8220;#ffffff&#8220; button_on_hover=&#8220;off&#8220; custom_margin=&#8220;|||&#8220; custom_margin_tablet=&#8220;30px|||0px&#8220; custom_margin_phone=&#8220;&#8220; custom_margin_last_edited=&#8220;on|phone&#8220; custom_padding=&#8220;|||&#8220; button_border_radius_hover=&#8220;0px&#8220; global_colors_info=&#8220;{}&#8220; button_text_size__hover_enabled=&#8220;off&#8220; button_one_text_size__hover_enabled=&#8220;off&#8220; button_two_text_size__hover_enabled=&#8220;off&#8220; button_text_color__hover_enabled=&#8220;off&#8220; button_one_text_color__hover_enabled=&#8220;off&#8220; button_two_text_color__hover_enabled=&#8220;off&#8220; button_border_width__hover_enabled=&#8220;off&#8220; button_one_border_width__hover_enabled=&#8220;off&#8220; button_two_border_width__hover_enabled=&#8220;off&#8220; button_border_color__hover_enabled=&#8220;off&#8220; button_one_border_color__hover_enabled=&#8220;off&#8220; button_two_border_color__hover_enabled=&#8220;off&#8220; button_border_radius__hover_enabled=&#8220;on&#8220; button_border_radius__hover=&#8220;0px&#8220; button_one_border_radius__hover_enabled=&#8220;off&#8220; button_two_border_radius__hover_enabled=&#8220;off&#8220; button_letter_spacing__hover_enabled=&#8220;off&#8220; button_one_letter_spacing__hover_enabled=&#8220;off&#8220; button_two_letter_spacing__hover_enabled=&#8220;off&#8220; button_bg_color__hover_enabled=&#8220;off&#8220; button_one_bg_color__hover_enabled=&#8220;off&#8220; button_two_bg_color__hover_enabled=&#8220;off&#8220;][\/et_pb_button][\/et_pb_column][\/et_pb_row][\/et_pb_section][et_pb_section fb_built=&#8220;1&#8243; admin_label=&#8220;Intro Section&#8220; module_class=&#8220;map-image&#8220; _builder_version=&#8220;4.16&#8243; background_color=&#8220;#252422&#8243; background_image=&#8220;https:\/\/www.territory-influence.com\/wp-content\/uploads\/2020\/11\/Map-2.png&#8220; min_height=&#8220;664px&#8220; custom_padding=&#8220;100px|0px|270px|0px||&#8220; global_colors_info=&#8220;{}&#8220;][et_pb_row _builder_version=&#8220;4.16&#8243; _module_preset=&#8220;default&#8220; width=&#8220;86.6%&#8220; global_colors_info=&#8220;{}&#8220;][et_pb_column type=&#8220;4_4&#8243; _builder_version=&#8220;4.16&#8243; _module_preset=&#8220;default&#8220; global_colors_info=&#8220;{}&#8220;][et_pb_text module_class=&#8220;tt-white&#8220; _builder_version=&#8220;4.16&#8243; _module_preset=&#8220;default&#8220; header_font_size=&#8220;45px&#8220; header_2_font=&#8220;Roboto|900|||||||&#8220; header_2_text_color=&#8220;#ffffff&#8220; header_2_font_size=&#8220;40px&#8220; global_colors_info=&#8220;{}&#8220;]<\/p>\n<h2>UNSERE INTERNATIONALEN<br \/> STANDORTE UND TEAMS<br \/> <tt-underline><\/tt-underline>IN EUROPE<\/h2>\n<p>[\/et_pb_text][\/et_pb_column][\/et_pb_row][\/et_pb_section][et_pb_section fb_built=&#8220;1&#8243; module_class=&#8220;slider-image&#8220; _builder_version=&#8220;4.16&#8243; _module_preset=&#8220;default&#8220; custom_padding=&#8220;||80px|||&#8220; global_colors_info=&#8220;{}&#8220;][et_pb_row column_structure=&#8220;1_3,1_3,1_3&#8243; _builder_version=&#8220;4.16&#8243; _module_preset=&#8220;default&#8220; min_height=&#8220;586px&#8220; custom_padding=&#8220;40px|||||&#8220; global_colors_info=&#8220;{}&#8220;][et_pb_column type=&#8220;1_3&#8243; _builder_version=&#8220;4.16&#8243; _module_preset=&#8220;default&#8220; global_colors_info=&#8220;{}&#8220;][et_pb_text module_class=&#8220;tt-black&#8220; _builder_version=&#8220;4.16&#8243; _module_preset=&#8220;default&#8220; header_2_font=&#8220;Roboto|900|||||||&#8220; header_2_font_size=&#8220;30px&#8220; min_height=&#8220;78px&#8220; custom_margin=&#8220;||-20px||false|false&#8220; custom_padding=&#8220;||0px|||&#8220; global_colors_info=&#8220;{}&#8220;]<\/p>\n<h2>MANAGEMENT<br \/> <tt-underline><\/tt-underline>TEAM<\/h2>\n<p>&nbsp;<\/p>\n<p>[\/et_pb_text][et_pb_slider _builder_version=&#8220;4.27.4&#8243; _module_preset=&#8220;default&#8220; header_font=&#8220;Roboto|900|||||||&#8220; header_text_align=&#8220;center&#8220; header_text_color=&#8220;#ffffff&#8220; header_font_size=&#8220;30px&#8220; body_font=&#8220;Roboto|700|||||||&#8220; body_text_align=&#8220;center&#8220; body_text_color=&#8220;#ffffff&#8220; content_width=&#8220;80%&#8220; height=&#8220;450px&#8220; custom_padding=&#8220;220px|50px|||false|false&#8220; hover_enabled=&#8220;0&#8243; header_text_shadow_style=&#8220;preset3&#8243; body_text_shadow_style=&#8220;preset3&#8243; text_shadow_style=&#8220;preset3&#8243; global_colors_info=&#8220;{}&#8220; sticky_enabled=&#8220;0&#8243;][et_pb_slide heading=&#8220;Stefan Schumacher&#8220; use_bg_overlay=&#8220;off&#8220; use_text_overlay=&#8220;off&#8220; _builder_version=&#8220;4.16&#8243; _module_preset=&#8220;default&#8220; header_font=&#8220;Roboto||||||||&#8220; header_text_align=&#8220;center&#8220; header_text_color=&#8220;#ffffff&#8220; header_font_size=&#8220;38px&#8220; body_font=&#8220;Roboto||||||||&#8220; body_text_color=&#8220;#ffffff&#8220; background_enable_color=&#8220;off&#8220; background_image=&#8220;https:\/\/www.territory-influence.com\/wp-content\/uploads\/2020\/12\/Team-pics-10.jpg&#8220; background_enable_image=&#8220;on&#8220; width=&#8220;300px&#8220; header_text_shadow_style=&#8220;preset3&#8243; body_text_shadow_style=&#8220;preset3&#8243; global_colors_info=&#8220;{}&#8220; sticky_transition=&#8220;on&#8220;]<\/p>\n<p>Managing Director<\/p>\n<p>[\/et_pb_slide][et_pb_slide heading=&#8220;Zoltan Palotai&#8220; use_bg_overlay=&#8220;off&#8220; use_text_overlay=&#8220;off&#8220; _builder_version=&#8220;4.16&#8243; _module_preset=&#8220;default&#8220; header_font=&#8220;Roboto||||||||&#8220; header_text_color=&#8220;#ffffff&#8220; header_font_size=&#8220;38px&#8220; body_font=&#8220;Roboto||||||||&#8220; body_text_color=&#8220;#ffffff&#8220; background_enable_color=&#8220;off&#8220; background_image=&#8220;https:\/\/www.territory-influence.com\/wp-content\/uploads\/2020\/11\/Team-pics-5.jpg&#8220; background_enable_image=&#8220;on&#8220; width=&#8220;300px&#8220; header_text_shadow_style=&#8220;preset3&#8243; body_text_shadow_style=&#8220;preset3&#8243; global_colors_info=&#8220;{}&#8220; sticky_transition=&#8220;on&#8220;]<\/p>\n<div>Executive Director Client Service<\/div>\n<p>[\/et_pb_slide][et_pb_slide heading=&#8220;Karsten Hoffman&#8220; use_bg_overlay=&#8220;off&#8220; use_text_overlay=&#8220;off&#8220; _builder_version=&#8220;4.16&#8243; _module_preset=&#8220;default&#8220; header_level=&#8220;h2&#8243; header_font=&#8220;Roboto||||||||&#8220; header_text_color=&#8220;#ffffff&#8220; header_font_size=&#8220;38px&#8220; body_font=&#8220;Roboto||||||||&#8220; body_text_color=&#8220;#ffffff&#8220; background_enable_color=&#8220;off&#8220; background_image=&#8220;https:\/\/www.territory-influence.com\/wp-content\/uploads\/2020\/11\/Team-pics-3.jpg&#8220; background_enable_image=&#8220;on&#8220; width=&#8220;300px&#8220; header_text_shadow_style=&#8220;preset3&#8243; body_text_shadow_style=&#8220;preset3&#8243; global_colors_info=&#8220;{}&#8220; sticky_transition=&#8220;on&#8220;]<\/p>\n<div>Executive Director Product &amp; Technology<\/div>\n<p>[\/et_pb_slide][\/et_pb_slider][\/et_pb_column][et_pb_column type=&#8220;1_3&#8243; _builder_version=&#8220;4.16&#8243; _module_preset=&#8220;default&#8220; global_colors_info=&#8220;{}&#8220;][et_pb_text module_class=&#8220;tt-black&#8220; _builder_version=&#8220;4.16&#8243; _module_preset=&#8220;default&#8220; header_2_font=&#8220;Roboto|900|||||||&#8220; header_2_font_size=&#8220;30px&#8220; custom_margin=&#8220;||-20px||false|false&#8220; global_colors_info=&#8220;{}&#8220;]<\/p>\n<h2>INTERNATIONALE<br \/> <tt-underline><\/tt-underline>KONTAKTE<\/h2>\n<p>&nbsp;<\/p>\n<p>[\/et_pb_text][et_pb_slider _builder_version=&#8220;4.16.0&#8243; _module_preset=&#8220;default&#8220; header_font=&#8220;Roboto|900|||||||&#8220; header_text_align=&#8220;center&#8220; header_text_color=&#8220;#ffffff&#8220; header_font_size=&#8220;45px&#8220; body_font=&#8220;Roboto|700|||||||&#8220; body_text_align=&#8220;center&#8220; body_text_color=&#8220;#ffffff&#8220; background_enable_image=&#8220;off&#8220; content_width=&#8220;80%&#8220; height=&#8220;450px&#8220; custom_padding=&#8220;220px|50px|||false|false&#8220; header_text_shadow_style=&#8220;preset3&#8243; body_text_shadow_style=&#8220;preset3&#8243; text_shadow_style=&#8220;preset3&#8243; global_colors_info=&#8220;{}&#8220;][et_pb_slide heading=&#8220;Pascale Vigener&#8220; use_bg_overlay=&#8220;off&#8220; use_text_overlay=&#8220;off&#8220; _builder_version=&#8220;4.16.0&#8243; _module_preset=&#8220;default&#8220; header_font=&#8220;Roboto||||||||&#8220; header_text_color=&#8220;#ffffff&#8220; header_font_size=&#8220;35px&#8220; body_font=&#8220;Roboto||||||||&#8220; body_text_color=&#8220;#ffffff&#8220; background_enable_color=&#8220;off&#8220; background_image=&#8220;https:\/\/www.territory-influence.com\/wp-content\/uploads\/2023\/01\/Pascale-Vigener-International-Marketing-Director.png&#8220; background_enable_image=&#8220;on&#8220; width=&#8220;300px&#8220; header_text_shadow_style=&#8220;preset3&#8243; body_text_shadow_style=&#8220;preset3&#8243; global_colors_info=&#8220;{}&#8220; sticky_transition=&#8220;on&#8220;]<\/p>\n<p>Head of International Marketing<\/p>\n<p>[\/et_pb_slide][et_pb_slide heading=&#8220;Marion Binder&#8220; use_bg_overlay=&#8220;off&#8220; use_text_overlay=&#8220;off&#8220; _builder_version=&#8220;4.16.0&#8243; _module_preset=&#8220;default&#8220; header_font=&#8220;Roboto||||||||&#8220; header_text_color=&#8220;#ffffff&#8220; body_font=&#8220;Roboto||||||||&#8220; body_text_color=&#8220;#ffffff&#8220; background_enable_color=&#8220;off&#8220; background_image=&#8220;https:\/\/www.territory-influence.com\/wp-content\/uploads\/2020\/12\/International-team-pics-6.jpg&#8220; background_enable_image=&#8220;on&#8220; width=&#8220;300px&#8220; header_text_shadow_style=&#8220;preset3&#8243; body_text_shadow_style=&#8220;preset3&#8243; global_colors_info=&#8220;{}&#8220; sticky_transition=&#8220;on&#8220;]<\/p>\n<p>International Key Account Director<\/p>\n<p>[\/et_pb_slide][et_pb_slide heading=&#8220;Dustin Bartels&#8220; use_bg_overlay=&#8220;off&#8220; use_text_overlay=&#8220;off&#8220; _builder_version=&#8220;4.16&#8243; _module_preset=&#8220;default&#8220; header_font=&#8220;Roboto||||||||&#8220; header_text_color=&#8220;#ffffff&#8220; body_font=&#8220;Roboto||||||||&#8220; body_text_color=&#8220;#ffffff&#8220; background_enable_color=&#8220;off&#8220; background_image=&#8220;https:\/\/www.territory-influence.com\/wp-content\/uploads\/2020\/12\/International-team-pics-5.jpg&#8220; background_enable_image=&#8220;on&#8220; width=&#8220;300px&#8220; header_text_shadow_style=&#8220;preset3&#8243; body_text_shadow_style=&#8220;preset3&#8243; global_colors_info=&#8220;{}&#8220; sticky_transition=&#8220;on&#8220;]<\/p>\n<p>International Product Director<\/p>\n<p>[\/et_pb_slide][\/et_pb_slider][\/et_pb_column][et_pb_column type=&#8220;1_3&#8243; _builder_version=&#8220;4.16&#8243; _module_preset=&#8220;default&#8220; global_colors_info=&#8220;{}&#8220;][et_pb_text module_class=&#8220;tt-black&#8220; _builder_version=&#8220;4.16&#8243; _module_preset=&#8220;default&#8220; header_2_font=&#8220;Roboto|900|||||||&#8220; header_2_font_size=&#8220;30px&#8220; custom_margin=&#8220;||-20px||false|false&#8220; global_colors_info=&#8220;{}&#8220;]<\/p>\n<h2>MIDDLE EUROPE<br \/> <tt-underline><\/tt-underline>KONTAKTE<\/h2>\n<p>&nbsp;<\/p>\n<p>[\/et_pb_text][et_pb_slider _builder_version=&#8220;4.16&#8243; _module_preset=&#8220;default&#8220; header_font=&#8220;Roboto|900|||||||&#8220; header_text_align=&#8220;center&#8220; header_text_color=&#8220;#ffffff&#8220; header_font_size=&#8220;45px&#8220; body_font=&#8220;Roboto|700|||||||&#8220; body_text_align=&#8220;center&#8220; body_text_color=&#8220;#ffffff&#8220; background_enable_image=&#8220;off&#8220; content_width=&#8220;80%&#8220; height=&#8220;450px&#8220; custom_padding=&#8220;220px|50px|||false|false&#8220; header_text_shadow_style=&#8220;preset3&#8243; body_text_shadow_style=&#8220;preset3&#8243; text_shadow_style=&#8220;preset3&#8243; global_colors_info=&#8220;{}&#8220;][et_pb_slide heading=&#8220;Dennis Okon&#8220; use_bg_overlay=&#8220;off&#8220; use_text_overlay=&#8220;off&#8220; _builder_version=&#8220;4.16&#8243; _module_preset=&#8220;default&#8220; header_font=&#8220;Roboto||||||||&#8220; header_text_color=&#8220;#ffffff&#8220; header_font_size=&#8220;40px&#8220; body_font=&#8220;Roboto||||||||&#8220; body_text_color=&#8220;#ffffff&#8220; background_enable_color=&#8220;off&#8220; background_image=&#8220;https:\/\/www.territory-influence.com\/wp-content\/uploads\/2020\/12\/International-team-pics-9.jpg&#8220; background_enable_image=&#8220;on&#8220; width=&#8220;300px&#8220; header_text_shadow_style=&#8220;preset3&#8243; body_text_shadow_style=&#8220;preset3&#8243; global_colors_info=&#8220;{}&#8220; sticky_transition=&#8220;on&#8220;]<\/p>\n<div>Director Business Development<\/div>\n<p>[\/et_pb_slide][et_pb_slide heading=&#8220;Ramona Meier&#8220; use_bg_overlay=&#8220;off&#8220; use_text_overlay=&#8220;off&#8220; _builder_version=&#8220;4.16&#8243; _module_preset=&#8220;default&#8220; header_font=&#8220;Roboto||||||||&#8220; header_text_color=&#8220;#ffffff&#8220; header_font_size=&#8220;40px&#8220; body_font=&#8220;Roboto||||||||&#8220; body_text_color=&#8220;#ffffff&#8220; background_enable_color=&#8220;off&#8220; background_image=&#8220;https:\/\/www.territory-influence.com\/wp-content\/uploads\/2020\/12\/International-team-pics-10.jpg&#8220; background_enable_image=&#8220;on&#8220; width=&#8220;300px&#8220; header_text_shadow_style=&#8220;preset3&#8243; body_text_shadow_style=&#8220;preset3&#8243; global_colors_info=&#8220;{}&#8220; sticky_transition=&#8220;on&#8220;]<\/p>\n<div>Director Client Service<\/div>\n<p>[\/et_pb_slide][\/et_pb_slider][\/et_pb_column][\/et_pb_row][et_pb_row _builder_version=&#8220;4.16&#8243; _module_preset=&#8220;default&#8220; custom_padding=&#8220;50px|||||&#8220; global_colors_info=&#8220;{}&#8220;][et_pb_column type=&#8220;4_4&#8243; _builder_version=&#8220;4.16&#8243; _module_preset=&#8220;default&#8220; global_colors_info=&#8220;{}&#8220;][et_pb_text module_class=&#8220;tt-black&#8220; _builder_version=&#8220;4.16&#8243; _module_preset=&#8220;default&#8220; header_font=&#8220;Roboto|900|||||||&#8220; header_text_align=&#8220;center&#8220; header_font_size=&#8220;40px&#8220; global_colors_info=&#8220;{}&#8220;]<\/p>\n<h1>BIST DU GERADE<br \/> <tt-underline><\/tt-underline>AUF JOBSUCHE?<\/h1>\n<p>[\/et_pb_text][et_pb_button button_url=&#8220;https:\/\/www.territory-influence.com\/de\/jobs\/&#8220; button_text=&#8220;Werde Teil unseres Teams&#8220; button_alignment=&#8220;center&#8220; _builder_version=&#8220;4.16.0&#8243; _module_preset=&#8220;default&#8220; custom_button=&#8220;on&#8220; button_text_size=&#8220;18px&#8220; button_text_color=&#8220;#ffffff&#8220; button_bg_color=&#8220;#FF4E00&#8243; button_border_width=&#8220;10px&#8220; button_border_color=&#8220;#FF4E00&#8243; button_border_radius=&#8220;0px&#8220; button_font=&#8220;Roboto|700|||||||&#8220; button_icon=&#8220;&#x24;||divi||400&#8243; button_icon_color=&#8220;#ffffff&#8220; button_on_hover=&#8220;off&#8220; global_colors_info=&#8220;{}&#8220;][\/et_pb_button][\/et_pb_column][\/et_pb_row][\/et_pb_section]<\/p>\n","protected":false},"excerpt":{"rendered":"<p>TRIFF UNSERINTERNATIONALES TEAMVon unseren B\u00fcros aus setzen wir Influencer Marketing Aktivit\u00e4ten \u00fcberall auf der Welt um: Europa nat\u00fcrlich, aber auch Nord- &amp; S\u00fcdamerika, Australien, Neuseeland, S\u00fcdafrika&#8230; Hast Du Interesse an einer internationalen Kampagne? Schicke uns Dein Marketing Briefing, wir finden eine L\u00f6sung f\u00fcr Dein Projekt.UNSERE INTERNATIONALEN STANDORTE UND TEAMS IN EUROPEMANAGEMENT TEAM &nbsp;Managing DirectorExecutive Director [&hellip;]<\/p>\n","protected":false},"author":19,"featured_media":0,"parent":0,"menu_order":0,"comment_status":"closed","ping_status":"closed","template":"","meta":{"_et_pb_use_builder":"on","_et_pb_old_content":"","_et_gb_content_width":"","footnotes":""},"class_list":["post-4829","page","type-page","status-publish","hentry"],"aioseo_notices":[],"_links":{"self":[{"href":"https:\/\/www.territory-influence.com\/de\/wp-json\/wp\/v2\/pages\/4829","targetHints":{"allow":["GET"]}}],"collection":[{"href":"https:\/\/www.territory-influence.com\/de\/wp-json\/wp\/v2\/pages"}],"about":[{"href":"https:\/\/www.territory-influence.com\/de\/wp-json\/wp\/v2\/types\/page"}],"author":[{"embeddable":true,"href":"https:\/\/www.territory-influence.com\/de\/wp-json\/wp\/v2\/users\/19"}],"replies":[{"embeddable":true,"href":"https:\/\/www.territory-influence.com\/de\/wp-json\/wp\/v2\/comments?post=4829"}],"version-history":[{"count":10,"href":"https:\/\/www.territory-influence.com\/de\/wp-json\/wp\/v2\/pages\/4829\/revisions"}],"predecessor-version":[{"id":43067,"href":"https:\/\/www.territory-influence.com\/de\/wp-json\/wp\/v2\/pages\/4829\/revisions\/43067"}],"wp:attachment":[{"href":"https:\/\/www.territory-influence.com\/de\/wp-json\/wp\/v2\/media?parent=4829"}],"curies":[{"name":"wp","href":"https:\/\/api.w.org\/{rel}","templated":true}]}}