{"id":4867,"date":"2021-02-05T15:19:53","date_gmt":"2021-02-05T15:19:53","guid":{"rendered":"https:\/\/www.territory-influence.com\/presseunterlagen\/"},"modified":"2024-02-14T16:07:28","modified_gmt":"2024-02-14T16:07:28","slug":"presseunterlagen","status":"publish","type":"page","link":"https:\/\/www.territory-influence.com\/de\/presseunterlagen\/","title":{"rendered":"Presseunterlagen"},"content":{"rendered":"<p>[et_pb_section fb_built=&#8220;1&#8243; admin_label=&#8220;Header Section&#8220; _builder_version=&#8220;4.16&#8243; background_enable_color=&#8220;off&#8220; use_background_color_gradient=&#8220;on&#8220; background_color_gradient_stops=&#8220;#252422 0%|rgba(0,0,0,0) 100%&#8220; background_color_gradient_overlays_image=&#8220;on&#8220; background_color_gradient_start=&#8220;#252422&#8243; background_color_gradient_end=&#8220;rgba(0,0,0,0)&#8220; background_image=&#8220;https:\/\/www.territory-influence.com\/wp-content\/uploads\/2020\/12\/Resource-3.jpg&#8220; custom_margin=&#8220;|||&#8220; custom_padding=&#8220;1.8%||1.8%||true|&#8220; global_colors_info=&#8220;{}&#8220;][et_pb_row custom_padding_last_edited=&#8220;on|phone&#8220; admin_label=&#8220;Header Row&#8220; _builder_version=&#8220;4.16&#8243; custom_margin=&#8220;||||false|false&#8220; custom_padding=&#8220;||0px|||&#8220; custom_padding_tablet=&#8220;&#8220; custom_padding_phone=&#8220;3vw|||&#8220; global_colors_info=&#8220;{}&#8220;][et_pb_column type=&#8220;4_4&#8243; _builder_version=&#8220;4.16&#8243; custom_padding=&#8220;|||&#8220; global_colors_info=&#8220;{}&#8220; custom_padding__hover=&#8220;|||&#8220;][et_pb_cta button_url=&#8220;#top&#8220; admin_label=&#8220;Heading, Subheading &#038; Button&#8220; module_class=&#8220;tt-white hero-text&#8220; _builder_version=&#8220;4.16&#8243; header_level=&#8220;h1&#8243; header_font=&#8220;Roboto|900||on|||||&#8220; header_text_align=&#8220;left&#8220; header_text_color=&#8220;#ffffff&#8220; header_font_size=&#8220;45px&#8220; body_font=&#8220;Roboto|500|||||||&#8220; body_text_align=&#8220;left&#8220; body_text_color=&#8220;#ffffff&#8220; body_font_size=&#8220;18px&#8220; use_background_color=&#8220;off&#8220; custom_button=&#8220;on&#8220; button_text_size=&#8220;16px&#8220; button_text_color=&#8220;#ffffff&#8220; button_bg_color=&#8220;#FF4E00&#8243; button_border_width=&#8220;10px&#8220; button_border_color=&#8220;#FF4E00&#8243; button_border_radius=&#8220;0px&#8220; button_font=&#8220;Roboto|700|||||||&#8220; button_icon=&#8220;&#x24;||divi||400&#8243; button_icon_color=&#8220;#ffffff&#8220; button_on_hover=&#8220;off&#8220; text_orientation=&#8220;left&#8220; max_width=&#8220;1000px&#8220; module_alignment=&#8220;center&#8220; custom_margin=&#8220;-2px||||false|false&#8220; custom_margin_tablet=&#8220;3vw||3vw|&#8220; custom_margin_phone=&#8220;|||&#8220; custom_margin_last_edited=&#8220;off|desktop&#8220; custom_padding=&#8220;|360px|||false|false&#8220; animation_style=&#8220;fade&#8220; header_font_size_tablet=&#8220;&#8220; header_font_size_phone=&#8220;50px&#8220; header_font_size_last_edited=&#8220;on|phone&#8220; button_text_color_hover=&#8220;#ffffff&#8220; button_border_color_hover=&#8220;rgba(244,88,63,0)&#8220; button_border_radius_hover=&#8220;0px&#8220; button_bg_color_hover=&#8220;#f4583f&#8220; global_colors_info=&#8220;{}&#8220; button_text_size__hover_enabled=&#8220;off&#8220; button_one_text_size__hover_enabled=&#8220;off&#8220; button_two_text_size__hover_enabled=&#8220;off&#8220; button_text_color__hover_enabled=&#8220;on&#8220; button_text_color__hover=&#8220;#ffffff&#8220; button_one_text_color__hover_enabled=&#8220;off&#8220; button_two_text_color__hover_enabled=&#8220;off&#8220; button_border_width__hover_enabled=&#8220;off&#8220; button_one_border_width__hover_enabled=&#8220;off&#8220; button_two_border_width__hover_enabled=&#8220;off&#8220; button_border_color__hover_enabled=&#8220;on&#8220; button_border_color__hover=&#8220;rgba(244,88,63,0)&#8220; button_one_border_color__hover_enabled=&#8220;off&#8220; button_two_border_color__hover_enabled=&#8220;off&#8220; button_border_radius__hover_enabled=&#8220;on&#8220; button_border_radius__hover=&#8220;0px&#8220; button_one_border_radius__hover_enabled=&#8220;off&#8220; button_two_border_radius__hover_enabled=&#8220;off&#8220; button_letter_spacing__hover_enabled=&#8220;off&#8220; button_one_letter_spacing__hover_enabled=&#8220;off&#8220; button_two_letter_spacing__hover_enabled=&#8220;off&#8220; button_bg_color__hover_enabled=&#8220;on&#8220; button_bg_color__hover=&#8220;#f4583f&#8220; button_one_bg_color__hover_enabled=&#8220;off&#8220; button_two_bg_color__hover_enabled=&#8220;off&#8220;]<\/p>\n<h1><tt-underline><\/tt-underline>PRESSEUNTERLAGEN<\/h1>\n<p><span>F\u00fcr Journalisten oder alle, die \u00fcber unsere Agentur berichten m\u00f6chten, findest du hier die TERRITORY Influence Logos, Key Visuals und offizielle Pressemitteilungen. Falls es noch weitere Fragen gibt, stehen wir gerne f\u00fcr ein Interview mit einem unserer Experten bereit. Unser Kontaktdetails findest du am Ende der Seite<\/span><\/p>\n<p>[\/et_pb_cta][\/et_pb_column][\/et_pb_row][\/et_pb_section][et_pb_section fb_built=&#8220;1&#8243; admin_label=&#8220;Intro Section&#8220; _builder_version=&#8220;4.16&#8243; custom_padding=&#8220;100px|0px|80px|0px||&#8220; global_colors_info=&#8220;{}&#8220;][et_pb_row admin_label=&#8220;Intro Row&#8220; _builder_version=&#8220;4.16&#8243; custom_padding=&#8220;0px|||||&#8220; global_colors_info=&#8220;{}&#8220;][et_pb_column type=&#8220;4_4&#8243; _builder_version=&#8220;4.16&#8243; custom_padding=&#8220;|||&#8220; global_colors_info=&#8220;{}&#8220; custom_padding__hover=&#8220;|||&#8220;][et_pb_text module_class=&#8220;tt-black&#8220; _builder_version=&#8220;4.16&#8243; _module_preset=&#8220;default&#8220; header_font=&#8220;Roboto|900|||||||&#8220; header_font_size=&#8220;35px&#8220; header_2_font=&#8220;Roboto|900|||||||&#8220; header_2_font_size=&#8220;35px&#8220; global_colors_info=&#8220;{}&#8220;]<\/p>\n<h2><tt-underline><\/tt-underline>TERRITORY LOGO<\/h2>\n<p>[\/et_pb_text][\/et_pb_column][\/et_pb_row][et_pb_row column_structure=&#8220;1_5,1_5,3_5&#8243; _builder_version=&#8220;4.16&#8243; _module_preset=&#8220;default&#8220; custom_padding=&#8220;3px||50px|||&#8220; global_colors_info=&#8220;{}&#8220;][et_pb_column type=&#8220;1_5&#8243; _builder_version=&#8220;4.16&#8243; _module_preset=&#8220;default&#8220; global_colors_info=&#8220;{}&#8220;][et_pb_image src=&#8220;https:\/\/www.territory-influence.com\/wp-content\/uploads\/2020\/12\/company-logo-1.jpg&#8220; title_text=&#8220;company logo (1)&#8220; _builder_version=&#8220;4.16&#8243; _module_preset=&#8220;default&#8220; border_width_all=&#8220;1px&#8220; border_color_all=&#8220;#c4c4c4&#8243; global_colors_info=&#8220;{}&#8220;][\/et_pb_image][\/et_pb_column][et_pb_column type=&#8220;1_5&#8243; _builder_version=&#8220;4.16&#8243; _module_preset=&#8220;default&#8220; global_colors_info=&#8220;{}&#8220;][et_pb_image src=&#8220;https:\/\/www.territory-influence.com\/wp-content\/uploads\/2020\/12\/company-logo.jpg&#8220; title_text=&#8220;company logo&#8220; _builder_version=&#8220;4.16&#8243; _module_preset=&#8220;default&#8220; custom_padding=&#8220;|||0px||&#8220; border_width_all=&#8220;1px&#8220; border_color_all=&#8220;#c4c4c4&#8243; global_colors_info=&#8220;{}&#8220;][\/et_pb_image][\/et_pb_column][et_pb_column type=&#8220;3_5&#8243; _builder_version=&#8220;4.16&#8243; _module_preset=&#8220;default&#8220; global_colors_info=&#8220;{}&#8220;][et_pb_text _builder_version=&#8220;4.16&#8243; _module_preset=&#8220;default&#8220; text_font=&#8220;Roboto|500|||||||&#8220; text_font_size=&#8220;16px&#8220; custom_margin=&#8220;|||-22px||&#8220; custom_padding=&#8220;18px|||||&#8220; global_colors_info=&#8220;{}&#8220;]<\/p>\n<p>Du kannst die Dateien abspeichern und f\u00fcr PR-Inhalte verwenden. Falls du eine andere Gr\u00f6\u00dfe oder Farbe ben\u00f6tigst, schreibe uns an <a href=\"mailto:hello-influence@territory.group\">hallo-influence@territory.group<\/a> oder <a href=\"https:\/\/www.territory-influence.com\/de\/kontakt\/?lang=de\">klicke hier<\/a>.<\/p>\n<p>[\/et_pb_text][\/et_pb_column][\/et_pb_row][et_pb_row admin_label=&#8220;Intro Row&#8220; _builder_version=&#8220;4.20.2&#8243; custom_margin=&#8220;||||false|false&#8220; custom_padding=&#8220;0px||50px||false|false&#8220; global_colors_info=&#8220;{}&#8220;][et_pb_column type=&#8220;4_4&#8243; _builder_version=&#8220;4.16&#8243; custom_padding=&#8220;|||&#8220; global_colors_info=&#8220;{}&#8220; custom_padding__hover=&#8220;|||&#8220;][et_pb_text module_class=&#8220;tt-black&#8220; _builder_version=&#8220;4.16&#8243; _module_preset=&#8220;default&#8220; header_font=&#8220;Roboto|900|||||||&#8220; header_font_size=&#8220;35px&#8220; header_2_font=&#8220;Roboto|900|||||||&#8220; header_2_font_size=&#8220;35px&#8220; global_colors_info=&#8220;{}&#8220;]<\/p>\n<h2><tt-underline><\/tt-underline>PRESSE CLPPING<\/h2>\n<p>[\/et_pb_text][et_pb_text _builder_version=&#8220;4.20.2&#8243; _module_preset=&#8220;default&#8220; text_font=&#8220;Roboto|300|||||||&#8220; text_font_size=&#8220;16px&#8220; custom_margin=&#8220;-3px|||||&#8220; custom_padding=&#8220;||3px|||&#8220; link_option_url_new_window=&#8220;on&#8220; global_colors_info=&#8220;{}&#8220;]<\/p>\n<h6><strong>13. Februar 2023<\/strong><strong><\/strong><\/h6>\n<p>7 Tipps, wie du dein Portfolio erweiterst, ohne Budgets zu erh\u00f6hen &#8211; <strong><a href=\"https:\/\/www.basicthinking.de\/blog\/2023\/02\/13\/content-is-key-tipps-territory\/\" target=\"_blank\" rel=\"noopener\">Basic thinking<\/a><\/strong><\/p>\n<h6><strong>24. August 2022<\/strong><\/h6>\n<p class=\"artikeltitel\">L&#8217;Or\u00e9al nimmt Territory in den Agenturpool auf &#8211; <strong><a href=\"https:\/\/www.new-business.de\/_rubric\/detail.php?rubric=3&amp;nr=785318\" target=\"_blank\" rel=\"noopener\">new business<\/a><\/strong><\/p>\n<h6><strong>15. August 2022<\/strong><\/h6>\n<p class=\"artikeltitel\">TikTok auf dem Weg zur Edutainment-Hochburg &#8211; <strong><a href=\"https:\/\/www.wuv.de\/Themen\/Social-Media\/Tiktok-auf-dem-Weg-zur-Edutainment-Hochburg\" target=\"_blank\" rel=\"noopener\">W&amp;V<\/a><\/strong><\/p>\n<h6><strong>12. August 2022<\/strong><\/h6>\n<p>TikTok &#8211; und Fans vergessen die Zeit &#8211; <strong><a href=\"https:\/\/lout.plus\/news\/TikTok-Erfolg-Territory-Influence-Analyse.html\" target=\"_blank\" rel=\"noopener\">LOUT<\/a><\/strong><\/p>\n<h6><strong>27. April 2022<\/strong><\/h6>\n<p>Augmented Reality treibt den Umsatz &#8211; <strong><a href=\"https:\/\/lout.plus\/news\/Augmented-Reality-treibt-den-Umsatz.html\" target=\"_blank\" rel=\"noopener\">LOUT<\/a><\/strong><\/p>\n<h6><strong>02. Februar 2022<\/strong><\/h6>\n<p>Nano-Influencer: So maximieren Marken mit Kampagnen den ROI &#8211; <strong><a href=\"https:\/\/www.e-commerce-magazin.de\/nano-influencer-so-maximieren-marken-mit-kampagnen-den-roi\/\" target=\"_blank\" rel=\"noopener\">e-commerce Magazin<\/a><\/strong><\/p>\n<h6><strong>08. Juli 2021<\/strong><\/h6>\n<p><span id=\"kindle-titel\" class=\"stickytitle\">E.ON holt Territory f\u00fcr Influencer Marketing<\/span>\u00a0&#8211; <strong><a href=\"https:\/\/www.wuv.de\/agenturen\/eon_holt_territory_fuer_influencer_marketing\" target=\"_blank\" rel=\"noopener\">W&amp;V<\/a><\/strong><\/p>\n<h6><strong>25. M\u00e4rz 2021<\/strong><\/h6>\n<p>Wie Territory f\u00fcr eine neue Qualit\u00e4t im Influencer Marketing sorgen will &#8211; <strong><a href=\"https:\/\/www.horizont.net\/marketing\/nachrichten\/weltweite-influencer-typologie-wie-territory-fuer-eine-neue-qualitaet-im-influencer-marketing-sorgen-will-190284\" target=\"_blank\" rel=\"noopener\">HORIZONT+<\/a><\/strong><\/p>\n<p><strong><\/strong><\/p>\n<p>[\/et_pb_text][\/et_pb_column][\/et_pb_row][et_pb_row admin_label=&#8220;Intro Row&#8220; _builder_version=&#8220;4.16&#8243; custom_padding=&#8220;0px|||||&#8220; global_colors_info=&#8220;{}&#8220;][et_pb_column type=&#8220;4_4&#8243; _builder_version=&#8220;4.16&#8243; custom_padding=&#8220;|||&#8220; global_colors_info=&#8220;{}&#8220; custom_padding__hover=&#8220;|||&#8220;][et_pb_text module_class=&#8220;tt-black&#8220; _builder_version=&#8220;4.16&#8243; _module_preset=&#8220;default&#8220; header_font=&#8220;Roboto|900|||||||&#8220; header_font_size=&#8220;35px&#8220; header_2_font=&#8220;Roboto|900|||||||&#8220; header_2_font_size=&#8220;35px&#8220; global_colors_info=&#8220;{}&#8220;]<\/p>\n<h2><tt-underline><\/tt-underline>PR KONTAKT<\/h2>\n<p>[\/et_pb_text][\/et_pb_column][\/et_pb_row][et_pb_row _builder_version=&#8220;4.16&#8243; _module_preset=&#8220;default&#8220; custom_padding=&#8220;0px|0px|0px||false|false&#8220; global_colors_info=&#8220;{}&#8220;][et_pb_column type=&#8220;4_4&#8243; _builder_version=&#8220;4.16&#8243; _module_preset=&#8220;default&#8220; global_colors_info=&#8220;{}&#8220;][et_pb_text _builder_version=&#8220;4.20.2&#8243; _module_preset=&#8220;default&#8220; text_font=&#8220;Roboto|500|||||||&#8220; text_font_size=&#8220;16px&#8220; custom_margin=&#8220;-4px|||0px|false|false&#8220; custom_padding=&#8220;3px|||2px|false|false&#8220; global_colors_info=&#8220;{}&#8220;]<\/p>\n<p>F\u00fcr weitere Informationen zu unserer Agentur, Influencer Marketing oder Kontaktdaten f\u00fcr Interviewpartner, kontaktiere gerne direkt ALINA BILAN (Junior Marketing Managerin, TERRITORY Influence DACH): <a href=\"bilan.alina@territory.group\">bilan.alina@territory.group<\/a><\/p>\n<p>&nbsp;<\/p>\n<p>[\/et_pb_text][\/et_pb_column][\/et_pb_row][\/et_pb_section][et_pb_section fb_built=&#8220;1&#8243; admin_label=&#8220;Subscription Section&#8220; _builder_version=&#8220;4.16&#8243; use_background_color_gradient=&#8220;on&#8220; background_color_gradient_stops=&#8220;#000000 0%|#e0e0e0 100%&#8220; background_color_gradient_start=&#8220;#000000&#8243; background_color_gradient_end=&#8220;#e0e0e0&#8243; background_image=&#8220;https:\/\/www.territory-influence.com\/wp-content\/uploads\/2020\/11\/Website-Newsletters.png&#8220; background_position=&#8220;bottom_center&#8220; custom_margin=&#8220;-2px||-2px|||&#8220; custom_padding=&#8220;0.4%|0px|0.2%|0px||&#8220; global_colors_info=&#8220;{}&#8220;][et_pb_row column_structure=&#8220;1_2,1_2&#8243; admin_label=&#8220;Subscription Row&#8220; _builder_version=&#8220;4.16&#8243; custom_padding=&#8220;|||&#8220; global_colors_info=&#8220;{}&#8220;][et_pb_column type=&#8220;1_2&#8243; _builder_version=&#8220;4.16&#8243; custom_padding=&#8220;|||&#8220; global_colors_info=&#8220;{}&#8220; custom_padding__hover=&#8220;|||&#8220;][\/et_pb_column][et_pb_column type=&#8220;1_2&#8243; _builder_version=&#8220;4.16&#8243; custom_padding=&#8220;|||&#8220; global_colors_info=&#8220;{}&#8220; custom_padding__hover=&#8220;|||&#8220;][et_pb_signup provider=&#8220;hubspot&#8220; hubspot_list=&#8220;4593448|902&#8243; success_message=&#8220;Danke!&#8220; description=&#8220;<\/p>\n<h1>MONTALICHER<br \/><tt-underline><\/tt-underline>NEWSLETTER<\/h1>\n<p>Jetzt anmelden und monatlich News zum Influencer Marketing erhalten!<br \/>\n&#8220; disabled_on=&#8220;off|off|off&#8220; module_class=&#8220;tt-white hero-text&#8220; _builder_version=&#8220;4.16&#8243; form_field_background_color=&#8220;#ffffff&#8220; header_font=&#8220;Roboto|900|||||||&#8220; header_font_size=&#8220;44px&#8220; header_line_height=&#8220;1.1em&#8220; body_font=&#8220;Roboto|500|||||||&#8220; body_font_size=&#8220;16px&#8220; body_line_height=&#8220;1.8em&#8220; result_message_font=&#8220;Muli|700|||||||&#8220; result_message_font_size=&#8220;16px&#8220; form_field_font=&#8220;Roboto||||||||&#8220; form_field_font_size=&#8220;14px&#8220; use_background_color=&#8220;off&#8220; custom_button=&#8220;on&#8220; button_text_size=&#8220;16px&#8220; button_text_color=&#8220;#ffffff&#8220; button_bg_color=&#8220;#f4583f&#8220; button_border_width=&#8220;10px&#8220; button_border_color=&#8220;#f4583f&#8220; button_border_radius=&#8220;0px&#8220; button_font=&#8220;Roboto|700|||||||&#8220; button_icon=&#8220;&#x24;||divi||400&#8243; button_icon_color=&#8220;#ffffff&#8220; button_on_hover=&#8220;off&#8220; border_radii_fields=&#8220;on||||&#8220; button_text_color_hover=&#8220;#ffffff&#8220; button_border_color_hover=&#8220;#1a1a1a&#8220; button_border_radius_hover=&#8220;0px&#8220; button_bg_color_hover=&#8220;#1a1a1a&#8220; global_colors_info=&#8220;{}&#8220; button_text_size__hover_enabled=&#8220;off&#8220; button_one_text_size__hover_enabled=&#8220;off&#8220; button_two_text_size__hover_enabled=&#8220;off&#8220; button_text_color__hover_enabled=&#8220;on&#8220; button_text_color__hover=&#8220;#ffffff&#8220; button_one_text_color__hover_enabled=&#8220;off&#8220; button_two_text_color__hover_enabled=&#8220;off&#8220; button_border_width__hover_enabled=&#8220;off&#8220; button_one_border_width__hover_enabled=&#8220;off&#8220; button_two_border_width__hover_enabled=&#8220;off&#8220; button_border_color__hover_enabled=&#8220;on&#8220; button_border_color__hover=&#8220;#1a1a1a&#8220; button_one_border_color__hover_enabled=&#8220;off&#8220; button_two_border_color__hover_enabled=&#8220;off&#8220; button_border_radius__hover_enabled=&#8220;on&#8220; button_border_radius__hover=&#8220;0px&#8220; button_one_border_radius__hover_enabled=&#8220;off&#8220; button_two_border_radius__hover_enabled=&#8220;off&#8220; button_letter_spacing__hover_enabled=&#8220;off&#8220; button_one_letter_spacing__hover_enabled=&#8220;off&#8220; button_two_letter_spacing__hover_enabled=&#8220;off&#8220; button_bg_color__hover_enabled=&#8220;on&#8220; button_bg_color__hover=&#8220;#1a1a1a&#8220; button_one_bg_color__hover_enabled=&#8220;off&#8220; button_two_bg_color__hover_enabled=&#8220;off&#8220;][\/et_pb_signup][et_pb_text admin_label=&#8220;Tip&#8220; module_class=&#8220;form-legal&#8220; _builder_version=&#8220;4.16&#8243; text_font=&#8220;Roboto|300|||||||&#8220; text_text_color=&#8220;#ffffff&#8220; text_line_height=&#8220;1.25rem&#8220; header_font=&#8220;Muli|700|||||||&#8220; header_text_color=&#8220;#1a1a1a&#8220; header_font_size=&#8220;65px&#8220; header_line_height=&#8220;1.4em&#8220; header_2_font=&#8220;Muli|700|||||||&#8220; header_2_text_color=&#8220;#1a1a1a&#8220; header_2_font_size=&#8220;50px&#8220; header_2_line_height=&#8220;1.4em&#8220; max_width=&#8220;640px&#8220; max_width_last_edited=&#8220;off|desktop&#8220; module_alignment=&#8220;center&#8220; custom_margin=&#8220;|||&#8220; custom_margin_tablet=&#8220;0px|||0px&#8220; custom_margin_last_edited=&#8220;off|desktop&#8220; custom_padding=&#8220;|||&#8220; custom_padding_last_edited=&#8220;off|desktop&#8220; global_colors_info=&#8220;{}&#8220;]<\/p>\n<p>Die TERRITORY Influence GmbH verpflichtet sich, Deine Privatsph\u00e4re zu sch\u00fctzen und zu respektieren. Wir verwenden Deine pers\u00f6nlichen Daten nur, um Dein Konto zu verwalten, um auf Deine Newsletter-Anfrage zu antworten und um von Zeit zu Zeit andere Marketing-Inhalte zu teilen, die f\u00fcr Dich von Interesse sein k\u00f6nnten. Die M\u00f6glichkeit, den Newsletter kostenlos anzubieten, basiert auf der M\u00f6glichkeit, Marketinginhalte mit Dir zu teilen. Die M\u00f6glichkeit der werblichen Nutzung Deiner personenbezogenen Daten ist die Gegenleistung f\u00fcr die Bereitstellung des kostenlosen Newsletters (Bezahlung des Newsletters mit personenbezogenen Daten). Eine zus\u00e4tzliche Zustimmung zum Erhalt von Marketingkommunikation ist daher nicht erforderlich. Um Deine Privatsph\u00e4re jedoch bestm\u00f6glich zu sch\u00fctzen, kannst Du Dich selbstverst\u00e4ndlich jederzeit nach Erhalt der ersten Marketingmitteilung von diesen Mitteilungen abmelden.<\/p>\n<p>[\/et_pb_text][\/et_pb_column][\/et_pb_row][\/et_pb_section]<\/p>\n","protected":false},"excerpt":{"rendered":"<p>PRESSEUNTERLAGEN F\u00fcr Journalisten oder alle, die \u00fcber unsere Agentur berichten m\u00f6chten, findest du hier die TERRITORY Influence Logos, Key Visuals und offizielle Pressemitteilungen. Falls es noch weitere Fragen gibt, stehen wir gerne f\u00fcr ein Interview mit einem unserer Experten bereit. Unser Kontaktdetails findest du am Ende der SeiteTERRITORY LOGODu kannst die Dateien abspeichern und f\u00fcr [&hellip;]<\/p>\n","protected":false},"author":19,"featured_media":0,"parent":0,"menu_order":0,"comment_status":"closed","ping_status":"closed","template":"","meta":{"_et_pb_use_builder":"on","_et_pb_old_content":"","_et_gb_content_width":"","footnotes":""},"class_list":["post-4867","page","type-page","status-publish","hentry"],"aioseo_notices":[],"_links":{"self":[{"href":"https:\/\/www.territory-influence.com\/de\/wp-json\/wp\/v2\/pages\/4867","targetHints":{"allow":["GET"]}}],"collection":[{"href":"https:\/\/www.territory-influence.com\/de\/wp-json\/wp\/v2\/pages"}],"about":[{"href":"https:\/\/www.territory-influence.com\/de\/wp-json\/wp\/v2\/types\/page"}],"author":[{"embeddable":true,"href":"https:\/\/www.territory-influence.com\/de\/wp-json\/wp\/v2\/users\/19"}],"replies":[{"embeddable":true,"href":"https:\/\/www.territory-influence.com\/de\/wp-json\/wp\/v2\/comments?post=4867"}],"version-history":[{"count":10,"href":"https:\/\/www.territory-influence.com\/de\/wp-json\/wp\/v2\/pages\/4867\/revisions"}],"predecessor-version":[{"id":33311,"href":"https:\/\/www.territory-influence.com\/de\/wp-json\/wp\/v2\/pages\/4867\/revisions\/33311"}],"wp:attachment":[{"href":"https:\/\/www.territory-influence.com\/de\/wp-json\/wp\/v2\/media?parent=4867"}],"curies":[{"name":"wp","href":"https:\/\/api.w.org\/{rel}","templated":true}]}}