{"id":5819,"date":"2021-03-09T09:30:16","date_gmt":"2021-03-09T09:30:16","guid":{"rendered":"https:\/\/www.territory-influence.com\/consumer-insights\/"},"modified":"2024-04-08T14:10:14","modified_gmt":"2024-04-08T14:10:14","slug":"consumer-insights","status":"publish","type":"page","link":"https:\/\/www.territory-influence.com\/de\/consumer-insights\/","title":{"rendered":"Consumer Insights"},"content":{"rendered":"<p>[et_pb_section fb_built=&#8220;1&#8243; admin_label=&#8220;CTA Section&#8220; _builder_version=&#8220;4.16&#8243; custom_padding=&#8220;50px||100px|||&#8220; global_colors_info=&#8220;{}&#8220;][et_pb_row column_structure=&#8220;1_2,1_2&#8243; use_custom_gutter=&#8220;on&#8220; admin_label=&#8220;CTA Row&#8220; _builder_version=&#8220;4.16&#8243; custom_margin=&#8220;|||&#8220; custom_padding=&#8220;|||&#8220; global_colors_info=&#8220;{}&#8220;][et_pb_column type=&#8220;1_2&#8243; _builder_version=&#8220;4.16&#8243; custom_padding=&#8220;|||&#8220; global_colors_info=&#8220;{}&#8220; custom_padding__hover=&#8220;|||&#8220;][et_pb_image src=&#8220;https:\/\/www.territory-influence.com\/wp-content\/uploads\/2020\/12\/Digital-Influencer-Marketing-5.jpg&#8220; alt=&#8220;Consumer Insights&#8220; title_text=&#8220;Consumer Insights&#8220; align_tablet=&#8220;center&#8220; align_phone=&#8220;&#8220; align_last_edited=&#8220;on|desktop&#8220; _builder_version=&#8220;4.16&#8243; global_colors_info=&#8220;{}&#8220;][\/et_pb_image][\/et_pb_column][et_pb_column type=&#8220;1_2&#8243; _builder_version=&#8220;4.16&#8243; custom_padding=&#8220;|||&#8220; global_colors_info=&#8220;{}&#8220; custom_padding__hover=&#8220;|||&#8220;][et_pb_text admin_label=&#8220;Title&#8220; module_class=&#8220;tt-black mobile-headline&#8220; _builder_version=&#8220;4.21.0&#8243; text_font=&#8220;Roboto|600|||||||&#8220; text_font_size=&#8220;18px&#8220; text_line_height=&#8220;1.8em&#8220; header_font=&#8220;Roboto|900|||||||&#8220; header_font_size=&#8220;54px&#8220; header_2_font=&#8220;Roboto|900|||||||&#8220; header_2_font_size=&#8220;55px&#8220; header_2_line_height=&#8220;1.4em&#8220; max_width_last_edited=&#8220;off|desktop&#8220; custom_margin=&#8220;200px|||-100px&#8220; custom_margin_tablet=&#8220;0px|||0px&#8220; custom_margin_phone=&#8220;&#8220; custom_margin_last_edited=&#8220;on|desktop&#8220; custom_padding=&#8220;|||&#8220; custom_padding_last_edited=&#8220;off|desktop&#8220; hover_enabled=&#8220;0&#8243; header_2_font_size_tablet=&#8220;50px&#8220; header_2_font_size_phone=&#8220;50px&#8220; header_2_font_size_last_edited=&#8220;on|tablet&#8220; global_colors_info=&#8220;{}&#8220; sticky_enabled=&#8220;0&#8243;]<\/p>\n<h1>CONSUMER<br \/>\nINSIGHTS<\/h1>\n<p>[\/et_pb_text][et_pb_text admin_label=&#8220;Paragraph&#8220; _builder_version=&#8220;4.16&#8243; text_font=&#8220;Roboto|500|||||||&#8220; text_font_size=&#8220;16px&#8220; header_font=&#8220;||||||||&#8220; header_2_font=&#8220;Muli|700|||||||&#8220; header_2_font_size=&#8220;50px&#8220; header_2_line_height=&#8220;1.4em&#8220; max_width_last_edited=&#8220;off|desktop&#8220; module_alignment=&#8220;right&#8220; custom_margin=&#8220;|||&#8220; custom_padding=&#8220;|||&#8220; custom_padding_tablet=&#8220;30px|0px|30px|0px&#8220; custom_padding_phone=&#8220;&#8220; custom_padding_last_edited=&#8220;on|tablet&#8220; global_colors_info=&#8220;{}&#8220;]<\/p>\n<p>Lerne durch aufrichtiges Produktfeedback mehr von deinen Konsument:innen. H\u00f6re dir ihre Vorschl\u00e4ge f\u00fcr Innovationen an und entwickle vielleicht sogar ein Produkt oder eine Kommunikationsstrategie gemeinsam mit ihnen. Wir unterst\u00fctzen dich dabei, mit deiner gew\u00fcnschten Zielgruppe enger zusammen zu arbeiten.<\/p>\n<p>[\/et_pb_text][et_pb_button button_url=&#8220;https:\/\/www.territory-influence.com\/kontakt\/?lang=de&#8220; url_new_window=&#8220;on&#8220; button_text=&#8220;Erfahre mehr zu Brand Influence&#8220; _builder_version=&#8220;4.16&#8243; custom_button=&#8220;on&#8220; button_text_size=&#8220;16px&#8220; button_text_color=&#8220;#ffffff&#8220; button_bg_color=&#8220;#FF4E00&#8243; button_border_width=&#8220;10px&#8220; button_border_color=&#8220;#FF4E00&#8243; button_border_radius=&#8220;0px&#8220; button_font=&#8220;Roboto|700|||||||&#8220; button_icon=&#8220;&#x24;||divi||400&#8243; button_icon_color=&#8220;#ffffff&#8220; button_on_hover=&#8220;off&#8220; custom_margin=&#8220;|||&#8220; custom_margin_tablet=&#8220;30px|||0px&#8220; custom_margin_phone=&#8220;&#8220; custom_margin_last_edited=&#8220;on|phone&#8220; custom_padding=&#8220;|||&#8220; button_border_radius_hover=&#8220;0px&#8220; global_colors_info=&#8220;{}&#8220; button_text_size__hover_enabled=&#8220;off&#8220; button_one_text_size__hover_enabled=&#8220;off&#8220; button_two_text_size__hover_enabled=&#8220;off&#8220; button_text_color__hover_enabled=&#8220;off&#8220; button_one_text_color__hover_enabled=&#8220;off&#8220; button_two_text_color__hover_enabled=&#8220;off&#8220; button_border_width__hover_enabled=&#8220;off&#8220; button_one_border_width__hover_enabled=&#8220;off&#8220; button_two_border_width__hover_enabled=&#8220;off&#8220; button_border_color__hover_enabled=&#8220;off&#8220; button_one_border_color__hover_enabled=&#8220;off&#8220; button_two_border_color__hover_enabled=&#8220;off&#8220; button_border_radius__hover_enabled=&#8220;on&#8220; button_border_radius__hover=&#8220;0px&#8220; button_one_border_radius__hover_enabled=&#8220;off&#8220; button_two_border_radius__hover_enabled=&#8220;off&#8220; button_letter_spacing__hover_enabled=&#8220;off&#8220; button_one_letter_spacing__hover_enabled=&#8220;off&#8220; button_two_letter_spacing__hover_enabled=&#8220;off&#8220; button_bg_color__hover_enabled=&#8220;off&#8220; button_one_bg_color__hover_enabled=&#8220;off&#8220; button_two_bg_color__hover_enabled=&#8220;off&#8220;][\/et_pb_button][\/et_pb_column][\/et_pb_row][\/et_pb_section][et_pb_section fb_built=&#8220;1&#8243; admin_label=&#8220;Our Works CTA Section&#8220; _builder_version=&#8220;4.16&#8243; background_color=&#8220;#1a1a1a&#8220; custom_padding=&#8220;0px|0px|0px|0px&#8220; global_colors_info=&#8220;{}&#8220;][et_pb_row column_structure=&#8220;1_2,1_2&#8243; use_custom_gutter=&#8220;on&#8220; admin_label=&#8220;CTA Row&#8220; _builder_version=&#8220;4.16&#8243; width=&#8220;100%&#8220; max_width=&#8220;100%&#8220; custom_margin=&#8220;|||&#8220; custom_padding=&#8220;0px|0px|0px|0px&#8220; use_custom_width=&#8220;on&#8220; width_unit=&#8220;off&#8220; custom_width_percent=&#8220;100%&#8220; global_colors_info=&#8220;{}&#8220;][et_pb_column type=&#8220;1_2&#8243; _builder_version=&#8220;4.16&#8243; custom_padding=&#8220;|||&#8220; global_colors_info=&#8220;{}&#8220; custom_padding__hover=&#8220;|||&#8220;][et_pb_cta button_url=&#8220;https:\/\/www.territory-influence.com\/influencer\/?lang=de&#8220; url_new_window=&#8220;on&#8220; button_text=&#8220;Unsere Influencer:innen&#8220; module_class=&#8220;tt-white&#8220; _builder_version=&#8220;4.21.0&#8243; header_font=&#8220;Roboto|900|||||||&#8220; header_text_color=&#8220;#ffffff&#8220; header_font_size=&#8220;33px&#8220; header_line_height=&#8220;1.3em&#8220; body_font=&#8220;Roboto|300|||||||&#8220; body_text_align=&#8220;left&#8220; body_text_color=&#8220;#ffffff&#8220; body_font_size=&#8220;16px&#8220; use_background_color=&#8220;off&#8220; custom_button=&#8220;on&#8220; button_text_size=&#8220;16px&#8220; button_text_color=&#8220;#ffffff&#8220; button_bg_color=&#8220;#FF4E00&#8243; button_border_width=&#8220;10px&#8220; button_border_color=&#8220;#FF4E00&#8243; button_border_radius=&#8220;0px&#8220; button_font=&#8220;Roboto|700|||||||&#8220; button_icon=&#8220;&#x24;||divi||400&#8243; button_icon_color=&#8220;#ffffff&#8220; button_on_hover=&#8220;off&#8220; button_alignment=&#8220;left&#8220; max_width=&#8220;600px&#8220; max_width_tablet=&#8220;&#8220; max_width_phone=&#8220;&#8220; max_width_last_edited=&#8220;on|desktop&#8220; module_alignment=&#8220;right&#8220; custom_margin=&#8220;18%||18%|&#8220; custom_margin_tablet=&#8220;|||&#8220; custom_margin_phone=&#8220;|||&#8220; custom_margin_last_edited=&#8220;on|tablet&#8220; custom_padding=&#8220;|||10%&#8220; custom_padding_tablet=&#8220;|10%||&#8220; custom_padding_phone=&#8220;|60px||60px&#8220; custom_padding_last_edited=&#8220;on|phone&#8220; hover_enabled=&#8220;0&#8243; header_font_size_tablet=&#8220;&#8220; header_font_size_phone=&#8220;40px&#8220; header_font_size_last_edited=&#8220;on|phone&#8220; button_border_radius_hover=&#8220;0px&#8220; global_colors_info=&#8220;{}&#8220; button_text_size__hover_enabled=&#8220;off&#8220; button_one_text_size__hover_enabled=&#8220;off&#8220; button_two_text_size__hover_enabled=&#8220;off&#8220; button_text_color__hover_enabled=&#8220;off&#8220; button_one_text_color__hover_enabled=&#8220;off&#8220; button_two_text_color__hover_enabled=&#8220;off&#8220; button_border_width__hover_enabled=&#8220;off&#8220; button_one_border_width__hover_enabled=&#8220;off&#8220; button_two_border_width__hover_enabled=&#8220;off&#8220; button_border_color__hover_enabled=&#8220;off&#8220; button_one_border_color__hover_enabled=&#8220;off&#8220; button_two_border_color__hover_enabled=&#8220;off&#8220; button_border_radius__hover_enabled=&#8220;on&#8220; button_border_radius__hover=&#8220;0px&#8220; button_one_border_radius__hover_enabled=&#8220;off&#8220; button_two_border_radius__hover_enabled=&#8220;off&#8220; button_letter_spacing__hover_enabled=&#8220;off&#8220; button_one_letter_spacing__hover_enabled=&#8220;off&#8220; button_two_letter_spacing__hover_enabled=&#8220;off&#8220; button_bg_color__hover_enabled=&#8220;off&#8220; button_one_bg_color__hover_enabled=&#8220;off&#8220; button_two_bg_color__hover_enabled=&#8220;off&#8220; sticky_enabled=&#8220;0&#8243;]<\/p>\n<h2>58 % der Unternehmen haben ein Co-Creation Projekt pilotiert, um Innovation voranzutreiben (Hitachi Europe Report)<\/h2>\n<p>&nbsp;<\/p>\n<p><span>Viele Faktoren beeinflussen eine Kaufentscheidung, weshalb Marketer wissen sollten, welche Kommunikation, welcher Kanal und welches Produkt am wirkungsvollsten bei ihrer Zielgruppen ist. <\/span>Durch verschiedene Influencer-Typen bieten wir dir Zugang zu spezifischen Daten und Kooperationsm\u00f6glichkeiten zu jeder Zeit des Produktlebenszyklus, also vor und nach eines Launches. Insbesondere NanodInfluencer:innen k\u00f6nnen an intensiven Marktforschungs- oder Co-Creation-Projekten teilnehmen \u2013 ohne voreingenommen zu sein.<\/p>\n<p>[\/et_pb_cta][\/et_pb_column][et_pb_column type=&#8220;1_2&#8243; _builder_version=&#8220;4.16&#8243; custom_padding=&#8220;|||&#8220; global_colors_info=&#8220;{}&#8220; custom_padding__hover=&#8220;|||&#8220;][et_pb_image src=&#8220;https:\/\/www.territory-influence.com\/wp-content\/uploads\/2020\/12\/Digital-influencer-marketing-2-5.jpg&#8220; alt=&#8220;Consumer Market Research&#8220; title_text=&#8220;Consumer Market Research&#8220; force_fullwidth=&#8220;on&#8220; align_tablet=&#8220;center&#8220; align_phone=&#8220;&#8220; align_last_edited=&#8220;on|desktop&#8220; _builder_version=&#8220;4.16&#8243; global_colors_info=&#8220;{}&#8220;][\/et_pb_image][\/et_pb_column][\/et_pb_row][et_pb_row column_structure=&#8220;1_5,1_5,1_5,1_5,1_5&#8243; _builder_version=&#8220;4.16&#8243; _module_preset=&#8220;default&#8220; min_height=&#8220;299px&#8220; custom_margin=&#8220;40px|auto||auto||&#8220; global_colors_info=&#8220;{}&#8220;][et_pb_column type=&#8220;1_5&#8243; _builder_version=&#8220;4.16&#8243; _module_preset=&#8220;default&#8220; global_colors_info=&#8220;{}&#8220;][et_pb_image src=&#8220;https:\/\/www.territory-influence.com\/wp-content\/uploads\/2020\/12\/1-4.png&#8220; title_text=&#8220;1&#8243; _builder_version=&#8220;4.16&#8243; _module_preset=&#8220;default&#8220; global_colors_info=&#8220;{}&#8220;][\/et_pb_image][et_pb_text module_class=&#8220;tt-white&#8220; _builder_version=&#8220;4.21.0&#8243; _module_preset=&#8220;default&#8220; text_font=&#8220;Roboto|700|||||||&#8220; text_text_color=&#8220;#ffffff&#8220; text_font_size=&#8220;20px&#8220; text_line_height=&#8220;1.3em&#8220; background_layout=&#8220;dark&#8220; custom_margin=&#8220;-15px||||false|false&#8220; hover_enabled=&#8220;0&#8243; global_colors_info=&#8220;{}&#8220; sticky_enabled=&#8220;0&#8243;]<\/p>\n<p style=\"text-align: center;\">PRODUKT<br \/>\nFORSCHUNG<\/p>\n<p>[\/et_pb_text][\/et_pb_column][et_pb_column type=&#8220;1_5&#8243; _builder_version=&#8220;4.16&#8243; _module_preset=&#8220;default&#8220; global_colors_info=&#8220;{}&#8220;][et_pb_image src=&#8220;https:\/\/www.territory-influence.com\/wp-content\/uploads\/2020\/12\/2-4.png&#8220; title_text=&#8220;2&#8243; _builder_version=&#8220;4.16&#8243; _module_preset=&#8220;default&#8220; global_colors_info=&#8220;{}&#8220;][\/et_pb_image][et_pb_text module_class=&#8220;tt-white&#8220; _builder_version=&#8220;4.21.0&#8243; _module_preset=&#8220;default&#8220; text_font=&#8220;Roboto|700|||||||&#8220; text_text_color=&#8220;#ffffff&#8220; text_font_size=&#8220;20px&#8220; text_line_height=&#8220;1.3em&#8220; background_layout=&#8220;dark&#8220; custom_margin=&#8220;-15px||||false|false&#8220; hover_enabled=&#8220;0&#8243; global_colors_info=&#8220;{}&#8220; sticky_enabled=&#8220;0&#8243;]<\/p>\n<p style=\"text-align: center;\">TRIAL-BASED<br \/>\n FEEDBACK<\/p>\n<p>[\/et_pb_text][et_pb_image src=&#8220;https:\/\/www.territory-influence.com\/wp-content\/uploads\/2020\/12\/6-4.png&#8220; title_text=&#8220;6&#8243; _builder_version=&#8220;4.16&#8243; _module_preset=&#8220;default&#8220; global_colors_info=&#8220;{}&#8220;][\/et_pb_image][et_pb_text module_class=&#8220;tt-white&#8220; _builder_version=&#8220;4.21.0&#8243; _module_preset=&#8220;default&#8220; text_font=&#8220;Roboto|700|||||||&#8220; text_text_color=&#8220;#ffffff&#8220; text_font_size=&#8220;20px&#8220; text_line_height=&#8220;1.3em&#8220; background_layout=&#8220;dark&#8220; custom_margin=&#8220;-15px||||false|false&#8220; hover_enabled=&#8220;0&#8243; global_colors_info=&#8220;{}&#8220; sticky_enabled=&#8220;0&#8243;]<\/p>\n<p style=\"text-align: center;\">PRODUCT<br \/>\nCO-CREATION<\/p>\n<p>[\/et_pb_text][\/et_pb_column][et_pb_column type=&#8220;1_5&#8243; _builder_version=&#8220;4.16&#8243; _module_preset=&#8220;default&#8220; global_colors_info=&#8220;{}&#8220;][et_pb_image src=&#8220;https:\/\/www.territory-influence.com\/wp-content\/uploads\/2020\/12\/3-4.png&#8220; title_text=&#8220;3&#8243; _builder_version=&#8220;4.16&#8243; _module_preset=&#8220;default&#8220; global_colors_info=&#8220;{}&#8220;][\/et_pb_image][et_pb_text module_class=&#8220;tt-white&#8220; _builder_version=&#8220;4.21.0&#8243; _module_preset=&#8220;default&#8220; text_font=&#8220;Roboto|700|||||||&#8220; text_text_color=&#8220;#ffffff&#8220; text_font_size=&#8220;20px&#8220; text_line_height=&#8220;1.3em&#8220; background_layout=&#8220;dark&#8220; custom_margin=&#8220;-15px||||false|false&#8220; hover_enabled=&#8220;0&#8243; global_colors_info=&#8220;{}&#8220; sticky_enabled=&#8220;0&#8243;]<\/p>\n<p style=\"text-align: center;\">CATEGORY<br \/>\n INSIGHTS<\/p>\n<p>[\/et_pb_text][et_pb_image src=&#8220;https:\/\/www.territory-influence.com\/wp-content\/uploads\/2020\/12\/7-4.png&#8220; title_text=&#8220;7&#8243; _builder_version=&#8220;4.16&#8243; _module_preset=&#8220;default&#8220; global_colors_info=&#8220;{}&#8220;][\/et_pb_image][et_pb_text module_class=&#8220;tt-white&#8220; _builder_version=&#8220;4.21.0&#8243; _module_preset=&#8220;default&#8220; text_font=&#8220;Roboto|700|||||||&#8220; text_text_color=&#8220;#ffffff&#8220; text_font_size=&#8220;20px&#8220; text_line_height=&#8220;1.3em&#8220; background_layout=&#8220;dark&#8220; custom_margin=&#8220;-15px||||false|false&#8220; hover_enabled=&#8220;0&#8243; global_colors_info=&#8220;{}&#8220; sticky_enabled=&#8220;0&#8243;]<\/p>\n<p style=\"text-align: center;\">\u00a0 \u00a0PROMOTION\u00a0 \u00a0 CO-CREATION<\/p>\n<p>[\/et_pb_text][\/et_pb_column][et_pb_column type=&#8220;1_5&#8243; _builder_version=&#8220;4.16&#8243; _module_preset=&#8220;default&#8220; global_colors_info=&#8220;{}&#8220;][et_pb_image src=&#8220;https:\/\/www.territory-influence.com\/wp-content\/uploads\/2020\/12\/4-4.png&#8220; title_text=&#8220;4&#8243; _builder_version=&#8220;4.16&#8243; _module_preset=&#8220;default&#8220; global_colors_info=&#8220;{}&#8220;][\/et_pb_image][et_pb_text module_class=&#8220;tt-white&#8220; _builder_version=&#8220;4.21.0&#8243; _module_preset=&#8220;default&#8220; text_font=&#8220;Roboto|700|||||||&#8220; text_text_color=&#8220;#ffffff&#8220; text_font_size=&#8220;20px&#8220; text_line_height=&#8220;1.3em&#8220; background_layout=&#8220;dark&#8220; custom_margin=&#8220;-15px||||false|false&#8220; hover_enabled=&#8220;0&#8243; global_colors_info=&#8220;{}&#8220; sticky_enabled=&#8220;0&#8243;]<\/p>\n<p style=\"text-align: center;\">ONLINE FOKUS<br \/>\nGRUPPEN<\/p>\n<p>[\/et_pb_text][et_pb_image src=&#8220;https:\/\/www.territory-influence.com\/wp-content\/uploads\/2020\/12\/8-4.png&#8220; title_text=&#8220;8&#8243; _builder_version=&#8220;4.16&#8243; _module_preset=&#8220;default&#8220; global_colors_info=&#8220;{}&#8220;][\/et_pb_image][et_pb_text module_class=&#8220;tt-white&#8220; _builder_version=&#8220;4.21.0&#8243; _module_preset=&#8220;default&#8220; text_font=&#8220;Roboto|700|||||||&#8220; text_text_color=&#8220;#ffffff&#8220; text_font_size=&#8220;20px&#8220; text_line_height=&#8220;1.3em&#8220; background_layout=&#8220;dark&#8220; custom_margin=&#8220;-15px||||false|false&#8220; hover_enabled=&#8220;0&#8243; global_colors_info=&#8220;{}&#8220; sticky_enabled=&#8220;0&#8243;]<\/p>\n<p style=\"text-align: center;\">INNOVATION<br \/>\n IDEATION<\/p>\n<p>[\/et_pb_text][\/et_pb_column][et_pb_column type=&#8220;1_5&#8243; _builder_version=&#8220;4.16&#8243; _module_preset=&#8220;default&#8220; global_colors_info=&#8220;{}&#8220;][et_pb_image src=&#8220;https:\/\/www.territory-influence.com\/wp-content\/uploads\/2020\/12\/5-4.png&#8220; title_text=&#8220;5&#8243; _builder_version=&#8220;4.16&#8243; _module_preset=&#8220;default&#8220; global_colors_info=&#8220;{}&#8220;][\/et_pb_image][et_pb_text module_class=&#8220;tt-white&#8220; _builder_version=&#8220;4.21.0&#8243; _module_preset=&#8220;default&#8220; text_font=&#8220;Roboto|700|||||||&#8220; text_text_color=&#8220;#ffffff&#8220; text_font_size=&#8220;20px&#8220; text_line_height=&#8220;1.3em&#8220; background_layout=&#8220;dark&#8220; custom_margin=&#8220;-15px||||false|false&#8220; hover_enabled=&#8220;0&#8243; global_colors_info=&#8220;{}&#8220; sticky_enabled=&#8220;0&#8243;]<\/p>\n<p style=\"text-align: center;\">SHORT\/LONG<br \/>\n UMFRAGE<\/p>\n<p>[\/et_pb_text][\/et_pb_column][\/et_pb_row][\/et_pb_section][et_pb_section fb_built=&#8220;1&#8243; admin_label=&#8220;Our Works CTA Section&#8220; _builder_version=&#8220;4.16&#8243; background_color=&#8220;#1a1a1a&#8220; custom_padding=&#8220;3px|0px|0px|0px||&#8220; global_colors_info=&#8220;{}&#8220;][et_pb_row admin_label=&#8220;Image Row&#8220; _builder_version=&#8220;4.16&#8243; width=&#8220;100%&#8220; max_width=&#8220;100%&#8220; custom_padding=&#8220;||0px||false|false&#8220; use_custom_width=&#8220;on&#8220; width_unit=&#8220;off&#8220; custom_width_percent=&#8220;100%&#8220; global_colors_info=&#8220;{}&#8220;][et_pb_column type=&#8220;4_4&#8243; _builder_version=&#8220;4.16&#8243; custom_padding=&#8220;|||&#8220; global_colors_info=&#8220;{}&#8220; custom_padding__hover=&#8220;|||&#8220;][et_pb_image src=&#8220;https:\/\/www.territory-influence.com\/wp-content\/uploads\/2020\/12\/social-media-website-3.jpg&#8220; alt=&#8220;Umfrage&#8220; title_text=&#8220;Umfrage&#8220; force_fullwidth=&#8220;on&#8220; _builder_version=&#8220;4.16&#8243; module_alignment=&#8220;left&#8220; custom_margin=&#8220;80px|||||&#8220; always_center_on_mobile=&#8220;off&#8220; global_colors_info=&#8220;{}&#8220;][\/et_pb_image][\/et_pb_column][\/et_pb_row][\/et_pb_section][et_pb_section fb_built=&#8220;1&#8243; admin_label=&#8220;Testimonial Section&#8220; _builder_version=&#8220;4.16&#8243; custom_padding=&#8220;0px||0px|&#8220; global_colors_info=&#8220;{}&#8220;][et_pb_row use_custom_gutter=&#8220;on&#8220; gutter_width=&#8220;1&#8243; make_equal=&#8220;on&#8220; custom_padding_last_edited=&#8220;on|phone&#8220; admin_label=&#8220;Testimonial Row&#8220; _builder_version=&#8220;4.16&#8243; width=&#8220;100%&#8220; custom_margin=&#8220;|||&#8220; custom_padding=&#8220;100px|0.1%|100px|0%||&#8220; custom_padding_tablet=&#8220;|||10%&#8220; custom_padding_phone=&#8220;&#8220; use_custom_width=&#8220;on&#8220; width_unit=&#8220;off&#8220; custom_width_percent=&#8220;100%&#8220; global_colors_info=&#8220;{}&#8220;][et_pb_column type=&#8220;4_4&#8243; _builder_version=&#8220;4.16&#8243; _module_preset=&#8220;default&#8220; global_colors_info=&#8220;{}&#8220;][et_pb_text module_class=&#8220;tt-black&#8220; _builder_version=&#8220;4.21.0&#8243; _module_preset=&#8220;default&#8220; header_font=&#8220;Roboto|900||on|||||&#8220; header_font_size=&#8220;40px&#8220; header_2_font=&#8220;Roboto|900||on|||||&#8220; header_2_font_size=&#8220;35px&#8220; width=&#8220;100%&#8220; custom_margin=&#8220;|124px||||&#8220; custom_padding=&#8220;|1px|||false|false&#8220; hover_enabled=&#8220;0&#8243; global_colors_info=&#8220;{}&#8220; sticky_enabled=&#8220;0&#8243;]<\/p>\n<h1>LASS DICH BEEINFLUSSEN!<br \/>\nUM MARKEN LOYALTI\u00c4T ZU SICHERN!<\/h1>\n<p>[\/et_pb_text][et_pb_button button_url=&#8220;https:\/\/www.territory-influence.com\/kontakt\/?lang=de&#8220; button_text=&#8220;Jetzt starten&#8220; button_alignment=&#8220;left&#8220; _builder_version=&#8220;4.16&#8243; _module_preset=&#8220;default&#8220; custom_button=&#8220;on&#8220; button_text_size=&#8220;18px&#8220; button_text_color=&#8220;#ffffff&#8220; button_bg_color=&#8220;#FF4E00&#8243; button_border_width=&#8220;10px&#8220; button_border_color=&#8220;#FF4E00&#8243; button_border_radius=&#8220;0px&#8220; button_font=&#8220;Roboto|700|||||||&#8220; button_icon=&#8220;&#x24;||divi||400&#8243; button_icon_color=&#8220;#ffffff&#8220; button_on_hover=&#8220;off&#8220; custom_margin=&#8220;12px|||||&#8220; global_colors_info=&#8220;{}&#8220;][\/et_pb_button][\/et_pb_column][\/et_pb_row][\/et_pb_section]<\/p>\n","protected":false},"excerpt":{"rendered":"<p>CONSUMER INSIGHTSLerne durch aufrichtiges Produktfeedback mehr von deinen Konsument:innen. H\u00f6re dir ihre Vorschl\u00e4ge f\u00fcr Innovationen an und entwickle vielleicht sogar ein Produkt oder eine Kommunikationsstrategie gemeinsam mit ihnen. Wir unterst\u00fctzen dich dabei, mit deiner gew\u00fcnschten Zielgruppe enger zusammen zu arbeiten.58 % der Unternehmen haben ein Co-Creation Projekt pilotiert, um Innovation voranzutreiben (Hitachi Europe Report) &nbsp; [&hellip;]<\/p>\n","protected":false},"author":19,"featured_media":0,"parent":0,"menu_order":0,"comment_status":"closed","ping_status":"closed","template":"","meta":{"_et_pb_use_builder":"on","_et_pb_old_content":"","_et_gb_content_width":"","footnotes":""},"class_list":["post-5819","page","type-page","status-publish","hentry"],"aioseo_notices":[],"_links":{"self":[{"href":"https:\/\/www.territory-influence.com\/de\/wp-json\/wp\/v2\/pages\/5819","targetHints":{"allow":["GET"]}}],"collection":[{"href":"https:\/\/www.territory-influence.com\/de\/wp-json\/wp\/v2\/pages"}],"about":[{"href":"https:\/\/www.territory-influence.com\/de\/wp-json\/wp\/v2\/types\/page"}],"author":[{"embeddable":true,"href":"https:\/\/www.territory-influence.com\/de\/wp-json\/wp\/v2\/users\/19"}],"replies":[{"embeddable":true,"href":"https:\/\/www.territory-influence.com\/de\/wp-json\/wp\/v2\/comments?post=5819"}],"version-history":[{"count":1,"href":"https:\/\/www.territory-influence.com\/de\/wp-json\/wp\/v2\/pages\/5819\/revisions"}],"predecessor-version":[{"id":35330,"href":"https:\/\/www.territory-influence.com\/de\/wp-json\/wp\/v2\/pages\/5819\/revisions\/35330"}],"wp:attachment":[{"href":"https:\/\/www.territory-influence.com\/de\/wp-json\/wp\/v2\/media?parent=5819"}],"curies":[{"name":"wp","href":"https:\/\/api.w.org\/{rel}","templated":true}]}}