{"id":5841,"date":"2021-03-09T09:45:12","date_gmt":"2021-03-09T09:45:12","guid":{"rendered":"https:\/\/www.territory-influence.com\/digital-influence\/"},"modified":"2024-04-08T13:54:31","modified_gmt":"2024-04-08T13:54:31","slug":"digital-influence","status":"publish","type":"page","link":"https:\/\/www.territory-influence.com\/de\/digital-influence\/","title":{"rendered":"Digital Influence"},"content":{"rendered":"<p>[et_pb_section fb_built=&#8220;1&#8243; admin_label=&#8220;CTA Section&#8220; _builder_version=&#8220;4.16&#8243; custom_padding=&#8220;50px||100px|||&#8220; global_colors_info=&#8220;{}&#8220;][et_pb_row column_structure=&#8220;1_2,1_2&#8243; use_custom_gutter=&#8220;on&#8220; admin_label=&#8220;CTA Row&#8220; _builder_version=&#8220;4.16&#8243; custom_margin=&#8220;|||&#8220; custom_padding=&#8220;|||&#8220; global_colors_info=&#8220;{}&#8220;][et_pb_column type=&#8220;1_2&#8243; _builder_version=&#8220;4.16&#8243; custom_padding=&#8220;|||&#8220; global_colors_info=&#8220;{}&#8220; custom_padding__hover=&#8220;|||&#8220;][et_pb_image src=&#8220;https:\/\/www.territory-influence.com\/wp-content\/uploads\/2020\/12\/Digital-Influencer-Marketing-1.jpg&#8220; alt=&#8220;Digitales Influencer Marketing&#8220; title_text=&#8220;Digital Influencer Marketing (1)&#8220; align_tablet=&#8220;center&#8220; align_phone=&#8220;&#8220; align_last_edited=&#8220;on|desktop&#8220; _builder_version=&#8220;4.16&#8243; global_colors_info=&#8220;{}&#8220;][\/et_pb_image][\/et_pb_column][et_pb_column type=&#8220;1_2&#8243; _builder_version=&#8220;4.16&#8243; custom_padding=&#8220;|||&#8220; global_colors_info=&#8220;{}&#8220; custom_padding__hover=&#8220;|||&#8220;][et_pb_text admin_label=&#8220;Title&#8220; module_class=&#8220;tt-black mobile-headline&#8220; _builder_version=&#8220;4.21.0&#8243; text_font=&#8220;Roboto|600|||||||&#8220; text_font_size=&#8220;18px&#8220; text_line_height=&#8220;1.8em&#8220; header_font=&#8220;Roboto|900|||||||&#8220; header_font_size=&#8220;56px&#8220; header_2_font=&#8220;Roboto|900|||||||&#8220; header_2_font_size=&#8220;55px&#8220; header_2_line_height=&#8220;1.4em&#8220; max_width_last_edited=&#8220;off|desktop&#8220; custom_margin=&#8220;200px|||-100px&#8220; custom_margin_tablet=&#8220;0px|||0px&#8220; custom_margin_phone=&#8220;&#8220; custom_margin_last_edited=&#8220;on|desktop&#8220; custom_padding=&#8220;|||&#8220; custom_padding_last_edited=&#8220;off|desktop&#8220; hover_enabled=&#8220;0&#8243; header_2_font_size_tablet=&#8220;50px&#8220; header_2_font_size_phone=&#8220;50px&#8220; header_2_font_size_last_edited=&#8220;on|tablet&#8220; global_colors_info=&#8220;{}&#8220; sticky_enabled=&#8220;0&#8243;]<\/p>\n<h1>DIGITALES INFLUENCER<br \/>\nMARKETING<\/h1>\n<p>[\/et_pb_text][et_pb_text admin_label=&#8220;Paragraph&#8220; _builder_version=&#8220;4.16&#8243; text_font=&#8220;Roboto|500|||||||&#8220; text_font_size=&#8220;16px&#8220; header_font=&#8220;||||||||&#8220; header_2_font=&#8220;Muli|700|||||||&#8220; header_2_font_size=&#8220;50px&#8220; header_2_line_height=&#8220;1.4em&#8220; max_width_last_edited=&#8220;off|desktop&#8220; module_alignment=&#8220;right&#8220; custom_margin=&#8220;|||&#8220; custom_padding=&#8220;|||&#8220; custom_padding_tablet=&#8220;30px|0px|30px|0px&#8220; custom_padding_phone=&#8220;&#8220; custom_padding_last_edited=&#8220;on|tablet&#8220; global_colors_info=&#8220;{}&#8220;]<\/p>\n<p>Welche Zielgruppe m\u00f6chtest du erreichen? Wir kreieren ganzheitliche Influencer-Marketing-Kampagnen und setzen dabei keine Limits \u2013 egal ob Instagram, YouTube, Tiktok, Twitch, Pinterest, Whatsapp uvm.<\/p>\n<p>[\/et_pb_text][et_pb_button button_url=&#8220;https:\/\/www.territory-influence.com\/kontakt\/?lang=de&#8220; url_new_window=&#8220;on&#8220; button_text=&#8220;Nutze Digital-Influencer:innen&#8220; _builder_version=&#8220;4.21.0&#8243; custom_button=&#8220;on&#8220; button_text_size=&#8220;16px&#8220; button_text_color=&#8220;#ffffff&#8220; button_bg_color=&#8220;#FF4E00&#8243; button_border_width=&#8220;10px&#8220; button_border_color=&#8220;#FF4E00&#8243; button_border_radius=&#8220;0px&#8220; button_font=&#8220;Roboto|700|||||||&#8220; button_icon=&#8220;&#x24;||divi||400&#8243; button_icon_color=&#8220;#ffffff&#8220; button_on_hover=&#8220;off&#8220; custom_margin=&#8220;|||&#8220; custom_margin_tablet=&#8220;30px|||0px&#8220; custom_margin_phone=&#8220;&#8220; custom_margin_last_edited=&#8220;on|phone&#8220; custom_padding=&#8220;|||&#8220; hover_enabled=&#8220;0&#8243; button_border_radius_hover=&#8220;0px&#8220; global_colors_info=&#8220;{}&#8220; button_text_size__hover_enabled=&#8220;off&#8220; button_one_text_size__hover_enabled=&#8220;off&#8220; button_two_text_size__hover_enabled=&#8220;off&#8220; button_text_color__hover_enabled=&#8220;off&#8220; button_one_text_color__hover_enabled=&#8220;off&#8220; button_two_text_color__hover_enabled=&#8220;off&#8220; button_border_width__hover_enabled=&#8220;off&#8220; button_one_border_width__hover_enabled=&#8220;off&#8220; button_two_border_width__hover_enabled=&#8220;off&#8220; button_border_color__hover_enabled=&#8220;off&#8220; button_one_border_color__hover_enabled=&#8220;off&#8220; button_two_border_color__hover_enabled=&#8220;off&#8220; button_border_radius__hover_enabled=&#8220;on&#8220; button_border_radius__hover=&#8220;0px&#8220; button_one_border_radius__hover_enabled=&#8220;off&#8220; button_two_border_radius__hover_enabled=&#8220;off&#8220; button_letter_spacing__hover_enabled=&#8220;off&#8220; button_one_letter_spacing__hover_enabled=&#8220;off&#8220; button_two_letter_spacing__hover_enabled=&#8220;off&#8220; button_bg_color__hover_enabled=&#8220;off&#8220; button_one_bg_color__hover_enabled=&#8220;off&#8220; button_two_bg_color__hover_enabled=&#8220;off&#8220; sticky_enabled=&#8220;0&#8243;][\/et_pb_button][\/et_pb_column][\/et_pb_row][\/et_pb_section][et_pb_section fb_built=&#8220;1&#8243; admin_label=&#8220;Our Works CTA Section&#8220; _builder_version=&#8220;4.16&#8243; background_color=&#8220;#1a1a1a&#8220; custom_padding=&#8220;0px|0px|0px|0px&#8220; global_colors_info=&#8220;{}&#8220;][et_pb_row column_structure=&#8220;1_2,1_2&#8243; use_custom_gutter=&#8220;on&#8220; admin_label=&#8220;CTA Row&#8220; _builder_version=&#8220;4.16&#8243; width=&#8220;100%&#8220; max_width=&#8220;100%&#8220; custom_margin=&#8220;|||&#8220; custom_padding=&#8220;0px|0px|0px|0px&#8220; use_custom_width=&#8220;on&#8220; width_unit=&#8220;off&#8220; custom_width_percent=&#8220;100%&#8220; global_colors_info=&#8220;{}&#8220;][et_pb_column type=&#8220;1_2&#8243; _builder_version=&#8220;4.16&#8243; custom_padding=&#8220;|||&#8220; global_colors_info=&#8220;{}&#8220; custom_padding__hover=&#8220;|||&#8220;][et_pb_cta button_url=&#8220;https:\/\/www.territory-influence.com\/influencer\/?lang=de&#8220; url_new_window=&#8220;on&#8220; button_text=&#8220;Unsere Influencer:innen&#8220; module_class=&#8220;tt-white&#8220; _builder_version=&#8220;4.21.0&#8243; header_font=&#8220;Roboto|900|||||||&#8220; header_text_color=&#8220;#ffffff&#8220; header_font_size=&#8220;33px&#8220; header_line_height=&#8220;1.3em&#8220; body_font=&#8220;Roboto|300|||||||&#8220; body_text_align=&#8220;left&#8220; body_text_color=&#8220;#ffffff&#8220; body_font_size=&#8220;16px&#8220; use_background_color=&#8220;off&#8220; custom_button=&#8220;on&#8220; button_text_size=&#8220;16px&#8220; button_text_color=&#8220;#ffffff&#8220; button_bg_color=&#8220;#FF4E00&#8243; button_border_width=&#8220;10px&#8220; button_border_color=&#8220;#FF4E00&#8243; button_border_radius=&#8220;0px&#8220; button_font=&#8220;Roboto|700|||||||&#8220; button_icon=&#8220;&#x24;||divi||400&#8243; button_icon_color=&#8220;#ffffff&#8220; button_on_hover=&#8220;off&#8220; button_alignment=&#8220;left&#8220; max_width=&#8220;600px&#8220; max_width_tablet=&#8220;&#8220; max_width_phone=&#8220;&#8220; max_width_last_edited=&#8220;on|desktop&#8220; module_alignment=&#8220;right&#8220; custom_margin=&#8220;18%||18%|&#8220; custom_margin_tablet=&#8220;|||&#8220; custom_margin_phone=&#8220;|||&#8220; custom_margin_last_edited=&#8220;on|tablet&#8220; custom_padding=&#8220;|||10%&#8220; custom_padding_tablet=&#8220;|10%||&#8220; custom_padding_phone=&#8220;|60px||60px&#8220; custom_padding_last_edited=&#8220;on|phone&#8220; hover_enabled=&#8220;0&#8243; header_font_size_tablet=&#8220;&#8220; header_font_size_phone=&#8220;40px&#8220; header_font_size_last_edited=&#8220;on|phone&#8220; button_border_radius_hover=&#8220;0px&#8220; global_colors_info=&#8220;{}&#8220; button_text_size__hover_enabled=&#8220;off&#8220; button_one_text_size__hover_enabled=&#8220;off&#8220; button_two_text_size__hover_enabled=&#8220;off&#8220; button_text_color__hover_enabled=&#8220;off&#8220; button_one_text_color__hover_enabled=&#8220;off&#8220; button_two_text_color__hover_enabled=&#8220;off&#8220; button_border_width__hover_enabled=&#8220;off&#8220; button_one_border_width__hover_enabled=&#8220;off&#8220; button_two_border_width__hover_enabled=&#8220;off&#8220; button_border_color__hover_enabled=&#8220;off&#8220; button_one_border_color__hover_enabled=&#8220;off&#8220; button_two_border_color__hover_enabled=&#8220;off&#8220; button_border_radius__hover_enabled=&#8220;on&#8220; button_border_radius__hover=&#8220;0px&#8220; button_one_border_radius__hover_enabled=&#8220;off&#8220; button_two_border_radius__hover_enabled=&#8220;off&#8220; button_letter_spacing__hover_enabled=&#8220;off&#8220; button_one_letter_spacing__hover_enabled=&#8220;off&#8220; button_two_letter_spacing__hover_enabled=&#8220;off&#8220; button_bg_color__hover_enabled=&#8220;off&#8220; button_one_bg_color__hover_enabled=&#8220;off&#8220; button_two_bg_color__hover_enabled=&#8220;off&#8220; sticky_enabled=&#8220;0&#8243;]<\/p>\n<h2>58 % der Millennials sagen, dass Influencer:innen sie inspirieren, neue Produkte oder Services auszuprobieren (Kantar)<\/h2>\n<p>&nbsp;<\/p>\n<p>\u00dcber Reichweite &amp; Branding hinaus erm\u00f6glicht Influencer-Content Zielgruppen f\u00fcr Marken zu aktivieren und einzubinden \u2013 insbesondere j\u00fcngere Generationen. Unsere verschiedenen Influencer-Typen (Nano-, Micro-, Macro-, Star-Influencer:innen) erm\u00f6glichen, die richtige Balance zwischen Quantit\u00e4t, Qualit\u00e4t sowie Authentizit\u00e4t zu finden. Sie setzen mit unserem Brieifing deine Marken in Posts, Videos oder Livestreams auf glaubw\u00fcrdige Weise in Szene, wodurch Markenbotschaften effizient vermittelt und Ziele erreichen werden.<\/p>\n<p>[\/et_pb_cta][\/et_pb_column][et_pb_column type=&#8220;1_2&#8243; _builder_version=&#8220;4.16&#8243; custom_padding=&#8220;|||&#8220; global_colors_info=&#8220;{}&#8220; custom_padding__hover=&#8220;|||&#8220;][et_pb_image src=&#8220;https:\/\/www.territory-influence.com\/wp-content\/uploads\/2020\/12\/Digital-influencer-marketing-2.jpg&#8220; alt=&#8220;Digitales Influencer Marketing&#8220; title_text=&#8220;Digitales Influencer Marketing&#8220; force_fullwidth=&#8220;on&#8220; align_tablet=&#8220;center&#8220; align_phone=&#8220;&#8220; align_last_edited=&#8220;on|desktop&#8220; _builder_version=&#8220;4.16&#8243; global_colors_info=&#8220;{}&#8220;][\/et_pb_image][\/et_pb_column][\/et_pb_row][et_pb_row column_structure=&#8220;1_5,1_5,1_5,1_5,1_5&#8243; _builder_version=&#8220;4.16&#8243; _module_preset=&#8220;default&#8220; min_height=&#8220;299px&#8220; custom_margin=&#8220;40px|auto||auto||&#8220; global_colors_info=&#8220;{}&#8220;][et_pb_column type=&#8220;1_5&#8243; _builder_version=&#8220;4.16&#8243; _module_preset=&#8220;default&#8220; global_colors_info=&#8220;{}&#8220;][et_pb_image src=&#8220;https:\/\/www.territory-influence.com\/wp-content\/uploads\/2020\/12\/digital-influence-icons.png&#8220; alt=&#8220;test&#8220; title_text=&#8220;digital-influence-icons&#8220; _builder_version=&#8220;4.16&#8243; _module_preset=&#8220;default&#8220; global_colors_info=&#8220;{}&#8220;][\/et_pb_image][et_pb_text module_class=&#8220;tt-white&#8220; _builder_version=&#8220;4.21.0&#8243; _module_preset=&#8220;default&#8220; text_font=&#8220;Roboto|700|||||||&#8220; text_text_color=&#8220;#ffffff&#8220; text_font_size=&#8220;20px&#8220; text_line_height=&#8220;1.3em&#8220; background_layout=&#8220;dark&#8220; custom_margin=&#8220;-15px||||false|false&#8220; hover_enabled=&#8220;0&#8243; global_colors_info=&#8220;{}&#8220; sticky_enabled=&#8220;0&#8243;]<\/p>\n<p style=\"text-align: center;\">INTEGRIERTER<br \/>\nCONTENT<\/p>\n<p>[\/et_pb_text][et_pb_image src=&#8220;https:\/\/www.territory-influence.com\/wp-content\/uploads\/2020\/12\/6.png&#8220; title_text=&#8220;6&#8243; _builder_version=&#8220;4.16&#8243; _module_preset=&#8220;default&#8220; custom_margin=&#8220;||12px|||&#8220; global_colors_info=&#8220;{}&#8220;][\/et_pb_image][et_pb_text module_class=&#8220;tt-white&#8220; _builder_version=&#8220;4.21.0&#8243; _module_preset=&#8220;default&#8220; text_font=&#8220;Roboto|700|||||||&#8220; text_text_color=&#8220;#ffffff&#8220; text_font_size=&#8220;20px&#8220; text_line_height=&#8220;1.3em&#8220; background_layout=&#8220;dark&#8220; custom_margin=&#8220;0px||||false|false&#8220; hover_enabled=&#8220;0&#8243; global_colors_info=&#8220;{}&#8220; sticky_enabled=&#8220;0&#8243;]<\/p>\n<p style=\"text-align: center;\">ACCOUNT<br \/>\nTAKEOVER<\/p>\n<p>[\/et_pb_text][\/et_pb_column][et_pb_column type=&#8220;1_5&#8243; _builder_version=&#8220;4.16&#8243; _module_preset=&#8220;default&#8220; global_colors_info=&#8220;{}&#8220;][et_pb_image src=&#8220;https:\/\/www.territory-influence.com\/wp-content\/uploads\/2020\/12\/2.png&#8220; title_text=&#8220;2&#8243; _builder_version=&#8220;4.16&#8243; _module_preset=&#8220;default&#8220; global_colors_info=&#8220;{}&#8220;][\/et_pb_image][et_pb_text module_class=&#8220;tt-white&#8220; _builder_version=&#8220;4.21.0&#8243; _module_preset=&#8220;default&#8220; text_font=&#8220;Roboto|700|||||||&#8220; text_text_color=&#8220;#ffffff&#8220; text_font_size=&#8220;20px&#8220; text_line_height=&#8220;1.3em&#8220; background_layout=&#8220;dark&#8220; custom_margin=&#8220;-15px||||false|false&#8220; hover_enabled=&#8220;0&#8243; global_colors_info=&#8220;{}&#8220; sticky_enabled=&#8220;0&#8243;]<\/p>\n<p style=\"text-align: center;\">ZIELGENAUER<br \/>\nCONTENT<\/p>\n<p>[\/et_pb_text][et_pb_image src=&#8220;https:\/\/www.territory-influence.com\/wp-content\/uploads\/2020\/12\/7.png&#8220; title_text=&#8220;7&#8243; _builder_version=&#8220;4.16&#8243; _module_preset=&#8220;default&#8220; global_colors_info=&#8220;{}&#8220;][\/et_pb_image][et_pb_text module_class=&#8220;tt-white&#8220; _builder_version=&#8220;4.21.0&#8243; _module_preset=&#8220;default&#8220; text_font=&#8220;Roboto|700|||||||&#8220; text_text_color=&#8220;#ffffff&#8220; text_font_size=&#8220;20px&#8220; text_line_height=&#8220;1.3em&#8220; background_layout=&#8220;dark&#8220; custom_margin=&#8220;-15px||||false|false&#8220; hover_enabled=&#8220;0&#8243; global_colors_info=&#8220;{}&#8220; sticky_enabled=&#8220;0&#8243;]<\/p>\n<p style=\"text-align: center;\">MEDIA<br \/>LEVERAGE<\/p>\n<p>[\/et_pb_text][\/et_pb_column][et_pb_column type=&#8220;1_5&#8243; _builder_version=&#8220;4.16&#8243; _module_preset=&#8220;default&#8220; global_colors_info=&#8220;{}&#8220;][et_pb_image src=&#8220;https:\/\/www.territory-influence.com\/wp-content\/uploads\/2020\/12\/3.png&#8220; title_text=&#8220;3&#8243; _builder_version=&#8220;4.16&#8243; _module_preset=&#8220;default&#8220; global_colors_info=&#8220;{}&#8220;][\/et_pb_image][et_pb_text module_class=&#8220;tt-white&#8220; _builder_version=&#8220;4.21.0&#8243; _module_preset=&#8220;default&#8220; text_font=&#8220;Roboto|700|||||||&#8220; text_text_color=&#8220;#ffffff&#8220; text_font_size=&#8220;20px&#8220; text_line_height=&#8220;1.3em&#8220; background_layout=&#8220;dark&#8220; custom_margin=&#8220;-15px||||false|false&#8220; hover_enabled=&#8220;0&#8243; global_colors_info=&#8220;{}&#8220; sticky_enabled=&#8220;0&#8243;]<\/p>\n<p style=\"text-align: center;\">SPONSORED<br \/>\nCONTENT<\/p>\n<p>[\/et_pb_text][et_pb_image src=&#8220;https:\/\/www.territory-influence.com\/wp-content\/uploads\/2020\/12\/8.png&#8220; title_text=&#8220;8&#8243; _builder_version=&#8220;4.16&#8243; _module_preset=&#8220;default&#8220; global_colors_info=&#8220;{}&#8220;][\/et_pb_image][et_pb_text module_class=&#8220;tt-white&#8220; _builder_version=&#8220;4.21.0&#8243; _module_preset=&#8220;default&#8220; text_font=&#8220;Roboto|700|||||||&#8220; text_text_color=&#8220;#ffffff&#8220; text_font_size=&#8220;20px&#8220; text_line_height=&#8220;1.3em&#8220; background_layout=&#8220;dark&#8220; custom_margin=&#8220;-15px||||false|false&#8220; hover_enabled=&#8220;0&#8243; global_colors_info=&#8220;{}&#8220; sticky_enabled=&#8220;0&#8243;]<\/p>\n<p style=\"text-align: center;\">MARKEN<br \/>BOTSCHAFTER-<br \/>PLAN<\/p>\n<p>[\/et_pb_text][\/et_pb_column][et_pb_column type=&#8220;1_5&#8243; _builder_version=&#8220;4.16&#8243; _module_preset=&#8220;default&#8220; global_colors_info=&#8220;{}&#8220;][et_pb_image src=&#8220;https:\/\/www.territory-influence.com\/wp-content\/uploads\/2020\/12\/4.png&#8220; title_text=&#8220;4&#8243; _builder_version=&#8220;4.16&#8243; _module_preset=&#8220;default&#8220; global_colors_info=&#8220;{}&#8220;][\/et_pb_image][et_pb_text module_class=&#8220;tt-white&#8220; _builder_version=&#8220;4.21.0&#8243; _module_preset=&#8220;default&#8220; text_font=&#8220;Roboto|700|||||||&#8220; text_text_color=&#8220;#ffffff&#8220; text_font_size=&#8220;20px&#8220; text_line_height=&#8220;1.3em&#8220; background_layout=&#8220;dark&#8220; custom_margin=&#8220;-15px||||false|false&#8220; hover_enabled=&#8220;0&#8243; global_colors_info=&#8220;{}&#8220; sticky_enabled=&#8220;0&#8243;]<\/p>\n<p style=\"text-align: center;\">GEWINNSPIELE &amp;<br \/>\nGESCHENKE<\/p>\n<p>[\/et_pb_text][et_pb_image src=&#8220;https:\/\/www.territory-influence.com\/wp-content\/uploads\/2020\/12\/9.png&#8220; title_text=&#8220;9&#8243; _builder_version=&#8220;4.16&#8243; _module_preset=&#8220;default&#8220; global_colors_info=&#8220;{}&#8220;][\/et_pb_image][et_pb_text module_class=&#8220;tt-white&#8220; _builder_version=&#8220;4.21.0&#8243; _module_preset=&#8220;default&#8220; text_font=&#8220;Roboto|700|||||||&#8220; text_text_color=&#8220;#ffffff&#8220; text_font_size=&#8220;20px&#8220; text_line_height=&#8220;1.3em&#8220; background_layout=&#8220;dark&#8220; custom_margin=&#8220;-15px||||false|false&#8220; hover_enabled=&#8220;0&#8243; global_colors_info=&#8220;{}&#8220; sticky_enabled=&#8220;0&#8243;]<\/p>\n<p style=\"text-align: center;\">EVENT<br \/>\nEINLADUNGEN<\/p>\n<p>[\/et_pb_text][\/et_pb_column][et_pb_column type=&#8220;1_5&#8243; _builder_version=&#8220;4.16&#8243; _module_preset=&#8220;default&#8220; global_colors_info=&#8220;{}&#8220;][et_pb_image src=&#8220;https:\/\/www.territory-influence.com\/wp-content\/uploads\/2020\/12\/5.png&#8220; title_text=&#8220;5&#8243; _builder_version=&#8220;4.16&#8243; _module_preset=&#8220;default&#8220; global_colors_info=&#8220;{}&#8220;][\/et_pb_image][et_pb_text module_class=&#8220;tt-white&#8220; _builder_version=&#8220;4.21.0&#8243; _module_preset=&#8220;default&#8220; text_font=&#8220;Roboto|700|||||||&#8220; text_text_color=&#8220;#ffffff&#8220; text_font_size=&#8220;20px&#8220; text_line_height=&#8220;1.3em&#8220; background_layout=&#8220;dark&#8220; custom_margin=&#8220;-15px||||false|false&#8220; hover_enabled=&#8220;0&#8243; global_colors_info=&#8220;{}&#8220; sticky_enabled=&#8220;0&#8243;]<\/p>\n<p style=\"text-align: center;\">BRAND<br \/>\nCO-CREATION<\/p>\n<p>[\/et_pb_text][et_pb_image src=&#8220;https:\/\/www.territory-influence.com\/wp-content\/uploads\/2020\/12\/10.png&#8220; title_text=&#8220;10&#8243; _builder_version=&#8220;4.16&#8243; _module_preset=&#8220;default&#8220; global_colors_info=&#8220;{}&#8220;][\/et_pb_image][et_pb_text module_class=&#8220;tt-white&#8220; _builder_version=&#8220;4.21.0&#8243; _module_preset=&#8220;default&#8220; text_font=&#8220;Roboto|700|||||||&#8220; text_text_color=&#8220;#ffffff&#8220; text_font_size=&#8220;20px&#8220; text_line_height=&#8220;1.3em&#8220; background_layout=&#8220;dark&#8220; custom_margin=&#8220;-15px||||false|false&#8220; hover_enabled=&#8220;0&#8243; global_colors_info=&#8220;{}&#8220; sticky_enabled=&#8220;0&#8243;]<\/p>\n<p style=\"text-align: center;\">LOYALTY<br \/>\nPROGRAMME<\/p>\n<p>[\/et_pb_text][\/et_pb_column][\/et_pb_row][\/et_pb_section][et_pb_section fb_built=&#8220;1&#8243; admin_label=&#8220;Our Works CTA Section&#8220; _builder_version=&#8220;4.16&#8243; background_color=&#8220;#1a1a1a&#8220; custom_padding=&#8220;3px|0px|0px|0px||&#8220; global_colors_info=&#8220;{}&#8220;][et_pb_row admin_label=&#8220;Image Row&#8220; _builder_version=&#8220;4.16&#8243; width=&#8220;100%&#8220; max_width=&#8220;100%&#8220; custom_padding=&#8220;|0px|0px||false|false&#8220; use_custom_width=&#8220;on&#8220; width_unit=&#8220;off&#8220; custom_width_percent=&#8220;100%&#8220; global_colors_info=&#8220;{}&#8220;][et_pb_column type=&#8220;4_4&#8243; _builder_version=&#8220;4.16&#8243; custom_padding=&#8220;|||&#8220; global_colors_info=&#8220;{}&#8220; custom_padding__hover=&#8220;|||&#8220;][et_pb_image src=&#8220;https:\/\/www.territory-influence.com\/wp-content\/uploads\/2020\/12\/social-media-website.jpg&#8220; alt=&#8220;Social Media Kan\u00e4le&#8220; title_text=&#8220;Social Media Kan\u00e4le&#8220; force_fullwidth=&#8220;on&#8220; _builder_version=&#8220;4.16&#8243; module_alignment=&#8220;left&#8220; custom_margin=&#8220;80px|||||&#8220; always_center_on_mobile=&#8220;off&#8220; global_colors_info=&#8220;{}&#8220;][\/et_pb_image][\/et_pb_column][\/et_pb_row][\/et_pb_section][et_pb_section fb_built=&#8220;1&#8243; admin_label=&#8220;Testimonial Section&#8220; _builder_version=&#8220;4.16&#8243; custom_padding=&#8220;0px||0px|&#8220; global_colors_info=&#8220;{}&#8220;][et_pb_row column_structure=&#8220;1_2,1_2&#8243; use_custom_gutter=&#8220;on&#8220; gutter_width=&#8220;1&#8243; make_equal=&#8220;on&#8220; custom_padding_last_edited=&#8220;on|phone&#8220; admin_label=&#8220;Testimonial Row&#8220; _builder_version=&#8220;4.16&#8243; width=&#8220;100%&#8220; custom_margin=&#8220;|||&#8220; custom_padding=&#8220;100px|0%|100px|0%||&#8220; custom_padding_tablet=&#8220;|||10%&#8220; custom_padding_phone=&#8220;&#8220; use_custom_width=&#8220;on&#8220; width_unit=&#8220;off&#8220; custom_width_percent=&#8220;100%&#8220; global_colors_info=&#8220;{}&#8220;][et_pb_column type=&#8220;1_2&#8243; _builder_version=&#8220;4.16&#8243; _module_preset=&#8220;default&#8220; global_colors_info=&#8220;{}&#8220;][et_pb_text module_class=&#8220;tt-black&#8220; _builder_version=&#8220;4.21.0&#8243; _module_preset=&#8220;default&#8220; header_font=&#8220;Roboto|900||on|||||&#8220; header_font_size=&#8220;40px&#8220; header_2_font=&#8220;Roboto|900||on|||||&#8220; header_2_font_size=&#8220;35px&#8220; width=&#8220;75%&#8220; module_alignment=&#8220;left&#8220; custom_margin=&#8220;|0px|||false|false&#8220; custom_padding=&#8220;|0px|||false|false&#8220; hover_enabled=&#8220;0&#8243; global_colors_info=&#8220;{}&#8220; sticky_enabled=&#8220;0&#8243;]<\/p>\n<h1>Fordere uns heraus und<br \/>vertraue DEINEN INFLUENCER:INNEN!<\/h1>\n<p>[\/et_pb_text][et_pb_button button_url=&#8220;https:\/\/www.territory-influence.com\/kontakt\/?lang=de&#8220; button_text=&#8220;Jetzt starten&#8220; button_alignment=&#8220;left&#8220; _builder_version=&#8220;4.16&#8243; _module_preset=&#8220;default&#8220; custom_button=&#8220;on&#8220; button_text_size=&#8220;18px&#8220; button_text_color=&#8220;#ffffff&#8220; button_bg_color=&#8220;#FF4E00&#8243; button_border_width=&#8220;10px&#8220; button_border_color=&#8220;#FF4E00&#8243; button_border_radius=&#8220;0px&#8220; button_font=&#8220;Roboto|700|||||||&#8220; button_icon=&#8220;&#x24;||divi||400&#8243; button_icon_color=&#8220;#ffffff&#8220; button_on_hover=&#8220;off&#8220; custom_margin=&#8220;28px||50px||false|false&#8220; global_colors_info=&#8220;{}&#8220;][\/et_pb_button][\/et_pb_column][et_pb_column type=&#8220;1_2&#8243; _builder_version=&#8220;4.16&#8243; background_enable_color=&#8220;off&#8220; custom_padding=&#8220;|||&#8220; global_colors_info=&#8220;{}&#8220; custom_padding__hover=&#8220;|||&#8220;][et_pb_testimonial author=&#8220;Aline Veillerette&#8220; job_title=&#8220;Marketing Manager&#8220; company_name=&#8220; Caf\u00e9 Royal (Delica AG) Frankreich&#8220; portrait_url=&#8220;https:\/\/www.territory-influence.com\/wp-content\/uploads\/2020\/11\/Aline-Veillerette.jpg&#8220; quote_icon=&#8220;off&#8220; portrait_width=&#8220;60px&#8220; portrait_height=&#8220;60px&#8220; _builder_version=&#8220;4.16&#8243; body_font=&#8220;Roboto||||||||&#8220; body_line_height=&#8220;1.4em&#8220; author_font=&#8220;Roboto|700|||||||&#8220; position_font=&#8220;Roboto||||||||&#8220; position_font_size=&#8220;12px&#8220; position_line_height=&#8220;1.3em&#8220; company_font=&#8220;Roboto||||||||&#8220; company_font_size=&#8220;12px&#8220; company_line_height=&#8220;1.3em&#8220; background_color=&#8220;#FF4E00&#8243; background_layout=&#8220;dark&#8220; width=&#8220;100%&#8220; module_alignment=&#8220;right&#8220; custom_margin=&#8220;|-48px||-100px|false|false&#8220; custom_padding=&#8220;30px|25px|30px||false|false&#8220; global_colors_info=&#8220;{}&#8220;]<\/p>\n<p>Influencer Marketing setzt auf eine starke Beziehung zwischen Influencern und ihren Communites. Dabei geht es um Vertrauen. <span data-contrast=\"auto\" lang=\"EN-US\" class=\"TextRun BCX0 SCXW25122657\"><span class=\"NormalTextRun BCX0 SCXW25122657\">Ein Vertrauen,<span> <\/span><\/span><\/span><span data-contrast=\"auto\" lang=\"EN-US\" class=\"TextRun BCX0 SCXW25122657\"><span class=\"NormalTextRun ContextualSpellingAndGrammarErrorV2 BCX0 SCXW25122657\">das Marken<\/span><\/span><span data-contrast=\"auto\" lang=\"EN-US\" class=\"TextRun BCX0 SCXW25122657\"><span class=\"NormalTextRun BCX0 SCXW25122657\"><span> <\/span>als Teil<\/span><\/span> einer Influencer Kampagnen anerkennen sollten und durch die kreative Freiheit f\u00fcr die Influencer zum Ausdruck gebracht werden kann. Der Erfolg funktioniert wie bei einer nicht-virtuellen Beziehung: mit einer Verbundenheit zu Menschen und einem Gef\u00fchl von Vertrauen, das mit der Zeit w\u00e4chst!<\/p>\n<p>[\/et_pb_testimonial][\/et_pb_column][\/et_pb_row][\/et_pb_section]<\/p>\n","protected":false},"excerpt":{"rendered":"<p>Influencer<\/p>\n","protected":false},"author":19,"featured_media":0,"parent":0,"menu_order":0,"comment_status":"closed","ping_status":"closed","template":"","meta":{"_et_pb_use_builder":"on","_et_pb_old_content":"","_et_gb_content_width":"","footnotes":""},"class_list":["post-5841","page","type-page","status-publish","hentry"],"aioseo_notices":[],"_links":{"self":[{"href":"https:\/\/www.territory-influence.com\/de\/wp-json\/wp\/v2\/pages\/5841","targetHints":{"allow":["GET"]}}],"collection":[{"href":"https:\/\/www.territory-influence.com\/de\/wp-json\/wp\/v2\/pages"}],"about":[{"href":"https:\/\/www.territory-influence.com\/de\/wp-json\/wp\/v2\/types\/page"}],"author":[{"embeddable":true,"href":"https:\/\/www.territory-influence.com\/de\/wp-json\/wp\/v2\/users\/19"}],"replies":[{"embeddable":true,"href":"https:\/\/www.territory-influence.com\/de\/wp-json\/wp\/v2\/comments?post=5841"}],"version-history":[{"count":2,"href":"https:\/\/www.territory-influence.com\/de\/wp-json\/wp\/v2\/pages\/5841\/revisions"}],"predecessor-version":[{"id":35325,"href":"https:\/\/www.territory-influence.com\/de\/wp-json\/wp\/v2\/pages\/5841\/revisions\/35325"}],"wp:attachment":[{"href":"https:\/\/www.territory-influence.com\/de\/wp-json\/wp\/v2\/media?parent=5841"}],"curies":[{"name":"wp","href":"https:\/\/api.w.org\/{rel}","templated":true}]}}