{"id":7945,"date":"2021-05-18T09:19:27","date_gmt":"2021-05-18T09:19:27","guid":{"rendered":"https:\/\/www.territory-influence.com\/impressum\/"},"modified":"2026-03-04T15:11:34","modified_gmt":"2026-03-04T15:11:34","slug":"impressum","status":"publish","type":"page","link":"https:\/\/www.territory-influence.com\/de\/impressum\/","title":{"rendered":"<tt-underline><\/tt-underline>Impressum"},"content":{"rendered":"<p>[et_pb_section fb_built=&#8220;1&#8243; _builder_version=&#8220;4.16&#8243; _module_preset=&#8220;default&#8220; global_colors_info=&#8220;{}&#8220;][et_pb_row _builder_version=&#8220;4.16&#8243; _module_preset=&#8220;default&#8220; width=&#8220;71.9%&#8220; global_colors_info=&#8220;{}&#8220;][et_pb_column type=&#8220;4_4&#8243; _builder_version=&#8220;4.16&#8243; _module_preset=&#8220;default&#8220; global_colors_info=&#8220;{}&#8220;][et_pb_text module_class=&#8220;tt-black&#8220; _builder_version=&#8220;4.21.0&#8243; _module_preset=&#8220;default&#8220; header_font=&#8220;|800|||||||&#8220; header_font_size=&#8220;40px&#8220; global_colors_info=&#8220;{}&#8220;]<\/p>\n<div class=\"item-padd-mob section-text text-block \">\n<div class=\"simple-text md\">\n<h1 class=\"h1\"><tt-underline><\/tt-underline> IMPRESSUM<\/h1>\n<p><strong><\/strong><\/p>\n<p><strong>Angaben gem\u00e4\u00df \u00a75 DDG nach Art. 13 Abs. 1 lit. a) Datenschutz-Grundverordnung<\/strong><\/p>\n<p><strong><\/strong><\/p>\n<\/div>\n<\/div>\n<div class=\"item-padd-mob section-text text-block \">\n<div class=\"simple-text md\">\n<h3>TERRITORY INFLUENCE GmbH<\/h3>\n<\/div>\n<\/div>\n<div class=\"item-padd-mob section-text text-block \">\n<div class=\"simple-text md\">\n<p>B\u00fcro M\u00fcnchen<br \/>Neumarkter Str. 26<br \/>81673 M\u00fcnchen, Deutschland<\/p>\n<p>Telefon +49 (0) 89 \u2013 437 210 \u2013 000<br \/>Email:<span> <\/span><a href=\"mailto:info-influence@territory.group\">info-influence@territory.group<\/a><\/p>\n<\/div>\n<\/div>\n<div class=\"item-padd-mob section-text text-block \">\n<div class=\"simple-text md\">\n<p>&nbsp;<\/p>\n<p>B\u00fcro Hamburg<br \/><span>Gro\u00dfer Burstah 31<\/span><br \/><span>20457 Hamburg<\/span>, Deutschland<\/p>\n<p>Telefon +49 (0) 40 \u2013 80 90 \u2013 46 100<br \/>Email:<span> <a href=\"mailto:info-influence@territory.group\">info-influence@territory.group<\/a><\/span><\/p>\n<\/div>\n<\/div>\n<div class=\"item-padd-mob section-text text-block \">\n<div class=\"simple-text md\">\n<p>telefonisch erreichbar: wochentags 09:00 bis 18:00 Uhr<\/p>\n<p>&nbsp;<\/p>\n<\/div>\n<\/div>\n<div class=\"item-padd-mob section-text text-block \">\n<div class=\"simple-text md\">\n<p><strong>Datenschutzbeauftragte(r):<\/strong><br \/>TERRITORY Influence GmbH<br \/>c\/o TERRITORY Influence Datenschutzbeauftragte(r)<br \/>Neumarkter Str. 26<br \/>81673 M\u00fcnchen<br \/>Deutschland<\/p>\n<p>&nbsp;<\/p>\n<\/div>\n<\/div>\n<div class=\"item-padd-mob section-text text-block \">\n<div class=\"simple-text md\">\n<p>Telefon: +49 (0) 5241 \/ 234 80 \u2013 305<br \/>Fax +49 (0) 5241 \/ 234 80 \u2013 274<br \/>Email:<span> <\/span><a href=\"mailto:datenschutz@trnd.com\">datenschutz@trnd.com<\/a><span> <\/span>oder<span> <\/span><a href=\"mailto:dataprotection@trnd.com\">dataprotection@trnd.com<\/a><span> <\/span>oder<span> <\/span><a href=\"mailto:datenschutz@incircles.de\">datenschutz@incircles.de<\/a><\/p>\n<p>&nbsp;<\/p>\n<\/div>\n<\/div>\n<div class=\"item-padd-mob section-text text-block \">\n<div class=\"simple-text md\">\n<p><strong>Rechtliche Informationen und Verwaltung<\/strong><\/p>\n<\/div>\n<\/div>\n<div class=\"item-padd-mob section-text text-block \">\n<div class=\"simple-text md\">\n<p>Sitz in M\u00fcnchen &#8211; Registergericht M\u00fcnchen &#8211; Handelsregisternummer: HRB 226897 &#8211; Amtsgericht M\u00fcnchen &#8211; Umsatzsteuer-Identifikationsnummer (UStID) gem\u00e4\u00df \u00a7 27a Umsatzsteuergesetz (UStG): DE238390954 &#8211; Gesch\u00e4ftsf\u00fchrer: Stefan Schumacher, Karsten Hoffmann, Oliver Reinke<\/p>\n<p>&nbsp;<\/p>\n<\/div>\n<\/div>\n<div class=\"vc_separator wpb_content_element vc_separator_align_center vc_sep_width_100 vc_sep_pos_align_center vc_sep_color_grey vc_custom_1540825499996 trenner vc_separator-has-text\">\n<p><span class=\"vc_sep_holder vc_sep_holder_l\"><span class=\"vc_sep_line\"><\/span><\/span><\/p>\n<h4><\/h4>\n<h4>TERRITORY INFLUENCE Konzerngesellschaften<\/h4>\n<p>&nbsp;<\/p>\n<p>&nbsp;<\/p>\n<p><span class=\"vc_sep_holder vc_sep_holder_r\"><span class=\"vc_sep_line\"><\/span><\/span><\/p>\n<\/div>\n<div class=\"item-padd-mob section-text text-block \">\n<div class=\"simple-text md\">\n<h3>Middle Europe (Mitteleuropa)<\/h3>\n<p><strong>(Deutschland, \u00d6sterreich, Schweiz, UK)<\/strong><br \/>Territory Influence GmbH<br \/>Neumarkter Str. 26 26, 81673 M\u00fcnchen, Deutschland<\/p>\n<p>Telefon: +49 (0) 89 437 210 \u2013 00<br \/>Email:<span><a href=\"mailto:info-influence@territory.group\">info-influence@territory.group<\/a><\/span><\/p>\n<p>&nbsp;<\/p>\n<\/div>\n<\/div>\n<div class=\"item-padd-mob section-text text-block \">\n<div class=\"simple-text md\">\n<p><span>Datenschutzbeauftragte(r):<\/span><br \/>DACH:<span> <\/span><a href=\"mailto:datenschutz@trnd.com\">datenschutz@trnd.com<\/a><span> <\/span>oder<span> <\/span><a href=\"mailto:datenschutz@incircles.de\">datenschutz@incircles.de<\/a><\/p>\n<p>&nbsp;<\/p>\n<p>&nbsp;<\/p>\n<\/div>\n<\/div>\n<div class=\"item-padd-mob section-text text-block \">\n<div class=\"simple-text md\">\n<h3>Southern Europe (S\u00fcdeurope)<\/h3>\n<p><strong>(Spanien, Portugal, Italien)<\/strong><br \/>trnd ib\u00e9rica \u2013 the real network-dialogue, S.L.<br \/>Morales, 21-27, 3\u00b0 M . 08029 Barcelona, Espa\u00f1a<\/p>\n<p>Telefon: +34 934 537 271<br \/>Email:<span> <\/span><a href=\"mailto:info@trnd.es\">info@trnd.es<\/a><\/p>\n<p>&nbsp;<\/p>\n<\/div>\n<\/div>\n<div class=\"item-padd-mob section-text text-block \">\n<div class=\"simple-text md\">\n<p><span>Datenschutzbeauftragte(r)<\/span><br \/>SPANIEN:<span> <\/span><a href=\"mailto:dataprotection@trnd.es\">dataprotection@trnd.es<\/a><br \/>ITALIEN:<span> <\/span><a href=\"mailto:dataprotection@trnd.it\">dataprotection@trnd.it<\/a><br \/>PORTUGAL:<span> <\/span><a href=\"mailto:dataprotection@trnd.pt\">dataprotection@trnd.pt<\/a><br \/>BP:<span> <\/span><a href=\"mailto:dataprotection@bopki.es\">dataprotection@bopki.es<\/a><br \/>CI:<span> <\/span><a href=\"mailto:dataprotection@elclubdeinfluenciadores.es\">dataprotection@elclubdeinfluenciadores.es<\/a><br \/>IC:<span> <\/span><a href=\"mailto:dataprotection@incircles.es\">dataprotection@incircles.es<\/a><\/p>\n<p>&nbsp;<\/p>\n<\/div>\n<\/div>\n<div class=\"item-padd-mob section-text text-block \">\n<div class=\"simple-text md\">\n<p><span>Nuestro Delegado de Protecci\u00f3n de datos (solo en Espa\u00f1a):<\/span><br \/>Protecci\u00f3n de Datos Datax, SL<br \/>C\/ Bobinadora, 1-5, planta 1\u00aa, Local 15-17, Edificio BlauMar,<br \/>08302 Matar\u00f3 (Barcelona)<br \/>SPANIEN:<span> <\/span><a href=\"mailto:dpo@datax.es\">dpo@trnd.es<\/a><\/p>\n<p>&nbsp;<\/p>\n<\/div>\n<\/div>\n<div class=\"item-padd-mob section-text text-block \">\n<div class=\"simple-text md\">\n<h3><\/h3>\n<h3>Western Europe (Westeuropa)<\/h3>\n<p><strong>(Frankreich, Niederlanden, Belgien)<\/strong><br \/>TERRITORY Influence WE<br \/>16 Rue Auber, 75009 Paris, France<\/p>\n<p>Telefon: +33 (0) 1 46 22 48 66<br \/>Email: <a href=\"mailto:bonjour-influence@territory.group\">bonjour-influence@territory.group<\/a><\/p>\n<p><span style=\"font-size: 14px;\">Responsable de la protection des donn\u00e9es<\/span><span style=\"font-size: 14px;\">:<\/span><\/p>\n<\/div>\n<\/div>\n<div class=\"item-padd-mob section-text text-block \">\n<div class=\"simple-text md\">\n<p>FR:<span> <\/span><a href=\"mailto:dataprotection@trnd.fr\">dataprotection@trnd.fr<\/a><br \/>BE:<span> <\/span><a href=\"mailto:dataprotection@trnd.be\">dataprotection@trnd.be<\/a><br \/>NL:<span> <\/span><a href=\"mailto:dataprotection@trnd.nl\">dataprotection@trnd.nl<\/a><\/p>\n<p>&nbsp;<\/p>\n<p>&nbsp;<\/p>\n<p>&nbsp;<\/p>\n<\/div>\n<\/div>\n<div class=\"item-padd-mob section-text text-block \">\n<div class=\"simple-text md\">\n<h3>Central Eastern Europe (CEE Hauptsitz)<\/h3>\n<p><strong>(Ungarn, Polen, Tschechien, Slowenien)<\/strong><br \/>Territory Influence CEE Kft.<br \/>1095 Budapest<br \/>Ipar utca 5.<\/p>\n<p>Telefon: +36 1 209 9361<br \/>Email:<span> <\/span><a href=\"mailto:info@trnd.hu\">info@trnd.hu<\/a><\/p>\n<\/div>\n<\/div>\n<div class=\"item-padd-mob section-text text-block \">\n<div class=\"simple-text md\">\n<p><span>Adatv\u00e9delmi tisztvisel\u0151:<\/span><br \/>HU:<span> <\/span><a href=\"mailto:dataprotection@trnd.hu\">dataprotection@trnd.hu<\/a><\/p>\n<p>&nbsp;<\/p>\n<\/div>\n<\/div>\n<div class=\"item-padd-mob section-text text-block \">\n<div class=\"simple-text md\">\n<p><strong>Tschechien &amp; Slowenien<\/strong><br \/>trnd Central Eastern Europe Kft., organiza\u010dn\u00ed slo\u017eka<br \/>Lubla\u0148sk\u00e1 667\/42<br \/>120 00 Prague 2 \u2013 Vinohrady, Czech Republic<\/p>\n<p>Telefon: +42 0 221 989 503<br \/>Email:<span> <\/span><a href=\"mailto:info@trnd.cz\">info@trnd.cz<\/a><\/p>\n<p>&nbsp;<\/p>\n<\/div>\n<\/div>\n<div class=\"item-padd-mob section-text text-block \">\n<div class=\"simple-text md\">\n<p><span>Kontakt pro ochranu dat v \u010cesk\u00e9 republice:<\/span><\/p>\n<p><span style=\"font-size: 14px;\">CZ: <\/span><a href=\"mailto:dataprotection@trnd.cz\" style=\"font-size: 14px;\">dataprotection@trnd.cz<\/a><\/p>\n<p>&nbsp;<\/p>\n<\/div>\n<\/div>\n<div class=\"item-padd-mob section-text text-block \">\n<div class=\"simple-text md\">\n<p><strong>Polen<\/strong><br \/>Territory Influence CEE Kft. Sp. z O.O. w Polsce<br \/>Warsaw Unit (13 pietro)<br \/>Rondo Daszy\u0144skiego 1<br \/>00-843 Warszawa, Poland<\/p>\n<p>Telefon: +48 (0) 22 \u2013 113 99 25<br \/>Email:<span> <\/span><a href=\"mailto:info@trnd.pl\">info@trnd.pl<\/a><\/p>\n<p>&nbsp;<\/p>\n<\/div>\n<\/div>\n<div class=\"item-padd-mob section-text text-block \">\n<div class=\"simple-text md\">\n<p><span>Inspektor ds. ochrony danych:<\/span><br \/>PL:<span> <\/span><a href=\"mailto:dataprotection@trnd.pl\">dataprotection@trnd.pl<\/a><\/p>\n<\/div>\n<\/div>\n<p>[\/et_pb_text][\/et_pb_column][\/et_pb_row][\/et_pb_section]<\/p>\n","protected":false},"excerpt":{"rendered":"<p>IMPRESSUM Angaben gem\u00e4\u00df \u00a75 DDG nach Art. 13 Abs. 1 lit. a) Datenschutz-Grundverordnung TERRITORY INFLUENCE GmbH B\u00fcro M\u00fcnchenNeumarkter Str. 2681673 M\u00fcnchen, Deutschland Telefon +49 (0) 89 \u2013 437 210 \u2013 000Email: info-influence@territory.group &nbsp; B\u00fcro HamburgGro\u00dfer Burstah 3120457 Hamburg, Deutschland Telefon +49 (0) 40 \u2013 80 90 \u2013 46 100Email: info-influence@territory.group telefonisch erreichbar: wochentags 09:00 bis [&hellip;]<\/p>\n","protected":false},"author":19,"featured_media":0,"parent":0,"menu_order":0,"comment_status":"closed","ping_status":"closed","template":"","meta":{"_et_pb_use_builder":"on","_et_pb_old_content":"","_et_gb_content_width":"","footnotes":""},"class_list":["post-7945","page","type-page","status-publish","hentry"],"aioseo_notices":[],"_links":{"self":[{"href":"https:\/\/www.territory-influence.com\/de\/wp-json\/wp\/v2\/pages\/7945","targetHints":{"allow":["GET"]}}],"collection":[{"href":"https:\/\/www.territory-influence.com\/de\/wp-json\/wp\/v2\/pages"}],"about":[{"href":"https:\/\/www.territory-influence.com\/de\/wp-json\/wp\/v2\/types\/page"}],"author":[{"embeddable":true,"href":"https:\/\/www.territory-influence.com\/de\/wp-json\/wp\/v2\/users\/19"}],"replies":[{"embeddable":true,"href":"https:\/\/www.territory-influence.com\/de\/wp-json\/wp\/v2\/comments?post=7945"}],"version-history":[{"count":10,"href":"https:\/\/www.territory-influence.com\/de\/wp-json\/wp\/v2\/pages\/7945\/revisions"}],"predecessor-version":[{"id":43047,"href":"https:\/\/www.territory-influence.com\/de\/wp-json\/wp\/v2\/pages\/7945\/revisions\/43047"}],"wp:attachment":[{"href":"https:\/\/www.territory-influence.com\/de\/wp-json\/wp\/v2\/media?parent=7945"}],"curies":[{"name":"wp","href":"https:\/\/api.w.org\/{rel}","templated":true}]}}