{"id":40291,"date":"2020-12-02T19:11:06","date_gmt":"2020-12-02T19:11:06","guid":{"rendered":"https:\/\/www.territory-influence.com\/terms-of-use\/"},"modified":"2025-01-28T08:41:57","modified_gmt":"2025-01-28T08:41:57","slug":"terms-of-use","status":"publish","type":"page","link":"https:\/\/www.territory-influence.com\/es\/terms-of-use\/","title":{"rendered":"Condiciones de uso"},"content":{"rendered":"<p>[et_pb_section fb_built=\u00bb1&#8243; _builder_version=\u00bb4.7.4&#8243; _module_preset=\u00bbdefault\u00bb global_colors_info=\u00bb{}\u00bb][et_pb_row _builder_version=\u00bb4.7.4&#8243; _module_preset=\u00bbdefault\u00bb global_colors_info=\u00bb{}\u00bb][et_pb_column type=\u00bb4_4&#8243; _builder_version=\u00bb4.7.4&#8243; _module_preset=\u00bbdefault\u00bb global_colors_info=\u00bb{}\u00bb][et_pb_text module_class=\u00bbtt-black\u00bb _builder_version=\u00bb4.7.4&#8243; _module_preset=\u00bbdefault\u00bb text_font=\u00bbRoboto||||||||\u00bb header_font=\u00bbRoboto|900|||||||\u00bb header_font_size=\u00bb40px\u00bb global_colors_info=\u00bb{}\u00bb]<\/p>\n<h1><tt-underline><\/tt-underline>  CONDICIONES DE USO<\/h1>\n<p>&nbsp;<\/p>\n<p>Para el sitio web<span> <\/span><a href=\"https:\/\/web.archive.org\/web\/20201027095034\/https:\/\/www.territory-influence.com\/en\/\">www.territory-influence.com<\/a><\/p>\n<p>\u00daltima modificaci\u00f3n: Septiembre de 2018<\/p>\n<p>Las siguientes Condiciones de uso de<span> <\/span><strong>TERRITORY INFLUENCE GmbH<\/strong>, Neumarkter Str. 26, <strong>81673 <\/strong> M\u00fanich, Juzgado Local (Amtsgericht) de M\u00fanich, HRB 226897 (en lo sucesivo denominado <span> <\/span><strong>\u00abINFLUENCIA DEL TERRITORIO\u00bb,<\/strong><span> <\/span><strong>\u00abnosotros\u00bb,<\/strong><span> <\/span><strong>\u201cus\u201d<\/strong>,<span> <\/span><strong>\u00abnuestro\u00bb)<\/strong> rigen la relaci\u00f3n jur\u00eddica entre nosotros y t\u00fa como usuario del sitio web de la empresa www.territory-influence.com, incluidas las subp\u00e1ginas (en lo sucesivo, el<span> <\/span><strong>\u00abSitio Web\u00bb)<\/strong>. Proporcionamos este Sitio Web, incluyendo toda la informaci\u00f3n, aplicaciones y servicios disponibles en el Sitio Web, a ti, el usuario, sujeto a los t\u00e9rminos y condiciones, pol\u00edticas y otra informaci\u00f3n <span> <\/span><strong>(\u00abCondiciones de uso\u00bb)<\/strong><span> <\/span>establecidos en el presente documento.<\/p>\n<p>El Sitio Web y nuestra oferta de celebrar un contrato para el uso del Sitio Web est\u00e1n dirigidos exclusivamente a personas mayores de edad que utilicen el Sitio Web con un fin que pueda atribuirse a su actividad profesional o comercial y que celebren un contrato con este fin. Si \u00e9ste no es tu caso, pero eres un consumidor y te gustar\u00eda participar en una de nuestras campa\u00f1as, haz clic en <span> <\/span><a href=\"https:\/\/web.archive.org\/web\/20201027095034\/https:\/\/www.trnd.com\/uk\/\" target=\"_blank\" rel=\"noopener noreferrer\">aqu\u00ed<\/a>.<\/p>\n<h2>1. Protecci\u00f3n de datos \/ Datos personales<\/h2>\n<p>Somos conscientes de la sensibilidad de tus datos personales y nos preocupamos de proteger tu privacidad al recopilar, procesar y utilizar tus datos personales. Los datos personales se recogen, procesan y utilizan de acuerdo con la normativa legal. Los detalles se pueden encontrar en la  <span> <\/span><a href=\"https:\/\/web.archive.org\/web\/20201027095034\/https:\/\/www.territory-influence.com\/en\/privacypolicy\/\">Pol\u00edtica de privacidad<\/a>.<\/p>\n<h2>2. Uso del material del Sitio Web<\/h2>\n<p>El contenido del Sitio, incluyendo texto, dise\u00f1os, gr\u00e1ficos, logotipos, iconos, im\u00e1genes, archivos de audio, descargas, interfaces, c\u00f3digos y software y cualquier parte o combinaci\u00f3n de los mismos, as\u00ed como cualquier otro material que puedas obtener de nosotros (colectivamente,<span> <\/span><strong>\u00abMateriales\u00bb)<\/strong>, est\u00e1n protegidos por derechos de autor y\/o marcas registradas y s\u00f3lo pueden utilizarse de acuerdo con nuestras Condiciones de Uso y otras leyes aplicables en nombre nuestro y\/o de nuestros licenciantes. Puedes descargar o imprimir el material de este Sitio Web que te proporcionemos con fines de informaci\u00f3n sobre productos y servicios, siempre que no modifiques ni suprimas ning\u00fan aviso de copyright, marca comercial u otros avisos de propiedad contenidos en el material que veas, descargues o imprimas. Queda a nuestra entera discreci\u00f3n restringir o revocar este derecho de uso en cualquier momento. Cualquier otro uso del Material, incluyendo pero no limit\u00e1ndose a la reproducci\u00f3n, distribuci\u00f3n, reproducci\u00f3n o exhibici\u00f3n p\u00fablica, est\u00e1 expresamente prohibido sin el permiso del propietario de los derechos de autor. Todos los dem\u00e1s derechos sobre el material, incluidos todos los derechos de propiedad intelectual e industrial asociados, seguir\u00e1n perteneci\u00e9ndonos a nosotros y\/o a sus licenciantes.    <\/p>\n<p>Las marcas, logotipos y otras marcas que aparecen en el Sitio Web son marcas registradas y no registradas nuestras, de sus licenciantes y, en su caso, de otros terceros. Los derechos sobre estas marcas, logotipos y otras marcas son propiedad exclusiva de sus respectivos propietarios. La concesi\u00f3n de derechos de uso de cualesquiera marcas, logotipos y otras marcas utilizadas en el Sitio Web requiere el consentimiento previo por escrito de sus respectivos propietarios, y nada de lo contenido en el Sitio Web debe entenderse como concesi\u00f3n de derecho alguno o concesi\u00f3n de licencia de uso de cualesquiera marcas, logotipos y otras marcas utilizadas en el Sitio Web.  <\/p>\n<p>Nos reservamos todos los derechos no mencionados expresamente sobre el Sitio Web y su contenido.<\/p>\n<h2>3. Normas de uso; contenido proporcionado por los usuarios<\/h2>\n<p>Todo usuario est\u00e1 obligado a cumplir las leyes aplicables cuando utilice el Sitio Web y los servicios que ofrecemos en el Sitio Web y cuando trate con otros usuarios, y a tratar a los dem\u00e1s usuarios con respeto y educaci\u00f3n.<\/p>\n<h3>a. Concesi\u00f3n de derechos sobre los contenidos enviados por los usuarios <\/h3>\n<p>Si publicas o env\u00edas contribuciones (en particular contribuciones a blogs y debates) u otros contenidos (en conjunto s\u00f3lo<span> <\/span><strong>\u00abContenido\u00bb)<\/strong> en este Sitio Web, entonces nos concedes un derecho de uso simple, espacialmente ilimitado, gratuito, transferible y sublicenciable, irrevocable, sobre el Contenido publicado o enviado durante todo el plazo respectivo de protecci\u00f3n a<span> <\/span><a href=\"https:\/\/web.archive.org\/web\/20201027095034\/https:\/\/www.territory-influence.com\/en\/imprint\/\">TERRITORY INFLUENCE y las empresas de su grupo<\/a>. Esto nos da derecho a distribuir, reproducir, publicar, traducir, hacer accesibles al p\u00fablico o reproducir p\u00fablicamente de cualquier otro modo estos contenidos en nuestras p\u00e1ginas de Internet (incluidas las subp\u00e1ginas), a editar o redise\u00f1ar los contenidos con este fin, y a publicar o utilizar los contenidos as\u00ed editados o redise\u00f1ados en consecuencia en nuestras p\u00e1ginas de Internet (incluidas las subp\u00e1ginas). En la medida en que env\u00edes Contenido en tu calidad de miembro de una empresa concreta nombrando a dicha empresa, deber\u00e1s asegurarte de que tenemos derecho a nombrar a dicha empresa en relaci\u00f3n con el uso del Contenido enviado. Tus derechos morales no se ver\u00e1n afectados por esta disposici\u00f3n. Cualquier informaci\u00f3n personal enviada a trav\u00e9s del Sitio Web ser\u00e1 tratada de acuerdo con la Pol\u00edtica de Privacidad del Sitio Web.    <\/p>\n<h3>b. Directrices para el Contenido Enviado por los Usuarios; Indemnizaci\u00f3n <\/h3>\n<p>El usuario es el \u00fanico responsable del contenido publicado o enviado por un usuario, en particular de su correcci\u00f3n e integridad.<\/p>\n<p>Al enviarnos Contenido, aceptas cumplir y nos garantizas el cumplimiento de las siguientes Directrices de Contenido:<\/p>\n<ul>\n<li>Eres el \u00fanico autor de los Contenidos y el titular de todos los derechos de propiedad intelectual e industrial sobre los mismos o est\u00e1s facultado de otro modo para ponerlos a nuestra disposici\u00f3n para el uso regulado en las presentes Condiciones de Uso y para concedernos los correspondientes derechos de uso;<\/li>\n<li>Todo el contenido enviado por ti es correcto;<\/li>\n<li>Tienes al menos 18 a\u00f1os;<\/li>\n<li>No hagas ninguna declaraci\u00f3n para y\/o sobre la empresa para la que trabajas sin estar autorizado para ello;<\/li>\n<li>El uso de cualquier Contenido enviado por ti no infringe estas Condiciones de uso.<\/li>\n<\/ul>\n<p>Adem\u00e1s, aceptas y garantizas que no enviar\u00e1s ning\u00fan Contenido, que sepas que<\/p>\n<ul>\n<li>sean confidenciales, falsas, inexactas, enga\u00f1osas o fraudulentas;<\/li>\n<li>infringir los derechos de autor u otros derechos de terceros, en particular los derechos personales o los derechos de propiedad intelectual o industrial;<\/li>\n<li>que infrinjan normas legales u \u00f3rdenes oficiales o sean inadmisibles por cualquier otro motivo;<\/li>\n<li>que sea difamatorio, injurioso, abusivo o discriminatorio para una persona f\u00edsica o jur\u00eddica;<\/li>\n<li>por el que hayas recibido un pago u otra contraprestaci\u00f3n de un tercero o que sea contenido comercial con el fin de publicitar tus propias ofertas u otras;<\/li>\n<li>contengan informaci\u00f3n relativa a otros Sitios Web, direcciones, direcciones de correo electr\u00f3nico, informaci\u00f3n de contacto o n\u00fameros de tel\u00e9fono;<\/li>\n<li>que contengan virus inform\u00e1ticos, gusanos u otros programas o archivos inform\u00e1ticos potencialmente da\u00f1inos o cualquier forma de \u00abspam\u00bb.<\/li>\n<\/ul>\n<p>Como usuario del Sitio Web y, en particular, de la funci\u00f3n de comentarios, nos indemnizas (as\u00ed como a nuestros departamentos y empleados) y a nuestras<a href=\"https:\/\/web.archive.org\/web\/20201027095034\/https:\/\/www.territory-influence.com\/en\/imprint\/\">empresas afiliadas<\/a><span> <\/span><a href=\"https:\/\/web.archive.org\/web\/20201027095034\/https:\/\/www.territory-influence.com\/en\/imprint\/\"><span> <\/span> frente a todas las reclamaciones, demandas y da\u00f1os y perjuicios -incluidos los costes de abogados y judiciales que puedan surgir- que resulten del incumplimiento de tus garant\u00edas y obligaciones antes mencionadas.<\/a><\/p>\n<p>Nos reservamos el derecho a realizar cambios, res\u00famenes o eliminaciones sin previo aviso de cualquier contenido del Sitio Web que, a nuestra entera discreci\u00f3n, consideremos que infringe las Directrices de Contenido anteriores o cualquier otra disposici\u00f3n de estas Condiciones de Uso o la legislaci\u00f3n aplicable, o cuando un tribunal de jurisdicci\u00f3n competente haya determinado que se ha producido dicha infracci\u00f3n.<\/p>\n<p>En cualquier caso, nos reservamos el derecho a eliminar o negarnos a publicar cualquier Contenido enviado sin previo aviso.<\/p>\n<h2>4. Cambio de estas condiciones de uso<\/h2>\n<p>Nos reservamos el derecho a modificar estas Condiciones de uso en cualquier momento con efecto para el futuro. Las condiciones modificadas se publicar\u00e1n en el Sitio Web. Es responsabilidad tuya comprobar peri\u00f3dicamente los cambios que hayamos introducido en las Condiciones de uso. Tu uso de este Sitio Web est\u00e1 sujeto a la versi\u00f3n m\u00e1s actualizada de estas Condiciones de uso, tal y como se publiquen en cada momento.   <\/p>\n<h2>5. La exactitud, integridad y actualidad de la informaci\u00f3n contenida en el Sitio Web<\/h2>\n<p>No asumimos ninguna responsabilidad por la exactitud, integridad o actualidad de la informaci\u00f3n, datos y\/o informaci\u00f3n (en adelante, \u00abInformaci\u00f3n\u00bb) que se pone a disposici\u00f3n en el Sitio Web. La informaci\u00f3n proporcionada en el Sitio Web s\u00f3lo tiene fines informativos generales y no debe considerarse como fuente o base para tomar ninguna decisi\u00f3n. La confianza que deposites en la informaci\u00f3n contenida en este Sitio Web es por tu cuenta y riesgo. El Sitio Web puede contener informaci\u00f3n obsoleta. Nos reservamos el derecho a cambiar el contenido de este Sitio Web en cualquier momento, pero no tenemos ninguna obligaci\u00f3n de revisar o actualizar la informaci\u00f3n del Sitio Web. Es tu responsabilidad comprobar si se ha producido alg\u00fan cambio en la informaci\u00f3n del Sitio Web.     <\/p>\n<p>Tampoco aceptamos ninguna responsabilidad por el contenido enviado por los usuarios del Sitio Web; la correcci\u00f3n e integridad de dicho contenido es responsabilidad exclusiva del usuario respectivo.<\/p>\n<h2>6. Responsabilidad por enlaces<\/h2>\n<p>Nuestra oferta contiene enlaces a sitios web externos de terceros, sobre cuyos contenidos no tenemos ninguna influencia. Por lo tanto, no podemos asumir ninguna responsabilidad por estos contenidos externos. Estos enlaces se te proporcionan como un servicio y simplemente como referencia a P\u00e1ginas Web externas que pueden contener informaci\u00f3n adicional. Sin embargo, el respectivo proveedor u operador de las p\u00e1ginas web es siempre el \u00fanico responsable de los contenidos de las p\u00e1ginas enlazadas. No comprobamos toda la informaci\u00f3n que puede obtenerse de estas p\u00e1ginas web externas. Tampoco nos es posible examinar regularmente el contenido de las p\u00e1ginas web enlazadas. La referencia a estas p\u00e1ginas web no significa que adoptemos ning\u00fan contenido de estas p\u00e1ginas web como propio. Nos distanciamos expresamente de las declaraciones y opiniones expresadas en estas p\u00e1ginas web; \u00e9stas no reflejan necesariamente nuestra opini\u00f3n. No nos hacemos responsables de p\u00e9rdidas, da\u00f1os u otros perjuicios derivados del uso de las p\u00e1ginas web enlazadas.        <\/p>\n<h2>7. Descripci\u00f3n de los servicios \/ Disponibilidad del Sitio Web y de los servicios; limitaciones de responsabilidad<\/h2>\n<p>Este Sitio Web se te proporciona gratuitamente y a nuestra entera discreci\u00f3n. No existe ning\u00fan derecho de acceso a este Sitio Web o a funciones individuales. <\/p>\n<p>Tenemos derecho, en cualquier momento y a nuestra propia discreci\u00f3n, a cambiar y\/o interrumpir total o parcialmente el Sitio Web y los servicios ofrecidos en el mismo, as\u00ed como a rescindir la relaci\u00f3n con el usuario en cualquier momento. El Sitio Web u otros servicios tambi\u00e9n pueden no estar disponibles temporalmente debido a problemas t\u00e9cnicos. Los usuarios no tienen ninguna pretensi\u00f3n de que el Sitio Web y nuestros servicios sean accesibles en todo momento. Por lo tanto, no nos responsabilizamos de que el acceso a este Sitio Web sea ininterrumpido y est\u00e9 libre de errores.   <\/p>\n<p>No tenemos ninguna obligaci\u00f3n de garantizar que (i) la informaci\u00f3n, el contenido y los materiales del Sitio Web sean siempre completos, precisos y actualizados, o (ii) el contenido puesto a disposici\u00f3n por terceros, incluidos los usuarios del Sitio Web, cumpla la legislaci\u00f3n aplicable y est\u00e9 libre de derechos de terceros que puedan interferir con cualquier uso previsto en estas Condiciones de Uso. Por lo tanto, no asumimos ninguna responsabilidad a este respecto.   <\/p>\n<p>Eres el \u00fanico responsable de cualquier da\u00f1o a tu sistema inform\u00e1tico o p\u00e9rdida de datos como resultado de la descarga de informaci\u00f3n, contenido y material del Sitio Web. Adem\u00e1s, tambi\u00e9n eres responsable de proporcionar los requisitos t\u00e9cnicos necesarios para el uso de nuestros servicios, en particular el hardware y el software necesarios (por ejemplo, el navegador de Internet), as\u00ed como los servicios de acceso y transmisi\u00f3n, a tu cargo. No asumimos ninguna responsabilidad por la compatibilidad del Sitio Web y de los servicios ofrecidos en el Sitio Web con tu equipo individual de hardware y software.  <\/p>\n<p>Por lo dem\u00e1s, s\u00f3lo seremos responsables, sin limitaci\u00f3n, de los da\u00f1os en caso de (i) lesi\u00f3n de la vida, la integridad f\u00edsica o la salud, o de responsabilidad de acuerdo con la Ley de Responsabilidad por Productos Defectuosos (Produkthaftungsgesetz), (ii) dolo o negligencia grave y (iii) asunci\u00f3n de una garant\u00eda (a este respecto, se aplicar\u00e1 la disposici\u00f3n resultante de la garant\u00eda si \u00e9sta establece una disposici\u00f3n correspondiente). Queda excluida la responsabilidad por negligencia simple (leve).    <\/p>\n<p>La anterior limitaci\u00f3n de responsabilidad tambi\u00e9n se aplicar\u00e1 a las reclamaciones por da\u00f1os y perjuicios contra \u00f3rganos, directivos, empleados o auxiliares ejecutivos de TERRITORY INFLUENCE. Salvo que se acuerde lo contrario en las presentes Condiciones de Uso, quedan excluidas todas las reclamaciones del usuario por indemnizaci\u00f3n de da\u00f1os y perjuicios de cualquier tipo. <\/p>\n<h2>8. Cl\u00e1usula de salvedad, Acuerdo sobre el lugar de jurisdicci\u00f3n, Cl\u00e1usulas finales<\/h2>\n<p>Si una o m\u00e1s disposiciones de estas Condiciones de uso son o devienen inv\u00e1lidas en su totalidad o en parte, o si estas Condiciones de uso contienen una laguna jur\u00eddica, esto no afectar\u00e1 a la validez de las restantes disposiciones de estas Condiciones de uso.<\/p>\n<p>El contrato de uso, incluidas estas condiciones de uso, est\u00e1 sujeto al derecho sustantivo de la Rep\u00fablica Federal de Alemania, con exclusi\u00f3n de la Convenci\u00f3n de las Naciones Unidas sobre los Contratos de Compraventa Internacional de Mercader\u00edas.<\/p>\n<p>El fuero exclusivo para todos los litigios derivados y\/o relacionados con el contrato de uso, incluidas las presentes condiciones de uso, ser\u00e1 M\u00fanich, siempre que el usuario sea un comerciante, una persona jur\u00eddica de derecho p\u00fablico o un patrimonio especial de derecho p\u00fablico. A diferencia de esto, siempre tendremos derecho a demandar al usuario tambi\u00e9n en su jurisdicci\u00f3n general. <\/p>\n<h2>C\u00f3mo llegar<\/h2>\n<p>Si tienes alguna pregunta o comentario sobre estas Condiciones de uso y participaci\u00f3n, ponte en contacto con nosotros a trav\u00e9s de nuestra<a href=\"https:\/\/www.territory-influence.com\/imprint\/\">direcci\u00f3n de correo electr\u00f3nico<\/a><span> <\/span><a href=\"https:\/\/www.territory-influence.com\/imprint\/\">.<\/a><\/p>\n<p>[\/et_pb_text][\/et_pb_column][\/et_pb_row][\/et_pb_section]<\/p>\n","protected":false},"excerpt":{"rendered":"<p>CONDICIONES DE USO &nbsp; Para el sitio web www.territory-influence.com \u00daltima modificaci\u00f3n: Septiembre de 2018 Las siguientes Condiciones de uso de TERRITORY INFLUENCE GmbH, Neumarkter Str. 26, 81673 M\u00fanich, Juzgado Local (Amtsgericht) de M\u00fanich, HRB 226897 (en lo sucesivo denominado \u00abINFLUENCIA DEL TERRITORIO\u00bb, \u00abnosotros\u00bb, \u201cus\u201d, \u00abnuestro\u00bb) rigen la relaci\u00f3n jur\u00eddica entre nosotros y t\u00fa como usuario [&hellip;]<\/p>\n","protected":false},"author":19,"featured_media":0,"parent":0,"menu_order":0,"comment_status":"closed","ping_status":"closed","template":"","meta":{"_et_pb_use_builder":"on","_et_pb_old_content":"","_et_gb_content_width":"","footnotes":""},"class_list":["post-40291","page","type-page","status-publish","hentry"],"aioseo_notices":[],"_links":{"self":[{"href":"https:\/\/www.territory-influence.com\/es\/wp-json\/wp\/v2\/pages\/40291","targetHints":{"allow":["GET"]}}],"collection":[{"href":"https:\/\/www.territory-influence.com\/es\/wp-json\/wp\/v2\/pages"}],"about":[{"href":"https:\/\/www.territory-influence.com\/es\/wp-json\/wp\/v2\/types\/page"}],"author":[{"embeddable":true,"href":"https:\/\/www.territory-influence.com\/es\/wp-json\/wp\/v2\/users\/19"}],"replies":[{"embeddable":true,"href":"https:\/\/www.territory-influence.com\/es\/wp-json\/wp\/v2\/comments?post=40291"}],"version-history":[{"count":4,"href":"https:\/\/www.territory-influence.com\/es\/wp-json\/wp\/v2\/pages\/40291\/revisions"}],"predecessor-version":[{"id":40361,"href":"https:\/\/www.territory-influence.com\/es\/wp-json\/wp\/v2\/pages\/40291\/revisions\/40361"}],"wp:attachment":[{"href":"https:\/\/www.territory-influence.com\/es\/wp-json\/wp\/v2\/media?parent=40291"}],"curies":[{"name":"wp","href":"https:\/\/api.w.org\/{rel}","templated":true}]}}