{"id":4990,"date":"2021-02-24T15:43:12","date_gmt":"2021-02-24T15:43:12","guid":{"rendered":"https:\/\/www.territory-influence.com\/prensa\/"},"modified":"2024-06-20T09:10:04","modified_gmt":"2024-06-20T09:10:04","slug":"prensa","status":"publish","type":"page","link":"https:\/\/www.territory-influence.com\/es\/prensa\/","title":{"rendered":"Prensa"},"content":{"rendered":"<p>[et_pb_section fb_built=\u00bb1&#8243; admin_label=\u00bbHeader Section\u00bb _builder_version=\u00bb4.21.0&#8243; background_enable_color=\u00bboff\u00bb use_background_color_gradient=\u00bbon\u00bb background_color_gradient_stops=\u00bb#252422 0%|rgba(0,0,0,0) 100%\u00bb background_color_gradient_overlays_image=\u00bbon\u00bb background_color_gradient_start=\u00bb#252422&#8243; background_color_gradient_end=\u00bbrgba(0,0,0,0)\u00bb background_image=\u00bbhttps:\/\/www.territory-influence.com\/wp-content\/uploads\/2023\/07\/P1020565-scaled.jpg\u00bb custom_margin=\u00bb|||\u00bb custom_padding=\u00bb10%||5%|||\u00bb global_colors_info=\u00bb{}\u00bb][et_pb_row custom_padding_last_edited=\u00bbon|phone\u00bb admin_label=\u00bbHeader Row\u00bb _builder_version=\u00bb4.16&#8243; custom_margin=\u00bb||||false|false\u00bb custom_padding=\u00bb||0px|||\u00bb custom_padding_tablet=\u00bb\u00bb custom_padding_phone=\u00bb3vw|||\u00bb global_colors_info=\u00bb{}\u00bb][et_pb_column type=\u00bb4_4&#8243; _builder_version=\u00bb4.16&#8243; custom_padding=\u00bb|||\u00bb global_colors_info=\u00bb{}\u00bb custom_padding__hover=\u00bb|||\u00bb][et_pb_cta button_url=\u00bb#top\u00bb admin_label=\u00bbHeading, Subheading &#038; Button\u00bb module_class=\u00bbtt-white hero-text\u00bb _builder_version=\u00bb4.21.0&#8243; header_level=\u00bbh1&#8243; header_font=\u00bbRoboto|900||on|||||\u00bb header_text_align=\u00bbleft\u00bb header_text_color=\u00bb#ffffff\u00bb header_font_size=\u00bb45px\u00bb body_font=\u00bbRoboto||||||||\u00bb body_text_align=\u00bbleft\u00bb body_text_color=\u00bb#ffffff\u00bb body_font_size=\u00bb20px\u00bb use_background_color=\u00bboff\u00bb custom_button=\u00bbon\u00bb button_text_size=\u00bb16px\u00bb button_text_color=\u00bb#ffffff\u00bb button_bg_color=\u00bb#FF4E00&#8243; button_border_width=\u00bb10px\u00bb button_border_color=\u00bb#FF4E00&#8243; button_border_radius=\u00bb0px\u00bb button_font=\u00bbRoboto|700|||||||\u00bb button_icon=\u00bb&#x24;||divi||400&#8243; button_icon_color=\u00bb#ffffff\u00bb button_on_hover=\u00bboff\u00bb text_orientation=\u00bbleft\u00bb max_width=\u00bb1000px\u00bb module_alignment=\u00bbcenter\u00bb custom_margin=\u00bb-2px||||false|false\u00bb custom_margin_tablet=\u00bb3vw||3vw|\u00bb custom_margin_phone=\u00bb|||\u00bb custom_margin_last_edited=\u00bboff|desktop\u00bb custom_padding=\u00bb|360px|||false|false\u00bb animation_style=\u00bbfade\u00bb header_font_size_tablet=\u00bb\u00bb header_font_size_phone=\u00bb50px\u00bb header_font_size_last_edited=\u00bbon|phone\u00bb button_text_color_hover=\u00bb#ffffff\u00bb button_border_color_hover=\u00bbrgba(244,88,63,0)\u00bb button_border_radius_hover=\u00bb0px\u00bb button_bg_color_hover=\u00bb#f4583f\u00bb global_colors_info=\u00bb{}\u00bb button_text_size__hover_enabled=\u00bboff\u00bb button_one_text_size__hover_enabled=\u00bboff\u00bb button_two_text_size__hover_enabled=\u00bboff\u00bb button_text_color__hover_enabled=\u00bbon\u00bb button_text_color__hover=\u00bb#ffffff\u00bb button_one_text_color__hover_enabled=\u00bboff\u00bb button_two_text_color__hover_enabled=\u00bboff\u00bb button_border_width__hover_enabled=\u00bboff\u00bb button_one_border_width__hover_enabled=\u00bboff\u00bb button_two_border_width__hover_enabled=\u00bboff\u00bb button_border_color__hover_enabled=\u00bbon\u00bb button_border_color__hover=\u00bbrgba(244,88,63,0)\u00bb button_one_border_color__hover_enabled=\u00bboff\u00bb button_two_border_color__hover_enabled=\u00bboff\u00bb button_border_radius__hover_enabled=\u00bbon\u00bb button_border_radius__hover=\u00bb0px\u00bb button_one_border_radius__hover_enabled=\u00bboff\u00bb button_two_border_radius__hover_enabled=\u00bboff\u00bb button_letter_spacing__hover_enabled=\u00bboff\u00bb button_one_letter_spacing__hover_enabled=\u00bboff\u00bb button_two_letter_spacing__hover_enabled=\u00bboff\u00bb button_bg_color__hover_enabled=\u00bbon\u00bb button_bg_color__hover=\u00bb#f4583f\u00bb button_one_bg_color__hover_enabled=\u00bboff\u00bb button_two_bg_color__hover_enabled=\u00bboff\u00bb]<\/p>\n<h1>PRENSA<\/h1>\n<p><span>Para los periodistas o cualquiera que desee compartir las noticias de nuestra empresa, aqu\u00ed encontrar\u00e1n nuestros logotipos, elementos visuales clave y comunicados de prensa oficiales. En caso de preguntas, estaremos encantados de organizar una reuni\u00f3n con uno de nuestros expertos. Nuestros datos de contacto est\u00e1n disponibles en la parte inferior.  <\/span>[\/et_pb_cta][\/et_pb_column][\/et_pb_row][\/et_pb_section][et_pb_section fb_built=\u00bb1&#8243; admin_label=\u00bbIntro Section\u00bb _builder_version=\u00bb4.16&#8243; custom_padding=\u00bb100px|0px|80px|0px||\u00bb global_colors_info=\u00bb{}\u00bb][et_pb_row admin_label=\u00bbIntro Row\u00bb _builder_version=\u00bb4.16&#8243; custom_padding=\u00bb0px|||||\u00bb global_colors_info=\u00bb{}\u00bb][et_pb_column type=\u00bb4_4&#8243; _builder_version=\u00bb4.16&#8243; custom_padding=\u00bb|||\u00bb global_colors_info=\u00bb{}\u00bb custom_padding__hover=\u00bb|||\u00bb][et_pb_text module_class=\u00bbtt-black\u00bb _builder_version=\u00bb4.21.0&#8243; _module_preset=\u00bbdefault\u00bb header_font=\u00bbRoboto|900|||||||\u00bb header_font_size=\u00bb35px\u00bb header_2_font=\u00bbRoboto|900|||||||\u00bb header_2_font_size=\u00bb35px\u00bb global_colors_info=\u00bb{}\u00bb]<\/p>\n<h2>LOGO<\/h2>\n<p>[\/et_pb_text][\/et_pb_column][\/et_pb_row][et_pb_row column_structure=\u00bb1_5,1_5,3_5&#8243; _builder_version=\u00bb4.21.0&#8243; _module_preset=\u00bbdefault\u00bb custom_margin=\u00bb-40px||||false|false\u00bb custom_padding=\u00bb3px||50px|||\u00bb global_colors_info=\u00bb{}\u00bb][et_pb_column type=\u00bb1_5&#8243; _builder_version=\u00bb4.16&#8243; _module_preset=\u00bbdefault\u00bb global_colors_info=\u00bb{}\u00bb][et_pb_image src=\u00bbhttps:\/\/www.territory-influence.com\/wp-content\/uploads\/2020\/12\/company-logo-1.jpg\u00bb title_text=\u00bbTerritory Influence logo\u00bb _builder_version=\u00bb4.16&#8243; _module_preset=\u00bbdefault\u00bb border_width_all=\u00bb1px\u00bb border_color_all=\u00bb#c4c4c4&#8243; global_colors_info=\u00bb{}\u00bb][\/et_pb_image][\/et_pb_column][et_pb_column type=\u00bb1_5&#8243; _builder_version=\u00bb4.16&#8243; _module_preset=\u00bbdefault\u00bb global_colors_info=\u00bb{}\u00bb][et_pb_image src=\u00bbhttps:\/\/www.territory-influence.com\/wp-content\/uploads\/2020\/12\/company-logo.jpg\u00bb title_text=\u00bbTerritory Influence logo\u00bb _builder_version=\u00bb4.16&#8243; _module_preset=\u00bbdefault\u00bb custom_padding=\u00bb|||0px||\u00bb border_width_all=\u00bb1px\u00bb border_color_all=\u00bb#c4c4c4&#8243; global_colors_info=\u00bb{}\u00bb][\/et_pb_image][\/et_pb_column][et_pb_column type=\u00bb3_5&#8243; _builder_version=\u00bb4.16&#8243; _module_preset=\u00bbdefault\u00bb global_colors_info=\u00bb{}\u00bb][et_pb_text _builder_version=\u00bb4.21.0&#8243; _module_preset=\u00bbdefault\u00bb text_font=\u00bbRoboto|500|||||||\u00bb text_font_size=\u00bb18px\u00bb custom_margin=\u00bb|||-22px||\u00bb custom_padding=\u00bb18px|||||\u00bb global_colors_info=\u00bb{}\u00bb]<\/p>\n<p>Puedes guardar y usar los archivos para art\u00edculos de PR. \u00bfNecesitas otro tama\u00f1o o color? Escribe a <a href=\"mailto:hola-influence@territory.group\">hola-influence@territory.group<\/a> o <a href=\"https:\/\/www.territory-influence.com\/es\/contactanos\/\">haz clic aqu\u00ed<\/a>.<\/p>\n<p>[\/et_pb_text][\/et_pb_column][\/et_pb_row][et_pb_row admin_label=\u00bbIntro Row\u00bb _builder_version=\u00bb4.21.0&#8243; custom_margin=\u00bb10px||||false|false\u00bb custom_padding=\u00bb0px|||||\u00bb global_colors_info=\u00bb{}\u00bb][et_pb_column type=\u00bb4_4&#8243; _builder_version=\u00bb4.16&#8243; custom_padding=\u00bb|||\u00bb global_colors_info=\u00bb{}\u00bb custom_padding__hover=\u00bb|||\u00bb][et_pb_text module_class=\u00bbtt-black\u00bb _builder_version=\u00bb4.21.0&#8243; _module_preset=\u00bbdefault\u00bb text_font_size=\u00bb18px\u00bb header_font=\u00bbRoboto|900|||||||\u00bb header_font_size=\u00bb35px\u00bb header_2_font=\u00bbRoboto|900|||||||\u00bb header_2_font_size=\u00bb35px\u00bb global_colors_info=\u00bb{}\u00bb]<\/p>\n<h2>PREMIOS &amp; RANKINGS<\/h2>\n<p>[\/et_pb_text][et_pb_image src=\u00bbhttps:\/\/www.territory-influence.com\/wp-content\/uploads\/2024\/06\/Awards-Website-4.jpg\u00bb alt=\u00bbPremios Territory Influence\u00bb title_text=\u00bbPremios Territory Influence\u00bb _builder_version=\u00bb4.21.0&#8243; _module_preset=\u00bbdefault\u00bb custom_margin=\u00bb-40px||||false|false\u00bb hover_enabled=\u00bb0&#8243; global_colors_info=\u00bb{}\u00bb sticky_enabled=\u00bb0&#8243;][\/et_pb_image][\/et_pb_column][\/et_pb_row][et_pb_row admin_label=\u00bbIntro Row\u00bb _builder_version=\u00bb4.21.0&#8243; custom_margin=\u00bb20px||||false|false\u00bb custom_padding=\u00bb0px|||||\u00bb global_colors_info=\u00bb{}\u00bb][et_pb_column type=\u00bb4_4&#8243; _builder_version=\u00bb4.16&#8243; custom_padding=\u00bb|||\u00bb global_colors_info=\u00bb{}\u00bb custom_padding__hover=\u00bb|||\u00bb][et_pb_text module_class=\u00bbtt-black\u00bb _builder_version=\u00bb4.21.0&#8243; _module_preset=\u00bbdefault\u00bb header_font=\u00bbRoboto|900|||||||\u00bb header_font_size=\u00bb35px\u00bb header_2_font=\u00bbRoboto|900|||||||\u00bb header_2_font_size=\u00bb35px\u00bb global_colors_info=\u00bb{}\u00bb]<\/p>\n<h2>DATOS DE CONTACTO<\/h2>\n<p>[\/et_pb_text][\/et_pb_column][\/et_pb_row][et_pb_row _builder_version=\u00bb4.21.0&#8243; _module_preset=\u00bbdefault\u00bb custom_margin=\u00bb-20px||||false|false\u00bb custom_padding=\u00bb0px|0px|0px||false|false\u00bb global_colors_info=\u00bb{}\u00bb][et_pb_column type=\u00bb4_4&#8243; _builder_version=\u00bb4.16&#8243; _module_preset=\u00bbdefault\u00bb global_colors_info=\u00bb{}\u00bb][et_pb_text _builder_version=\u00bb4.21.0&#8243; _module_preset=\u00bbdefault\u00bb text_font=\u00bbRoboto|500|||||||\u00bb text_font_size=\u00bb18px\u00bb custom_margin=\u00bb|||0px|false|false\u00bb custom_padding=\u00bb3px|||2px|false|false\u00bb global_colors_info=\u00bb{}\u00bb]<\/p>\n<p>Para obtener m\u00e1s informaci\u00f3n sobre la empresa, materiales de influencer marketing u organizar entrevistas, puedes ponerte en contacto directamente con Natasha Carolina Duic (Responsable de Marketing en Espa\u00f1a): <a href=\"mailto:duic.natasha@territory.group\" target=\"_blank\" rel=\"noopener\">duic.natasha@territory.group<\/a><\/p>\n<p>&nbsp;<\/p>\n<p>[\/et_pb_text][\/et_pb_column][\/et_pb_row][\/et_pb_section]<\/p>\n","protected":false},"excerpt":{"rendered":"<p>Cont\u00e1ctanos para m\u00e1s informaci\u00f3n sobre la agencia, documentaci\u00f3n sobre influencer marketing o para concertar entrevistas.<\/p>\n","protected":false},"author":19,"featured_media":0,"parent":0,"menu_order":0,"comment_status":"closed","ping_status":"closed","template":"","meta":{"_et_pb_use_builder":"on","_et_pb_old_content":"","_et_gb_content_width":"","footnotes":""},"class_list":["post-4990","page","type-page","status-publish","hentry"],"aioseo_notices":[],"_links":{"self":[{"href":"https:\/\/www.territory-influence.com\/es\/wp-json\/wp\/v2\/pages\/4990","targetHints":{"allow":["GET"]}}],"collection":[{"href":"https:\/\/www.territory-influence.com\/es\/wp-json\/wp\/v2\/pages"}],"about":[{"href":"https:\/\/www.territory-influence.com\/es\/wp-json\/wp\/v2\/types\/page"}],"author":[{"embeddable":true,"href":"https:\/\/www.territory-influence.com\/es\/wp-json\/wp\/v2\/users\/19"}],"replies":[{"embeddable":true,"href":"https:\/\/www.territory-influence.com\/es\/wp-json\/wp\/v2\/comments?post=4990"}],"version-history":[{"count":12,"href":"https:\/\/www.territory-influence.com\/es\/wp-json\/wp\/v2\/pages\/4990\/revisions"}],"predecessor-version":[{"id":37784,"href":"https:\/\/www.territory-influence.com\/es\/wp-json\/wp\/v2\/pages\/4990\/revisions\/37784"}],"wp:attachment":[{"href":"https:\/\/www.territory-influence.com\/es\/wp-json\/wp\/v2\/media?parent=4990"}],"curies":[{"name":"wp","href":"https:\/\/api.w.org\/{rel}","templated":true}]}}