{"id":10480,"date":"2021-08-23T12:58:30","date_gmt":"2021-08-23T12:58:30","guid":{"rendered":"https:\/\/www.territory-influence.com\/hirek\/"},"modified":"2025-06-04T14:37:45","modified_gmt":"2025-06-04T14:37:45","slug":"hirek","status":"publish","type":"page","link":"https:\/\/www.territory-influence.com\/hu\/hirek\/","title":{"rendered":"Blog"},"content":{"rendered":"<p>[et_pb_section fb_built=&#8221;1&#8243; admin_label=&#8221;Header Section&#8221; _builder_version=&#8221;4.21.0&#8243; use_background_color_gradient=&#8221;on&#8221; background_color_gradient_stops=&#8221;#252422 0%|rgba(0,0,0,0) 100%&#8221; background_color_gradient_overlays_image=&#8221;on&#8221; background_color_gradient_start=&#8221;#252422&#8243; background_color_gradient_end=&#8221;rgba(0,0,0,0)&#8221; background_image=&#8221;https:\/\/www.territory-influence.com\/wp-content\/uploads\/2024\/04\/territorymuc-22.png&#8221; custom_padding=&#8221;10%|0px|14%|0px|false|false&#8221; global_colors_info=&#8221;{}&#8221;][et_pb_row admin_label=&#8221;C\u00edmsor&#8221; module_class=&#8221;news-headline&#8221; _builder_version=&#8221;4.16&#8243; global_colors_info=&#8221;{}&#8221;][et_pb_column type=&#8221;4_4&#8243; _builder_version=&#8221;4.16&#8243; custom_padding=&#8221;|||&#8221; global_colors_info=&#8221;{}&#8221; custom_padding__hover=&#8221;|||&#8221;][et_pb_text admin_label=&#8221;Title &#038; Paragraph&#8221; module_class=&#8221;tt-white&#8221; _builder_version=&#8221;4.21.0&#8243; text_font=&#8221;Roboto|600|||||||&#8221; text_text_color=&#8221;#ffffff&#8221; text_font_size=&#8221;20px&#8221; header_font=&#8221;Roboto|900|||||||&#8221; header_text_align=&#8221;left&#8221; header_font_size=&#8221;70px&#8221; header_2_font=&#8221;||||||||&#8221; background_layout=&#8221;dark&#8221; max_width_last_edited=&#8221;off|desktop&#8221; module_alignment=&#8221;center&#8221; custom_margin=&#8221;||||false|false&#8221; custom_margin_tablet=&#8221;0px|||0px&#8221; custom_margin_last_edited=&#8221;off|desktop&#8221; custom_padding=&#8221;|||0px|false|false&#8221; custom_padding_last_edited=&#8221;off|desktop&#8221; animation_style=&#8221;fade&#8221; header_font_size_tablet=&#8221;&#8221; header_font_size_phone=&#8221;50px&#8221; header_font_size_last_edited=&#8221;on|phone&#8221; global_colors_info=&#8221;{}&#8221;]<\/p>\n<h1>Mi \u00fajs\u00e1g az influencerek vil\u00e1g\u00e1ban?<\/h1>\n<p>[\/et_pb_text][\/et_pb_column][\/et_pb_row][\/et_pb_section][et_pb_section fb_built=&#8221;1&#8243; admin_label=&#8221;Blog Section&#8221; _builder_version=&#8221;4.21.0&#8243; background_position=&#8221;top_center&#8221; custom_margin=&#8221;||||false|false&#8221; custom_padding=&#8221;50px|0px|0px|0px|false|false&#8221; global_colors_info=&#8221;{}&#8221;][et_pb_row admin_label=&#8221;Blog Posztok Sor&#8221; _builder_version=&#8221;4.16&#8243; global_colors_info=&#8221;{}&#8221;][et_pb_column type=&#8221;4_4&#8243; _builder_version=&#8221;4.16&#8243; custom_padding=&#8221;|||&#8221; global_colors_info=&#8221;{}&#8221; custom_padding__hover=&#8221;|||&#8221;][et_pb_blog fullwidth=&#8221;off&#8221; posts_number=&#8221;12&#8243; excerpt_length=&#8221;200&#8243; module_class=&#8221;tt-orange post-summaries&#8221; _builder_version=&#8221;4.16&#8243; header_level=&#8221;h4&#8243; header_font=&#8221;Roboto|900|||||||&#8221; header_text_color=&#8221;#FF4E00&#8243; header_font_size=&#8221;25px&#8221; header_line_height=&#8221;1.4em&#8221; body_font=&#8221;Roboto||||||||&#8221; body_line_height=&#8221;1.6em&#8221; meta_font=&#8221;Roboto|300|||||||&#8221; meta_text_color=&#8221;rgba(0,0,0,0.3)&#8221; meta_font_size=&#8221;14px&#8221; read_more_font=&#8221;Roboto|300|||||||&#8221; pagination_font=&#8221;Muli|700|||||||&#8221; pagination_text_color=&#8221;#f4583f&#8221; border_width_all=&#8221;0px&#8221; global_colors_info=&#8221;{}&#8221;][\/et_pb_blog][\/et_pb_column][\/et_pb_row][\/et_pb_section][et_pb_section fb_built=&#8221;1&#8243; admin_label=&#8221;Header Section&#8221; _builder_version=&#8221;4.21.0&#8243; use_background_color_gradient=&#8221;on&#8221; background_color_gradient_stops=&#8221;#000000 0%|rgba(255,255,255,0) 57%&#8221; background_color_gradient_overlays_image=&#8221;on&#8221; background_image=&#8221;https:\/\/www.territory-influence.com\/wp-content\/uploads\/2024\/04\/2024-HEADERS-Pages.png&#8221; min_height=&#8221;500px&#8221; custom_margin=&#8221;0px||||false|false&#8221; custom_padding=&#8221;110px|0px|0%|0px|false|false&#8221; hover_enabled=&#8221;0&#8243; global_colors_info=&#8221;{}&#8221; sticky_enabled=&#8221;0&#8243; alt=&#8221;Influencer marketing blog articles&#8221; title_text=&#8221;2024 HEADERS Pages&#8221;][et_pb_row column_structure=&#8221;1_2,1_2&#8243; admin_label=&#8221;C\u00edmsor&#8221; module_class=&#8221;news-headline&#8221; _builder_version=&#8221;4.16&#8243; global_colors_info=&#8221;{}&#8221;][et_pb_column type=&#8221;1_2&#8243; _builder_version=&#8221;4.16&#8243; custom_padding=&#8221;|||&#8221; global_colors_info=&#8221;{}&#8221; custom_padding__hover=&#8221;|||&#8221;][et_pb_text admin_label=&#8221;Title &#038; Paragraph&#8221; module_class=&#8221;tt-white&#8221; _builder_version=&#8221;4.21.0&#8243; text_font=&#8221;Roboto|500|||||||&#8221; text_text_color=&#8221;#FFFFFF&#8221; text_font_size=&#8221;20px&#8221; header_font=&#8221;Roboto|900|||||||&#8221; header_text_align=&#8221;left&#8221; header_text_color=&#8221;#FFFFFF&#8221; header_font_size=&#8221;70px&#8221; header_2_font=&#8221;Roboto|500|||||||&#8221; header_2_text_color=&#8221;#FFFFFF&#8221; header_2_font_size=&#8221;40px&#8221; background_layout=&#8221;dark&#8221; max_width_last_edited=&#8221;off|desktop&#8221; module_alignment=&#8221;center&#8221; custom_margin=&#8221;||||false|false&#8221; custom_margin_tablet=&#8221;0px|||0px&#8221; custom_margin_last_edited=&#8221;off|desktop&#8221; custom_padding=&#8221;|||0px|false|false&#8221; custom_padding_last_edited=&#8221;off|desktop&#8221; animation_style=&#8221;fade&#8221; header_font_size_tablet=&#8221;&#8221; header_font_size_phone=&#8221;50px&#8221; header_font_size_last_edited=&#8221;on|phone&#8221; global_colors_info=&#8221;{}&#8221;]<\/p>\n<h2>Iratkozz fel h\u00edrlevel\u00fcnkre<\/h2>\n<p>\u00c9rtes\u00fclj a szakma, a c\u00e9g \u00e9s m\u00e1s ipar\u00e1gi szerepl\u0151k legfrissebb h\u00edreir\u0151l. Ne felejts el feliratkozni h\u00edrlevel\u00fcnkre, hogy minden h\u00f3napban egy szuper \u00f6sszefoglal\u00f3 landoljon email fi\u00f3kodban! <\/p>\n<p>[\/et_pb_text][et_pb_button button_url=&#8221;https:\/\/info.territory-influence.com\/newsletter-registration&#8221; url_new_window=&#8221;on&#8221; button_text=&#8221;Iratkozz fel most&#8221; button_alignment=&#8221;left&#8221; _builder_version=&#8221;4.21.0&#8243; _module_preset=&#8221;default&#8221; custom_button=&#8221;on&#8221; button_text_color=&#8221;#FFFFFF&#8221; button_border_color=&#8221;#FF4E00&#8243; button_border_radius=&#8221;0px&#8221; button_font=&#8221;Roboto||||||||&#8221; button_icon=&#8221;&#x3d;||divi||400&#8243; button_icon_color=&#8221;#FFFFFF&#8221; global_colors_info=&#8221;{}&#8221;][\/et_pb_button][\/et_pb_column][et_pb_column type=&#8221;1_2&#8243; _builder_version=&#8221;4.16&#8243; custom_padding=&#8221;|||&#8221; global_colors_info=&#8221;{}&#8221; custom_padding__hover=&#8221;|||&#8221;][\/et_pb_column][\/et_pb_row][\/et_pb_section]<\/p>\n","protected":false},"excerpt":{"rendered":"<p>\u00c9rtes\u00fclj a legfrissebb h\u00edrekr\u0151l az influencerek vil\u00e1g\u00e1b\u00f3l, \u00fcgyn\u00f6ks\u00e9g\u00fcnkr\u0151l \u00e9s a k\u00f6z\u00f6ss\u00e9gi m\u00e9di\u00e1r\u00f3l. Iratkozz fel h\u00edrlevel\u00fcnkre az \u00f6sszefoglal\u00f3\u00e9rt! <\/p>\n","protected":false},"author":19,"featured_media":0,"parent":0,"menu_order":0,"comment_status":"closed","ping_status":"closed","template":"","meta":{"_et_pb_use_builder":"on","_et_pb_old_content":"","_et_gb_content_width":"","footnotes":""},"class_list":["post-10480","page","type-page","status-publish","hentry"],"aioseo_notices":[],"_links":{"self":[{"href":"https:\/\/www.territory-influence.com\/hu\/wp-json\/wp\/v2\/pages\/10480","targetHints":{"allow":["GET"]}}],"collection":[{"href":"https:\/\/www.territory-influence.com\/hu\/wp-json\/wp\/v2\/pages"}],"about":[{"href":"https:\/\/www.territory-influence.com\/hu\/wp-json\/wp\/v2\/types\/page"}],"author":[{"embeddable":true,"href":"https:\/\/www.territory-influence.com\/hu\/wp-json\/wp\/v2\/users\/19"}],"replies":[{"embeddable":true,"href":"https:\/\/www.territory-influence.com\/hu\/wp-json\/wp\/v2\/comments?post=10480"}],"version-history":[{"count":15,"href":"https:\/\/www.territory-influence.com\/hu\/wp-json\/wp\/v2\/pages\/10480\/revisions"}],"predecessor-version":[{"id":41523,"href":"https:\/\/www.territory-influence.com\/hu\/wp-json\/wp\/v2\/pages\/10480\/revisions\/41523"}],"wp:attachment":[{"href":"https:\/\/www.territory-influence.com\/hu\/wp-json\/wp\/v2\/media?parent=10480"}],"curies":[{"name":"wp","href":"https:\/\/api.w.org\/{rel}","templated":true}]}}