{"id":21528,"date":"2023-04-05T11:46:32","date_gmt":"2023-04-05T11:46:32","guid":{"rendered":"https:\/\/www.territory-influence.com\/about\/"},"modified":"2025-06-05T21:17:59","modified_gmt":"2025-06-05T21:17:59","slug":"rolunk","status":"publish","type":"page","link":"https:\/\/www.territory-influence.com\/hu\/rolunk\/","title":{"rendered":"R\u00f3lunk"},"content":{"rendered":"<p>[et_pb_section fb_built=&#8221;1&#8243; _builder_version=&#8221;4.21.0&#8243; _module_preset=&#8221;default&#8221; use_background_color_gradient=&#8221;on&#8221; background_color_gradient_stops=&#8221;#000000 0%|rgba(255,255,255,0) 65%&#8221; background_color_gradient_overlays_image=&#8221;on&#8221; background_image=&#8221;https:\/\/www.territory-influence.com\/wp-content\/uploads\/2024\/04\/Website-Header-1.png&#8221; custom_padding=&#8221;10%||10%||false|false&#8221; global_colors_info=&#8221;{}&#8221;][et_pb_row _builder_version=&#8221;4.21.0&#8243; _module_preset=&#8221;default&#8221; global_colors_info=&#8221;{}&#8221;][et_pb_column type=&#8221;4_4&#8243; _builder_version=&#8221;4.21.0&#8243; _module_preset=&#8221;default&#8221; global_colors_info=&#8221;{}&#8221;][et_pb_text _builder_version=&#8221;4.21.0&#8243; _module_preset=&#8221;default&#8221; header_font=&#8221;Roboto|900|||||||&#8221; header_text_color=&#8221;#FFFFFF&#8221; header_font_size=&#8221;70px&#8221; global_colors_info=&#8221;{}&#8221;]<\/p>\n<h1>Egy csapat lelkes influencer szak\u00e9rt\u0151<\/h1>\n<p>[\/et_pb_text][\/et_pb_column][\/et_pb_row][\/et_pb_section][et_pb_section fb_built=&#8221;1&#8243; admin_label=&#8221;Intro Section&#8221; _builder_version=&#8221;4.16&#8243; custom_padding=&#8221;100px|0px|80px|0px||&#8221; global_colors_info=&#8221;{}&#8221;][et_pb_row admin_label=&#8221;Bevezet\u0151&#8221; _builder_version=&#8221;4.16&#8243; global_colors_info=&#8221;{}&#8221;][et_pb_column type=&#8221;4_4&#8243; _builder_version=&#8221;4.16&#8243; custom_padding=&#8221;|||&#8221; global_colors_info=&#8221;{}&#8221; custom_padding__hover=&#8221;|||&#8221;][et_pb_text admin_label=&#8221;Title &#038; Paragraph&#8221; module_class=&#8221;tt-black&#8221; _builder_version=&#8221;4.21.0&#8243; text_font=&#8221;Roboto|500|||||||&#8221; text_font_size=&#8221;20px&#8221; header_font=&#8221;||||||||&#8221; header_2_font=&#8221;Roboto|500|||||||&#8221; header_2_text_align=&#8221;center&#8221; header_2_font_size=&#8221;40px&#8221; header_2_line_height=&#8221;1.1em&#8221; text_orientation=&#8221;center&#8221; max_width=&#8221;950px&#8221; max_width_last_edited=&#8221;off|desktop&#8221; module_alignment=&#8221;center&#8221; custom_margin=&#8221;|||&#8221; custom_padding=&#8221;|||&#8221; custom_padding_last_edited=&#8221;off|desktop&#8221; animation_style=&#8221;slide&#8221; animation_direction=&#8221;left&#8221; header_2_font_size_tablet=&#8221;&#8221; header_2_font_size_phone=&#8221;40px&#8221; header_2_font_size_last_edited=&#8221;on|phone&#8221; global_colors_info=&#8221;{}&#8221;]<\/p>\n<h2 style=\"text-align: left;\">Nemzetk\u00f6zi szak\u00e9rt\u0151i csapat vagyunk<\/h2>\n<p style=\"text-align: left;\"><span><\/span><\/p>\n<p style=\"text-align: left;\"><span>A Bertelsmann csoport r\u00e9szek\u00e9nt \u00e9s 2005 \u00f3ta tart\u00f3 tapasztalatunkkal a TERRITORY Influence az egyik vezet\u0151 teljes k\u00f6r\u0171 szolg\u00e1ltat\u00e1st ny\u00fajt\u00f3 influencer marketing \u00fcgyn\u00f6ks\u00e9g, munkat\u00e1rsakkal Eur\u00f3pa-szerte.<br \/>Sokr\u00e9t\u0171 szak\u00e9rtelm\u00fcnkkel seg\u00edt\u00fcnk a kis \u00e9s nagy m\u00e1rk\u00e1knak el\u00e9rni c\u00e9ljaikat az\u00e1ltal, hogy a fogyaszt\u00f3kat helyezz\u00fck marketingterveik k\u00f6z\u00e9ppontj\u00e1ba. A tan\u00e1csad\u00e1st\u00f3l a kivitelez\u00e9sig k\u00fcl\u00f6n\u00f6s figyelmet ford\u00edtunk a min\u0151s\u00e9gre \u00e9s az \u00e1tl\u00e1that\u00f3s\u00e1gra, az eredm\u00e9nyeket pedig val\u00f3s id\u0151ben szolg\u00e1ltatjuk.<\/span><\/p>\n<p>[\/et_pb_text][\/et_pb_column][\/et_pb_row][et_pb_row column_structure=&#8221;1_3,1_3,1_3&#8243; _builder_version=&#8221;4.21.0&#8243; _module_preset=&#8221;default&#8221; animation_style=&#8221;slide&#8221; animation_direction=&#8221;right&#8221; global_colors_info=&#8221;{}&#8221;][et_pb_column type=&#8221;1_3&#8243; _builder_version=&#8221;4.21.0&#8243; _module_preset=&#8221;default&#8221; global_colors_info=&#8221;{}&#8221;][et_pb_number_counter title=&#8221;Szerz\u0151d\u00e9ses Nano, Micro, Macro &amp; Star Influencerek&#8221; number=&#8221;5 milli\u00f3&#8221; percent_sign=&#8221;off&#8221; _builder_version=&#8221;4.21.0&#8243; _module_preset=&#8221;default&#8221; number_font_size=&#8221;60px&#8221; global_colors_info=&#8221;{}&#8221;][\/et_pb_number_counter][\/et_pb_column][et_pb_column type=&#8221;1_3&#8243; _builder_version=&#8221;4.21.0&#8243; _module_preset=&#8221;default&#8221; global_colors_info=&#8221;{}&#8221;][et_pb_number_counter title=&#8221;A partner adatb\u00e1zisaiban el\u00e9rhet\u0151 profilok&#8221; number=&#8221;40 Milli\u00f3&#8221; percent_sign=&#8221;off&#8221; _builder_version=&#8221;4.21.0&#8243; _module_preset=&#8221;default&#8221; number_font_size=&#8221;60px&#8221; global_colors_info=&#8221;{}&#8221;][\/et_pb_number_counter][\/et_pb_column][et_pb_column type=&#8221;1_3&#8243; _builder_version=&#8221;4.21.0&#8243; _module_preset=&#8221;default&#8221; global_colors_info=&#8221;{}&#8221;][et_pb_number_counter title=&#8221;Offline \u00e9s online influencer kamp\u00e1nyok&#8221; number=&#8221;4,500+&#8221; percent_sign=&#8221;off&#8221; _builder_version=&#8221;4.21.0&#8243; _module_preset=&#8221;default&#8221; number_font_size=&#8221;60px&#8221; global_colors_info=&#8221;{}&#8221;][\/et_pb_number_counter][\/et_pb_column][\/et_pb_row][\/et_pb_section][et_pb_section fb_built=&#8221;1&#8243; admin_label=&#8221;About Section&#8221; _builder_version=&#8221;4.21.0&#8243; background_image=&#8221;https:\/\/www.territory-influence.com\/wp-content\/uploads\/2024\/04\/territorymuc-15.png&#8221; min_height=&#8221;600px&#8221; height=&#8221;600px&#8221; max_height=&#8221;600px&#8221; custom_margin=&#8221;52px||-2px|||&#8221; custom_padding=&#8221;0px|0px|2px|0px||&#8221; global_colors_info=&#8221;{}&#8221;][et_pb_row column_structure=&#8221;3_5,2_5&#8243; use_custom_gutter=&#8221;on&#8221; gutter_width=&#8221;2&#8243; admin_label=&#8221;Sz\u00f6veg \u00e9s sz\u00e1m&#8221; _builder_version=&#8221;4.21.0&#8243; custom_padding=&#8221;0px|0px|27px|0px&#8221; global_colors_info=&#8221;{}&#8221;][et_pb_column type=&#8221;3_5&#8243; _builder_version=&#8221;4.16&#8243; custom_padding=&#8221;|||&#8221; global_colors_info=&#8221;{}&#8221; custom_padding__hover=&#8221;|||&#8221;][\/et_pb_column][et_pb_column type=&#8221;2_5&#8243; _builder_version=&#8221;4.16&#8243; custom_padding=&#8221;|||&#8221; global_colors_info=&#8221;{}&#8221; custom_padding__hover=&#8221;|||&#8221;][et_pb_cta admin_label=&#8221;C\u00edm \u00e9s bekezd\u00e9s&#8221; module_class=&#8221;tt-white&#8221; _builder_version=&#8221;4.21.0&#8243; header_font=&#8221;Roboto|500|||||||&#8221; header_text_align=&#8221;left&#8221; header_font_size=&#8221;40px&#8221; header_line_height=&#8221;1.4em&#8221; body_font=&#8221;Roboto|300|||||||&#8221; body_text_color=&#8221;#FFFFFF&#8221; body_font_size=&#8221;18px&#8221; background_color=&#8221;#252422&#8243; text_orientation=&#8221;left&#8221; min_height=&#8221;700px&#8221; custom_margin=&#8221;-53px||-107px|||&#8221; custom_padding=&#8221;149px|60px|0px|60px||&#8221; custom_padding_tablet=&#8221;60px|||&#8221; custom_padding_phone=&#8221;&#8221; custom_padding_last_edited=&#8221;on|tablet&#8221; header_font_size_tablet=&#8221;&#8221; header_font_size_phone=&#8221;40px&#8221; header_font_size_last_edited=&#8221;on|phone&#8221; global_colors_info=&#8221;{}&#8221; button_text_size__hover_enabled=&#8221;off&#8221; button_one_text_size__hover_enabled=&#8221;off&#8221; button_two_text_size__hover_enabled=&#8221;off&#8221; button_text_color__hover_enabled=&#8221;off&#8221; button_one_text_color__hover_enabled=&#8221;off&#8221; button_two_text_color__hover_enabled=&#8221;off&#8221; button_border_width__hover_enabled=&#8221;off&#8221; button_one_border_width__hover_enabled=&#8221;off&#8221; button_two_border_width__hover_enabled=&#8221;off&#8221; button_border_color__hover_enabled=&#8221;off&#8221; button_one_border_color__hover_enabled=&#8221;off&#8221; button_two_border_color__hover_enabled=&#8221;off&#8221; button_border_radius__hover_enabled=&#8221;off&#8221; button_one_border_radius__hover_enabled=&#8221;off&#8221; button_two_border_radius__hover_enabled=&#8221;off&#8221; button_letter_spacing__hover_enabled=&#8221;off&#8221; button_one_letter_spacing__hover_enabled=&#8221;off&#8221; button_two_letter_spacing__hover_enabled=&#8221;off&#8221; button_bg_color__hover_enabled=&#8221;off&#8221; button_one_bg_color__hover_enabled=&#8221;off&#8221; button_two_bg_color__hover_enabled=&#8221;off&#8221;]<\/p>\n<h2>B\u00fcszk\u00e9k vagyunk, hogy<\/h2>\n<p><em><\/em><\/p>\n<p><em>\u201eolyan testreszabott megold\u00e1sokat dolgozunk ki, \u00e9s val\u00f3s\u00edtunk meg, amelyek a teljes influencer spektrumot lefedik. Szak\u00e9rt\u0151 csapataink minden kih\u00edv\u00e1ssal szemben\u00e9znek, sz\u00e9lesk\u00f6r\u0171 tapasztalatuk \u00e9s saj\u00e1t fejleszt\u00e9s\u0171, b\u0151v\u00edthet\u0151 megold\u00e1saink birtok\u00e1ban k\u00e9pesek megoldani azt. Gyorsan, hat\u00e9konyan, c\u00e9lzottan.\u201d  <\/em><\/p>\n<p>&nbsp;<\/p>\n<p><span style=\"color: #ff6600;\"><strong>Stefan Schumacher,<br \/><\/strong><\/span><span style=\"color: #ff6600;\"><strong>\u00fcgyvezet\u0151 igazgat\u00f3<\/strong><\/span><\/p>\n<p>&nbsp;<\/p>\n<p>[\/et_pb_cta][\/et_pb_column][\/et_pb_row][\/et_pb_section][et_pb_section fb_built=&#8221;1&#8243; _builder_version=&#8221;4.16&#8243; _module_preset=&#8221;default&#8221; global_colors_info=&#8221;{}&#8221;][et_pb_row admin_label=&#8221;Bevezet\u0151&#8221; _builder_version=&#8221;4.21.0&#8243; custom_margin=&#8221;50px||50px||false|false&#8221; global_colors_info=&#8221;{}&#8221;][et_pb_column type=&#8221;4_4&#8243; _builder_version=&#8221;4.16&#8243; custom_padding=&#8221;|||&#8221; global_colors_info=&#8221;{}&#8221; custom_padding__hover=&#8221;|||&#8221;][et_pb_text admin_label=&#8221;Title &#038; Paragraph&#8221; module_class=&#8221;tt-black&#8221; _builder_version=&#8221;4.21.0&#8243; text_font=&#8221;Roboto|500|||||||&#8221; text_font_size=&#8221;20px&#8221; header_font=&#8221;||||||||&#8221; header_2_font=&#8221;Roboto|500|||||||&#8221; header_2_text_align=&#8221;center&#8221; header_2_font_size=&#8221;40px&#8221; header_2_line_height=&#8221;1.1em&#8221; text_orientation=&#8221;center&#8221; max_width=&#8221;950px&#8221; max_width_last_edited=&#8221;off|desktop&#8221; module_alignment=&#8221;center&#8221; custom_margin=&#8221;|||&#8221; custom_padding=&#8221;|||&#8221; custom_padding_last_edited=&#8221;off|desktop&#8221; animation_style=&#8221;slide&#8221; animation_direction=&#8221;left&#8221; header_2_font_size_tablet=&#8221;&#8221; header_2_font_size_phone=&#8221;40px&#8221; header_2_font_size_last_edited=&#8221;on|phone&#8221; global_colors_info=&#8221;{}&#8221;]<\/p>\n<h2 style=\"text-align: left;\">B\u0151v\u00fcl\u0151 befoly\u00e1s Eur\u00f3pa-szerte<\/h2>\n<p style=\"text-align: left;\"><span><\/span><\/p>\n<p style=\"text-align: left;\"><span>A TERRITORY Influence-n\u00e9l rendk\u00edv\u00fcl b\u00fcszk\u00e9k vagyunk glob\u00e1lis jelenl\u00e9t\u00fcnkre, hiszen \u00f6t ny\u00fczsg\u0151 orsz\u00e1gban &#8211; Franciaorsz\u00e1gban, Spanyolorsz\u00e1gban, N\u00e9metorsz\u00e1gban, Magyarorsz\u00e1gon \u00e9s Lengyelorsz\u00e1gban &#8211; van irod\u00e1nk. Nemzetk\u00f6zi el\u00e9r\u00e9s\u00fcnk lehet\u0151v\u00e9 teszi sz\u00e1munkra, hogy \u00e1thidaljuk a kultur\u00e1lis hat\u00e1rokat, meg\u00e9rts\u00fck a k\u00fcl\u00f6nb\u00f6z\u0151 piacokat, \u00e9s val\u00f3ban <strong>glob\u00e1lis szinten l\u00e9pj\u00fcnk kapcsolatba az influencerekkel \u00e9s a m\u00e1rk\u00e1kkal. <\/strong> <br \/><\/span><span>Fizikai jelenl\u00e9t\u00fcnknek k\u00f6sz\u00f6nhet\u0151en, meger\u0151s\u00edtj\u00fck azon k\u00e9pess\u00e9g\u00fcnket, hogy <strong>olyan szem\u00e9lyre szabott influencer marketing kamp\u00e1nyokat k\u00e9sz\u00edts\u00fcnk, amelyek a helyi k\u00f6z\u00f6ns\u00e9ggel \u00f6sszhangban vannak,<\/strong> mik\u00f6zben kihaszn\u00e1ljuk a hat\u00e1rokon \u00e1t\u00edvel\u0151, kiterjedt influencer h\u00e1l\u00f3zatunk erej\u00e9t is. T\u00f6bb orsz\u00e1got \u00e1tfog\u00f3 irod\u00e1ink j\u00f3l p\u00e9ld\u00e1zz\u00e1k elk\u00f6telezetts\u00e9g\u00fcnket az ir\u00e1nt, hogy vil\u00e1gszerte p\u00e1ratlan szak\u00e9rtelmet \u00e9s szem\u00e9lyre szabott megold\u00e1sokat ny\u00fajtsunk \u00fcgyfeleinknek. <\/span><\/p>\n<p>[\/et_pb_text][et_pb_button button_url=&#8221;https:\/\/www.territory-influence.com\/hu\/csapatok-irodak\/&#8221; button_text=&#8221;Ismerd meg a csapatot!&#8221; button_alignment=&#8221;center&#8221; _builder_version=&#8221;4.21.0&#8243; _module_preset=&#8221;default&#8221; custom_button=&#8221;on&#8221; button_text_size=&#8221;20px&#8221; button_text_color=&#8221;#000000&#8243; button_border_color=&#8221;#FF4E00&#8243; button_icon=&#8221;&#x3d;||divi||400&#8243; button_icon_color=&#8221;#000000&#8243; global_colors_info=&#8221;{}&#8221;][\/et_pb_button][\/et_pb_column][\/et_pb_row][et_pb_row admin_label=&#8221;\u00dczenet&#8221; module_class=&#8221;tt-black&#8221; _builder_version=&#8221;4.21.0&#8243; custom_margin=&#8221;|auto||auto|false|false&#8221; custom_padding=&#8221;|||&#8221; global_colors_info=&#8221;{}&#8221;][et_pb_column type=&#8221;4_4&#8243; _builder_version=&#8221;4.16&#8243; custom_padding=&#8221;|||&#8221; global_colors_info=&#8221;{}&#8221; custom_padding__hover=&#8221;|||&#8221;][et_pb_text admin_label=&#8221;Title&#8221; _builder_version=&#8221;4.21.0&#8243; text_font=&#8221;Roboto|700|||||||&#8221; text_text_color=&#8221;#737373&#8243; text_font_size=&#8221;25px&#8221; header_font=&#8221;||||||||&#8221; header_2_font=&#8221;Roboto|700|||||||&#8221; header_2_text_align=&#8221;left&#8221; header_2_font_size=&#8221;45px&#8221; max_width_last_edited=&#8221;off|desktop&#8221; custom_margin=&#8221;|||&#8221; custom_padding=&#8221;|||&#8221; custom_padding_last_edited=&#8221;off|desktop&#8221; animation_style=&#8221;slide&#8221; animation_direction=&#8221;left&#8221; header_2_font_size_tablet=&#8221;&#8221; header_2_font_size_phone=&#8221;40px&#8221; header_2_font_size_last_edited=&#8221;on|phone&#8221; global_colors_info=&#8221;{}&#8221;]<\/p>\n<h2>K\u00fcldj nek\u00fcnk \u00fczenetet<\/h2>\n<p>vagy \u00edrj k\u00f6zvetlen\u00fcl a <a href=\"mailto:hello-influence@territory.group\">kapcsolat-influence@territory.group<\/a><\/p>\n<p>[\/et_pb_text][et_pb_contact_form captcha=&#8221;off&#8221; email=&#8221;kapcsolat-influence@territory.group&#8221; success_message=&#8221;K\u00f6sz\u00f6nj\u00fck, r\u00f6videsen felvessz\u00fck veled a kapcsolatot!&#8221; submit_button_text=&#8221;K\u00fcldd el az \u00fczeneted&#8221; module_id=&#8221;et_pb_contact_form_0&#8243; module_class=&#8221;formtti&#8221; _builder_version=&#8221;4.21.0&#8243; _unique_id=&#8221;e850a04f-dabd-41bc-a3ec-713206b63b92&#8243; form_field_background_color=&#8221;rgba(26,26,26,0.08)&#8221; form_field_text_color=&#8221;rgba(0,0,0,0.6)&#8221; form_field_focus_text_color=&#8221;#FF4E00&#8243; title_font=&#8221;Roboto|700|||||||&#8221; title_text_color=&#8221;#000000&#8243; captcha_font=&#8221;Roboto||||||||&#8221; form_field_font=&#8221;Roboto|300|||||||&#8221; form_field_font_size=&#8221;18px&#8221; custom_button=&#8221;on&#8221; button_text_size=&#8221;25px&#8221; button_text_color=&#8221;#000000&#8243; button_bg_color=&#8221;RGBA(255,255,255,0)&#8221; button_border_width=&#8221;3px&#8221; button_border_color=&#8221;#FF4E00&#8243; button_border_radius=&#8221;0px&#8221; button_font=&#8221;Roboto|700|||||||&#8221; button_icon=&#8221;&#x3d;||divi||400&#8243; button_icon_color=&#8221;#000000&#8243; button_custom_margin=&#8221;20px|240px|0px|0px|false|false&#8221; animation_style=&#8221;slide&#8221; animation_direction=&#8221;right&#8221; form_background_color=&#8221;rgba(26,26,26,0.08)&#8221; global_colors_info=&#8221;{}&#8221;][et_pb_contact_field field_id=&#8221;Company&#8221; field_title=&#8221;C\u00e9g*&#8221; required_mark=&#8221;off&#8221; fullwidth_field=&#8221;on&#8221; _builder_version=&#8221;4.21.0&#8243; _module_preset=&#8221;default&#8221; global_colors_info=&#8221;{}&#8221;][\/et_pb_contact_field][et_pb_contact_field field_id=&#8221;First_Name&#8221; field_title=&#8221;Ut\u00f3n\u00e9v*&#8221; _builder_version=&#8221;4.21.0&#8243; global_colors_info=&#8221;{}&#8221; button_text_size__hover_enabled=&#8221;off&#8221; button_one_text_size__hover_enabled=&#8221;off&#8221; button_two_text_size__hover_enabled=&#8221;off&#8221; button_text_color__hover_enabled=&#8221;off&#8221; button_one_text_color__hover_enabled=&#8221;off&#8221; button_two_text_color__hover_enabled=&#8221;off&#8221; button_border_width__hover_enabled=&#8221;off&#8221; button_one_border_width__hover_enabled=&#8221;off&#8221; button_two_border_width__hover_enabled=&#8221;off&#8221; button_border_color__hover_enabled=&#8221;off&#8221; button_one_border_color__hover_enabled=&#8221;off&#8221; button_two_border_color__hover_enabled=&#8221;off&#8221; button_border_radius__hover_enabled=&#8221;off&#8221; button_one_border_radius__hover_enabled=&#8221;off&#8221; button_two_border_radius__hover_enabled=&#8221;off&#8221; button_letter_spacing__hover_enabled=&#8221;off&#8221; button_one_letter_spacing__hover_enabled=&#8221;off&#8221; button_two_letter_spacing__hover_enabled=&#8221;off&#8221; button_bg_color__hover_enabled=&#8221;off&#8221; button_one_bg_color__hover_enabled=&#8221;off&#8221; button_two_bg_color__hover_enabled=&#8221;off&#8221;][\/et_pb_contact_field][et_pb_contact_field field_id=&#8221;Surname&#8221; field_title=&#8221;Vezet\u00e9kn\u00e9v*&#8221; _builder_version=&#8221;4.21.0&#8243; global_colors_info=&#8221;{}&#8221; button_text_size__hover_enabled=&#8221;off&#8221; button_one_text_size__hover_enabled=&#8221;off&#8221; button_two_text_size__hover_enabled=&#8221;off&#8221; button_text_color__hover_enabled=&#8221;off&#8221; button_one_text_color__hover_enabled=&#8221;off&#8221; button_two_text_color__hover_enabled=&#8221;off&#8221; button_border_width__hover_enabled=&#8221;off&#8221; button_one_border_width__hover_enabled=&#8221;off&#8221; button_two_border_width__hover_enabled=&#8221;off&#8221; button_border_color__hover_enabled=&#8221;off&#8221; button_one_border_color__hover_enabled=&#8221;off&#8221; button_two_border_color__hover_enabled=&#8221;off&#8221; button_border_radius__hover_enabled=&#8221;off&#8221; button_one_border_radius__hover_enabled=&#8221;off&#8221; button_two_border_radius__hover_enabled=&#8221;off&#8221; button_letter_spacing__hover_enabled=&#8221;off&#8221; button_one_letter_spacing__hover_enabled=&#8221;off&#8221; button_two_letter_spacing__hover_enabled=&#8221;off&#8221; button_bg_color__hover_enabled=&#8221;off&#8221; button_one_bg_color__hover_enabled=&#8221;off&#8221; button_two_bg_color__hover_enabled=&#8221;off&#8221;][\/et_pb_contact_field][et_pb_contact_field field_id=&#8221;Phone_Number&#8221; field_title=&#8221;Telefonsz\u00e1m*&#8221; allowed_symbols=&#8221;numbers&#8221; required_mark=&#8221;off&#8221; fullwidth_field=&#8221;on&#8221; _builder_version=&#8221;4.16&#8243; _module_preset=&#8221;default&#8221; global_colors_info=&#8221;{}&#8221;][\/et_pb_contact_field][et_pb_contact_field field_id=&#8221;Email_Address&#8221; field_title=&#8221;Email C\u00edm*&#8221; field_type=&#8221;email&#8221; fullwidth_field=&#8221;on&#8221; _builder_version=&#8221;4.21.0&#8243; _module_preset=&#8221;default&#8221; global_colors_info=&#8221;{}&#8221;][\/et_pb_contact_field][et_pb_contact_field field_id=&#8221;Message&#8221; field_title=&#8221;\u00dczenet*&#8221; field_type=&#8221;text&#8221; fullwidth_field=&#8221;on&#8221; _builder_version=&#8221;4.21.0&#8243; global_colors_info=&#8221;{}&#8221; button_text_size__hover_enabled=&#8221;off&#8221; button_one_text_size__hover_enabled=&#8221;off&#8221; button_two_text_size__hover_enabled=&#8221;off&#8221; button_text_color__hover_enabled=&#8221;off&#8221; button_one_text_color__hover_enabled=&#8221;off&#8221; button_two_text_color__hover_enabled=&#8221;off&#8221; button_border_width__hover_enabled=&#8221;off&#8221; button_one_border_width__hover_enabled=&#8221;off&#8221; button_two_border_width__hover_enabled=&#8221;off&#8221; button_border_color__hover_enabled=&#8221;off&#8221; button_one_border_color__hover_enabled=&#8221;off&#8221; button_two_border_color__hover_enabled=&#8221;off&#8221; button_border_radius__hover_enabled=&#8221;off&#8221; button_one_border_radius__hover_enabled=&#8221;off&#8221; button_two_border_radius__hover_enabled=&#8221;off&#8221; button_letter_spacing__hover_enabled=&#8221;off&#8221; button_one_letter_spacing__hover_enabled=&#8221;off&#8221; button_two_letter_spacing__hover_enabled=&#8221;off&#8221; button_bg_color__hover_enabled=&#8221;off&#8221; button_one_bg_color__hover_enabled=&#8221;off&#8221; button_two_bg_color__hover_enabled=&#8221;off&#8221;][\/et_pb_contact_field][\/et_pb_contact_form][et_pb_text _builder_version=&#8221;4.16&#8243; _module_preset=&#8221;default&#8221; text_font=&#8221;Roboto||||||||&#8221; text_font_size=&#8221;16px&#8221; global_colors_info=&#8221;{}&#8221;]<\/p>\n<p><span>A kapcsolatfelv\u00e9teli \u0171rlappal kapcsolatos adatfeldolgoz\u00e1sr\u00f3l az Adatv\u00e9delmi t\u00e1j\u00e9koztat\u00f3nkban tudhatsz meg t\u00f6bbet. <\/span><a href=\"https:\/\/www.territory-influence.com\/hu\/privacy-policy\/\">Adatv\u00e9delmi t\u00e1j\u00e9koztat\u00f3<span>.<\/span><\/a><\/p>\n<p>[\/et_pb_text][\/et_pb_column][\/et_pb_row][\/et_pb_section]<\/p>\n","protected":false},"excerpt":{"rendered":"<p>Egy csapat lelkes influencer szak\u00e9rt\u0151Nemzetk\u00f6zi szak\u00e9rt\u0151i csapat vagyunk A Bertelsmann csoport r\u00e9szek\u00e9nt \u00e9s 2005 \u00f3ta tart\u00f3 tapasztalatunkkal a TERRITORY Influence az egyik vezet\u0151 teljes k\u00f6r\u0171 szolg\u00e1ltat\u00e1st ny\u00fajt\u00f3 influencer marketing \u00fcgyn\u00f6ks\u00e9g, munkat\u00e1rsakkal Eur\u00f3pa-szerte.Sokr\u00e9t\u0171 szak\u00e9rtelm\u00fcnkkel seg\u00edt\u00fcnk a kis \u00e9s nagy m\u00e1rk\u00e1knak el\u00e9rni c\u00e9ljaikat az\u00e1ltal, hogy a fogyaszt\u00f3kat helyezz\u00fck marketingterveik k\u00f6z\u00e9ppontj\u00e1ba. A tan\u00e1csad\u00e1st\u00f3l a kivitelez\u00e9sig k\u00fcl\u00f6n\u00f6s figyelmet ford\u00edtunk [&hellip;]<\/p>\n","protected":false},"author":19,"featured_media":4251,"parent":0,"menu_order":0,"comment_status":"closed","ping_status":"closed","template":"","meta":{"_et_pb_use_builder":"on","_et_pb_old_content":"","_et_gb_content_width":"","footnotes":""},"class_list":["post-21528","page","type-page","status-publish","has-post-thumbnail","hentry"],"aioseo_notices":[],"_links":{"self":[{"href":"https:\/\/www.territory-influence.com\/hu\/wp-json\/wp\/v2\/pages\/21528","targetHints":{"allow":["GET"]}}],"collection":[{"href":"https:\/\/www.territory-influence.com\/hu\/wp-json\/wp\/v2\/pages"}],"about":[{"href":"https:\/\/www.territory-influence.com\/hu\/wp-json\/wp\/v2\/types\/page"}],"author":[{"embeddable":true,"href":"https:\/\/www.territory-influence.com\/hu\/wp-json\/wp\/v2\/users\/19"}],"replies":[{"embeddable":true,"href":"https:\/\/www.territory-influence.com\/hu\/wp-json\/wp\/v2\/comments?post=21528"}],"version-history":[{"count":15,"href":"https:\/\/www.territory-influence.com\/hu\/wp-json\/wp\/v2\/pages\/21528\/revisions"}],"predecessor-version":[{"id":41566,"href":"https:\/\/www.territory-influence.com\/hu\/wp-json\/wp\/v2\/pages\/21528\/revisions\/41566"}],"wp:featuredmedia":[{"embeddable":true,"href":"https:\/\/www.territory-influence.com\/hu\/wp-json\/wp\/v2\/media\/4251"}],"wp:attachment":[{"href":"https:\/\/www.territory-influence.com\/hu\/wp-json\/wp\/v2\/media?parent=21528"}],"curies":[{"name":"wp","href":"https:\/\/api.w.org\/{rel}","templated":true}]}}