{"id":41553,"date":"2025-06-05T20:01:39","date_gmt":"2025-06-05T20:01:39","guid":{"rendered":"https:\/\/www.territory-influence.com\/community-management\/"},"modified":"2025-06-06T02:47:24","modified_gmt":"2025-06-06T02:47:24","slug":"community-management","status":"publish","type":"page","link":"https:\/\/www.territory-influence.com\/hu\/community-management\/","title":{"rendered":"Community Management"},"content":{"rendered":"<p>[et_pb_section fb_built=&#8221;1&#8243; admin_label=&#8221;CTA Section&#8221; _builder_version=&#8221;4.16&#8243; custom_padding=&#8221;50px||100px|||&#8221; global_colors_info=&#8221;{}&#8221;][et_pb_row column_structure=&#8221;1_2,1_2&#8243; use_custom_gutter=&#8221;on&#8221; admin_label=&#8221;CTA sor&#8221; _builder_version=&#8221;4.16&#8243; custom_margin=&#8221;|||&#8221; custom_padding=&#8221;|||&#8221; global_colors_info=&#8221;{}&#8221;][et_pb_column type=&#8221;1_2&#8243; _builder_version=&#8221;4.16&#8243; custom_padding=&#8221;|||&#8221; global_colors_info=&#8221;{}&#8221; custom_padding__hover=&#8221;|||&#8221;][et_pb_image src=&#8221;https:\/\/www.territory-influence.com\/wp-content\/uploads\/2024\/03\/Community-Management-1.png&#8221; alt=&#8221;Community Management \u00e9s Influence&#8221; title_text=&#8221;Community Management (1)&#8221; align_tablet=&#8221;center&#8221; align_phone=&#8221;&#8221; align_last_edited=&#8221;on|desktop&#8221; _builder_version=&#8221;4.21.0&#8243; global_colors_info=&#8221;{}&#8221;][\/et_pb_image][\/et_pb_column][et_pb_column type=&#8221;1_2&#8243; _builder_version=&#8221;4.16&#8243; custom_padding=&#8221;|||&#8221; global_colors_info=&#8221;{}&#8221; custom_padding__hover=&#8221;|||&#8221;][et_pb_text admin_label=&#8221;Title&#8221; module_class=&#8221;tt-black mobile-headline&#8221; _builder_version=&#8221;4.21.0&#8243; text_font=&#8221;Roboto|600|||||||&#8221; text_font_size=&#8221;18px&#8221; text_line_height=&#8221;1.8em&#8221; header_font=&#8221;Roboto|900|||||||&#8221; header_font_size=&#8221;65px&#8221; header_2_font=&#8221;Roboto|900|||||||&#8221; header_2_font_size=&#8221;55px&#8221; header_2_line_height=&#8221;1.4em&#8221; max_width_last_edited=&#8221;off|desktop&#8221; custom_margin=&#8221;200px|||-100px&#8221; custom_margin_tablet=&#8221;0px|||0px&#8221; custom_margin_phone=&#8221;&#8221; custom_margin_last_edited=&#8221;on|desktop&#8221; custom_padding=&#8221;|||&#8221; custom_padding_last_edited=&#8221;off|desktop&#8221; header_2_font_size_tablet=&#8221;50px&#8221; header_2_font_size_phone=&#8221;50px&#8221; header_2_font_size_last_edited=&#8221;on|tablet&#8221; global_colors_info=&#8221;{}&#8221;]<\/p>\n<h1>COMMUNITY MANAGEMENT<\/h1>\n<p>[\/et_pb_text][et_pb_text admin_label=&#8221;Paragraph&#8221; _builder_version=&#8221;4.27.4&#8243; text_font=&#8221;Roboto|700|||||||&#8221; text_font_size=&#8221;25px&#8221; text_line_height=&#8221;1.2em&#8221; header_font=&#8221;||||||||&#8221; header_2_font=&#8221;Muli|700|||||||&#8221; header_2_font_size=&#8221;50px&#8221; header_2_line_height=&#8221;1.4em&#8221; max_width_last_edited=&#8221;off|desktop&#8221; module_alignment=&#8221;right&#8221; custom_margin=&#8221;|||&#8221; custom_padding=&#8221;|||&#8221; custom_padding_tablet=&#8221;30px|0px|30px|0px&#8221; custom_padding_phone=&#8221;&#8221; custom_padding_last_edited=&#8221;on|tablet&#8221; global_colors_info=&#8221;{}&#8221;]<\/p>\n<p>A Community management a modern \u00e9s megnyer\u0151 \u00fcgyf\u00e9lszolg\u00e1lat. Az \u00f6sszes k\u00f6z\u00f6ss\u00e9gi csatorn\u00e1t lefedve moder\u00e1ljuk a vit\u00e1kat, \u00e9s b\u00e1rmikor v\u00e1laszolunk a felhaszn\u00e1l\u00f3k k\u00e9r\u00e9seire. Di\u00f3h\u00e9jban: \u00e1thidaljuk a szakad\u00e9kot az \u00fcgyfeleid \u00e9s a m\u00e1rk\u00e1d k\u00f6z\u00f6tt \u2013 moder\u00e1ljuk a vit\u00e1kat \u00e9s b\u00e1rmikor v\u00e1laszolunk a felhaszn\u00e1l\u00f3i megkeres\u00e9sekre.<\/p>\n<p>[\/et_pb_text][et_pb_button button_url=&#8221;https:\/\/www.territory-influence.com\/hu\/kapcsolat\/&#8221; url_new_window=&#8221;on&#8221; button_text=&#8221;Er\u0151s\u00edts az \u00fcgyf\u00e9lkapcsolataidon!&#8221; button_alignment=&#8221;left&#8221; _builder_version=&#8221;4.27.4&#8243; custom_button=&#8221;on&#8221; button_text_size=&#8221;25px&#8221; button_text_color=&#8221;#000000&#8243; button_bg_color=&#8221;RGBA(255,255,255,0)&#8221; button_border_width=&#8221;3px&#8221; button_border_color=&#8221;#FF4E00&#8243; button_border_radius=&#8221;0px&#8221; button_font=&#8221;Roboto|700|||||||&#8221; button_icon=&#8221;&#x3d;||divi||400&#8243; button_icon_color=&#8221;#000000&#8243; custom_margin=&#8221;|||&#8221; custom_margin_tablet=&#8221;30px|||0px&#8221; custom_margin_phone=&#8221;&#8221; custom_margin_last_edited=&#8221;on|phone&#8221; custom_padding=&#8221;|||&#8221; hover_enabled=&#8221;0&#8243; button_border_radius_hover=&#8221;0px&#8221; global_colors_info=&#8221;{}&#8221; button_text_size__hover_enabled=&#8221;off&#8221; button_one_text_size__hover_enabled=&#8221;off&#8221; button_two_text_size__hover_enabled=&#8221;off&#8221; button_text_color__hover_enabled=&#8221;off&#8221; button_one_text_color__hover_enabled=&#8221;off&#8221; button_two_text_color__hover_enabled=&#8221;off&#8221; button_border_width__hover_enabled=&#8221;off&#8221; button_one_border_width__hover_enabled=&#8221;off&#8221; button_two_border_width__hover_enabled=&#8221;off&#8221; button_border_color__hover_enabled=&#8221;off&#8221; button_one_border_color__hover_enabled=&#8221;off&#8221; button_two_border_color__hover_enabled=&#8221;off&#8221; button_border_radius__hover_enabled=&#8221;on&#8221; button_border_radius__hover=&#8221;0px&#8221; button_one_border_radius__hover_enabled=&#8221;off&#8221; button_two_border_radius__hover_enabled=&#8221;off&#8221; button_letter_spacing__hover_enabled=&#8221;off&#8221; button_one_letter_spacing__hover_enabled=&#8221;off&#8221; button_two_letter_spacing__hover_enabled=&#8221;off&#8221; button_bg_color__hover_enabled=&#8221;off&#8221; button_one_bg_color__hover_enabled=&#8221;off&#8221; button_two_bg_color__hover_enabled=&#8221;off&#8221; sticky_enabled=&#8221;0&#8243;][\/et_pb_button][\/et_pb_column][\/et_pb_row][\/et_pb_section][et_pb_section fb_built=&#8221;1&#8243; admin_label=&#8221;Our Works CTA Section&#8221; _builder_version=&#8221;4.16&#8243; background_color=&#8221;#1a1a1a&#8221; custom_padding=&#8221;0px|0px|0px|0px&#8221; global_colors_info=&#8221;{}&#8221;][et_pb_row column_structure=&#8221;1_2,1_2&#8243; use_custom_gutter=&#8221;on&#8221; admin_label=&#8221;CTA sor&#8221; _builder_version=&#8221;4.16&#8243; width=&#8221;100%&#8221; max_width=&#8221;100%&#8221; custom_margin=&#8221;|||&#8221; custom_padding=&#8221;0px|0px|0px|0px&#8221; use_custom_width=&#8221;on&#8221; width_unit=&#8221;off&#8221; custom_width_percent=&#8221;100%&#8221; global_colors_info=&#8221;{}&#8221;][et_pb_column type=&#8221;1_2&#8243; _builder_version=&#8221;4.16&#8243; custom_padding=&#8221;|||&#8221; global_colors_info=&#8221;{}&#8221; custom_padding__hover=&#8221;|||&#8221;][et_pb_cta button_url=&#8221;https:\/\/www.territory-influence.com\/hu\/szolgaltatasok\/&#8221; button_text=&#8221;Vissza az egy\u00e9b megold\u00e1sokhoz&#8221; module_class=&#8221;tt-white&#8221; _builder_version=&#8221;4.27.4&#8243; header_font=&#8221;Roboto|700|||||||&#8221; header_text_color=&#8221;#ffffff&#8221; header_font_size=&#8221;45px&#8221; body_font=&#8221;Roboto|300|||||||&#8221; body_text_align=&#8221;left&#8221; body_text_color=&#8221;#ffffff&#8221; body_font_size=&#8221;22px&#8221; use_background_color=&#8221;off&#8221; custom_button=&#8221;on&#8221; button_text_size=&#8221;20px&#8221; button_text_color=&#8221;#ffffff&#8221; button_bg_color=&#8221;RGBA(255,255,255,0)&#8221; button_border_width=&#8221;3px&#8221; button_border_color=&#8221;#FF4E00&#8243; button_border_radius=&#8221;0px&#8221; button_font=&#8221;Roboto|700|||||||&#8221; button_icon=&#8221;&#x3d;||divi||400&#8243; button_icon_color=&#8221;#ffffff&#8221; button_alignment=&#8221;left&#8221; max_width=&#8221;600px&#8221; max_width_tablet=&#8221;&#8221; max_width_phone=&#8221;&#8221; max_width_last_edited=&#8221;on|desktop&#8221; module_alignment=&#8221;right&#8221; custom_margin=&#8221;18%||18%|&#8221; custom_margin_tablet=&#8221;|||&#8221; custom_margin_phone=&#8221;|||&#8221; custom_margin_last_edited=&#8221;on|tablet&#8221; custom_padding=&#8221;|||10%&#8221; custom_padding_tablet=&#8221;|10%||&#8221; custom_padding_phone=&#8221;|60px||60px&#8221; custom_padding_last_edited=&#8221;on|phone&#8221; hover_enabled=&#8221;0&#8243; header_font_size_tablet=&#8221;&#8221; header_font_size_phone=&#8221;40px&#8221; header_font_size_last_edited=&#8221;on|phone&#8221; button_border_radius_hover=&#8221;0px&#8221; global_colors_info=&#8221;{}&#8221; button_text_size__hover_enabled=&#8221;off&#8221; button_one_text_size__hover_enabled=&#8221;off&#8221; button_two_text_size__hover_enabled=&#8221;off&#8221; button_text_color__hover_enabled=&#8221;off&#8221; button_one_text_color__hover_enabled=&#8221;off&#8221; button_two_text_color__hover_enabled=&#8221;off&#8221; button_border_width__hover_enabled=&#8221;off&#8221; button_one_border_width__hover_enabled=&#8221;off&#8221; button_two_border_width__hover_enabled=&#8221;off&#8221; button_border_color__hover_enabled=&#8221;off&#8221; button_one_border_color__hover_enabled=&#8221;off&#8221; button_two_border_color__hover_enabled=&#8221;off&#8221; button_border_radius__hover_enabled=&#8221;on&#8221; button_border_radius__hover=&#8221;0px&#8221; button_one_border_radius__hover_enabled=&#8221;off&#8221; button_two_border_radius__hover_enabled=&#8221;off&#8221; button_letter_spacing__hover_enabled=&#8221;off&#8221; button_one_letter_spacing__hover_enabled=&#8221;off&#8221; button_two_letter_spacing__hover_enabled=&#8221;off&#8221; button_bg_color__hover_enabled=&#8221;off&#8221; button_one_bg_color__hover_enabled=&#8221;off&#8221; button_two_bg_color__hover_enabled=&#8221;off&#8221; sticky_enabled=&#8221;0&#8243;]<\/p>\n<h2><span data-contrast=\"auto\" xml:lang=\"EN-US\" lang=\"EN-US\" class=\"TextRun SCXW12958758 BCX0\"><span class=\"NormalTextRun SCXW12958758 BCX0\" data-ccp-charstyle=\"normaltextrun\">\u00c9p\u00edts elk\u00f6telezett, k\u00f6z\u00e9rthet\u0151 \u00e9s megb\u00edzhat\u00f3 m\u00e1rk\u00e1t<\/span><\/span><\/h2>\n<p>&nbsp;<\/p>\n<p>Community management strat\u00e9gi\u00e1nk az agilit\u00e1sra, a proaktivit\u00e1sra, a kapcsolat\u00e9p\u00edt\u00e9sre \u00e9s a k\u00f6z\u00f6ss\u00e9gi m\u00e9dia folyamatosan v\u00e1ltoz\u00f3 vil\u00e1g\u00e1nak alapos ismeret\u00e9re \u00e9p\u00fcl. Gyors v\u00e1laszokkal, proakt\u00edv p\u00e1rbesz\u00e9ddel, a m\u00e1rka \u00e9s a k\u00f6z\u00f6ns\u00e9g k\u00f6z\u00f6tti er\u0151s kapocs kialak\u00edt\u00e1s\u00e1val, valamint a trendek felismer\u00e9s\u00e9vel \u00e9s felhaszn\u00e1l\u00e1s\u00e1val biztos\u00edtjuk, hogy a m\u00e1rk\u00e1k hossz\u00fa t\u00e1von is h\u0171s\u00e9get \u00e9p\u00edtsenek, t\u00e1mogat\u00f3kat szerezzenek, \u00e9rt\u00e9kes visszajelz\u00e9seket gy\u0171jtsenek, \u00f6szt\u00f6n\u00f6zz\u00e9k a felhaszn\u00e1l\u00f3i tartalmak (UGC) k\u00e9sz\u00edt\u00e9s\u00e9t, kiemelked\u0151 \u00fcgyf\u00e9lszolg\u00e1latot ny\u00fajtsanak, \u00e9s emberk\u00f6zelibb\u00e9 tegy\u00e9k brandj\u00fcket.<\/p>\n<p>[\/et_pb_cta][\/et_pb_column][et_pb_column type=&#8221;1_2&#8243; _builder_version=&#8221;4.16&#8243; custom_padding=&#8221;|||&#8221; global_colors_info=&#8221;{}&#8221; custom_padding__hover=&#8221;|||&#8221;][et_pb_image src=&#8221;https:\/\/www.territory-influence.com\/wp-content\/uploads\/2024\/02\/SocialMediaContentMngt.png&#8221; alt=&#8221;Social Media Tartalom&#8221; title_text=&#8221;SocialMediaContent&#038;Mngt&#8221; force_fullwidth=&#8221;on&#8221; align_tablet=&#8221;center&#8221; align_phone=&#8221;&#8221; align_last_edited=&#8221;on|desktop&#8221; _builder_version=&#8221;4.21.0&#8243; global_colors_info=&#8221;{}&#8221;][\/et_pb_image][\/et_pb_column][\/et_pb_row][\/et_pb_section][et_pb_section fb_built=&#8221;1&#8243; admin_label=&#8221;Testimonial Section&#8221; _builder_version=&#8221;4.16&#8243; custom_padding=&#8221;0px||0px|&#8221; global_colors_info=&#8221;{}&#8221;][et_pb_row admin_label=&#8221;\u00dczenet&#8221; module_class=&#8221;tt-black&#8221; _builder_version=&#8221;4.16&#8243; custom_margin=&#8221;22px|auto||auto||&#8221; custom_padding=&#8221;|||&#8221; global_colors_info=&#8221;{}&#8221;][et_pb_column type=&#8221;4_4&#8243; _builder_version=&#8221;4.16&#8243; custom_padding=&#8221;|||&#8221; global_colors_info=&#8221;{}&#8221; custom_padding__hover=&#8221;|||&#8221;][et_pb_text admin_label=&#8221;Title&#8221; _builder_version=&#8221;4.21.0&#8243; text_font=&#8221;Roboto|700|||||||&#8221; text_text_color=&#8221;#737373&#8243; text_font_size=&#8221;25px&#8221; header_font=&#8221;||||||||&#8221; header_2_font=&#8221;Roboto|700|||||||&#8221; header_2_text_align=&#8221;left&#8221; header_2_font_size=&#8221;45px&#8221; max_width_last_edited=&#8221;off|desktop&#8221; custom_margin=&#8221;|||&#8221; custom_padding=&#8221;|||&#8221; custom_padding_last_edited=&#8221;off|desktop&#8221; animation_style=&#8221;slide&#8221; animation_direction=&#8221;left&#8221; header_2_font_size_tablet=&#8221;&#8221; header_2_font_size_phone=&#8221;40px&#8221; header_2_font_size_last_edited=&#8221;on|phone&#8221; global_colors_info=&#8221;{}&#8221;]<\/p>\n<h2>K\u00fcldj nek\u00fcnk \u00fczenetet<\/h2>\n<p>vagy \u00edrj k\u00f6zvetlen\u00fcl a <a href=\"mailto:hello-influence@territory.group\">kapcsolat-influence@territory.group<\/a> c\u00edmre!<\/p>\n<p>[\/et_pb_text][et_pb_contact_form captcha=&#8221;off&#8221; email=&#8221;kapcsolat-influence@territory.group&#8221; success_message=&#8221;K\u00f6sz\u00f6nj\u00fck, r\u00f6videsen felvessz\u00fck veled a kapcsolatot!&#8221; submit_button_text=&#8221;K\u00fcldd el az \u00fczeneted&#8221; module_id=&#8221;et_pb_contact_form_0&#8243; module_class=&#8221;formtti&#8221; _builder_version=&#8221;4.21.0&#8243; _unique_id=&#8221;e850a04f-dabd-41bc-a3ec-713206b63b92&#8243; form_field_background_color=&#8221;rgba(26,26,26,0.08)&#8221; form_field_text_color=&#8221;rgba(0,0,0,0.6)&#8221; form_field_focus_text_color=&#8221;#FF4E00&#8243; title_font=&#8221;Roboto|700|||||||&#8221; title_text_color=&#8221;#000000&#8243; captcha_font=&#8221;Roboto||||||||&#8221; form_field_font=&#8221;Roboto|300|||||||&#8221; form_field_font_size=&#8221;18px&#8221; custom_button=&#8221;on&#8221; button_text_size=&#8221;25px&#8221; button_text_color=&#8221;#000000&#8243; button_bg_color=&#8221;RGBA(255,255,255,0)&#8221; button_border_width=&#8221;3px&#8221; button_border_color=&#8221;#FF4E00&#8243; button_border_radius=&#8221;0px&#8221; button_font=&#8221;Roboto|700|||||||&#8221; button_icon=&#8221;&#x3d;||divi||400&#8243; button_icon_color=&#8221;#000000&#8243; button_custom_margin=&#8221;20px|240px|0px|0px|false|false&#8221; animation_style=&#8221;slide&#8221; animation_direction=&#8221;right&#8221; form_background_color=&#8221;rgba(26,26,26,0.08)&#8221; global_colors_info=&#8221;{}&#8221;][et_pb_contact_field field_id=&#8221;Company&#8221; field_title=&#8221;C\u00e9g*&#8221; required_mark=&#8221;off&#8221; fullwidth_field=&#8221;on&#8221; _builder_version=&#8221;4.21.0&#8243; _module_preset=&#8221;default&#8221; global_colors_info=&#8221;{}&#8221;][\/et_pb_contact_field][et_pb_contact_field field_id=&#8221;First_Name&#8221; field_title=&#8221;Ut\u00f3n\u00e9v*&#8221; _builder_version=&#8221;4.21.0&#8243; global_colors_info=&#8221;{}&#8221; button_text_size__hover_enabled=&#8221;off&#8221; button_one_text_size__hover_enabled=&#8221;off&#8221; button_two_text_size__hover_enabled=&#8221;off&#8221; button_text_color__hover_enabled=&#8221;off&#8221; button_one_text_color__hover_enabled=&#8221;off&#8221; button_two_text_color__hover_enabled=&#8221;off&#8221; button_border_width__hover_enabled=&#8221;off&#8221; button_one_border_width__hover_enabled=&#8221;off&#8221; button_two_border_width__hover_enabled=&#8221;off&#8221; button_border_color__hover_enabled=&#8221;off&#8221; button_one_border_color__hover_enabled=&#8221;off&#8221; button_two_border_color__hover_enabled=&#8221;off&#8221; button_border_radius__hover_enabled=&#8221;off&#8221; button_one_border_radius__hover_enabled=&#8221;off&#8221; button_two_border_radius__hover_enabled=&#8221;off&#8221; button_letter_spacing__hover_enabled=&#8221;off&#8221; button_one_letter_spacing__hover_enabled=&#8221;off&#8221; button_two_letter_spacing__hover_enabled=&#8221;off&#8221; button_bg_color__hover_enabled=&#8221;off&#8221; button_one_bg_color__hover_enabled=&#8221;off&#8221; button_two_bg_color__hover_enabled=&#8221;off&#8221;][\/et_pb_contact_field][et_pb_contact_field field_id=&#8221;Surname&#8221; field_title=&#8221;Vezet\u00e9kn\u00e9v*&#8221; _builder_version=&#8221;4.21.0&#8243; global_colors_info=&#8221;{}&#8221; button_text_size__hover_enabled=&#8221;off&#8221; button_one_text_size__hover_enabled=&#8221;off&#8221; button_two_text_size__hover_enabled=&#8221;off&#8221; button_text_color__hover_enabled=&#8221;off&#8221; button_one_text_color__hover_enabled=&#8221;off&#8221; button_two_text_color__hover_enabled=&#8221;off&#8221; button_border_width__hover_enabled=&#8221;off&#8221; button_one_border_width__hover_enabled=&#8221;off&#8221; button_two_border_width__hover_enabled=&#8221;off&#8221; button_border_color__hover_enabled=&#8221;off&#8221; button_one_border_color__hover_enabled=&#8221;off&#8221; button_two_border_color__hover_enabled=&#8221;off&#8221; button_border_radius__hover_enabled=&#8221;off&#8221; button_one_border_radius__hover_enabled=&#8221;off&#8221; button_two_border_radius__hover_enabled=&#8221;off&#8221; button_letter_spacing__hover_enabled=&#8221;off&#8221; button_one_letter_spacing__hover_enabled=&#8221;off&#8221; button_two_letter_spacing__hover_enabled=&#8221;off&#8221; button_bg_color__hover_enabled=&#8221;off&#8221; button_one_bg_color__hover_enabled=&#8221;off&#8221; button_two_bg_color__hover_enabled=&#8221;off&#8221;][\/et_pb_contact_field][et_pb_contact_field field_id=&#8221;Phone_Number&#8221; field_title=&#8221;Telefonsz\u00e1m*&#8221; allowed_symbols=&#8221;numbers&#8221; required_mark=&#8221;off&#8221; fullwidth_field=&#8221;on&#8221; _builder_version=&#8221;4.16&#8243; _module_preset=&#8221;default&#8221; global_colors_info=&#8221;{}&#8221;][\/et_pb_contact_field][et_pb_contact_field field_id=&#8221;Email_Address&#8221; field_title=&#8221;Email C\u00edm*&#8221; field_type=&#8221;email&#8221; fullwidth_field=&#8221;on&#8221; _builder_version=&#8221;4.21.0&#8243; _module_preset=&#8221;default&#8221; global_colors_info=&#8221;{}&#8221;][\/et_pb_contact_field][et_pb_contact_field field_id=&#8221;Message&#8221; field_title=&#8221;\u00dczenet*&#8221; field_type=&#8221;text&#8221; fullwidth_field=&#8221;on&#8221; _builder_version=&#8221;4.21.0&#8243; global_colors_info=&#8221;{}&#8221; button_text_size__hover_enabled=&#8221;off&#8221; button_one_text_size__hover_enabled=&#8221;off&#8221; button_two_text_size__hover_enabled=&#8221;off&#8221; button_text_color__hover_enabled=&#8221;off&#8221; button_one_text_color__hover_enabled=&#8221;off&#8221; button_two_text_color__hover_enabled=&#8221;off&#8221; button_border_width__hover_enabled=&#8221;off&#8221; button_one_border_width__hover_enabled=&#8221;off&#8221; button_two_border_width__hover_enabled=&#8221;off&#8221; button_border_color__hover_enabled=&#8221;off&#8221; button_one_border_color__hover_enabled=&#8221;off&#8221; button_two_border_color__hover_enabled=&#8221;off&#8221; button_border_radius__hover_enabled=&#8221;off&#8221; button_one_border_radius__hover_enabled=&#8221;off&#8221; button_two_border_radius__hover_enabled=&#8221;off&#8221; button_letter_spacing__hover_enabled=&#8221;off&#8221; button_one_letter_spacing__hover_enabled=&#8221;off&#8221; button_two_letter_spacing__hover_enabled=&#8221;off&#8221; button_bg_color__hover_enabled=&#8221;off&#8221; button_one_bg_color__hover_enabled=&#8221;off&#8221; button_two_bg_color__hover_enabled=&#8221;off&#8221;][\/et_pb_contact_field][\/et_pb_contact_form][et_pb_text _builder_version=&#8221;4.16&#8243; _module_preset=&#8221;default&#8221; text_font=&#8221;Roboto||||||||&#8221; text_font_size=&#8221;16px&#8221; global_colors_info=&#8221;{}&#8221;]<\/p>\n<p><span>A kapcsolatfelv\u00e9teli \u0171rlappal kapcsolatos adatfeldolgoz\u00e1sr\u00f3l az Adatv\u00e9delmi t\u00e1j\u00e9koztat\u00f3nkban tudhatsz meg t\u00f6bbet. <\/span><a href=\"https:\/\/www.territory-influence.com\/hu\/privacy-policy\/\">Adatv\u00e9delmi t\u00e1j\u00e9koztat\u00f3<span>.<\/span><\/a><\/p>\n<p>[\/et_pb_text][\/et_pb_column][\/et_pb_row][\/et_pb_section]<\/p>\n","protected":false},"excerpt":{"rendered":"<p>A social m\u00e9dia, a k\u00f6z\u00f6ss\u00e9g \u00e9s az influencer marketing \u00f6sszefon\u00f3dik, \u00e9s elengedhetetlen a hat\u00e9kony strat\u00e9gia kialak\u00edt\u00e1s\u00e1hoz. L\u00e9pj kapcsolatba vel\u00fcnk, hogy teljes m\u00e9rt\u00e9kben felt\u00e1rhasd a m\u00e1rk\u00e1dban rejl\u0151 lehet\u0151s\u00e9geket. <\/p>\n","protected":false},"author":19,"featured_media":0,"parent":0,"menu_order":0,"comment_status":"closed","ping_status":"closed","template":"","meta":{"_et_pb_use_builder":"on","_et_pb_old_content":"","_et_gb_content_width":"","footnotes":""},"class_list":["post-41553","page","type-page","status-publish","hentry"],"aioseo_notices":[],"_links":{"self":[{"href":"https:\/\/www.territory-influence.com\/hu\/wp-json\/wp\/v2\/pages\/41553","targetHints":{"allow":["GET"]}}],"collection":[{"href":"https:\/\/www.territory-influence.com\/hu\/wp-json\/wp\/v2\/pages"}],"about":[{"href":"https:\/\/www.territory-influence.com\/hu\/wp-json\/wp\/v2\/types\/page"}],"author":[{"embeddable":true,"href":"https:\/\/www.territory-influence.com\/hu\/wp-json\/wp\/v2\/users\/19"}],"replies":[{"embeddable":true,"href":"https:\/\/www.territory-influence.com\/hu\/wp-json\/wp\/v2\/comments?post=41553"}],"version-history":[{"count":8,"href":"https:\/\/www.territory-influence.com\/hu\/wp-json\/wp\/v2\/pages\/41553\/revisions"}],"predecessor-version":[{"id":41581,"href":"https:\/\/www.territory-influence.com\/hu\/wp-json\/wp\/v2\/pages\/41553\/revisions\/41581"}],"wp:attachment":[{"href":"https:\/\/www.territory-influence.com\/hu\/wp-json\/wp\/v2\/media?parent=41553"}],"curies":[{"name":"wp","href":"https:\/\/api.w.org\/{rel}","templated":true}]}}