{"id":4957,"date":"2021-02-19T21:53:28","date_gmt":"2021-02-19T21:53:28","guid":{"rendered":"https:\/\/www.territory-influence.com\/csapatok-irodak\/"},"modified":"2025-06-23T18:20:08","modified_gmt":"2025-06-23T18:20:08","slug":"csapatok-irodak","status":"publish","type":"page","link":"https:\/\/www.territory-influence.com\/hu\/csapatok-irodak\/","title":{"rendered":"Csapatok \u00e9s Irod\u00e1k"},"content":{"rendered":"<p>[et_pb_section fb_built=&#8221;1&#8243; _builder_version=&#8221;4.21.0&#8243; _module_preset=&#8221;default&#8221; use_background_color_gradient=&#8221;on&#8221; background_color_gradient_stops=&#8221;#000000 0%|rgba(255,255,255,0) 100%&#8221; background_color_gradient_overlays_image=&#8221;on&#8221; background_image=&#8221;https:\/\/www.territory-influence.com\/wp-content\/uploads\/2024\/04\/munich6.jpg&#8221; custom_padding=&#8221;10%||10%||false|false&#8221; global_colors_info=&#8221;{}&#8221;][et_pb_row _builder_version=&#8221;4.21.0&#8243; _module_preset=&#8221;default&#8221; global_colors_info=&#8221;{}&#8221;][et_pb_column type=&#8221;4_4&#8243; _builder_version=&#8221;4.21.0&#8243; _module_preset=&#8221;default&#8221; global_colors_info=&#8221;{}&#8221;][et_pb_text _builder_version=&#8221;4.21.0&#8243; _module_preset=&#8221;default&#8221; header_font=&#8221;Roboto|700|||||||&#8221; header_text_color=&#8221;#FFFFFF&#8221; header_font_size=&#8221;70px&#8221; global_colors_info=&#8221;{}&#8221;]<\/p>\n<h1>Ismerd meg nemzetk\u00f6zi csapatunkat<\/h1>\n<p>[\/et_pb_text][\/et_pb_column][\/et_pb_row][\/et_pb_section][et_pb_section fb_built=&#8221;1&#8243; _builder_version=&#8221;4.21.0&#8243; _module_preset=&#8221;default&#8221; hover_enabled=&#8221;0&#8243; global_colors_info=&#8221;{}&#8221; sticky_enabled=&#8221;0&#8243; custom_padding=&#8221;100px||||false|false&#8221;][et_pb_row _builder_version=&#8221;4.21.0&#8243; _module_preset=&#8221;default&#8221; global_colors_info=&#8221;{}&#8221;][et_pb_column type=&#8221;4_4&#8243; _builder_version=&#8221;4.21.0&#8243; _module_preset=&#8221;default&#8221; global_colors_info=&#8221;{}&#8221;][et_pb_text _builder_version=&#8221;4.21.0&#8243; _module_preset=&#8221;default&#8221; text_font=&#8221;Roboto|500|||||||&#8221; text_font_size=&#8221;20px&#8221; header_2_font=&#8221;Roboto|500|||||||&#8221; header_2_font_size=&#8221;40px&#8221; max_width=&#8221;950px&#8221; module_alignment=&#8221;center&#8221; global_colors_info=&#8221;{}&#8221;]<\/p>\n<h2>Nemzetk\u00f6zi irod\u00e1ink \u00e9s csapataink Eur\u00f3pa-szerte<\/h2>\n<p>&nbsp;<\/p>\n<p>Irod\u00e1inkb\u00f3l a vil\u00e1g legk\u00fcl\u00f6nb\u00f6z\u0151bb pontjain szervez\u00fcnk influencer marketing aktivit\u00e1sokat: Eur\u00f3p\u00e1ban legink\u00e1bb, de jelen vagyunk m\u00e9g \u00c9szak-\u00e9s D\u00e9l-Amerik\u00e1ban, Ausztr\u00e1li\u00e1ban, \u00daj Z\u00e9landon, \u00e9s D\u00e9l-Afrik\u00e1ban&#8230; Nemzetk\u00f6zi kamp\u00e1nyban gondolkodsz? K\u00fcldd el a briefed, mi pedig \u00f6r\u00f6mmel felm\u00e9rj\u00fck, hogyan val\u00f3s\u00edthat\u00f3 meg a kamp\u00e1ny.<\/p>\n<p>[\/et_pb_text][\/et_pb_column][\/et_pb_row][\/et_pb_section][et_pb_section fb_built=&#8221;1&#8243; admin_label=&#8221;Intro Section&#8221; module_class=&#8221;map-image&#8221; _builder_version=&#8221;4.21.0&#8243; background_color=&#8221;#252422&#8243; background_image=&#8221;https:\/\/www.territory-influence.com\/wp-content\/uploads\/2020\/11\/Map-2.png&#8221; max_height=&#8221;920px&#8221; custom_padding=&#8221;0px|0px|3px|0px|false|false&#8221; global_colors_info=&#8221;{}&#8221;][et_pb_row _builder_version=&#8221;4.21.0&#8243; _module_preset=&#8221;default&#8221; custom_padding=&#8221;100px||||false|false&#8221; global_colors_info=&#8221;{}&#8221;][et_pb_column type=&#8221;4_4&#8243; _builder_version=&#8221;4.21.0&#8243; _module_preset=&#8221;default&#8221; global_colors_info=&#8221;{}&#8221;][et_pb_text _builder_version=&#8221;4.21.0&#8243; _module_preset=&#8221;default&#8221; text_font=&#8221;Roboto|500|||||||&#8221; text_text_color=&#8221;#FFFFFF&#8221; text_font_size=&#8221;20px&#8221; header_text_color=&#8221;#FFFFFF&#8221; header_2_font=&#8221;Roboto|500|||||||&#8221; header_2_text_color=&#8221;#FFFFFF&#8221; header_2_font_size=&#8221;40px&#8221; max_width=&#8221;500px&#8221; module_alignment=&#8221;left&#8221; hover_enabled=&#8221;0&#8243; global_colors_info=&#8221;{}&#8221; sticky_enabled=&#8221;0&#8243;]<\/p>\n<h2>Csatlakozz nemzetk\u00f6zi csapatunkhoz<\/h2>\n<p>&nbsp;<\/p>\n<p><span>\u00dcdv\u00f6zl\u00fcnk glob\u00e1lis csal\u00e1dunkban! A TERRITORY Influence-n\u00e9l b\u00fcszk\u00e9k vagyunk arra, hogy soksz\u00edn\u0171 \u00e9s befogad\u00f3 k\u00f6rnyezetet teremt\u00fcnk, ahol mindenf\u00e9le h\u00e1tt\u00e9rrel rendelkez\u0151 emberek gy\u0171lnek \u00f6ssze, hogy \u00faj dolgokat alkossanak. Ahogy tov\u00e1bb b\u0151v\u00edtj\u00fck jelenl\u00e9t\u00fcnket Eur\u00f3p\u00e1ban, folyamatosan keres\u00fcnk tehets\u00e9ges embereket, akik csatlakoznak nemzetk\u00f6zi csapatainkhoz.  <\/span><\/p>\n<p>[\/et_pb_text][et_pb_button button_url=&#8221;https:\/\/www.territory-influence.com\/hu\/karrier\/&#8221; button_text=&#8221;Csatlakozz!&#8221; button_alignment=&#8221;left&#8221; _builder_version=&#8221;4.21.0&#8243; _module_preset=&#8221;default&#8221; custom_button=&#8221;on&#8221; button_text_size=&#8221;20px&#8221; button_text_color=&#8221;#FFFFFF&#8221; button_border_color=&#8221;#FF4E00&#8243; button_icon=&#8221;&#x3d;||divi||400&#8243; button_icon_color=&#8221;#FFFFFF&#8221; global_colors_info=&#8221;{}&#8221;][\/et_pb_button][\/et_pb_column][\/et_pb_row][\/et_pb_section][et_pb_section fb_built=&#8221;1&#8243; _builder_version=&#8221;4.21.0&#8243; _module_preset=&#8221;default&#8221; global_colors_info=&#8221;{}&#8221;][et_pb_row admin_label=&#8221;\u00dczenet&#8221; module_class=&#8221;tt-black&#8221; _builder_version=&#8221;4.21.0&#8243; custom_margin=&#8221;|auto||auto|false|false&#8221; custom_padding=&#8221;|||&#8221; global_module=&#8221;35130&#8243; global_colors_info=&#8221;{}&#8221;][et_pb_column type=&#8221;4_4&#8243; _builder_version=&#8221;4.16&#8243; custom_padding=&#8221;|||&#8221; global_colors_info=&#8221;{}&#8221; custom_padding__hover=&#8221;|||&#8221;][et_pb_text admin_label=&#8221;Title&#8221; _builder_version=&#8221;4.21.0&#8243; text_font=&#8221;Roboto|700|||||||&#8221; text_text_color=&#8221;#737373&#8243; text_font_size=&#8221;25px&#8221; header_font=&#8221;||||||||&#8221; header_2_font=&#8221;Roboto|700|||||||&#8221; header_2_text_align=&#8221;left&#8221; header_2_font_size=&#8221;45px&#8221; max_width_last_edited=&#8221;off|desktop&#8221; custom_margin=&#8221;|||&#8221; custom_padding=&#8221;|||&#8221; custom_padding_last_edited=&#8221;off|desktop&#8221; animation_style=&#8221;slide&#8221; animation_direction=&#8221;left&#8221; header_2_font_size_tablet=&#8221;&#8221; header_2_font_size_phone=&#8221;40px&#8221; header_2_font_size_last_edited=&#8221;on|phone&#8221; global_colors_info=&#8221;{}&#8221;]<\/p>\n<h2>K\u00fcldj nek\u00fcnk \u00fczenetet<\/h2>\n<p>vagy \u00edrj k\u00f6zvetlen\u00fcl a <a href=\"mailto:hello-influence@territory.group\">kapcsolat-influence@territory.group<\/a> c\u00edmre!<\/p>\n<p>[\/et_pb_text][et_pb_contact_form captcha=&#8221;off&#8221; email=&#8221;kapcsolat-influence@territory.group&#8221; success_message=&#8221;K\u00f6sz\u00f6nj\u00fck, r\u00f6videsen felvessz\u00fck veled a kapcsolatot!&#8221; submit_button_text=&#8221;K\u00fcldd el az \u00fczeneted&#8221; module_id=&#8221;et_pb_contact_form_0&#8243; module_class=&#8221;formtti&#8221; _builder_version=&#8221;4.21.0&#8243; _unique_id=&#8221;e850a04f-dabd-41bc-a3ec-713206b63b92&#8243; form_field_background_color=&#8221;rgba(26,26,26,0.08)&#8221; form_field_text_color=&#8221;rgba(0,0,0,0.6)&#8221; form_field_focus_text_color=&#8221;#FF4E00&#8243; title_font=&#8221;Roboto|700|||||||&#8221; title_text_color=&#8221;#000000&#8243; captcha_font=&#8221;Roboto||||||||&#8221; form_field_font=&#8221;Roboto|300|||||||&#8221; form_field_font_size=&#8221;18px&#8221; custom_button=&#8221;on&#8221; button_text_size=&#8221;25px&#8221; button_text_color=&#8221;#000000&#8243; button_bg_color=&#8221;RGBA(255,255,255,0)&#8221; button_border_width=&#8221;3px&#8221; button_border_color=&#8221;#FF4E00&#8243; button_border_radius=&#8221;0px&#8221; button_font=&#8221;Roboto|700|||||||&#8221; button_icon=&#8221;&#x3d;||divi||400&#8243; button_icon_color=&#8221;#000000&#8243; button_custom_margin=&#8221;20px|240px|0px|0px|false|false&#8221; animation_style=&#8221;slide&#8221; animation_direction=&#8221;right&#8221; form_background_color=&#8221;rgba(26,26,26,0.08)&#8221; global_colors_info=&#8221;{}&#8221;][et_pb_contact_field field_id=&#8221;Company&#8221; field_title=&#8221;C\u00e9g*&#8221; required_mark=&#8221;off&#8221; fullwidth_field=&#8221;on&#8221; _builder_version=&#8221;4.21.0&#8243; _module_preset=&#8221;default&#8221; global_colors_info=&#8221;{}&#8221;][\/et_pb_contact_field][et_pb_contact_field field_id=&#8221;First_Name&#8221; field_title=&#8221;Ut\u00f3n\u00e9v*&#8221; _builder_version=&#8221;4.21.0&#8243; global_colors_info=&#8221;{}&#8221; button_text_size__hover_enabled=&#8221;off&#8221; button_one_text_size__hover_enabled=&#8221;off&#8221; button_two_text_size__hover_enabled=&#8221;off&#8221; button_text_color__hover_enabled=&#8221;off&#8221; button_one_text_color__hover_enabled=&#8221;off&#8221; button_two_text_color__hover_enabled=&#8221;off&#8221; button_border_width__hover_enabled=&#8221;off&#8221; button_one_border_width__hover_enabled=&#8221;off&#8221; button_two_border_width__hover_enabled=&#8221;off&#8221; button_border_color__hover_enabled=&#8221;off&#8221; button_one_border_color__hover_enabled=&#8221;off&#8221; button_two_border_color__hover_enabled=&#8221;off&#8221; button_border_radius__hover_enabled=&#8221;off&#8221; button_one_border_radius__hover_enabled=&#8221;off&#8221; button_two_border_radius__hover_enabled=&#8221;off&#8221; button_letter_spacing__hover_enabled=&#8221;off&#8221; button_one_letter_spacing__hover_enabled=&#8221;off&#8221; button_two_letter_spacing__hover_enabled=&#8221;off&#8221; button_bg_color__hover_enabled=&#8221;off&#8221; button_one_bg_color__hover_enabled=&#8221;off&#8221; button_two_bg_color__hover_enabled=&#8221;off&#8221;][\/et_pb_contact_field][et_pb_contact_field field_id=&#8221;Surname&#8221; field_title=&#8221;Vezet\u00e9kn\u00e9v*&#8221; _builder_version=&#8221;4.21.0&#8243; global_colors_info=&#8221;{}&#8221; button_text_size__hover_enabled=&#8221;off&#8221; button_one_text_size__hover_enabled=&#8221;off&#8221; button_two_text_size__hover_enabled=&#8221;off&#8221; button_text_color__hover_enabled=&#8221;off&#8221; button_one_text_color__hover_enabled=&#8221;off&#8221; button_two_text_color__hover_enabled=&#8221;off&#8221; button_border_width__hover_enabled=&#8221;off&#8221; button_one_border_width__hover_enabled=&#8221;off&#8221; button_two_border_width__hover_enabled=&#8221;off&#8221; button_border_color__hover_enabled=&#8221;off&#8221; button_one_border_color__hover_enabled=&#8221;off&#8221; button_two_border_color__hover_enabled=&#8221;off&#8221; button_border_radius__hover_enabled=&#8221;off&#8221; button_one_border_radius__hover_enabled=&#8221;off&#8221; button_two_border_radius__hover_enabled=&#8221;off&#8221; button_letter_spacing__hover_enabled=&#8221;off&#8221; button_one_letter_spacing__hover_enabled=&#8221;off&#8221; button_two_letter_spacing__hover_enabled=&#8221;off&#8221; button_bg_color__hover_enabled=&#8221;off&#8221; button_one_bg_color__hover_enabled=&#8221;off&#8221; button_two_bg_color__hover_enabled=&#8221;off&#8221;][\/et_pb_contact_field][et_pb_contact_field field_id=&#8221;Phone_Number&#8221; field_title=&#8221;Telefonsz\u00e1m*&#8221; allowed_symbols=&#8221;numbers&#8221; required_mark=&#8221;off&#8221; fullwidth_field=&#8221;on&#8221; _builder_version=&#8221;4.16&#8243; _module_preset=&#8221;default&#8221; global_colors_info=&#8221;{}&#8221;][\/et_pb_contact_field][et_pb_contact_field field_id=&#8221;Email_Address&#8221; field_title=&#8221;Email C\u00edm*&#8221; field_type=&#8221;email&#8221; fullwidth_field=&#8221;on&#8221; _builder_version=&#8221;4.21.0&#8243; _module_preset=&#8221;default&#8221; global_colors_info=&#8221;{}&#8221;][\/et_pb_contact_field][et_pb_contact_field field_id=&#8221;Message&#8221; field_title=&#8221;\u00dczenet*&#8221; field_type=&#8221;text&#8221; fullwidth_field=&#8221;on&#8221; _builder_version=&#8221;4.21.0&#8243; global_colors_info=&#8221;{}&#8221; button_text_size__hover_enabled=&#8221;off&#8221; button_one_text_size__hover_enabled=&#8221;off&#8221; button_two_text_size__hover_enabled=&#8221;off&#8221; button_text_color__hover_enabled=&#8221;off&#8221; button_one_text_color__hover_enabled=&#8221;off&#8221; button_two_text_color__hover_enabled=&#8221;off&#8221; button_border_width__hover_enabled=&#8221;off&#8221; button_one_border_width__hover_enabled=&#8221;off&#8221; button_two_border_width__hover_enabled=&#8221;off&#8221; button_border_color__hover_enabled=&#8221;off&#8221; button_one_border_color__hover_enabled=&#8221;off&#8221; button_two_border_color__hover_enabled=&#8221;off&#8221; button_border_radius__hover_enabled=&#8221;off&#8221; button_one_border_radius__hover_enabled=&#8221;off&#8221; button_two_border_radius__hover_enabled=&#8221;off&#8221; button_letter_spacing__hover_enabled=&#8221;off&#8221; button_one_letter_spacing__hover_enabled=&#8221;off&#8221; button_two_letter_spacing__hover_enabled=&#8221;off&#8221; button_bg_color__hover_enabled=&#8221;off&#8221; button_one_bg_color__hover_enabled=&#8221;off&#8221; button_two_bg_color__hover_enabled=&#8221;off&#8221;][\/et_pb_contact_field][\/et_pb_contact_form][et_pb_text _builder_version=&#8221;4.16&#8243; _module_preset=&#8221;default&#8221; text_font=&#8221;Roboto||||||||&#8221; text_font_size=&#8221;16px&#8221; global_colors_info=&#8221;{}&#8221;]<\/p>\n<p><span>A kapcsolatfelv\u00e9teli \u0171rlappal kapcsolatos adatfeldolgoz\u00e1sr\u00f3l az Adatv\u00e9delmi t\u00e1j\u00e9koztat\u00f3nkban tudhatsz meg t\u00f6bbet. <\/span><a href=\"https:\/\/www.territory-influence.com\/hu\/privacy-policy\/\">Adatv\u00e9delmi t\u00e1j\u00e9koztat\u00f3<span>.<\/span><\/a><\/p>\n<p>[\/et_pb_text][\/et_pb_column][\/et_pb_row][\/et_pb_section]<\/p>\n","protected":false},"excerpt":{"rendered":"<p>Ismerd meg nemzetk\u00f6zi csapatunkatNemzetk\u00f6zi irod\u00e1ink \u00e9s csapataink Eur\u00f3pa-szerte &nbsp; Irod\u00e1inkb\u00f3l a vil\u00e1g legk\u00fcl\u00f6nb\u00f6z\u0151bb pontjain szervez\u00fcnk influencer marketing aktivit\u00e1sokat: Eur\u00f3p\u00e1ban legink\u00e1bb, de jelen vagyunk m\u00e9g \u00c9szak-\u00e9s D\u00e9l-Amerik\u00e1ban, Ausztr\u00e1li\u00e1ban, \u00daj Z\u00e9landon, \u00e9s D\u00e9l-Afrik\u00e1ban&#8230; Nemzetk\u00f6zi kamp\u00e1nyban gondolkodsz? K\u00fcldd el a briefed, mi pedig \u00f6r\u00f6mmel felm\u00e9rj\u00fck, hogyan val\u00f3s\u00edthat\u00f3 meg a kamp\u00e1ny.Csatlakozz nemzetk\u00f6zi csapatunkhoz &nbsp; \u00dcdv\u00f6zl\u00fcnk glob\u00e1lis csal\u00e1dunkban! A TERRITORY [&hellip;]<\/p>\n","protected":false},"author":19,"featured_media":0,"parent":0,"menu_order":0,"comment_status":"closed","ping_status":"closed","template":"","meta":{"_et_pb_use_builder":"on","_et_pb_old_content":"","_et_gb_content_width":"","footnotes":""},"class_list":["post-4957","page","type-page","status-publish","hentry"],"aioseo_notices":[],"_links":{"self":[{"href":"https:\/\/www.territory-influence.com\/hu\/wp-json\/wp\/v2\/pages\/4957","targetHints":{"allow":["GET"]}}],"collection":[{"href":"https:\/\/www.territory-influence.com\/hu\/wp-json\/wp\/v2\/pages"}],"about":[{"href":"https:\/\/www.territory-influence.com\/hu\/wp-json\/wp\/v2\/types\/page"}],"author":[{"embeddable":true,"href":"https:\/\/www.territory-influence.com\/hu\/wp-json\/wp\/v2\/users\/19"}],"replies":[{"embeddable":true,"href":"https:\/\/www.territory-influence.com\/hu\/wp-json\/wp\/v2\/comments?post=4957"}],"version-history":[{"count":19,"href":"https:\/\/www.territory-influence.com\/hu\/wp-json\/wp\/v2\/pages\/4957\/revisions"}],"predecessor-version":[{"id":41761,"href":"https:\/\/www.territory-influence.com\/hu\/wp-json\/wp\/v2\/pages\/4957\/revisions\/41761"}],"wp:attachment":[{"href":"https:\/\/www.territory-influence.com\/hu\/wp-json\/wp\/v2\/media?parent=4957"}],"curies":[{"name":"wp","href":"https:\/\/api.w.org\/{rel}","templated":true}]}}