{"id":41868,"date":"2025-06-26T15:03:26","date_gmt":"2025-06-26T15:03:26","guid":{"rendered":"https:\/\/www.territory-influence.com\/zarzadzanie-spolecznoscia\/"},"modified":"2025-07-03T08:56:36","modified_gmt":"2025-07-03T08:56:36","slug":"zarzadzanie-spolecznoscia","status":"publish","type":"page","link":"https:\/\/www.territory-influence.com\/pl\/zarzadzanie-spolecznoscia\/","title":{"rendered":"Zarz\u0105dzanie Spo\u0142eczno\u015bci\u0105"},"content":{"rendered":"<p>[et_pb_section fb_built=&#8221;1&#8243; admin_label=&#8221;CTA Section&#8221; _builder_version=&#8221;4.16&#8243; custom_padding=&#8221;50px||100px|||&#8221; global_colors_info=&#8221;{}&#8221;][et_pb_row column_structure=&#8221;1_2,1_2&#8243; use_custom_gutter=&#8221;on&#8221; admin_label=&#8221;CTA&#8221; _builder_version=&#8221;4.16&#8243; custom_margin=&#8221;|||&#8221; custom_padding=&#8221;|||&#8221; global_colors_info=&#8221;{}&#8221;][et_pb_column type=&#8221;1_2&#8243; _builder_version=&#8221;4.16&#8243; custom_padding=&#8221;|||&#8221; global_colors_info=&#8221;{}&#8221; custom_padding__hover=&#8221;|||&#8221;][et_pb_image src=&#8221;https:\/\/www.territory-influence.com\/wp-content\/uploads\/2024\/03\/Community-Management-1.png&#8221; alt=&#8221;Zarz\u0105dzanie Spo\u0142eczno\u015bci\u0105 i Influencer Marketing&#8221; title_text=&#8221;Zarz\u0105dzanie Spo\u0142eczno\u015bci\u0105&#8221; align_tablet=&#8221;center&#8221; align_phone=&#8221;&#8221; align_last_edited=&#8221;on|desktop&#8221; _builder_version=&#8221;4.21.0&#8243; global_colors_info=&#8221;{}&#8221;][\/et_pb_image][\/et_pb_column][et_pb_column type=&#8221;1_2&#8243; _builder_version=&#8221;4.16&#8243; custom_padding=&#8221;|||&#8221; global_colors_info=&#8221;{}&#8221; custom_padding__hover=&#8221;|||&#8221;][et_pb_text admin_label=&#8221;Title&#8221; module_class=&#8221;tt-black mobile-headline&#8221; _builder_version=&#8221;4.21.0&#8243; text_font=&#8221;Roboto|600|||||||&#8221; text_font_size=&#8221;18px&#8221; text_line_height=&#8221;1.8em&#8221; header_font=&#8221;Roboto|900|||||||&#8221; header_font_size=&#8221;65px&#8221; header_2_font=&#8221;Roboto|900|||||||&#8221; header_2_font_size=&#8221;55px&#8221; header_2_line_height=&#8221;1.4em&#8221; max_width_last_edited=&#8221;off|desktop&#8221; custom_margin=&#8221;200px|||-100px&#8221; custom_margin_tablet=&#8221;0px|||0px&#8221; custom_margin_phone=&#8221;&#8221; custom_margin_last_edited=&#8221;on|desktop&#8221; custom_padding=&#8221;|||&#8221; custom_padding_last_edited=&#8221;off|desktop&#8221; header_2_font_size_tablet=&#8221;50px&#8221; header_2_font_size_phone=&#8221;50px&#8221; header_2_font_size_last_edited=&#8221;on|tablet&#8221; global_colors_info=&#8221;{}&#8221;]<\/p>\n<h1>ZARZ\u0104DZANIE SPO\u0141ECZNO\u015aCI\u0104<\/h1>\n<p>[\/et_pb_text][et_pb_text admin_label=&#8221;Paragraph&#8221; _builder_version=&#8221;4.21.0&#8243; text_font=&#8221;Roboto|700|||||||&#8221; text_font_size=&#8221;25px&#8221; text_line_height=&#8221;1.2em&#8221; header_font=&#8221;||||||||&#8221; header_2_font=&#8221;Muli|700|||||||&#8221; header_2_font_size=&#8221;50px&#8221; header_2_line_height=&#8221;1.4em&#8221; max_width_last_edited=&#8221;off|desktop&#8221; module_alignment=&#8221;right&#8221; custom_margin=&#8221;|||&#8221; custom_padding=&#8221;|||&#8221; custom_padding_tablet=&#8221;30px|0px|30px|0px&#8221; custom_padding_phone=&#8221;&#8221; custom_padding_last_edited=&#8221;on|tablet&#8221; global_colors_info=&#8221;{}&#8221;]<\/p>\n<p><span data-contrast=\"none\" xml:lang=\"DE-DE\" lang=\"DE-DE\" class=\"TextRun SCXW56148933 BCX0\"><span class=\"NormalTextRun SCXW56148933 BCX0\" data-ccp-charstyle=\"normaltextrun\" data-ccp-charstyle-defn=\"{\" objectid=\"\" :=\"\" a7891c8a-60e0-4474-bbb7-a60fb6baac20=\"\" 10=\"\" classid=\"\" :1073872969=\"\" properties=\"\" 469775450=\"\" normaltextrun=\"\" 201340122=\"\" 1=\"\" 134233614=\"\" true=\"\" 469778129=\"\" 335572020=\"\" 469778324=\"\" default=\"\" paragraph=\"\" font=\"\">Zarz\u0105dzanie spo\u0142eczno\u015bci\u0105 to codzienna opieka nad relacj\u0105 mi\u0119dzy mark\u0105 a jej odbiorcami w kana\u0142ach social media. Moderujemy komentarze, odpowiadamy na pytania, reagujemy na sygna\u0142y z rynku. Monitorujemy, co dzieje si\u0119 wok\u00f3\u0142 Twojej marki \u2013 i anga\u017cujemy si\u0119 tam, gdzie pojawia si\u0119 interakcja lub potrzeba reakcji.<br \/>Dzi\u0119ki temu budujesz responsywn\u0105, zaanga\u017cowan\u0105 spo\u0142eczno\u015b\u0107 i masz realny wp\u0142yw na to, jak marka jest postrzegana.<\/span><\/span><\/p>\n<p>[\/et_pb_text][et_pb_button button_url=&#8221;https:\/\/www.territory-influence.com\/pl\/kontakt\/&#8221; url_new_window=&#8221;on&#8221; button_text=&#8221;Pog\u0142\u0119biaj relacje z odbiorcami marki &#8221; button_alignment=&#8221;left&#8221; _builder_version=&#8221;4.21.0&#8243; custom_button=&#8221;on&#8221; button_text_size=&#8221;25px&#8221; button_text_color=&#8221;#000000&#8243; button_bg_color=&#8221;RGBA(255,255,255,0)&#8221; button_border_width=&#8221;3px&#8221; button_border_color=&#8221;#FF4E00&#8243; button_border_radius=&#8221;0px&#8221; button_font=&#8221;Roboto|700|||||||&#8221; button_icon=&#8221;&#x3d;||divi||400&#8243; button_icon_color=&#8221;#000000&#8243; custom_margin=&#8221;|||&#8221; custom_margin_tablet=&#8221;30px|||0px&#8221; custom_margin_phone=&#8221;&#8221; custom_margin_last_edited=&#8221;on|phone&#8221; custom_padding=&#8221;|||&#8221; button_border_radius_hover=&#8221;0px&#8221; global_colors_info=&#8221;{}&#8221; button_text_size__hover_enabled=&#8221;off&#8221; button_one_text_size__hover_enabled=&#8221;off&#8221; button_two_text_size__hover_enabled=&#8221;off&#8221; button_text_color__hover_enabled=&#8221;off&#8221; button_one_text_color__hover_enabled=&#8221;off&#8221; button_two_text_color__hover_enabled=&#8221;off&#8221; button_border_width__hover_enabled=&#8221;off&#8221; button_one_border_width__hover_enabled=&#8221;off&#8221; button_two_border_width__hover_enabled=&#8221;off&#8221; button_border_color__hover_enabled=&#8221;off&#8221; button_one_border_color__hover_enabled=&#8221;off&#8221; button_two_border_color__hover_enabled=&#8221;off&#8221; button_border_radius__hover_enabled=&#8221;on&#8221; button_border_radius__hover=&#8221;0px&#8221; button_one_border_radius__hover_enabled=&#8221;off&#8221; button_two_border_radius__hover_enabled=&#8221;off&#8221; button_letter_spacing__hover_enabled=&#8221;off&#8221; button_one_letter_spacing__hover_enabled=&#8221;off&#8221; button_two_letter_spacing__hover_enabled=&#8221;off&#8221; button_bg_color__hover_enabled=&#8221;off&#8221; button_one_bg_color__hover_enabled=&#8221;off&#8221; button_two_bg_color__hover_enabled=&#8221;off&#8221;][\/et_pb_button][\/et_pb_column][\/et_pb_row][\/et_pb_section][et_pb_section fb_built=&#8221;1&#8243; admin_label=&#8221;Our Works CTA Section&#8221; _builder_version=&#8221;4.16&#8243; background_color=&#8221;#1a1a1a&#8221; custom_padding=&#8221;0px|0px|0px|0px&#8221; global_colors_info=&#8221;{}&#8221;][et_pb_row column_structure=&#8221;1_2,1_2&#8243; use_custom_gutter=&#8221;on&#8221; admin_label=&#8221;CTA&#8221; _builder_version=&#8221;4.16&#8243; width=&#8221;100%&#8221; max_width=&#8221;100%&#8221; custom_margin=&#8221;|||&#8221; custom_padding=&#8221;0px|0px|0px|0px&#8221; use_custom_width=&#8221;on&#8221; width_unit=&#8221;off&#8221; custom_width_percent=&#8221;100%&#8221; global_colors_info=&#8221;{}&#8221;][et_pb_column type=&#8221;1_2&#8243; _builder_version=&#8221;4.16&#8243; custom_padding=&#8221;|||&#8221; global_colors_info=&#8221;{}&#8221; custom_padding__hover=&#8221;|||&#8221;][et_pb_cta button_url=&#8221;https:\/\/www.territory-influence.com\/pl\/rozwiazania\/&#8221; button_text=&#8221;Wr\u00f3\u0107 do innych rozwi\u0105za\u0144&#8221; module_class=&#8221;tt-white&#8221; _builder_version=&#8221;4.21.0&#8243; header_font=&#8221;Roboto|700|||||||&#8221; header_text_color=&#8221;#ffffff&#8221; header_font_size=&#8221;45px&#8221; body_font=&#8221;Roboto|300|||||||&#8221; body_text_align=&#8221;left&#8221; body_text_color=&#8221;#ffffff&#8221; body_font_size=&#8221;22px&#8221; use_background_color=&#8221;off&#8221; custom_button=&#8221;on&#8221; button_text_size=&#8221;20px&#8221; button_text_color=&#8221;#ffffff&#8221; button_bg_color=&#8221;RGBA(255,255,255,0)&#8221; button_border_width=&#8221;3px&#8221; button_border_color=&#8221;#FF4E00&#8243; button_border_radius=&#8221;0px&#8221; button_font=&#8221;Roboto|700|||||||&#8221; button_icon=&#8221;&#x3d;||divi||400&#8243; button_icon_color=&#8221;#ffffff&#8221; button_alignment=&#8221;left&#8221; max_width=&#8221;600px&#8221; max_width_tablet=&#8221;&#8221; max_width_phone=&#8221;&#8221; max_width_last_edited=&#8221;on|desktop&#8221; module_alignment=&#8221;right&#8221; custom_margin=&#8221;18%||18%|&#8221; custom_margin_tablet=&#8221;|||&#8221; custom_margin_phone=&#8221;|||&#8221; custom_margin_last_edited=&#8221;on|tablet&#8221; custom_padding=&#8221;|||10%&#8221; custom_padding_tablet=&#8221;|10%||&#8221; custom_padding_phone=&#8221;|60px||60px&#8221; custom_padding_last_edited=&#8221;on|phone&#8221; header_font_size_tablet=&#8221;&#8221; header_font_size_phone=&#8221;40px&#8221; header_font_size_last_edited=&#8221;on|phone&#8221; button_border_radius_hover=&#8221;0px&#8221; global_colors_info=&#8221;{}&#8221; button_text_size__hover_enabled=&#8221;off&#8221; button_one_text_size__hover_enabled=&#8221;off&#8221; button_two_text_size__hover_enabled=&#8221;off&#8221; button_text_color__hover_enabled=&#8221;off&#8221; button_one_text_color__hover_enabled=&#8221;off&#8221; button_two_text_color__hover_enabled=&#8221;off&#8221; button_border_width__hover_enabled=&#8221;off&#8221; button_one_border_width__hover_enabled=&#8221;off&#8221; button_two_border_width__hover_enabled=&#8221;off&#8221; button_border_color__hover_enabled=&#8221;off&#8221; button_one_border_color__hover_enabled=&#8221;off&#8221; button_two_border_color__hover_enabled=&#8221;off&#8221; button_border_radius__hover_enabled=&#8221;on&#8221; button_border_radius__hover=&#8221;0px&#8221; button_one_border_radius__hover_enabled=&#8221;off&#8221; button_two_border_radius__hover_enabled=&#8221;off&#8221; button_letter_spacing__hover_enabled=&#8221;off&#8221; button_one_letter_spacing__hover_enabled=&#8221;off&#8221; button_two_letter_spacing__hover_enabled=&#8221;off&#8221; button_bg_color__hover_enabled=&#8221;off&#8221; button_one_bg_color__hover_enabled=&#8221;off&#8221; button_two_bg_color__hover_enabled=&#8221;off&#8221;]<\/p>\n<h2><span data-contrast=\"auto\" xml:lang=\"EN-US\" lang=\"EN-US\" class=\"TextRun SCXW12958758 BCX0\"><span class=\"NormalTextRun SCXW12958758 BCX0\" data-ccp-charstyle=\"normaltextrun\" data-ccp-charstyle-defn=\"{\" objectid=\"\" :=\"\" a7891c8a-60e0-4474-bbb7-a60fb6baac20=\"\" 10=\"\" classid=\"\" :1073872969=\"\" properties=\"\" 469775450=\"\" normaltextrun=\"\" 201340122=\"\" 1=\"\" 134233614=\"\" true=\"\" 469778129=\"\" 335572020=\"\" 469778324=\"\" default=\"\" paragraph=\"\" font=\"\">Buduj zaanga\u017cowan\u0105 i wiarygodn\u0105 mark\u0119 \u2013 w prawdziwym dialogu z odbiorcami<\/span><\/span><\/h2>\n<p>&nbsp;<\/p>\n<p><span data-contrast=\"none\" xml:lang=\"EN-US\" lang=\"EN-US\" class=\"TextRun SCXW134269159 BCX0\"><span class=\"NormalTextRun SCXW134269159 BCX0\" data-ccp-charstyle=\"normaltextrun\" data-ccp-charstyle-defn=\"{\" objectid=\"\" :=\"\" a7891c8a-60e0-4474-bbb7-a60fb6baac20=\"\" 10=\"\" classid=\"\" :1073872969=\"\" properties=\"\" 469775450=\"\" normaltextrun=\"\" 201340122=\"\" 1=\"\" 134233614=\"\" true=\"\" 469778129=\"\" 335572020=\"\" 469778324=\"\" default=\"\" paragraph=\"\" font=\"\">Nasza strategia zarz\u0105dzania spo\u0142eczno\u015bci\u0105 opiera si\u0119 na szybkim reagowaniu, aktywnym s\u0142uchaniu i \u015bwiadomym budowaniu relacji. Monitorujemy zmieniaj\u0105cy si\u0119 krajobraz medi\u00f3w spo\u0142eczno\u015bciowych i wspieramy marki w umacnianiu lojalno\u015bci klient\u00f3w, pozyskiwaniu warto\u015bciowych insight\u00f3w, rozwijaniu tre\u015bci tworzonych przez u\u017cytkownik\u00f3w, zapewnianiu sp\u00f3jnej obs\u0142ugi klienta oraz wzmacnianiu obecno\u015bci marki w przestrzeni cyfrowej \u2013 w spos\u00f3b przemy\u015blany i zgodny z jej misj\u0105.<\/span><\/span><\/p>\n<p>[\/et_pb_cta][\/et_pb_column][et_pb_column type=&#8221;1_2&#8243; _builder_version=&#8221;4.16&#8243; custom_padding=&#8221;|||&#8221; global_colors_info=&#8221;{}&#8221; custom_padding__hover=&#8221;|||&#8221;][et_pb_image src=&#8221;https:\/\/www.territory-influence.com\/wp-content\/uploads\/2024\/02\/SocialMediaContentMngt.png&#8221; alt=&#8221;Tre\u015bci do medi\u00f3w spo\u0142eczno\u015bciowych&#8221; title_text=&#8221;SocialMediaContent&#038;Mngt&#8221; force_fullwidth=&#8221;on&#8221; align_tablet=&#8221;center&#8221; align_phone=&#8221;&#8221; align_last_edited=&#8221;on|desktop&#8221; _builder_version=&#8221;4.21.0&#8243; global_colors_info=&#8221;{}&#8221;][\/et_pb_image][\/et_pb_column][\/et_pb_row][\/et_pb_section][et_pb_section fb_built=&#8221;1&#8243; admin_label=&#8221;Testimonial Section&#8221; _builder_version=&#8221;4.16&#8243; custom_padding=&#8221;0px||0px|&#8221; global_colors_info=&#8221;{}&#8221;][et_pb_row admin_label=&#8221;Wiadomo\u015b\u0107&#8221; module_class=&#8221;tt-black&#8221; _builder_version=&#8221;4.16&#8243; custom_margin=&#8221;22px|auto||auto||&#8221; custom_padding=&#8221;|||&#8221; global_colors_info=&#8221;{}&#8221;][et_pb_column type=&#8221;4_4&#8243; _builder_version=&#8221;4.16&#8243; custom_padding=&#8221;|||&#8221; global_colors_info=&#8221;{}&#8221; custom_padding__hover=&#8221;|||&#8221;][et_pb_text admin_label=&#8221;Title&#8221; _builder_version=&#8221;4.21.0&#8243; text_font=&#8221;Roboto|700|||||||&#8221; text_text_color=&#8221;#737373&#8243; text_font_size=&#8221;25px&#8221; header_font=&#8221;||||||||&#8221; header_2_font=&#8221;Roboto|700|||||||&#8221; header_2_text_align=&#8221;left&#8221; header_2_font_size=&#8221;45px&#8221; max_width_last_edited=&#8221;off|desktop&#8221; custom_margin=&#8221;|||&#8221; custom_padding=&#8221;|||&#8221; custom_padding_last_edited=&#8221;off|desktop&#8221; animation_style=&#8221;slide&#8221; animation_direction=&#8221;left&#8221; header_2_font_size_tablet=&#8221;&#8221; header_2_font_size_phone=&#8221;40px&#8221; header_2_font_size_last_edited=&#8221;on|phone&#8221; global_colors_info=&#8221;{}&#8221;]<\/p>\n<h2>Zostaw Wiadomo\u015b\u0107<\/h2>\n<p>lub napisz bezpo\u015brednio na <a href=\"mailto:hello-influence@territory.group\">hej-influence@territory.group<\/a><\/p>\n<p>[\/et_pb_text][et_pb_contact_form captcha=&#8221;off&#8221; email=&#8221;hej-influence@territory.group&#8221; success_message=&#8221;Dzi\u0119kujemy, skontaktujemy si\u0119 z Tob\u0105 wkr\u00f3tce!&#8221; submit_button_text=&#8221;Wy\u015blij wiadomo\u015b\u0107&#8221; module_id=&#8221;et_pb_contact_form_0&#8243; module_class=&#8221;formtti&#8221; _builder_version=&#8221;4.21.0&#8243; _unique_id=&#8221;e850a04f-dabd-41bc-a3ec-713206b63b92&#8243; form_field_background_color=&#8221;rgba(26,26,26,0.08)&#8221; form_field_text_color=&#8221;rgba(0,0,0,0.6)&#8221; form_field_focus_text_color=&#8221;#FF4E00&#8243; title_font=&#8221;Roboto|700|||||||&#8221; title_text_color=&#8221;#000000&#8243; captcha_font=&#8221;Roboto||||||||&#8221; form_field_font=&#8221;Roboto|300|||||||&#8221; form_field_font_size=&#8221;18px&#8221; custom_button=&#8221;on&#8221; button_text_size=&#8221;25px&#8221; button_text_color=&#8221;#000000&#8243; button_bg_color=&#8221;RGBA(255,255,255,0)&#8221; button_border_width=&#8221;3px&#8221; button_border_color=&#8221;#FF4E00&#8243; button_border_radius=&#8221;0px&#8221; button_font=&#8221;Roboto|700|||||||&#8221; button_icon=&#8221;&#x3d;||divi||400&#8243; button_icon_color=&#8221;#000000&#8243; button_custom_margin=&#8221;20px|240px|0px|0px|false|false&#8221; animation_style=&#8221;slide&#8221; animation_direction=&#8221;right&#8221; form_background_color=&#8221;rgba(26,26,26,0.08)&#8221; global_colors_info=&#8221;{}&#8221;][et_pb_contact_field field_id=&#8221;Company&#8221; field_title=&#8221;Firma*&#8221; required_mark=&#8221;off&#8221; fullwidth_field=&#8221;on&#8221; _builder_version=&#8221;4.21.0&#8243; _module_preset=&#8221;default&#8221; global_colors_info=&#8221;{}&#8221;][\/et_pb_contact_field][et_pb_contact_field field_id=&#8221;First_Name&#8221; field_title=&#8221;Imi\u0119*&#8221; _builder_version=&#8221;4.21.0&#8243; global_colors_info=&#8221;{}&#8221; button_text_size__hover_enabled=&#8221;off&#8221; button_one_text_size__hover_enabled=&#8221;off&#8221; button_two_text_size__hover_enabled=&#8221;off&#8221; button_text_color__hover_enabled=&#8221;off&#8221; button_one_text_color__hover_enabled=&#8221;off&#8221; button_two_text_color__hover_enabled=&#8221;off&#8221; button_border_width__hover_enabled=&#8221;off&#8221; button_one_border_width__hover_enabled=&#8221;off&#8221; button_two_border_width__hover_enabled=&#8221;off&#8221; button_border_color__hover_enabled=&#8221;off&#8221; button_one_border_color__hover_enabled=&#8221;off&#8221; button_two_border_color__hover_enabled=&#8221;off&#8221; button_border_radius__hover_enabled=&#8221;off&#8221; button_one_border_radius__hover_enabled=&#8221;off&#8221; button_two_border_radius__hover_enabled=&#8221;off&#8221; button_letter_spacing__hover_enabled=&#8221;off&#8221; button_one_letter_spacing__hover_enabled=&#8221;off&#8221; button_two_letter_spacing__hover_enabled=&#8221;off&#8221; button_bg_color__hover_enabled=&#8221;off&#8221; button_one_bg_color__hover_enabled=&#8221;off&#8221; button_two_bg_color__hover_enabled=&#8221;off&#8221;][\/et_pb_contact_field][et_pb_contact_field field_id=&#8221;Surname&#8221; field_title=&#8221;Nazwisko*&#8221; _builder_version=&#8221;4.21.0&#8243; global_colors_info=&#8221;{}&#8221; button_text_size__hover_enabled=&#8221;off&#8221; button_one_text_size__hover_enabled=&#8221;off&#8221; button_two_text_size__hover_enabled=&#8221;off&#8221; button_text_color__hover_enabled=&#8221;off&#8221; button_one_text_color__hover_enabled=&#8221;off&#8221; button_two_text_color__hover_enabled=&#8221;off&#8221; button_border_width__hover_enabled=&#8221;off&#8221; button_one_border_width__hover_enabled=&#8221;off&#8221; button_two_border_width__hover_enabled=&#8221;off&#8221; button_border_color__hover_enabled=&#8221;off&#8221; button_one_border_color__hover_enabled=&#8221;off&#8221; button_two_border_color__hover_enabled=&#8221;off&#8221; button_border_radius__hover_enabled=&#8221;off&#8221; button_one_border_radius__hover_enabled=&#8221;off&#8221; button_two_border_radius__hover_enabled=&#8221;off&#8221; button_letter_spacing__hover_enabled=&#8221;off&#8221; button_one_letter_spacing__hover_enabled=&#8221;off&#8221; button_two_letter_spacing__hover_enabled=&#8221;off&#8221; button_bg_color__hover_enabled=&#8221;off&#8221; button_one_bg_color__hover_enabled=&#8221;off&#8221; button_two_bg_color__hover_enabled=&#8221;off&#8221;][\/et_pb_contact_field][et_pb_contact_field field_id=&#8221;Phone_Number&#8221; field_title=&#8221;Numer telefonu*&#8221; allowed_symbols=&#8221;numbers&#8221; required_mark=&#8221;off&#8221; fullwidth_field=&#8221;on&#8221; _builder_version=&#8221;4.16&#8243; _module_preset=&#8221;default&#8221; global_colors_info=&#8221;{}&#8221;][\/et_pb_contact_field][et_pb_contact_field field_id=&#8221;Email_Address&#8221; field_title=&#8221;Adres Email*&#8221; field_type=&#8221;email&#8221; fullwidth_field=&#8221;on&#8221; _builder_version=&#8221;4.21.0&#8243; _module_preset=&#8221;default&#8221; global_colors_info=&#8221;{}&#8221;][\/et_pb_contact_field][et_pb_contact_field field_id=&#8221;Message&#8221; field_title=&#8221;Wiadomo\u015b\u0107*&#8221; field_type=&#8221;text&#8221; fullwidth_field=&#8221;on&#8221; _builder_version=&#8221;4.21.0&#8243; global_colors_info=&#8221;{}&#8221; button_text_size__hover_enabled=&#8221;off&#8221; button_one_text_size__hover_enabled=&#8221;off&#8221; button_two_text_size__hover_enabled=&#8221;off&#8221; button_text_color__hover_enabled=&#8221;off&#8221; button_one_text_color__hover_enabled=&#8221;off&#8221; button_two_text_color__hover_enabled=&#8221;off&#8221; button_border_width__hover_enabled=&#8221;off&#8221; button_one_border_width__hover_enabled=&#8221;off&#8221; button_two_border_width__hover_enabled=&#8221;off&#8221; button_border_color__hover_enabled=&#8221;off&#8221; button_one_border_color__hover_enabled=&#8221;off&#8221; button_two_border_color__hover_enabled=&#8221;off&#8221; button_border_radius__hover_enabled=&#8221;off&#8221; button_one_border_radius__hover_enabled=&#8221;off&#8221; button_two_border_radius__hover_enabled=&#8221;off&#8221; button_letter_spacing__hover_enabled=&#8221;off&#8221; button_one_letter_spacing__hover_enabled=&#8221;off&#8221; button_two_letter_spacing__hover_enabled=&#8221;off&#8221; button_bg_color__hover_enabled=&#8221;off&#8221; button_one_bg_color__hover_enabled=&#8221;off&#8221; button_two_bg_color__hover_enabled=&#8221;off&#8221;][\/et_pb_contact_field][\/et_pb_contact_form][et_pb_text _builder_version=&#8221;4.27.4&#8243; _module_preset=&#8221;default&#8221; text_font=&#8221;Roboto||||||||&#8221; text_font_size=&#8221;16px&#8221; hover_enabled=&#8221;0&#8243; global_colors_info=&#8221;{}&#8221; custom_padding=&#8221;||6px|||&#8221; sticky_enabled=&#8221;0&#8243;]<\/p>\n<p>Wi\u0119cej informacji na temat przetwarzania Twoich danych w zwi\u0105zku z formularzem kontaktowym znajdziesz w naszej <a href=\"https:\/\/www.territory-influence.com\/pl\/privacy-policy\/\">Polityce Prywatno\u015bci<\/a>.<\/p>\n<p>[\/et_pb_text][\/et_pb_column][\/et_pb_row][\/et_pb_section]<\/p>\n","protected":false},"excerpt":{"rendered":"<p>Social media, spo\u0142eczno\u015b\u0107 i influencer marketing to powi\u0105zane obszary, kt\u00f3re razem tworz\u0105 sp\u00f3jny ekosystem komunikacji. Wspieramy marki nie tylko w dzia\u0142aniach kampanijnych, ale tak\u017ce w codziennym zarz\u0105dzaniu ich spo\u0142eczno\u015bci\u0105. Je\u015bli chcesz rozwija\u0107 t\u0119 relacj\u0119 w spos\u00f3b strategiczny \u2013 porozmawiajmy. <\/p>\n","protected":false},"author":19,"featured_media":0,"parent":0,"menu_order":0,"comment_status":"closed","ping_status":"closed","template":"","meta":{"_et_pb_use_builder":"on","_et_pb_old_content":"","_et_gb_content_width":"","footnotes":""},"class_list":["post-41868","page","type-page","status-publish","hentry"],"aioseo_notices":[],"_links":{"self":[{"href":"https:\/\/www.territory-influence.com\/pl\/wp-json\/wp\/v2\/pages\/41868","targetHints":{"allow":["GET"]}}],"collection":[{"href":"https:\/\/www.territory-influence.com\/pl\/wp-json\/wp\/v2\/pages"}],"about":[{"href":"https:\/\/www.territory-influence.com\/pl\/wp-json\/wp\/v2\/types\/page"}],"author":[{"embeddable":true,"href":"https:\/\/www.territory-influence.com\/pl\/wp-json\/wp\/v2\/users\/19"}],"replies":[{"embeddable":true,"href":"https:\/\/www.territory-influence.com\/pl\/wp-json\/wp\/v2\/comments?post=41868"}],"version-history":[{"count":10,"href":"https:\/\/www.territory-influence.com\/pl\/wp-json\/wp\/v2\/pages\/41868\/revisions"}],"predecessor-version":[{"id":41984,"href":"https:\/\/www.territory-influence.com\/pl\/wp-json\/wp\/v2\/pages\/41868\/revisions\/41984"}],"wp:attachment":[{"href":"https:\/\/www.territory-influence.com\/pl\/wp-json\/wp\/v2\/media?parent=41868"}],"curies":[{"name":"wp","href":"https:\/\/api.w.org\/{rel}","templated":true}]}}