{"id":5723,"date":"2021-03-08T13:28:52","date_gmt":"2021-03-08T13:28:52","guid":{"rendered":"https:\/\/www.territory-influence.com\/praca\/"},"modified":"2021-03-14T20:04:32","modified_gmt":"2021-03-14T20:04:32","slug":"praca","status":"publish","type":"page","link":"https:\/\/www.territory-influence.com\/pl\/praca\/","title":{"rendered":"Praca"},"content":{"rendered":"<p>[et_pb_section fb_built=&#8221;1&#8243; _builder_version=&#8221;4.7.4&#8243; _module_preset=&#8221;default&#8221;][et_pb_row column_structure=&#8221;1_2,1_2&#8243; use_custom_gutter=&#8221;on&#8221; admin_label=&#8221;CTA Row&#8221; _builder_version=&#8221;4.7.4&#8243; custom_margin=&#8221;|||&#8221; custom_padding=&#8221;|||&#8221;][et_pb_column type=&#8221;1_2&#8243; _builder_version=&#8221;3.25&#8243; custom_padding=&#8221;|||&#8221; custom_padding__hover=&#8221;|||&#8221;][et_pb_image src=&#8221;https:\/\/www.territory-influence.com\/wp-content\/uploads\/2020\/11\/Digital-Influencer-Marketing.jpg&#8221; alt=&#8221;Do\u0142\u0105cz do nas&#8221; title_text=&#8221;Do\u0142\u0105cz do nas&#8221; align_tablet=&#8221;center&#8221; align_phone=&#8221;&#8221; align_last_edited=&#8221;on|desktop&#8221; _builder_version=&#8221;4.7.4&#8243;][\/et_pb_image][\/et_pb_column][et_pb_column type=&#8221;1_2&#8243; _builder_version=&#8221;4.7.4&#8243; custom_padding=&#8221;|||&#8221; custom_padding__hover=&#8221;|||&#8221;][et_pb_text admin_label=&#8221;Title&#8221; module_class=&#8221;tt-black mobile-headline&#8221; _builder_version=&#8221;4.9.1&#8243; text_font=&#8221;Roboto|600|||||||&#8221; text_font_size=&#8221;18px&#8221; text_line_height=&#8221;1.8em&#8221; header_font=&#8221;Roboto|900|||||||&#8221; header_font_size=&#8221;56px&#8221; header_2_font=&#8221;Roboto|900|||||||&#8221; header_2_font_size=&#8221;55px&#8221; header_2_line_height=&#8221;1.4em&#8221; max_width_last_edited=&#8221;off|desktop&#8221; custom_margin=&#8221;200px|||-100px&#8221; custom_margin_tablet=&#8221;0px|||0px&#8221; custom_margin_phone=&#8221;&#8221; custom_margin_last_edited=&#8221;on|desktop&#8221; custom_padding=&#8221;|||&#8221; custom_padding_last_edited=&#8221;off|desktop&#8221; header_2_font_size_tablet=&#8221;50px&#8221; header_2_font_size_phone=&#8221;50px&#8221; header_2_font_size_last_edited=&#8221;on|tablet&#8221;]<\/p>\n<h1>DO\u0141\u0104CZ DO<br \/> NAS<tt-underline><\/tt-underline><\/h1>\n<p>[\/et_pb_text][et_pb_text admin_label=&#8221;Paragraph&#8221; _builder_version=&#8221;4.9.1&#8243; text_font=&#8221;Roboto|500|||||||&#8221; text_font_size=&#8221;16px&#8221; header_font=&#8221;||||||||&#8221; header_2_font=&#8221;Muli|700|||||||&#8221; header_2_font_size=&#8221;50px&#8221; header_2_line_height=&#8221;1.4em&#8221; max_width_last_edited=&#8221;off|desktop&#8221; module_alignment=&#8221;right&#8221; custom_margin=&#8221;|||&#8221; custom_padding=&#8221;|||&#8221; custom_padding_tablet=&#8221;30px|0px|30px|0px&#8221; custom_padding_phone=&#8221;&#8221; custom_padding_last_edited=&#8221;on|tablet&#8221; hover_enabled=&#8221;0&#8243; sticky_enabled=&#8221;0&#8243;]<\/p>\n<p>Odkryj nasze aktualne oferty pracy, dost\u0119pne w r\u00f3\u017cnych krajach i zespo\u0142ach. W razie jakichkolwiek pyta\u0144 skontaktuj si\u0119 bezpo\u015brednio z nami! <\/p>\n<p>[\/et_pb_text][et_pb_button button_url=&#8221;https:\/\/www.territory-influence.com\/kontakt\/?lang=pl&#8221; url_new_window=&#8221;on&#8221; button_text=&#8221;Napisz do nas&#8221; _builder_version=&#8221;4.7.4&#8243; custom_button=&#8221;on&#8221; button_text_size=&#8221;16px&#8221; button_text_color=&#8221;#ffffff&#8221; button_bg_color=&#8221;#FF4E00&#8243; button_border_width=&#8221;10px&#8221; button_border_color=&#8221;#FF4E00&#8243; button_border_radius=&#8221;0px&#8221; button_font=&#8221;Roboto|700|||||||&#8221; button_icon=&#8221;%%3%%&#8221; button_icon_color=&#8221;#ffffff&#8221; button_on_hover=&#8221;off&#8221; custom_margin=&#8221;|||&#8221; custom_margin_tablet=&#8221;30px|||0px&#8221; custom_margin_phone=&#8221;&#8221; custom_margin_last_edited=&#8221;on|phone&#8221; custom_padding=&#8221;|||&#8221; button_border_radius_hover=&#8221;0px&#8221; button_text_size__hover_enabled=&#8221;off&#8221; button_one_text_size__hover_enabled=&#8221;off&#8221; button_two_text_size__hover_enabled=&#8221;off&#8221; button_text_color__hover_enabled=&#8221;off&#8221; button_one_text_color__hover_enabled=&#8221;off&#8221; button_two_text_color__hover_enabled=&#8221;off&#8221; button_border_width__hover_enabled=&#8221;off&#8221; button_one_border_width__hover_enabled=&#8221;off&#8221; button_two_border_width__hover_enabled=&#8221;off&#8221; button_border_color__hover_enabled=&#8221;off&#8221; button_one_border_color__hover_enabled=&#8221;off&#8221; button_two_border_color__hover_enabled=&#8221;off&#8221; button_border_radius__hover_enabled=&#8221;on&#8221; button_border_radius__hover=&#8221;0px&#8221; button_one_border_radius__hover_enabled=&#8221;off&#8221; button_two_border_radius__hover_enabled=&#8221;off&#8221; button_letter_spacing__hover_enabled=&#8221;off&#8221; button_one_letter_spacing__hover_enabled=&#8221;off&#8221; button_two_letter_spacing__hover_enabled=&#8221;off&#8221; button_bg_color__hover_enabled=&#8221;off&#8221; button_one_bg_color__hover_enabled=&#8221;off&#8221; button_two_bg_color__hover_enabled=&#8221;off&#8221;][\/et_pb_button][\/et_pb_column][\/et_pb_row][\/et_pb_section][et_pb_section fb_built=&#8221;1&#8243; admin_label=&#8221;section&#8221; _builder_version=&#8221;3.22&#8243;][et_pb_row admin_label=&#8221;row&#8221; _builder_version=&#8221;3.25&#8243; background_size=&#8221;initial&#8221; background_position=&#8221;top_left&#8221; background_repeat=&#8221;repeat&#8221; custom_padding=&#8221;||63px|||&#8221;][et_pb_column type=&#8221;4_4&#8243; _builder_version=&#8221;3.25&#8243; custom_padding=&#8221;|||&#8221; custom_padding__hover=&#8221;|||&#8221;][et_pb_text admin_label=&#8221;Text&#8221; _builder_version=&#8221;4.9.1&#8243; background_size=&#8221;initial&#8221; background_position=&#8221;top_left&#8221; background_repeat=&#8221;repeat&#8221; custom_margin=&#8221;-50px|||||&#8221; hover_enabled=&#8221;0&#8243; sticky_enabled=&#8221;0&#8243;]<\/p>\n<div class=\"sjb-page\">\r\n<!-- Start: Jobs Listing Wrapper -->\r\n\r\n\r\n<!-- Start Job Filters\r\n================================================== -->\r\n<div class=\"sjb-filters sjb-filters-v1\">\r\n        <form class=\"filters-form\" action=\"https:\/\/www.territory-influence.com\/pl\/praca\/\" method=\"get\">\r\n        <div class=\"row\">\r\n            \r\n    <!-- Keywords Search-->    \r\n    <div class=\"sjb-search-keywords col-md-10 col-xs-12\">\r\n        <div class=\"form-group\">\r\n                        <label class=\"sr-only\" for=\"keywords\">S\u0142owa kluczowe<\/label>\r\n            <input type=\"text\" class=\"form-control\" value=\"\" placeholder=\"S\u0142owa kluczowe\" id=\"keywords\" name=\"search_keywords\">\r\n        <\/div>\r\n    <\/div>\r\n    <div class=\"sjb-search-button col-md-3 col-xs-12\"><input class=\"btn-search btn btn-primary\" value=\"&#xf002;\" type=\"submit\"><\/div>        <\/div>\r\n    <\/form>\r\n<\/div>\r\n<!-- ==================================================\r\nEnd Job Filters -->\r\n\r\n\r\n<div class=\"sjb-listing\">\r\n        <!-- start Jobs Listing: List View -->\r\n    <div class=\"list-view\">\r\n        \r\n    <div class=\"no-job-listing\"><img decoding=\"async\" src=\"https:\/\/www.territory-influence.com\/wp-content\/plugins\/simple-job-board\/public\/images\/not-found.png\" alt=\"No jobs found\" id=\"sjb-not-found-v1\"\/><p class=\"no-job-listing-text\">No jobs found<\/p><\/div>\r\n    <\/div> <!-- end Jobs Listing: List View -->\r\n<\/div>\r\n<!-- End: Jobs Listing -->\r\n\r\n<div class=\"clearfix\"><\/div>\r\n<\/div>\r\n<!-- End: Jobs Listing Wrapper -->\r\n\r\n\n<p>[\/et_pb_text][et_pb_text _builder_version=&#8221;4.9.1&#8243; _module_preset=&#8221;default&#8221; text_font=&#8221;Roboto|700|||||||&#8221; text_font_size=&#8221;18px&#8221; hover_enabled=&#8221;0&#8243; sticky_enabled=&#8221;0&#8243;]<\/p>\n<p>Wi\u0119cej ofert pracy mo\u017cesz znale\u017a\u0107 na stronie grupy TERRITORY.<\/p>\n<p>[\/et_pb_text][et_pb_button button_url=&#8221;https:\/\/territory.de\/en\/jobs\/&#8221; url_new_window=&#8221;on&#8221; button_text=&#8221;Sprawd\u017a&#8221; _builder_version=&#8221;4.7.4&#8243; _module_preset=&#8221;default&#8221; custom_button=&#8221;on&#8221; button_text_size=&#8221;18px&#8221; button_bg_color=&#8221;#FF4E00&#8243; button_border_width=&#8221;8px&#8221; button_border_color=&#8221;#FF4E00&#8243; button_border_radius=&#8221;0px&#8221; button_font=&#8221;Roboto|700|||||||&#8221; button_icon=&#8221;%%3%%&#8221; button_on_hover=&#8221;off&#8221; background_layout=&#8221;dark&#8221; custom_margin=&#8221;-12px|||||&#8221;][\/et_pb_button][\/et_pb_column][\/et_pb_row][\/et_pb_section]<\/p>\n","protected":false},"excerpt":{"rendered":"<p>DO\u0141\u0104CZ DO NASOdkryj nasze aktualne oferty pracy, dost\u0119pne w r\u00f3\u017cnych krajach i zespo\u0142ach. W razie jakichkolwiek pyta\u0144 skontaktuj si\u0119 bezpo\u015brednio z nami! <div class=\"sjb-page\">\r\n<!-- Start: Jobs Listing Wrapper -->\r\n\r\n\r\n<!-- Start Job Filters\r\n================================================== -->\r\n<div class=\"sjb-filters sjb-filters-v1\">\r\n        <form class=\"filters-form\" action=\"https:\/\/www.territory-influence.com\/pl\/praca\/\" method=\"get\">\r\n        <div class=\"row\">\r\n            \r\n    <!-- Keywords Search-->    \r\n    <div class=\"sjb-search-keywords col-md-10 col-xs-12\">\r\n        <div class=\"form-group\">\r\n                        <label class=\"sr-only\" for=\"keywords\">S\u0142owa kluczowe<\/label>\r\n            <input type=\"text\" class=\"form-control\" value=\"\" placeholder=\"S\u0142owa kluczowe\" id=\"keywords\" name=\"search_keywords\">\r\n        <\/div>\r\n    <\/div>\r\n    <div class=\"sjb-search-button col-md-3 col-xs-12\"><input class=\"btn-search btn btn-primary\" value=\"&#xf002;\" type=\"submit\"><\/div>        <\/div>\r\n    <\/form>\r\n<\/div>\r\n<!-- ==================================================\r\nEnd Job Filters -->\r\n\r\n\r\n<div class=\"sjb-listing\">\r\n        <!-- start Jobs Listing: List View -->\r\n    <div class=\"list-view\">\r\n        \r\n    <div class=\"no-job-listing\"><img decoding=\"async\" src=\"https:\/\/www.territory-influence.com\/wp-content\/plugins\/simple-job-board\/public\/images\/not-found.png\" alt=\"No jobs found\" id=\"sjb-not-found-v1\"\/><p class=\"no-job-listing-text\">No jobs found<\/p><\/div>\r\n    <\/div> <!-- end Jobs Listing: List View -->\r\n<\/div>\r\n<!-- End: Jobs Listing -->\r\n\r\n<div class=\"clearfix\"><\/div>\r\n<\/div>\r\n<!-- End: Jobs Listing Wrapper -->\r\n\r\nWi\u0119cej ofert pracy mo\u017cesz znale\u017a\u0107 na stronie grupy TERRITORY.<\/p>\n","protected":false},"author":1,"featured_media":4425,"parent":0,"menu_order":0,"comment_status":"closed","ping_status":"closed","template":"","meta":{"_et_pb_use_builder":"on","_et_pb_old_content":"","_et_gb_content_width":"","footnotes":""},"class_list":["post-5723","page","type-page","status-publish","has-post-thumbnail","hentry"],"aioseo_notices":[],"_links":{"self":[{"href":"https:\/\/www.territory-influence.com\/pl\/wp-json\/wp\/v2\/pages\/5723","targetHints":{"allow":["GET"]}}],"collection":[{"href":"https:\/\/www.territory-influence.com\/pl\/wp-json\/wp\/v2\/pages"}],"about":[{"href":"https:\/\/www.territory-influence.com\/pl\/wp-json\/wp\/v2\/types\/page"}],"author":[{"embeddable":true,"href":"https:\/\/www.territory-influence.com\/pl\/wp-json\/wp\/v2\/users\/1"}],"replies":[{"embeddable":true,"href":"https:\/\/www.territory-influence.com\/pl\/wp-json\/wp\/v2\/comments?post=5723"}],"version-history":[{"count":0,"href":"https:\/\/www.territory-influence.com\/pl\/wp-json\/wp\/v2\/pages\/5723\/revisions"}],"wp:featuredmedia":[{"embeddable":true,"href":"https:\/\/www.territory-influence.com\/pl\/wp-json\/wp\/v2\/media\/4425"}],"wp:attachment":[{"href":"https:\/\/www.territory-influence.com\/pl\/wp-json\/wp\/v2\/media?parent=5723"}],"curies":[{"name":"wp","href":"https:\/\/api.w.org\/{rel}","templated":true}]}}