{"id":6097,"date":"2021-03-11T15:38:57","date_gmt":"2021-03-11T15:38:57","guid":{"rendered":"https:\/\/www.territory-influence.com\/whitepapers\/"},"modified":"2021-03-11T15:54:14","modified_gmt":"2021-03-11T15:54:14","slug":"whitepapers","status":"publish","type":"page","link":"https:\/\/www.territory-influence.com\/pl\/whitepapers\/","title":{"rendered":"Whitepapers"},"content":{"rendered":"<p>[et_pb_section fb_built=&#8221;1&#8243; admin_label=&#8221;Header Section&#8221; _builder_version=&#8221;4.7.4&#8243; background_enable_color=&#8221;off&#8221; use_background_color_gradient=&#8221;on&#8221; background_color_gradient_start=&#8221;#252422&#8243; background_color_gradient_end=&#8221;rgba(0,0,0,0)&#8221; background_color_gradient_overlays_image=&#8221;on&#8221; background_image=&#8221;https:\/\/www.territory-influence.com\/wp-content\/uploads\/2020\/12\/Resource.jpg&#8221; custom_margin=&#8221;|||&#8221; custom_padding=&#8221;10%||5%|||&#8221;][et_pb_row custom_padding_last_edited=&#8221;on|phone&#8221; admin_label=&#8221;Header Row&#8221; _builder_version=&#8221;4.7.4&#8243; custom_margin=&#8221;||||false|false&#8221; custom_padding=&#8221;||||false|false&#8221; custom_padding_tablet=&#8221;&#8221; custom_padding_phone=&#8221;3vw|||&#8221;][et_pb_column type=&#8221;4_4&#8243; _builder_version=&#8221;3.25&#8243; custom_padding=&#8221;|||&#8221; custom_padding__hover=&#8221;|||&#8221;][et_pb_cta button_url=&#8221;#top&#8221; admin_label=&#8221;Heading, Subheading &#038; Button&#8221; module_class=&#8221;tt-white hero-text&#8221; _builder_version=&#8221;4.7.4&#8243; header_level=&#8221;h1&#8243; header_font=&#8221;Roboto|900||on|||||&#8221; header_text_align=&#8221;left&#8221; header_text_color=&#8221;#ffffff&#8221; header_font_size=&#8221;45px&#8221; body_font=&#8221;Roboto|500|||||||&#8221; body_text_align=&#8221;left&#8221; body_text_color=&#8221;#ffffff&#8221; body_font_size=&#8221;18px&#8221; use_background_color=&#8221;off&#8221; custom_button=&#8221;on&#8221; button_text_size=&#8221;16px&#8221; button_text_color=&#8221;#ffffff&#8221; button_bg_color=&#8221;#FF4E00&#8243; button_border_width=&#8221;10px&#8221; button_border_color=&#8221;#FF4E00&#8243; button_border_radius=&#8221;0px&#8221; button_font=&#8221;Roboto|700|||||||&#8221; button_icon=&#8221;%%3%%&#8221; button_icon_color=&#8221;#ffffff&#8221; button_on_hover=&#8221;off&#8221; text_orientation=&#8221;left&#8221; max_width=&#8221;1000px&#8221; module_alignment=&#8221;center&#8221; custom_margin=&#8221;-2px||||false|false&#8221; custom_margin_tablet=&#8221;3vw||3vw|&#8221; custom_margin_phone=&#8221;|||&#8221; custom_margin_last_edited=&#8221;off|desktop&#8221; custom_padding=&#8221;|360px|||false|false&#8221; animation_style=&#8221;fade&#8221; header_font_size_tablet=&#8221;&#8221; header_font_size_phone=&#8221;50px&#8221; header_font_size_last_edited=&#8221;on|phone&#8221; button_text_color_hover=&#8221;#ffffff&#8221; button_border_color_hover=&#8221;rgba(244,88,63,0)&#8221; button_border_radius_hover=&#8221;0px&#8221; button_bg_color_hover=&#8221;#f4583f&#8221; button_text_size__hover_enabled=&#8221;off&#8221; button_one_text_size__hover_enabled=&#8221;off&#8221; button_two_text_size__hover_enabled=&#8221;off&#8221; button_text_color__hover_enabled=&#8221;on&#8221; button_text_color__hover=&#8221;#ffffff&#8221; button_one_text_color__hover_enabled=&#8221;off&#8221; button_two_text_color__hover_enabled=&#8221;off&#8221; button_border_width__hover_enabled=&#8221;off&#8221; button_one_border_width__hover_enabled=&#8221;off&#8221; button_two_border_width__hover_enabled=&#8221;off&#8221; button_border_color__hover_enabled=&#8221;on&#8221; button_border_color__hover=&#8221;rgba(244,88,63,0)&#8221; button_one_border_color__hover_enabled=&#8221;off&#8221; button_two_border_color__hover_enabled=&#8221;off&#8221; button_border_radius__hover_enabled=&#8221;on&#8221; button_border_radius__hover=&#8221;0px&#8221; button_one_border_radius__hover_enabled=&#8221;off&#8221; button_two_border_radius__hover_enabled=&#8221;off&#8221; button_letter_spacing__hover_enabled=&#8221;off&#8221; button_one_letter_spacing__hover_enabled=&#8221;off&#8221; button_two_letter_spacing__hover_enabled=&#8221;off&#8221; button_bg_color__hover_enabled=&#8221;on&#8221; button_bg_color__hover=&#8221;#f4583f&#8221; button_one_bg_color__hover_enabled=&#8221;off&#8221; button_two_bg_color__hover_enabled=&#8221;off&#8221;]<\/p>\n<h1>WHITEPAPERS<\/h1>\n<p><span>Zrozum swoich konsument\u00f3w, najnowsze trendy w komunikacji czy wp\u0142yw aktywacji influencer\u00f3w dzi\u0119ki naszym publikacjom.<\/span><\/p>\n<p>[\/et_pb_cta][\/et_pb_column][\/et_pb_row][\/et_pb_section][et_pb_section fb_built=&#8221;1&#8243; admin_label=&#8221;Intro Section&#8221; _builder_version=&#8221;3.22&#8243; custom_padding=&#8221;100px|0px|100px|0px||&#8221;][et_pb_row column_structure=&#8221;1_2,1_2&#8243; admin_label=&#8221;Intro Row&#8221; _builder_version=&#8221;4.7.4&#8243; custom_padding=&#8221;0px|||||&#8221;][et_pb_column type=&#8221;1_2&#8243; _builder_version=&#8221;3.25&#8243; custom_padding=&#8221;|||&#8221; custom_padding__hover=&#8221;|||&#8221;][et_pb_image src=&#8221;https:\/\/www.territory-influence.com\/wp-content\/uploads\/2020\/12\/Reviews-Whitepaper.jpg&#8221; alt=&#8221;Reviews Whitepaper&#8221; title_text=&#8221;Reviews Whitepaper&#8221; url=&#8221;https:\/\/info.territory-influence.com\/en\/whitepaper-power-of-ratings-reviews&#8221; url_new_window=&#8221;on&#8221; _builder_version=&#8221;4.7.4&#8243; _module_preset=&#8221;default&#8221; background_enable_color=&#8221;off&#8221;][\/et_pb_image][\/et_pb_column][et_pb_column type=&#8221;1_2&#8243; _builder_version=&#8221;3.25&#8243; custom_padding=&#8221;|||&#8221; custom_padding__hover=&#8221;|||&#8221;][et_pb_image src=&#8221;https:\/\/www.territory-influence.com\/wp-content\/uploads\/2020\/12\/Sales-Impact-Whitepaper.jpg&#8221; alt=&#8221;Sales Impact Whitepaper&#8221; title_text=&#8221;Sales Impact Whitepaper&#8221; url=&#8221;https:\/\/info.territory-influence.com\/en\/whitepaper-how-to-measure-influencer-marketing&#8221; url_new_window=&#8221;on&#8221; _builder_version=&#8221;4.7.7&#8243; _module_preset=&#8221;default&#8221;][\/et_pb_image][\/et_pb_column][\/et_pb_row][et_pb_row _builder_version=&#8221;4.7.4&#8243; _module_preset=&#8221;default&#8221; width=&#8221;50%&#8221;][et_pb_column type=&#8221;4_4&#8243; _builder_version=&#8221;4.7.4&#8243; _module_preset=&#8221;default&#8221;][et_pb_text module_class=&#8221;tt-black&#8221; _builder_version=&#8221;4.7.4&#8243; _module_preset=&#8221;default&#8221; header_font=&#8221;Roboto|900|||||||&#8221; header_font_size=&#8221;40px&#8221; header_2_font_size=&#8221;35px&#8221;]<\/p>\n<h1 style=\"text-align: center\">WKR\u00d3TCE<\/h1>\n<p>[\/et_pb_text][et_pb_image src=&#8221;https:\/\/www.territory-influence.com\/wp-content\/uploads\/2020\/12\/Brand-Equity-Whitepaper.jpg&#8221; alt=&#8221;Brand Equity Whitepaper&#8221; title_text=&#8221;Brand Equity Whitepaper&#8221; align=&#8221;center&#8221; _builder_version=&#8221;4.7.4&#8243; _module_preset=&#8221;default&#8221;][\/et_pb_image][\/et_pb_column][\/et_pb_row][\/et_pb_section][et_pb_section fb_built=&#8221;1&#8243; admin_label=&#8221;Subscription Section&#8221; _builder_version=&#8221;4.6.6&#8243; use_background_color_gradient=&#8221;on&#8221; background_color_gradient_start=&#8221;#000000&#8243; background_color_gradient_end=&#8221;#e0e0e0&#8243; background_image=&#8221;https:\/\/www.territory-influence.com\/wp-content\/uploads\/2020\/11\/Website-Newsletters.png&#8221; background_position=&#8221;bottom_center&#8221; custom_margin=&#8221;-2px||-2px|||&#8221; custom_padding=&#8221;8%|0px|8%|0px&#8221;][et_pb_row column_structure=&#8221;1_2,1_2&#8243; admin_label=&#8221;Subscription Row&#8221; _builder_version=&#8221;3.25&#8243; custom_padding=&#8221;|||&#8221;][et_pb_column type=&#8221;1_2&#8243; _builder_version=&#8221;3.25&#8243; custom_padding=&#8221;|||&#8221; custom_padding__hover=&#8221;|||&#8221;][\/et_pb_column][et_pb_column type=&#8221;1_2&#8243; _builder_version=&#8221;3.25&#8243; custom_padding=&#8221;|||&#8221; custom_padding__hover=&#8221;|||&#8221;][et_pb_signup provider=&#8221;hubspot&#8221; hubspot_list=&#8221;4593448|902&#8243; success_message=&#8221;Dzi\u0119kujemy!&#8221; description=&#8221;<\/p>\n<h1>MIESI\u0118CZNY<br \/><tt-underline><\/tt-underline>NEWSLETTER<\/h1>\n<p>Zarejestruj si\u0119, aby nie przegapi\u0107 najnowszych wiadomo\u015bci na temat influencer marketingu!<br \/>\n&#8221; disabled_on=&#8221;off|off|off&#8221; module_class=&#8221;tt-white hero-text&#8221; _builder_version=&#8221;4.9.1&#8243; form_field_background_color=&#8221;#ffffff&#8221; header_font=&#8221;Roboto|900|||||||&#8221; header_font_size=&#8221;44px&#8221; header_line_height=&#8221;1.1em&#8221; body_font=&#8221;Roboto|500|||||||&#8221; body_font_size=&#8221;16px&#8221; body_line_height=&#8221;1.8em&#8221; result_message_font=&#8221;Muli|700|||||||&#8221; result_message_font_size=&#8221;16px&#8221; form_field_font=&#8221;Roboto||||||||&#8221; form_field_font_size=&#8221;14px&#8221; use_background_color=&#8221;off&#8221; custom_button=&#8221;on&#8221; button_text_size=&#8221;16px&#8221; button_text_color=&#8221;#ffffff&#8221; button_bg_color=&#8221;#f4583f&#8221; button_border_width=&#8221;10px&#8221; button_border_color=&#8221;#f4583f&#8221; button_border_radius=&#8221;0px&#8221; button_font=&#8221;Roboto|700|||||||&#8221; button_icon=&#8221;%%3%%&#8221; button_icon_color=&#8221;#ffffff&#8221; button_on_hover=&#8221;off&#8221; hover_enabled=&#8221;0&#8243; border_radii_fields=&#8221;on||||&#8221; button_text_color_hover=&#8221;#ffffff&#8221; button_border_color_hover=&#8221;#1a1a1a&#8221; button_border_radius_hover=&#8221;0px&#8221; button_bg_color_hover=&#8221;#1a1a1a&#8221; button_text_size__hover_enabled=&#8221;off&#8221; button_one_text_size__hover_enabled=&#8221;off&#8221; button_two_text_size__hover_enabled=&#8221;off&#8221; button_text_color__hover_enabled=&#8221;on&#8221; button_text_color__hover=&#8221;#ffffff&#8221; button_one_text_color__hover_enabled=&#8221;off&#8221; button_two_text_color__hover_enabled=&#8221;off&#8221; button_border_width__hover_enabled=&#8221;off&#8221; button_one_border_width__hover_enabled=&#8221;off&#8221; button_two_border_width__hover_enabled=&#8221;off&#8221; button_border_color__hover_enabled=&#8221;on&#8221; button_border_color__hover=&#8221;#1a1a1a&#8221; button_one_border_color__hover_enabled=&#8221;off&#8221; button_two_border_color__hover_enabled=&#8221;off&#8221; button_border_radius__hover_enabled=&#8221;on&#8221; button_border_radius__hover=&#8221;0px&#8221; button_one_border_radius__hover_enabled=&#8221;off&#8221; button_two_border_radius__hover_enabled=&#8221;off&#8221; button_letter_spacing__hover_enabled=&#8221;off&#8221; button_one_letter_spacing__hover_enabled=&#8221;off&#8221; button_two_letter_spacing__hover_enabled=&#8221;off&#8221; button_bg_color__hover_enabled=&#8221;on&#8221; button_bg_color__hover=&#8221;#1a1a1a&#8221; button_one_bg_color__hover_enabled=&#8221;off&#8221; button_two_bg_color__hover_enabled=&#8221;off&#8221; sticky_enabled=&#8221;0&#8243;][\/et_pb_signup][et_pb_text admin_label=&#8221;Tip&#8221; module_class=&#8221;form-legal&#8221; _builder_version=&#8221;4.7.4&#8243; text_font=&#8221;Roboto|300|||||||&#8221; text_text_color=&#8221;#ffffff&#8221; text_line_height=&#8221;1.25rem&#8221; header_font=&#8221;Muli|700|||||||&#8221; header_text_color=&#8221;#1a1a1a&#8221; header_font_size=&#8221;65px&#8221; header_line_height=&#8221;1.4em&#8221; header_2_font=&#8221;Muli|700|||||||&#8221; header_2_text_color=&#8221;#1a1a1a&#8221; header_2_font_size=&#8221;50px&#8221; header_2_line_height=&#8221;1.4em&#8221; max_width=&#8221;640px&#8221; max_width_last_edited=&#8221;off|desktop&#8221; module_alignment=&#8221;center&#8221; custom_margin=&#8221;|||&#8221; custom_margin_tablet=&#8221;0px|||0px&#8221; custom_margin_last_edited=&#8221;off|desktop&#8221; custom_padding=&#8221;|||&#8221; custom_padding_last_edited=&#8221;off|desktop&#8221;]<\/p>\n<p>TERRITORY Influence zobowi\u0105zuje si\u0119 do ochrony i poszanowania Twojej prywatno\u015bci. B\u0119dziemy wykorzystywa\u0107 Twoje dane osobowe wy\u0142\u0105cznie do administrowania Twoim kontem, odpowiadania na Twoje pro\u015bby o newsletter oraz od czasu do czasu do udost\u0119pniania innych tre\u015bci marketingowych, kt\u00f3re mog\u0105 by\u0107 dla Ciebie interesuj\u0105ce. Mo\u017cliwo\u015b\u0107 nieodp\u0142atnego udost\u0119pniania newslettera warunkowana jest Twoj\u0105 zgod\u0105 na otrzymywanie naszych tre\u015bci marketingowych. W zamian za dostarczanie bezp\u0142atnego newslettera udost\u0119pniasz nam swoje dane osobowe w celach marketingowych (zap\u0142ata za newsletter danymi osobowymi). Dodatkowa zgoda na otrzymywanie komunikacji marketingowej nie jest zatem konieczna. Jednak\u017ce, aby w jak najlepszy spos\u00f3b chroni\u0107 Twoj\u0105 prywatno\u015b\u0107, mo\u017cesz oczywi\u015bcie zrezygnowa\u0107 z subskrypcji tych komunikat\u00f3w w dowolnym momencie po otrzymaniu pierwszego komunikatu marketingowego.<\/p>\n<p>[\/et_pb_text][\/et_pb_column][\/et_pb_row][\/et_pb_section]<\/p>\n","protected":false},"excerpt":{"rendered":"<p>WHITEPAPERS Zrozum swoich konsument\u00f3w, najnowsze trendy w komunikacji czy wp\u0142yw aktywacji influencer\u00f3w dzi\u0119ki naszym publikacjom.WKR\u00d3TCETERRITORY Influence zobowi\u0105zuje si\u0119 do ochrony i poszanowania Twojej prywatno\u015bci. B\u0119dziemy wykorzystywa\u0107 Twoje dane osobowe wy\u0142\u0105cznie do administrowania Twoim kontem, odpowiadania na Twoje pro\u015bby o newsletter oraz od czasu do czasu do udost\u0119pniania innych tre\u015bci marketingowych, kt\u00f3re mog\u0105 by\u0107 dla Ciebie [&hellip;]<\/p>\n","protected":false},"author":19,"featured_media":0,"parent":0,"menu_order":0,"comment_status":"closed","ping_status":"closed","template":"","meta":{"_et_pb_use_builder":"on","_et_pb_old_content":"","_et_gb_content_width":"","footnotes":""},"class_list":["post-6097","page","type-page","status-publish","hentry"],"aioseo_notices":[],"_links":{"self":[{"href":"https:\/\/www.territory-influence.com\/pl\/wp-json\/wp\/v2\/pages\/6097","targetHints":{"allow":["GET"]}}],"collection":[{"href":"https:\/\/www.territory-influence.com\/pl\/wp-json\/wp\/v2\/pages"}],"about":[{"href":"https:\/\/www.territory-influence.com\/pl\/wp-json\/wp\/v2\/types\/page"}],"author":[{"embeddable":true,"href":"https:\/\/www.territory-influence.com\/pl\/wp-json\/wp\/v2\/users\/19"}],"replies":[{"embeddable":true,"href":"https:\/\/www.territory-influence.com\/pl\/wp-json\/wp\/v2\/comments?post=6097"}],"version-history":[{"count":0,"href":"https:\/\/www.territory-influence.com\/pl\/wp-json\/wp\/v2\/pages\/6097\/revisions"}],"wp:attachment":[{"href":"https:\/\/www.territory-influence.com\/pl\/wp-json\/wp\/v2\/media?parent=6097"}],"curies":[{"name":"wp","href":"https:\/\/api.w.org\/{rel}","templated":true}]}}